{"id":1902,"date":"2020-01-08T12:00:07","date_gmt":"2020-01-08T11:00:07","guid":{"rendered":"https:\/\/salonvin.sk\/?page_id=1902"},"modified":"2026-01-08T16:03:52","modified_gmt":"2026-01-08T15:03:52","slug":"uber-uns","status":"publish","type":"page","link":"https:\/\/salonvin.sk\/de\/uber-uns\/","title":{"rendered":"\u00dcber uns"},"content":{"rendered":"<section class=\"l-section wpb_row height_medium full_height valign_top with_img parallax_ver parallaxdir_reversed\"><div class=\"l-section-img\" role=\"img\" aria-label=\"Bild\" data-img-width=\"1920\" data-img-height=\"1278\" style=\"background-image: url(https:\/\/salonvin.sk\/wp-content\/uploads\/2019\/10\/narodny-salon-vin-vinoteka-ochutnavka-vin-13.jpg);background-position: top center;background-repeat: no-repeat;\"><\/div><div class=\"l-section-overlay\" style=\"background:rgba(26,26,26,0.3)\"><\/div><div class=\"l-section-h i-cf\"><div class=\"g-cols vc_row via_flex valign_top type_default stacking_default\"><div class=\"vc_col-sm-7 wpb_column vc_column_container has_bg_color us_animate_afr\"><div class=\"vc_column-inner us_custom_8f4c5d7a\"><div class=\"wpb_wrapper\">[vc_custom_heading text=&#8221;Ein Schatz im historischen Zentrum von Bratislava&#8221; use_theme_fonts=&#8221;yes&#8221;]<div class=\"wpb_text_column\"><div class=\"wpb_wrapper\"><p>Die Nationale Slowakische Weinsammlung f\u00f6rdert und verbreitet die Freude an slowakischen Weinen. Wir sind unglaublich stolz auf die Leistungen unserer Produzenten und wissen, dass sie noch viel mehr zu bieten haben.<\/p>\n<p>Kommen Sie runter und probieren Sie ein paar Weine. Wir haben freundliche Sommeliers und einen sch\u00f6nen Keller zum Entspannen. Es gibt keinen besseren Weg, um einen Nachmittag zu verbringen!<\/p>\n<\/div><\/div><div class=\"w-btn-wrapper align_none\"><a class=\"w-btn us-btn-style_4 us_custom_f73f4019\" href=\"https:\/\/salonvin.sk\/de\/kontakt\/\"><span class=\"w-btn-label\">WIE KOMME ICH HIER HIN<\/span><\/a><\/div><\/div><\/div><\/div><div class=\"vc_col-sm-5 wpb_column vc_column_container\"><div class=\"vc_column-inner\"><div class=\"wpb_wrapper\"><\/div><\/div><\/div><\/div><\/div><\/section><section class=\"l-section wpb_row height_huge color_alternate\"><div class=\"l-section-h i-cf\"><div class=\"g-cols vc_row via_flex valign_top type_default stacking_default\"><div class=\"vc_col-sm-6 wpb_column vc_column_container\"><div class=\"vc_column-inner us_custom_02702b56\"><div class=\"wpb_wrapper\"><div class=\"w-image us_custom_0950e427 obrazok_oble_rohy align_none\"><div class=\"w-image-h\"><img decoding=\"async\" width=\"720\" height=\"1080\" src=\"https:\/\/salonvin.sk\/wp-content\/uploads\/2019\/10\/narodny-salon-vin-vinoteka-ochutnavka-vin-3.jpg\" class=\"attachment-full size-full\" alt=\"\" loading=\"lazy\" srcset=\"https:\/\/salonvin.sk\/wp-content\/uploads\/2019\/10\/narodny-salon-vin-vinoteka-ochutnavka-vin-3.jpg 720w, https:\/\/salonvin.sk\/wp-content\/uploads\/2019\/10\/narodny-salon-vin-vinoteka-ochutnavka-vin-3-600x900.jpg 600w, https:\/\/salonvin.sk\/wp-content\/uploads\/2019\/10\/narodny-salon-vin-vinoteka-ochutnavka-vin-3-200x300.jpg 200w, https:\/\/salonvin.sk\/wp-content\/uploads\/2019\/10\/narodny-salon-vin-vinoteka-ochutnavka-vin-3-683x1024.jpg 683w\" sizes=\"(max-width: 720px) 100vw, 720px\" \/><\/div><\/div><\/div><\/div><\/div><div class=\"vc_col-sm-6 wpb_column vc_column_container\"><div class=\"vc_column-inner us_custom_ee0de9a9\"><div class=\"wpb_wrapper\">[vc_custom_heading text=&#8221;Top 100 slowakische Weine an einem Ort&#8221; use_theme_fonts=&#8221;yes&#8221;]<div class=\"wpb_text_column\"><div class=\"wpb_wrapper\"><p>Warum sollten Sie die Slowakische Weinsammlung besuchen?<\/p>\n<ul>\n<li><strong>Hier finden Sie eine einzigartige Auswahl an Weinen.<\/strong> Alle Weine werden in einer strengen Auswahl ausgew\u00e4hlt, die jedes Jahr als abschlie\u00dfender Weinwettbewerb aus den in der Slowakei stattfindenden Nominierungsweinen organisiert wird.<\/li>\n<li><strong>Die Sammlung der Slowakischen Nationalen Weinsammlung der Slowakischen Republik<\/strong> ist eine repr\u00e4sentative Auswahl der besten slowakischen Weine, die sich im historischen Weinkeller des Apponyi-Palastes in Bratislava im Erdgeschoss des Weinbaumuseums befindet.<\/li>\n<li><strong>Sie k\u00f6nnen unsere Weine in den Weinverkostungsprogrammen<\/strong> mit einem professionellen Sommelier probieren.<\/li>\n<li><strong>Die Weine<\/strong> k\u00f6nnen zum besten Preis in der Altstadt von Bratislava in dem einzigartigen historischen Weinkeller gekauft werden, in dem sich die Slowakische Nationale Weinsammlung befindet.<\/li>\n<\/ul>\n<\/div><\/div><div class=\"w-btn-wrapper align_none\"><a class=\"w-btn us-btn-style_4 us_custom_6c9a0c76\" href=\"https:\/\/salonvin.sk\/de\/slowakisches-wein\/top-100-weine\/\"><span class=\"w-btn-label\">\u00dcBERPR\u00dcFEN SIE DIE TOP SLOWAKISCHEN WEINE<\/span><\/a><\/div><\/div><\/div><\/div><\/div><\/div><\/section><section class=\"l-section wpb_row height_huge\"><div class=\"l-section-h i-cf\"><div class=\"g-cols vc_row via_flex valign_top type_default stacking_default\"><div class=\"vc_col-sm-6 wpb_column vc_column_container\"><div class=\"vc_column-inner us_custom_ee0de9a9\"><div class=\"wpb_wrapper\">[vc_custom_heading text=&#8221;Weinproben und Erlebnisse&#8221; use_theme_fonts=&#8221;yes&#8221;]<div class=\"wpb_text_column\"><div class=\"wpb_wrapper\"><p>Die Slowakische Nationale Weinsammlung ist der h\u00f6chste slowakische Weinwettbewerb der in der Slowakei hergestellten Weine und der in der Slowakei angebauten Trauben. Der Organisator und die autorisierte Institution der Slowakischen Nationalen Weinsammlung ist der Verband der Weinbauern und Weinproduzenten der Slowakei. <strong>Unser Ziel ist es, die 100 besten slowakischen Weine zu f\u00f6rdern, die aus diesem h\u00f6chsten Weinwettbewerb hervorgegangen sind.<\/strong><\/p>\n<p><strong>Die Slowakische Nationale Weinsammlung<\/strong> arbeitet mit der Slowakischen Union der \u00d6nologen sowie mit der Vereinigung der slowakischen Sommeliers zusammen. Um f\u00fcr slowakische Weine zu werben, organisieren wir eigene Weinverkostungsveranstaltungen, um das Bewusstsein f\u00fcr den reichen slowakischen Weinbau sowie f\u00fcr moderne slowakische Weine zu sch\u00e4rfen.<\/p>\n<p>Wir bieten beliebte Weinverkostungsprogramme an, z. B. die Verkostung von 80 Weinen in 100 Minuten oder ein gef\u00fchrtes Weinverkostungsprogramm, das von einem professionellen Sommelier durchgef\u00fchrt wird.<\/p>\n<\/div><\/div><div class=\"w-btn-wrapper align_none\"><a class=\"w-btn us-btn-style_4 us_custom_6c9a0c76\" href=\"https:\/\/salonvin.sk\/de\/erfahrungen\/weinverkostungsprogramme\/\"><span class=\"w-btn-label\">PR\u00dcFEN SIE F\u00dcR WEITERE INFORMATIONEN<\/span><\/a><\/div><\/div><\/div><\/div><div class=\"vc_col-sm-6 wpb_column vc_column_container\"><div class=\"vc_column-inner us_custom_02702b56\"><div class=\"wpb_wrapper\"><div class=\"w-image us_custom_70325616 obrazok_oble_rohy align_none\"><div class=\"w-image-h\"><img decoding=\"async\" width=\"720\" height=\"1080\" src=\"https:\/\/salonvin.sk\/wp-content\/uploads\/2019\/10\/narodny-salon-vin-vinoteka-ochutnavka-vin-20.jpg\" class=\"attachment-full size-full\" alt=\"\" loading=\"lazy\" srcset=\"https:\/\/salonvin.sk\/wp-content\/uploads\/2019\/10\/narodny-salon-vin-vinoteka-ochutnavka-vin-20.jpg 720w, https:\/\/salonvin.sk\/wp-content\/uploads\/2019\/10\/narodny-salon-vin-vinoteka-ochutnavka-vin-20-600x900.jpg 600w, https:\/\/salonvin.sk\/wp-content\/uploads\/2019\/10\/narodny-salon-vin-vinoteka-ochutnavka-vin-20-200x300.jpg 200w, https:\/\/salonvin.sk\/wp-content\/uploads\/2019\/10\/narodny-salon-vin-vinoteka-ochutnavka-vin-20-683x1024.jpg 683w\" sizes=\"(max-width: 720px) 100vw, 720px\" \/><\/div><\/div><\/div><\/div><\/div><\/div><\/div><\/section><section class=\"l-section wpb_row height_medium color_alternate\"><div class=\"l-section-h i-cf\"><div class=\"g-cols vc_row via_flex valign_top type_default stacking_default\"><div class=\"vc_col-sm-12 wpb_column vc_column_container\"><div class=\"vc_column-inner\"><div class=\"wpb_wrapper\"><div class=\"w-separator size_small\"><\/div>[vc_custom_heading text=&#8221;Treffen Sie unser Team&#8221; font_container=&#8221;tag:h2|text_align:center&#8221; use_theme_fonts=&#8221;yes&#8221;]<div class=\"w-separator size_medium\"><\/div><div class=\"g-cols wpb_row via_flex valign_top type_default stacking_default\"><div class=\"vc_col-sm-3 wpb_column vc_column_container\"><div class=\"vc_column-inner\"><div class=\"wpb_wrapper\"><div class=\"w-image align_none\"><div class=\"w-image-h\"><img decoding=\"async\" width=\"683\" height=\"1024\" src=\"https:\/\/salonvin.sk\/wp-content\/uploads\/2019\/10\/Peter-Minarik-somelier-683x1024.jpg\" class=\"attachment-large size-large\" alt=\"\" loading=\"lazy\" srcset=\"https:\/\/salonvin.sk\/wp-content\/uploads\/2019\/10\/Peter-Minarik-somelier-683x1024.jpg 683w, https:\/\/salonvin.sk\/wp-content\/uploads\/2019\/10\/Peter-Minarik-somelier-600x900.jpg 600w, https:\/\/salonvin.sk\/wp-content\/uploads\/2019\/10\/Peter-Minarik-somelier-200x300.jpg 200w, https:\/\/salonvin.sk\/wp-content\/uploads\/2019\/10\/Peter-Minarik-somelier.jpg 720w\" sizes=\"(max-width: 683px) 100vw, 683px\" \/><\/div><\/div>[vc_custom_heading text=&#8221;Peter Min\u00e1rik&#8221; font_container=&#8221;tag:h5|text_align:center&#8221; use_theme_fonts=&#8221;yes&#8221;]<div class=\"wpb_text_column\"><div class=\"wpb_wrapper\"><p style=\"text-align: center;\">Der Chefsommelier<\/p>\n<p style=\"text-align: center;\"><a href=\"https:\/\/salonvin.sk\/de\/uber-uns\/peter-minarik\/\" target=\"_blank\" rel=\"noopener noreferrer\">Weitere Informationen &gt;&gt;<\/a><\/p>\n<\/div><\/div><\/div><\/div><\/div><div class=\"vc_col-sm-3 wpb_column vc_column_container\"><div class=\"vc_column-inner\"><div class=\"wpb_wrapper\"><div class=\"w-image align_none\"><div class=\"w-image-h\"><img decoding=\"async\" width=\"683\" height=\"1024\" src=\"https:\/\/salonvin.sk\/wp-content\/uploads\/2025\/01\/Simon-Beladic-spravny-rozmer.jpg\" class=\"attachment-large size-large\" alt=\"\" loading=\"lazy\" srcset=\"https:\/\/salonvin.sk\/wp-content\/uploads\/2025\/01\/Simon-Beladic-spravny-rozmer.jpg 683w, https:\/\/salonvin.sk\/wp-content\/uploads\/2025\/01\/Simon-Beladic-spravny-rozmer-200x300.jpg 200w, https:\/\/salonvin.sk\/wp-content\/uploads\/2025\/01\/Simon-Beladic-spravny-rozmer-600x900.jpg 600w\" sizes=\"(max-width: 683px) 100vw, 683px\" \/><\/div><\/div>[vc_custom_heading text=&#8221;\u0160imon Beladi\u010d&#8221; font_container=&#8221;tag:h5|text_align:center&#8221; use_theme_fonts=&#8221;yes&#8221;]<div class=\"wpb_text_column\"><div class=\"wpb_wrapper\"><p style=\"text-align: center;\">Sommelier<\/p>\n<p style=\"text-align: center;\"><a href=\"https:\/\/salonvin.sk\/de\/uber-uns\/simon-beladic\/\" target=\"_blank\" rel=\"noopener noreferrer\">Weitere Informationen &gt;&gt;<\/a><\/p>\n<\/div><\/div><\/div><\/div><\/div><div class=\"vc_col-sm-3 wpb_column vc_column_container\"><div class=\"vc_column-inner\"><div class=\"wpb_wrapper\"><div class=\"w-image align_none\"><div class=\"w-image-h\"><img decoding=\"async\" width=\"683\" height=\"1024\" src=\"https:\/\/salonvin.sk\/wp-content\/uploads\/2019\/10\/Jarka-P\u00e1tkov\u00e1-fotka-683x1024.jpg\" class=\"attachment-large size-large\" alt=\"\" loading=\"lazy\" srcset=\"https:\/\/salonvin.sk\/wp-content\/uploads\/2019\/10\/Jarka-P\u00e1tkov\u00e1-fotka-683x1024.jpg 683w, https:\/\/salonvin.sk\/wp-content\/uploads\/2019\/10\/Jarka-P\u00e1tkov\u00e1-fotka-600x900.jpg 600w, https:\/\/salonvin.sk\/wp-content\/uploads\/2019\/10\/Jarka-P\u00e1tkov\u00e1-fotka-200x300.jpg 200w, https:\/\/salonvin.sk\/wp-content\/uploads\/2019\/10\/Jarka-P\u00e1tkov\u00e1-fotka.jpg 720w\" sizes=\"(max-width: 683px) 100vw, 683px\" \/><\/div><\/div>[vc_custom_heading text=&#8221;Jarka P\u00e1tkov\u00e1&#8221; font_container=&#8221;tag:h5|text_align:center&#8221; use_theme_fonts=&#8221;yes&#8221;]<div class=\"wpb_text_column\"><div class=\"wpb_wrapper\"><p style=\"text-align: center;\">Ausf\u00fchrender Manager<\/p>\n<p style=\"text-align: center;\"><a href=\"https:\/\/salonvin.sk\/de\/uber-uns\/jarka-patkova\/\" target=\"_blank\" rel=\"noopener noreferrer\">Weitere Informationen &gt;&gt;<\/a><\/p>\n<\/div><\/div><\/div><\/div><\/div><\/div><div class=\"w-separator size_medium\"><\/div><\/div><\/div><\/div><\/div><\/div><\/section><section class=\"l-section wpb_row us_custom_0d15be52 height_large with_img\"><div class=\"l-section-img\" role=\"img\" aria-label=\"Bild\" data-img-width=\"1920\" data-img-height=\"800\" style=\"background-image: url(https:\/\/salonvin.sk\/wp-content\/uploads\/2019\/09\/vinoteka-ochutnavka-vin-vino-eshop-narodny-salon-vin-5.jpg);background-repeat: no-repeat;\"><\/div><div class=\"l-section-h i-cf\"><div class=\"g-cols vc_row via_flex valign_top type_default stacking_default\"><div class=\"vc_col-sm-12 wpb_column vc_column_container\"><div class=\"vc_column-inner\"><div class=\"wpb_wrapper\"><div class=\"w-separator size_medium\"><\/div>[vc_custom_heading text=&#8221;Probieren Sie das Beste aus der Slowakei&#8221; font_container=&#8221;tag:h2|text_align:center&#8221; use_theme_fonts=&#8221;yes&#8221;]<div class=\"w-separator size_small\"><\/div><div class=\"g-cols wpb_row via_flex valign_top type_default stacking_default\"><div class=\"vc_col-sm-3 wpb_column vc_column_container\"><div class=\"vc_column-inner\"><div class=\"wpb_wrapper\"><\/div><\/div><\/div><div class=\"vc_col-sm-6 wpb_column vc_column_container\"><div class=\"vc_column-inner\"><div class=\"wpb_wrapper\"><div class=\"wpb_text_column\"><div class=\"wpb_wrapper\"><p style=\"text-align: center;\">Hier finden Sie die Sammlung der 100 besten Weine, die beim h\u00f6chsten Weinwettbewerb in der Slowakei ausgew\u00e4hlt wurden. Probieren Sie das Beste, was die Winzer mit Liebe gemacht und kreiert haben.<\/p>\n<\/div><\/div><\/div><\/div><\/div><div class=\"vc_col-sm-3 wpb_column vc_column_container\"><div class=\"vc_column-inner\"><div class=\"wpb_wrapper\"><\/div><\/div><\/div><\/div><div class=\"w-separator size_medium\"><\/div><div class=\"w-btn-wrapper align_center\"><a class=\"w-btn us-btn-style_1 us_custom_f73f4019\" href=\"https:\/\/salonvin.sk\/de\/slowakisches-wein\/top-100-weine\/\"><span class=\"w-btn-label\">DURCHSUCHEN SIE DIE TOP-AUSWAHL DER WEINE<\/span><\/a><\/div><div class=\"w-separator size_medium\"><\/div><\/div><\/div><\/div><\/div><\/div><\/section>\n","protected":false},"excerpt":{"rendered":"[vc_custom_heading text=\"Ein Schatz im historischen Zentrum von Bratislava\" use_theme_fonts=\"yes\"]Die Nationale Slowakische Weinsammlung f\u00f6rdert und verbreitet die Freude an slowakischen Weinen. Wir sind unglaublich stolz auf die Leistungen unserer Produzenten und wissen, dass sie noch viel mehr zu bieten haben. Kommen Sie runter und probieren Sie ein paar Weine. Wir haben freundliche Sommeliers und einen sch\u00f6nen...","protected":false},"author":2,"featured_media":1596,"parent":0,"menu_order":0,"comment_status":"closed","ping_status":"open","template":"","meta":{"footnotes":""},"class_list":["post-1902","page","type-page","status-publish","has-post-thumbnail","hentry"],"yoast_head":"<!-- This site is optimized with the Yoast SEO plugin v25.6 - https:\/\/yoast.com\/wordpress\/plugins\/seo\/ -->\n<title>\u00dcber uns - Sal\u00f3n v\u00edn<\/title>\n<meta name=\"robots\" content=\"index, follow, max-snippet:-1, max-image-preview:large, max-video-preview:-1\" \/>\n<link rel=\"canonical\" href=\"https:\/\/salonvin.sk\/de\/uber-uns\/\" \/>\n<meta property=\"og:locale\" content=\"de_DE\" \/>\n<meta property=\"og:type\" content=\"article\" \/>\n<meta property=\"og:title\" content=\"\u00dcber uns - Sal\u00f3n v\u00edn\" \/>\n<meta property=\"og:url\" content=\"https:\/\/salonvin.sk\/de\/uber-uns\/\" \/>\n<meta property=\"og:site_name\" content=\"Sal\u00f3n v\u00edn\" \/>\n<meta property=\"article:publisher\" content=\"https:\/\/www.facebook.com\/narodnysalonvinslovenskejrepubliky\/\" \/>\n<meta property=\"article:modified_time\" content=\"2026-01-08T15:03:52+00:00\" \/>\n<meta property=\"og:image\" content=\"https:\/\/salonvin.sk\/wp-content\/uploads\/2019\/10\/narodny-salon-vin-vinoteka-ochutnavka-vin-13.jpg\" \/>\n\t<meta property=\"og:image:width\" content=\"1920\" \/>\n\t<meta property=\"og:image:height\" content=\"1278\" \/>\n\t<meta property=\"og:image:type\" content=\"image\/jpeg\" \/>\n<meta name=\"twitter:card\" content=\"summary_large_image\" \/>\n<meta name=\"twitter:label1\" content=\"Gesch\u00e4tzte Lesezeit\" \/>\n\t<meta name=\"twitter:data1\" content=\"3\u00a0Minuten\" \/>\n<script type=\"application\/ld+json\" class=\"yoast-schema-graph\">{\"@context\":\"https:\/\/schema.org\",\"@graph\":[{\"@type\":\"WebPage\",\"@id\":\"https:\/\/salonvin.sk\/de\/uber-uns\/\",\"url\":\"https:\/\/salonvin.sk\/de\/uber-uns\/\",\"name\":\"\u00dcber uns - Sal\u00f3n v\u00edn\",\"isPartOf\":{\"@id\":\"https:\/\/salonvin.sk\/de\/#website\"},\"primaryImageOfPage\":{\"@id\":\"https:\/\/salonvin.sk\/de\/uber-uns\/#primaryimage\"},\"image\":{\"@id\":\"https:\/\/salonvin.sk\/de\/uber-uns\/#primaryimage\"},\"thumbnailUrl\":\"https:\/\/salonvin.sk\/wp-content\/uploads\/2019\/10\/narodny-salon-vin-vinoteka-ochutnavka-vin-13.jpg\",\"datePublished\":\"2020-01-08T11:00:07+00:00\",\"dateModified\":\"2026-01-08T15:03:52+00:00\",\"breadcrumb\":{\"@id\":\"https:\/\/salonvin.sk\/de\/uber-uns\/#breadcrumb\"},\"inLanguage\":\"de\",\"potentialAction\":[{\"@type\":\"ReadAction\",\"target\":[\"https:\/\/salonvin.sk\/de\/uber-uns\/\"]}]},{\"@type\":\"ImageObject\",\"inLanguage\":\"de\",\"@id\":\"https:\/\/salonvin.sk\/de\/uber-uns\/#primaryimage\",\"url\":\"https:\/\/salonvin.sk\/wp-content\/uploads\/2019\/10\/narodny-salon-vin-vinoteka-ochutnavka-vin-13.jpg\",\"contentUrl\":\"https:\/\/salonvin.sk\/wp-content\/uploads\/2019\/10\/narodny-salon-vin-vinoteka-ochutnavka-vin-13.jpg\",\"width\":1920,\"height\":1278},{\"@type\":\"BreadcrumbList\",\"@id\":\"https:\/\/salonvin.sk\/de\/uber-uns\/#breadcrumb\",\"itemListElement\":[{\"@type\":\"ListItem\",\"position\":1,\"name\":\"Home\",\"item\":\"https:\/\/salonvin.sk\/de\/\"},{\"@type\":\"ListItem\",\"position\":2,\"name\":\"\u00dcber uns\"}]},{\"@type\":\"WebSite\",\"@id\":\"https:\/\/salonvin.sk\/de\/#website\",\"url\":\"https:\/\/salonvin.sk\/de\/\",\"name\":\"Sal\u00f3n v\u00edn\",\"description\":\"\",\"potentialAction\":[{\"@type\":\"SearchAction\",\"target\":{\"@type\":\"EntryPoint\",\"urlTemplate\":\"https:\/\/salonvin.sk\/de\/?s={search_term_string}\"},\"query-input\":{\"@type\":\"PropertyValueSpecification\",\"valueRequired\":true,\"valueName\":\"search_term_string\"}}],\"inLanguage\":\"de\"}]}<\/script>\n<!-- \/ Yoast SEO plugin. -->","yoast_head_json":{"title":"\u00dcber uns - Sal\u00f3n v\u00edn","robots":{"index":"index","follow":"follow","max-snippet":"max-snippet:-1","max-image-preview":"max-image-preview:large","max-video-preview":"max-video-preview:-1"},"canonical":"https:\/\/salonvin.sk\/de\/uber-uns\/","og_locale":"de_DE","og_type":"article","og_title":"\u00dcber uns - Sal\u00f3n v\u00edn","og_url":"https:\/\/salonvin.sk\/de\/uber-uns\/","og_site_name":"Sal\u00f3n v\u00edn","article_publisher":"https:\/\/www.facebook.com\/narodnysalonvinslovenskejrepubliky\/","article_modified_time":"2026-01-08T15:03:52+00:00","og_image":[{"width":1920,"height":1278,"url":"https:\/\/salonvin.sk\/wp-content\/uploads\/2019\/10\/narodny-salon-vin-vinoteka-ochutnavka-vin-13.jpg","type":"image\/jpeg"}],"twitter_card":"summary_large_image","twitter_misc":{"Gesch\u00e4tzte Lesezeit":"3\u00a0Minuten"},"schema":{"@context":"https:\/\/schema.org","@graph":[{"@type":"WebPage","@id":"https:\/\/salonvin.sk\/de\/uber-uns\/","url":"https:\/\/salonvin.sk\/de\/uber-uns\/","name":"\u00dcber uns - Sal\u00f3n v\u00edn","isPartOf":{"@id":"https:\/\/salonvin.sk\/de\/#website"},"primaryImageOfPage":{"@id":"https:\/\/salonvin.sk\/de\/uber-uns\/#primaryimage"},"image":{"@id":"https:\/\/salonvin.sk\/de\/uber-uns\/#primaryimage"},"thumbnailUrl":"https:\/\/salonvin.sk\/wp-content\/uploads\/2019\/10\/narodny-salon-vin-vinoteka-ochutnavka-vin-13.jpg","datePublished":"2020-01-08T11:00:07+00:00","dateModified":"2026-01-08T15:03:52+00:00","breadcrumb":{"@id":"https:\/\/salonvin.sk\/de\/uber-uns\/#breadcrumb"},"inLanguage":"de","potentialAction":[{"@type":"ReadAction","target":["https:\/\/salonvin.sk\/de\/uber-uns\/"]}]},{"@type":"ImageObject","inLanguage":"de","@id":"https:\/\/salonvin.sk\/de\/uber-uns\/#primaryimage","url":"https:\/\/salonvin.sk\/wp-content\/uploads\/2019\/10\/narodny-salon-vin-vinoteka-ochutnavka-vin-13.jpg","contentUrl":"https:\/\/salonvin.sk\/wp-content\/uploads\/2019\/10\/narodny-salon-vin-vinoteka-ochutnavka-vin-13.jpg","width":1920,"height":1278},{"@type":"BreadcrumbList","@id":"https:\/\/salonvin.sk\/de\/uber-uns\/#breadcrumb","itemListElement":[{"@type":"ListItem","position":1,"name":"Home","item":"https:\/\/salonvin.sk\/de\/"},{"@type":"ListItem","position":2,"name":"\u00dcber uns"}]},{"@type":"WebSite","@id":"https:\/\/salonvin.sk\/de\/#website","url":"https:\/\/salonvin.sk\/de\/","name":"Sal\u00f3n v\u00edn","description":"","potentialAction":[{"@type":"SearchAction","target":{"@type":"EntryPoint","urlTemplate":"https:\/\/salonvin.sk\/de\/?s={search_term_string}"},"query-input":{"@type":"PropertyValueSpecification","valueRequired":true,"valueName":"search_term_string"}}],"inLanguage":"de"}]}},"_links":{"self":[{"href":"https:\/\/salonvin.sk\/de\/wp-json\/wp\/v2\/pages\/1902"}],"collection":[{"href":"https:\/\/salonvin.sk\/de\/wp-json\/wp\/v2\/pages"}],"about":[{"href":"https:\/\/salonvin.sk\/de\/wp-json\/wp\/v2\/types\/page"}],"author":[{"embeddable":true,"href":"https:\/\/salonvin.sk\/de\/wp-json\/wp\/v2\/users\/2"}],"replies":[{"embeddable":true,"href":"https:\/\/salonvin.sk\/de\/wp-json\/wp\/v2\/comments?post=1902"}],"version-history":[{"count":4,"href":"https:\/\/salonvin.sk\/de\/wp-json\/wp\/v2\/pages\/1902\/revisions"}],"predecessor-version":[{"id":30731,"href":"https:\/\/salonvin.sk\/de\/wp-json\/wp\/v2\/pages\/1902\/revisions\/30731"}],"wp:featuredmedia":[{"embeddable":true,"href":"https:\/\/salonvin.sk\/de\/wp-json\/wp\/v2\/media\/1596"}],"wp:attachment":[{"href":"https:\/\/salonvin.sk\/de\/wp-json\/wp\/v2\/media?parent=1902"}],"curies":[{"name":"wp","href":"https:\/\/api.w.org\/{rel}","templated":true}]}}