{"id":1909,"date":"2020-01-08T12:37:55","date_gmt":"2020-01-08T11:37:55","guid":{"rendered":"https:\/\/salonvin.sk\/?page_id=1909"},"modified":"2020-01-16T13:38:59","modified_gmt":"2020-01-16T12:38:59","slug":"schutz-personenbezogener-daten","status":"publish","type":"page","link":"https:\/\/salonvin.sk\/de\/schutz-personenbezogener-daten\/","title":{"rendered":"Schutz Personenbezogener Daten"},"content":{"rendered":"<h3><strong>Datenschutzerkl\u00e4rung <\/strong><\/h3>\n<p>Durch die Nutzung unserer Website geben Sie uns Ihre pers\u00f6nlichen Daten. Diese Seite zeigt, welche pers\u00f6nlichen Daten wir sammeln und wie wir sie verwenden.<\/p>\n<p><strong>Betreiber: Union der slowakischen Weinbauern und Winzer, Pra\u017esk\u00e1 3745\/15, 81104, Bratislava &#8211; mestsk\u00e1 \u010das\u0165 Star\u00e9 Mesto, Slowakische Republik, Rechtsform: Interessenvereinigung juristischer Personen, I\u010cO: 30806470, sammelt folgende personenbezogene Daten:<\/strong><\/p>\n<ul>\n<li>Cookies<\/li>\n<li>die pers\u00f6nlichen Informationen, die Sie uns \u00fcber unsere Kontaktformulare und das Newsletter-Anmeldeformular zur Verf\u00fcgung stellen<\/li>\n<\/ul>\n<h5>Wie wir personenbezogene Daten verwenden, die wir sammeln<\/h5>\n<h6><strong>Formen<\/strong><\/h6>\n<p><strong>Die pers\u00f6nlichen Daten, die Sie uns \u00fcber unsere Formulare zur Verf\u00fcgung stellen, werden nur f\u00fcr die Zwecke verwendet, f\u00fcr die sie bestimmt waren, n\u00e4mlich:<\/strong><\/p>\n<ul>\n<li>Daten aus dem \u201eKontaktformular\u201c ausschlie\u00dflich zum Zwecke der Kontaktaufnahme,<\/li>\n<li>Daten aus dem Formular \u201eAnmeldung zum Newsletter\u201c ausschlie\u00dflich zum Versenden unserer elektronischen Newsletter mit Informationen zu aktuellen Ereignissen in unserem Unternehmen &#8211; Einladungen zu Messen, Konferenzen, PR-Veranstaltungen, Informationen zu Neuigkeiten aus dem Sortiment, zu den angebotenen Dienstleistungen usw.<\/li>\n<\/ul>\n<p><strong>Widerrufsbelehrung Wir verarbeiten Ihre personenbezogenen<\/strong><\/p>\n<p>Daten mit Ihrer Einwilligung, die Sie jederzeit \u00fcber den Link in der Fu\u00dfzeile jedes Newsletters widerrufen k\u00f6nnen.<\/p>\n<h6><strong>Cookies<\/strong><\/h6>\n<p>Cookies sind kleine Textdateien, die im Speicher Ihres Browsers gespeichert werden und Informationen \u00fcber Ihren Besuch auf der Website enthalten. Diese Dateien sind anonym und enthalten Daten wie Sprache, Browser und andere Einstellungen f\u00fcr die Seitenansicht. Die von Ihrem Browser an uns gesendeten Cookies dienen dazu, das Nutzerverhalten auf unserer Website zu analysieren und deren Benutzerfreundlichkeit zu verbessern und zu vereinfachen. Wir verwenden Google Analytics zur Analyse. Wir verwenden Google Remarketing f\u00fcr Werbezwecke. Cookies sind 6 Monate lang.<\/p>\n<p><strong>So \u00fcberpr\u00fcfen und l\u00f6schen Sie Cookies<\/strong><\/p>\n<p>Sie k\u00f6nnen die Einstellungen f\u00fcr die Verwendung von Cookies in den Einstellungen jedes Browsers \u00e4ndern. Durch L\u00f6schen oder Blockieren von Cookies k\u00f6nnen Sie unsere Website besuchen, einige Funktionen funktionieren jedoch m\u00f6glicherweise nicht ordnungsgem\u00e4\u00df.<\/p>\n<h6><strong>Was sind deine Rechte?<\/strong><\/h6>\n<p><strong>Jede Person, die uns personenbezogene Daten zur Verf\u00fcgung gestellt hat, hat das Recht, von uns Folgendes anzufordern:<\/strong><\/p>\n<ul>\n<li>Zugriff auf Ihre pers\u00f6nlichen Daten<\/li>\n<li>das Recht zur Berichtigung, L\u00f6schung oder Einschr\u00e4nkung der Verarbeitung<\/li>\n<li>das Recht, der Verarbeitung zu widersprechen<\/li>\n<li>das Recht auf Daten\u00fcbertragbarkeit<\/li>\n<li>das Recht, eine Beschwerde bei der Aufsichtsbeh\u00f6rde einzureichen, die das Amt f\u00fcr den Schutz personenbezogener Daten der Slowakischen Republik ist<\/li>\n<\/ul>\n<h6><strong>Rechte der betroffenen Person<\/strong><\/h6>\n<p>Jede Person, die uns personenbezogene Daten zur Verf\u00fcgung gestellt hat (betroffene Person), hat das Recht, von uns den Zugang zu ihren personenbezogenen Daten zu verlangen und die Verarbeitung zu berichtigen, zu l\u00f6schen oder einzuschr\u00e4nken, das Recht, der Verarbeitung zu widersprechen, das Recht, Daten zu \u00fcbermitteln und eine Beschwerde einzureichen ist das Amt f\u00fcr den Schutz personenbezogener Daten der Slowakischen Republik.<\/p>\n<h6><strong>So setzen Sie Ihre Rechte durch<\/strong><\/h6>\n<p>Sie k\u00f6nnen Ihre Rechte aus\u00fcben, indem Sie eine E-Mail oder eine schriftliche Anfrage an unsere Kontaktinformationen senden, die im Abschnitt &#8220;<a href=\"https:\/\/salonvin.sk\/de\/kontakt\/\" target=\"_blank\" rel=\"noopener noreferrer\">Kontakt<\/a>&#8221; aufgef\u00fchrt sin<\/p>\n","protected":false},"excerpt":{"rendered":"<p>Datenschutzerkl\u00e4rung Durch die Nutzung unserer Website geben Sie uns Ihre pers\u00f6nlichen Daten. Diese Seite zeigt, welche pers\u00f6nlichen Daten wir sammeln und wie wir sie verwenden. Betreiber: Union der slowakischen Weinbauern und Winzer, Pra\u017esk\u00e1 3745\/15, 81104, Bratislava &#8211; mestsk\u00e1 \u010das\u0165 Star\u00e9 Mesto, Slowakische Republik, Rechtsform: Interessenvereinigung juristischer Personen, I\u010cO: 30806470, sammelt folgende personenbezogene Daten: Cookies die&#8230;<\/p>\n","protected":false},"author":2,"featured_media":0,"parent":0,"menu_order":0,"comment_status":"closed","ping_status":"open","template":"","meta":{"footnotes":""},"class_list":["post-1909","page","type-page","status-publish","hentry"],"yoast_head":"<!-- This site is optimized with the Yoast SEO plugin v25.6 - https:\/\/yoast.com\/wordpress\/plugins\/seo\/ -->\n<title>Schutz Personenbezogener Daten - Sal\u00f3n v\u00edn<\/title>\n<meta name=\"robots\" content=\"index, follow, max-snippet:-1, max-image-preview:large, max-video-preview:-1\" \/>\n<link rel=\"canonical\" href=\"https:\/\/salonvin.sk\/de\/schutz-personenbezogener-daten\/\" \/>\n<meta property=\"og:locale\" content=\"de_DE\" \/>\n<meta property=\"og:type\" content=\"article\" \/>\n<meta property=\"og:title\" content=\"Schutz Personenbezogener Daten - Sal\u00f3n v\u00edn\" \/>\n<meta property=\"og:description\" content=\"Datenschutzerkl\u00e4rung Durch die Nutzung unserer Website geben Sie uns Ihre pers\u00f6nlichen Daten. Diese Seite zeigt, welche pers\u00f6nlichen Daten wir sammeln und wie wir sie verwenden. Betreiber: Union der slowakischen Weinbauern und Winzer, Pra\u017esk\u00e1 3745\/15, 81104, Bratislava &#8211; mestsk\u00e1 \u010das\u0165 Star\u00e9 Mesto, Slowakische Republik, Rechtsform: Interessenvereinigung juristischer Personen, I\u010cO: 30806470, sammelt folgende personenbezogene Daten: Cookies die...\" \/>\n<meta property=\"og:url\" content=\"https:\/\/salonvin.sk\/de\/schutz-personenbezogener-daten\/\" \/>\n<meta property=\"og:site_name\" content=\"Sal\u00f3n v\u00edn\" \/>\n<meta property=\"article:publisher\" content=\"https:\/\/www.facebook.com\/narodnysalonvinslovenskejrepubliky\/\" \/>\n<meta property=\"article:modified_time\" content=\"2020-01-16T12:38:59+00:00\" \/>\n<meta name=\"twitter:card\" content=\"summary_large_image\" \/>\n<meta name=\"twitter:label1\" content=\"Gesch\u00e4tzte Lesezeit\" \/>\n\t<meta name=\"twitter:data1\" content=\"2\u00a0Minuten\" \/>\n<script type=\"application\/ld+json\" class=\"yoast-schema-graph\">{\"@context\":\"https:\/\/schema.org\",\"@graph\":[{\"@type\":\"WebPage\",\"@id\":\"https:\/\/salonvin.sk\/de\/schutz-personenbezogener-daten\/\",\"url\":\"https:\/\/salonvin.sk\/de\/schutz-personenbezogener-daten\/\",\"name\":\"Schutz Personenbezogener Daten - Sal\u00f3n v\u00edn\",\"isPartOf\":{\"@id\":\"https:\/\/salonvin.sk\/de\/#website\"},\"datePublished\":\"2020-01-08T11:37:55+00:00\",\"dateModified\":\"2020-01-16T12:38:59+00:00\",\"breadcrumb\":{\"@id\":\"https:\/\/salonvin.sk\/de\/schutz-personenbezogener-daten\/#breadcrumb\"},\"inLanguage\":\"de\",\"potentialAction\":[{\"@type\":\"ReadAction\",\"target\":[\"https:\/\/salonvin.sk\/de\/schutz-personenbezogener-daten\/\"]}]},{\"@type\":\"BreadcrumbList\",\"@id\":\"https:\/\/salonvin.sk\/de\/schutz-personenbezogener-daten\/#breadcrumb\",\"itemListElement\":[{\"@type\":\"ListItem\",\"position\":1,\"name\":\"Home\",\"item\":\"https:\/\/salonvin.sk\/de\/\"},{\"@type\":\"ListItem\",\"position\":2,\"name\":\"Schutz Personenbezogener Daten\"}]},{\"@type\":\"WebSite\",\"@id\":\"https:\/\/salonvin.sk\/de\/#website\",\"url\":\"https:\/\/salonvin.sk\/de\/\",\"name\":\"Sal\u00f3n v\u00edn\",\"description\":\"\",\"potentialAction\":[{\"@type\":\"SearchAction\",\"target\":{\"@type\":\"EntryPoint\",\"urlTemplate\":\"https:\/\/salonvin.sk\/de\/?s={search_term_string}\"},\"query-input\":{\"@type\":\"PropertyValueSpecification\",\"valueRequired\":true,\"valueName\":\"search_term_string\"}}],\"inLanguage\":\"de\"}]}<\/script>\n<!-- \/ Yoast SEO plugin. -->","yoast_head_json":{"title":"Schutz Personenbezogener Daten - Sal\u00f3n v\u00edn","robots":{"index":"index","follow":"follow","max-snippet":"max-snippet:-1","max-image-preview":"max-image-preview:large","max-video-preview":"max-video-preview:-1"},"canonical":"https:\/\/salonvin.sk\/de\/schutz-personenbezogener-daten\/","og_locale":"de_DE","og_type":"article","og_title":"Schutz Personenbezogener Daten - Sal\u00f3n v\u00edn","og_description":"Datenschutzerkl\u00e4rung Durch die Nutzung unserer Website geben Sie uns Ihre pers\u00f6nlichen Daten. Diese Seite zeigt, welche pers\u00f6nlichen Daten wir sammeln und wie wir sie verwenden. Betreiber: Union der slowakischen Weinbauern und Winzer, Pra\u017esk\u00e1 3745\/15, 81104, Bratislava &#8211; mestsk\u00e1 \u010das\u0165 Star\u00e9 Mesto, Slowakische Republik, Rechtsform: Interessenvereinigung juristischer Personen, I\u010cO: 30806470, sammelt folgende personenbezogene Daten: Cookies die...","og_url":"https:\/\/salonvin.sk\/de\/schutz-personenbezogener-daten\/","og_site_name":"Sal\u00f3n v\u00edn","article_publisher":"https:\/\/www.facebook.com\/narodnysalonvinslovenskejrepubliky\/","article_modified_time":"2020-01-16T12:38:59+00:00","twitter_card":"summary_large_image","twitter_misc":{"Gesch\u00e4tzte Lesezeit":"2\u00a0Minuten"},"schema":{"@context":"https:\/\/schema.org","@graph":[{"@type":"WebPage","@id":"https:\/\/salonvin.sk\/de\/schutz-personenbezogener-daten\/","url":"https:\/\/salonvin.sk\/de\/schutz-personenbezogener-daten\/","name":"Schutz Personenbezogener Daten - Sal\u00f3n v\u00edn","isPartOf":{"@id":"https:\/\/salonvin.sk\/de\/#website"},"datePublished":"2020-01-08T11:37:55+00:00","dateModified":"2020-01-16T12:38:59+00:00","breadcrumb":{"@id":"https:\/\/salonvin.sk\/de\/schutz-personenbezogener-daten\/#breadcrumb"},"inLanguage":"de","potentialAction":[{"@type":"ReadAction","target":["https:\/\/salonvin.sk\/de\/schutz-personenbezogener-daten\/"]}]},{"@type":"BreadcrumbList","@id":"https:\/\/salonvin.sk\/de\/schutz-personenbezogener-daten\/#breadcrumb","itemListElement":[{"@type":"ListItem","position":1,"name":"Home","item":"https:\/\/salonvin.sk\/de\/"},{"@type":"ListItem","position":2,"name":"Schutz Personenbezogener Daten"}]},{"@type":"WebSite","@id":"https:\/\/salonvin.sk\/de\/#website","url":"https:\/\/salonvin.sk\/de\/","name":"Sal\u00f3n v\u00edn","description":"","potentialAction":[{"@type":"SearchAction","target":{"@type":"EntryPoint","urlTemplate":"https:\/\/salonvin.sk\/de\/?s={search_term_string}"},"query-input":{"@type":"PropertyValueSpecification","valueRequired":true,"valueName":"search_term_string"}}],"inLanguage":"de"}]}},"_links":{"self":[{"href":"https:\/\/salonvin.sk\/de\/wp-json\/wp\/v2\/pages\/1909"}],"collection":[{"href":"https:\/\/salonvin.sk\/de\/wp-json\/wp\/v2\/pages"}],"about":[{"href":"https:\/\/salonvin.sk\/de\/wp-json\/wp\/v2\/types\/page"}],"author":[{"embeddable":true,"href":"https:\/\/salonvin.sk\/de\/wp-json\/wp\/v2\/users\/2"}],"replies":[{"embeddable":true,"href":"https:\/\/salonvin.sk\/de\/wp-json\/wp\/v2\/comments?post=1909"}],"version-history":[{"count":0,"href":"https:\/\/salonvin.sk\/de\/wp-json\/wp\/v2\/pages\/1909\/revisions"}],"wp:attachment":[{"href":"https:\/\/salonvin.sk\/de\/wp-json\/wp\/v2\/media?parent=1909"}],"curies":[{"name":"wp","href":"https:\/\/api.w.org\/{rel}","templated":true}]}}