{"id":1921,"date":"2020-01-08T12:48:06","date_gmt":"2020-01-08T11:48:06","guid":{"rendered":"https:\/\/salonvin.sk\/?page_id=1921"},"modified":"2025-10-04T10:49:56","modified_gmt":"2025-10-04T08:49:56","slug":"erfahrungen","status":"publish","type":"page","link":"https:\/\/salonvin.sk\/de\/erfahrungen\/","title":{"rendered":"Erfahrungen"},"content":{"rendered":"<section class=\"l-section wpb_row height_medium full_height valign_top with_img parallax_ver parallaxdir_reversed\"><div class=\"l-section-img\" role=\"img\" aria-label=\"narodny-salon-vin-ochutnavka-vin-vinoteka\" data-img-width=\"1920\" data-img-height=\"1280\" style=\"background-image: url(https:\/\/salonvin.sk\/wp-content\/uploads\/2019\/10\/narodny-salon-vin-ochutnavka-vin-vinoteka-12-e1572270315858.jpeg);background-position: top center;background-repeat: no-repeat;\"><\/div><div class=\"l-section-overlay\" style=\"background:rgba(26,26,26,0.4)\"><\/div><div class=\"l-section-h i-cf\"><div class=\"g-cols vc_row via_flex valign_top type_default stacking_default\"><div class=\"vc_col-sm-7 wpb_column vc_column_container  has_bg_color\"><div class=\"vc_column-inner us_custom_e3edf7de us_animate_this\"><div class=\"wpb_wrapper\">[vc_custom_heading text=&#8221;Weinprobe und Abenteuer-Events&#8221; use_theme_fonts=&#8221;yes&#8221;]<div class=\"wpb_text_column\"><div class=\"wpb_wrapper\"><p>Probieren Sie die besten 80 Slowakischen Weine in 100 Minuten oder eine Weinprobe mit einem professionellen Sommelier, der Sie dem Slowakischen Weinbau und dem modernen Weingut n\u00e4her bringt. Wenn Sie ein Teambuilding oder ein freundschaftliches Treffen planen, sind geeignete R\u00e4umlichkeiten eines historischen Kellers und slowakische Spitzenweine eine ideale Kombination.<\/p>\n<\/div><\/div><div class=\"w-btn-wrapper align_none\"><a class=\"w-btn us-btn-style_4 us_custom_f73f4019\" href=\"#sluzby\"><span class=\"w-btn-label\">PR\u00dcFEN SIE UNSER ANGEBOT<\/span><\/a><\/div><\/div><\/div><\/div><div class=\"vc_col-sm-5 wpb_column vc_column_container\"><div class=\"vc_column-inner\"><div class=\"wpb_wrapper\"><\/div><\/div><\/div><\/div><\/div><\/section><section class=\"l-section wpb_row height_huge color_alternate\" id=\"sluzby\"><div class=\"l-section-h i-cf\"><div class=\"g-cols vc_row via_flex valign_top type_default stacking_default\"><div class=\"vc_col-sm-6 wpb_column vc_column_container\"><div class=\"vc_column-inner us_custom_4e879a9b\"><div class=\"wpb_wrapper\"><div class=\"w-image align_none\"><div class=\"w-image-h\"><img decoding=\"async\" width=\"1920\" height=\"1278\" src=\"https:\/\/salonvin.sk\/wp-content\/uploads\/2019\/10\/ochutnavka-vin-narodny-salon-vin-degustacia-vina-6.jpg\" class=\"attachment-full size-full\" alt=\"\" loading=\"lazy\" srcset=\"https:\/\/salonvin.sk\/wp-content\/uploads\/2019\/10\/ochutnavka-vin-narodny-salon-vin-degustacia-vina-6.jpg 1920w, https:\/\/salonvin.sk\/wp-content\/uploads\/2019\/10\/ochutnavka-vin-narodny-salon-vin-degustacia-vina-6-600x399.jpg 600w, https:\/\/salonvin.sk\/wp-content\/uploads\/2019\/10\/ochutnavka-vin-narodny-salon-vin-degustacia-vina-6-300x200.jpg 300w, https:\/\/salonvin.sk\/wp-content\/uploads\/2019\/10\/ochutnavka-vin-narodny-salon-vin-degustacia-vina-6-1024x682.jpg 1024w\" sizes=\"(max-width: 1920px) 100vw, 1920px\" \/><\/div><\/div><\/div><\/div><\/div><div class=\"vc_col-sm-6 wpb_column vc_column_container\"><div class=\"vc_column-inner us_custom_06ab2b43\"><div class=\"wpb_wrapper\">[vc_custom_heading text=&#8221;Weinverkostungsprogramme&#8221; use_theme_fonts=&#8221;yes&#8221;]<div class=\"wpb_text_column\"><div class=\"wpb_wrapper\"><p>Probieren Sie die besten 80 Slowakischen Weine in 100 Minuten in unserem beliebtesten Programm. Wenn Sie neben Qualit\u00e4tswein auch die Welt des Slowakischen Weinbaus und der modernen Bodega kennenlernen m\u00f6chten, k\u00f6nnen Sie das Angebot einer gef\u00fchrten Weinprobe mit einem professionellen Sommelier nutzen. Kommen Sie und probieren Sie die Qualit\u00e4t der Weine der slowakischen Winzer pers\u00f6nlich in der Slowakischen Weinsammlung, die die <strong>100 besten Slowakischen Weine<\/strong> pr\u00e4sentiert.<\/p>\n<\/div><\/div><div class=\"w-btn-wrapper align_none\"><a class=\"w-btn us-btn-style_4 us_custom_6c9a0c76\" href=\"https:\/\/salonvin.sk\/de\/erfahrungen\/weinverkostungsprogramme\/\"><span class=\"w-btn-label\">MEHR \u00dcBER WEINVERKOSTUNGSPROGRAMME<\/span><\/a><\/div><\/div><\/div><\/div><\/div><\/div><\/section><section class=\"l-section wpb_row height_huge\"><div class=\"l-section-h i-cf\"><div class=\"g-cols vc_row via_flex valign_top type_default stacking_default\"><div class=\"vc_col-sm-6 wpb_column vc_column_container\"><div class=\"vc_column-inner us_custom_06ab2b43\"><div class=\"wpb_wrapper\">[vc_custom_heading text=&#8221;Events&#8221; use_theme_fonts=&#8221;yes&#8221;]<div class=\"wpb_text_column\"><div class=\"wpb_wrapper\"><p>Planen Sie ein Teambuilding oder ein Meeting in einem geschlossenen Unternehmen? Der einzigartige Raum des Weinkellers des Apponyi Palace ist perfekt f\u00fcr Menschen, die Beziehungen st\u00e4rken, das Leben und Qualit\u00e4tswein genie\u00dfen m\u00f6chten.<\/p>\n<p>Diese R\u00e4umlichkeiten haben sich in Botschaften, Handelskammern und Unternehmen verliebt, die sie gerne zur Teambildung mit ihren Mitarbeitern nutzen.<\/p>\n<\/div><\/div><div class=\"w-btn-wrapper align_none\"><a class=\"w-btn us-btn-style_4 us_custom_6c9a0c76\" href=\"https:\/\/salonvin.sk\/de\/erfahrungen\/events-und-teambuildings\/\"><span class=\"w-btn-label\">MEHR \u00dcBER DAS ANGEBOT<\/span><\/a><\/div><\/div><\/div><\/div><div class=\"vc_col-sm-6 wpb_column vc_column_container\"><div class=\"vc_column-inner us_custom_9311431e\"><div class=\"wpb_wrapper\"><div class=\"w-image obrazok_oble_rohy align_none\"><div class=\"w-image-h\"><img decoding=\"async\" width=\"1920\" height=\"1280\" src=\"https:\/\/salonvin.sk\/wp-content\/uploads\/2019\/10\/ochutnavka-vin-uzavreta-spolocnost-teambuilding-narodny-salon-vin-18.jpg\" class=\"attachment-full size-full\" alt=\"\" loading=\"lazy\" srcset=\"https:\/\/salonvin.sk\/wp-content\/uploads\/2019\/10\/ochutnavka-vin-uzavreta-spolocnost-teambuilding-narodny-salon-vin-18.jpg 1920w, https:\/\/salonvin.sk\/wp-content\/uploads\/2019\/10\/ochutnavka-vin-uzavreta-spolocnost-teambuilding-narodny-salon-vin-18-600x400.jpg 600w, https:\/\/salonvin.sk\/wp-content\/uploads\/2019\/10\/ochutnavka-vin-uzavreta-spolocnost-teambuilding-narodny-salon-vin-18-300x200.jpg 300w, https:\/\/salonvin.sk\/wp-content\/uploads\/2019\/10\/ochutnavka-vin-uzavreta-spolocnost-teambuilding-narodny-salon-vin-18-1024x683.jpg 1024w\" sizes=\"(max-width: 1920px) 100vw, 1920px\" \/><\/div><\/div><\/div><\/div><\/div><\/div><\/div><\/section><section class=\"l-section wpb_row us_custom_0d15be52 height_large with_img\"><div class=\"l-section-img\" role=\"img\" aria-label=\"vinoteka-ochutnavka-vin-vino-eshop-narodny-salon-vin\" data-img-width=\"1920\" data-img-height=\"800\" style=\"background-image: url(https:\/\/salonvin.sk\/wp-content\/uploads\/2019\/09\/vinoteka-ochutnavka-vin-vino-eshop-narodny-salon-vin-2.jpg);background-repeat: no-repeat;\"><\/div><div class=\"l-section-h i-cf\"><div class=\"g-cols vc_row via_flex valign_top type_default stacking_default\"><div class=\"vc_col-sm-12 wpb_column vc_column_container\"><div class=\"vc_column-inner\"><div class=\"wpb_wrapper\"><div class=\"w-separator size_medium\"><\/div>[vc_custom_heading text=&#8221;Probieren Sie slowakische Spitzenweine&#8221; font_container=&#8221;tag:h2|text_align:center&#8221; use_theme_fonts=&#8221;yes&#8221;]<div class=\"w-separator size_small\"><\/div><div class=\"g-cols wpb_row via_flex valign_top type_default stacking_default\"><div class=\"vc_col-sm-3 wpb_column vc_column_container\"><div class=\"vc_column-inner\"><div class=\"wpb_wrapper\"><\/div><\/div><\/div><div class=\"vc_col-sm-6 wpb_column vc_column_container\"><div class=\"vc_column-inner\"><div class=\"wpb_wrapper\"><div class=\"wpb_text_column\"><div class=\"wpb_wrapper\"><p style=\"text-align: center;\">\u00a0In unserem Angebot finden Sie eine Sammlung von Qualit\u00e4tsweinen, die einer strengen Auswahl des h\u00f6chsten Weinwettbewerbs in der Slowakei unterzogen wurden. Probieren Sie das Beste, was unsere Winzer mit Liebe entwickelt und kreiert haben.<\/p>\n<\/div><\/div><\/div><\/div><\/div><div class=\"vc_col-sm-3 wpb_column vc_column_container\"><div class=\"vc_column-inner\"><div class=\"wpb_wrapper\"><\/div><\/div><\/div><\/div><div class=\"w-separator size_medium\"><\/div><div class=\"w-btn-wrapper align_center\"><a class=\"w-btn us-btn-style_5 us_custom_f73f4019\" href=\"https:\/\/salonvin.sk\/de\/slowakisches-wein\/top-100-weine\/\"><span class=\"w-btn-label\">PR\u00dcFEN SIE DIE AUSWAHL DER TOP WEINE<\/span><\/a><\/div><div class=\"w-separator size_medium\"><\/div><\/div><\/div><\/div><\/div><\/div><\/section>\n","protected":false},"excerpt":{"rendered":"[vc_custom_heading text=\"Weinprobe und Abenteuer-Events\" use_theme_fonts=\"yes\"]Probieren Sie die besten 80 Slowakischen Weine in 100 Minuten oder eine Weinprobe mit einem professionellen Sommelier, der Sie dem Slowakischen Weinbau und dem modernen Weingut n\u00e4her bringt. Wenn Sie ein Teambuilding oder ein freundschaftliches Treffen planen, sind geeignete R\u00e4umlichkeiten eines historischen Kellers und slowakische Spitzenweine eine ideale Kombination. PR\u00dcFEN SIE...","protected":false},"author":2,"featured_media":1594,"parent":0,"menu_order":0,"comment_status":"closed","ping_status":"closed","template":"","meta":{"footnotes":""},"class_list":["post-1921","page","type-page","status-publish","has-post-thumbnail","hentry"],"yoast_head":"<!-- This site is optimized with the Yoast SEO plugin v25.6 - https:\/\/yoast.com\/wordpress\/plugins\/seo\/ -->\n<title>Erfahrungen - Sal\u00f3n v\u00edn<\/title>\n<meta name=\"robots\" content=\"index, follow, max-snippet:-1, max-image-preview:large, max-video-preview:-1\" \/>\n<link rel=\"canonical\" href=\"https:\/\/salonvin.sk\/de\/erfahrungen\/\" \/>\n<meta property=\"og:locale\" content=\"de_DE\" \/>\n<meta property=\"og:type\" content=\"article\" \/>\n<meta property=\"og:title\" content=\"Erfahrungen - Sal\u00f3n v\u00edn\" \/>\n<meta property=\"og:url\" content=\"https:\/\/salonvin.sk\/de\/erfahrungen\/\" \/>\n<meta property=\"og:site_name\" content=\"Sal\u00f3n v\u00edn\" \/>\n<meta property=\"article:publisher\" content=\"https:\/\/www.facebook.com\/narodnysalonvinslovenskejrepubliky\/\" \/>\n<meta property=\"article:modified_time\" content=\"2025-10-04T08:49:56+00:00\" \/>\n<meta property=\"og:image\" content=\"https:\/\/salonvin.sk\/wp-content\/uploads\/2019\/10\/narodny-salon-vin-ochutnavka-vin-vinoteka-12-e1572270315858.jpeg\" \/>\n\t<meta property=\"og:image:width\" content=\"1920\" \/>\n\t<meta property=\"og:image:height\" content=\"1280\" \/>\n\t<meta property=\"og:image:type\" content=\"image\/jpeg\" \/>\n<meta name=\"twitter:card\" content=\"summary_large_image\" \/>\n<meta name=\"twitter:label1\" content=\"Gesch\u00e4tzte Lesezeit\" \/>\n\t<meta name=\"twitter:data1\" content=\"3\u00a0Minuten\" \/>\n<script type=\"application\/ld+json\" class=\"yoast-schema-graph\">{\"@context\":\"https:\/\/schema.org\",\"@graph\":[{\"@type\":\"WebPage\",\"@id\":\"https:\/\/salonvin.sk\/de\/erfahrungen\/\",\"url\":\"https:\/\/salonvin.sk\/de\/erfahrungen\/\",\"name\":\"Erfahrungen - Sal\u00f3n v\u00edn\",\"isPartOf\":{\"@id\":\"https:\/\/salonvin.sk\/de\/#website\"},\"primaryImageOfPage\":{\"@id\":\"https:\/\/salonvin.sk\/de\/erfahrungen\/#primaryimage\"},\"image\":{\"@id\":\"https:\/\/salonvin.sk\/de\/erfahrungen\/#primaryimage\"},\"thumbnailUrl\":\"https:\/\/salonvin.sk\/wp-content\/uploads\/2019\/10\/narodny-salon-vin-ochutnavka-vin-vinoteka-12-e1572270315858.jpeg\",\"datePublished\":\"2020-01-08T11:48:06+00:00\",\"dateModified\":\"2025-10-04T08:49:56+00:00\",\"breadcrumb\":{\"@id\":\"https:\/\/salonvin.sk\/de\/erfahrungen\/#breadcrumb\"},\"inLanguage\":\"de\",\"potentialAction\":[{\"@type\":\"ReadAction\",\"target\":[\"https:\/\/salonvin.sk\/de\/erfahrungen\/\"]}]},{\"@type\":\"ImageObject\",\"inLanguage\":\"de\",\"@id\":\"https:\/\/salonvin.sk\/de\/erfahrungen\/#primaryimage\",\"url\":\"https:\/\/salonvin.sk\/wp-content\/uploads\/2019\/10\/narodny-salon-vin-ochutnavka-vin-vinoteka-12-e1572270315858.jpeg\",\"contentUrl\":\"https:\/\/salonvin.sk\/wp-content\/uploads\/2019\/10\/narodny-salon-vin-ochutnavka-vin-vinoteka-12-e1572270315858.jpeg\",\"width\":1920,\"height\":1280},{\"@type\":\"BreadcrumbList\",\"@id\":\"https:\/\/salonvin.sk\/de\/erfahrungen\/#breadcrumb\",\"itemListElement\":[{\"@type\":\"ListItem\",\"position\":1,\"name\":\"Home\",\"item\":\"https:\/\/salonvin.sk\/de\/\"},{\"@type\":\"ListItem\",\"position\":2,\"name\":\"Erfahrungen\"}]},{\"@type\":\"WebSite\",\"@id\":\"https:\/\/salonvin.sk\/de\/#website\",\"url\":\"https:\/\/salonvin.sk\/de\/\",\"name\":\"Sal\u00f3n v\u00edn\",\"description\":\"\",\"potentialAction\":[{\"@type\":\"SearchAction\",\"target\":{\"@type\":\"EntryPoint\",\"urlTemplate\":\"https:\/\/salonvin.sk\/de\/?s={search_term_string}\"},\"query-input\":{\"@type\":\"PropertyValueSpecification\",\"valueRequired\":true,\"valueName\":\"search_term_string\"}}],\"inLanguage\":\"de\"}]}<\/script>\n<!-- \/ Yoast SEO plugin. -->","yoast_head_json":{"title":"Erfahrungen - Sal\u00f3n v\u00edn","robots":{"index":"index","follow":"follow","max-snippet":"max-snippet:-1","max-image-preview":"max-image-preview:large","max-video-preview":"max-video-preview:-1"},"canonical":"https:\/\/salonvin.sk\/de\/erfahrungen\/","og_locale":"de_DE","og_type":"article","og_title":"Erfahrungen - Sal\u00f3n v\u00edn","og_url":"https:\/\/salonvin.sk\/de\/erfahrungen\/","og_site_name":"Sal\u00f3n v\u00edn","article_publisher":"https:\/\/www.facebook.com\/narodnysalonvinslovenskejrepubliky\/","article_modified_time":"2025-10-04T08:49:56+00:00","og_image":[{"width":1920,"height":1280,"url":"https:\/\/salonvin.sk\/wp-content\/uploads\/2019\/10\/narodny-salon-vin-ochutnavka-vin-vinoteka-12-e1572270315858.jpeg","type":"image\/jpeg"}],"twitter_card":"summary_large_image","twitter_misc":{"Gesch\u00e4tzte Lesezeit":"3\u00a0Minuten"},"schema":{"@context":"https:\/\/schema.org","@graph":[{"@type":"WebPage","@id":"https:\/\/salonvin.sk\/de\/erfahrungen\/","url":"https:\/\/salonvin.sk\/de\/erfahrungen\/","name":"Erfahrungen - Sal\u00f3n v\u00edn","isPartOf":{"@id":"https:\/\/salonvin.sk\/de\/#website"},"primaryImageOfPage":{"@id":"https:\/\/salonvin.sk\/de\/erfahrungen\/#primaryimage"},"image":{"@id":"https:\/\/salonvin.sk\/de\/erfahrungen\/#primaryimage"},"thumbnailUrl":"https:\/\/salonvin.sk\/wp-content\/uploads\/2019\/10\/narodny-salon-vin-ochutnavka-vin-vinoteka-12-e1572270315858.jpeg","datePublished":"2020-01-08T11:48:06+00:00","dateModified":"2025-10-04T08:49:56+00:00","breadcrumb":{"@id":"https:\/\/salonvin.sk\/de\/erfahrungen\/#breadcrumb"},"inLanguage":"de","potentialAction":[{"@type":"ReadAction","target":["https:\/\/salonvin.sk\/de\/erfahrungen\/"]}]},{"@type":"ImageObject","inLanguage":"de","@id":"https:\/\/salonvin.sk\/de\/erfahrungen\/#primaryimage","url":"https:\/\/salonvin.sk\/wp-content\/uploads\/2019\/10\/narodny-salon-vin-ochutnavka-vin-vinoteka-12-e1572270315858.jpeg","contentUrl":"https:\/\/salonvin.sk\/wp-content\/uploads\/2019\/10\/narodny-salon-vin-ochutnavka-vin-vinoteka-12-e1572270315858.jpeg","width":1920,"height":1280},{"@type":"BreadcrumbList","@id":"https:\/\/salonvin.sk\/de\/erfahrungen\/#breadcrumb","itemListElement":[{"@type":"ListItem","position":1,"name":"Home","item":"https:\/\/salonvin.sk\/de\/"},{"@type":"ListItem","position":2,"name":"Erfahrungen"}]},{"@type":"WebSite","@id":"https:\/\/salonvin.sk\/de\/#website","url":"https:\/\/salonvin.sk\/de\/","name":"Sal\u00f3n v\u00edn","description":"","potentialAction":[{"@type":"SearchAction","target":{"@type":"EntryPoint","urlTemplate":"https:\/\/salonvin.sk\/de\/?s={search_term_string}"},"query-input":{"@type":"PropertyValueSpecification","valueRequired":true,"valueName":"search_term_string"}}],"inLanguage":"de"}]}},"_links":{"self":[{"href":"https:\/\/salonvin.sk\/de\/wp-json\/wp\/v2\/pages\/1921"}],"collection":[{"href":"https:\/\/salonvin.sk\/de\/wp-json\/wp\/v2\/pages"}],"about":[{"href":"https:\/\/salonvin.sk\/de\/wp-json\/wp\/v2\/types\/page"}],"author":[{"embeddable":true,"href":"https:\/\/salonvin.sk\/de\/wp-json\/wp\/v2\/users\/2"}],"replies":[{"embeddable":true,"href":"https:\/\/salonvin.sk\/de\/wp-json\/wp\/v2\/comments?post=1921"}],"version-history":[{"count":2,"href":"https:\/\/salonvin.sk\/de\/wp-json\/wp\/v2\/pages\/1921\/revisions"}],"predecessor-version":[{"id":29960,"href":"https:\/\/salonvin.sk\/de\/wp-json\/wp\/v2\/pages\/1921\/revisions\/29960"}],"wp:featuredmedia":[{"embeddable":true,"href":"https:\/\/salonvin.sk\/de\/wp-json\/wp\/v2\/media\/1594"}],"wp:attachment":[{"href":"https:\/\/salonvin.sk\/de\/wp-json\/wp\/v2\/media?parent=1921"}],"curies":[{"name":"wp","href":"https:\/\/api.w.org\/{rel}","templated":true}]}}