{"id":1968,"date":"2020-01-07T12:37:02","date_gmt":"2020-01-07T11:37:02","guid":{"rendered":"https:\/\/salonvin.sk\/uber-uns\/jarka-patkova\/"},"modified":"2020-02-04T17:15:42","modified_gmt":"2020-02-04T16:15:42","slug":"jarka-patkova","status":"publish","type":"page","link":"https:\/\/salonvin.sk\/de\/uber-uns\/jarka-patkova\/","title":{"rendered":"Jarka P\u00e1tkov\u00e1"},"content":{"rendered":"<section class=\"l-section wpb_row height_large with_img parallax_ver\"><div class=\"l-section-img\" role=\"img\" aria-label=\"narodny-salon-vin-ochutnavka-vin-vinoteka\" data-img-width=\"1920\" data-img-height=\"1280\" style=\"background-image: url(https:\/\/salonvin.sk\/wp-content\/uploads\/2019\/06\/narodny-salon-vin-ochutnavka-vin-vinoteka-22.jpeg);background-position: top center;background-repeat: no-repeat;\"><\/div><div class=\"l-section-h i-cf\"><div class=\"g-cols vc_row via_flex valign_top type_default stacking_default\"><div class=\"vc_col-sm-12 wpb_column vc_column_container\"><div class=\"vc_column-inner\"><div class=\"wpb_wrapper\">[vc_custom_heading text=&#8221;Jarka P\u00e1tkov\u00e1 &#8211; Gesch\u00e4ftsf\u00fchrerin&#8221; font_container=&#8221;tag:h2|text_align:center&#8221; use_theme_fonts=&#8221;yes&#8221;]<\/div><\/div><\/div><\/div><\/div><\/section><section class=\"l-section wpb_row height_medium\"><div class=\"l-section-h i-cf\"><div class=\"g-cols vc_row via_flex valign_top type_default stacking_default\"><div class=\"vc_col-sm-6 wpb_column vc_column_container\"><div class=\"vc_column-inner us_custom_06ab2b43\"><div class=\"wpb_wrapper\">[vc_custom_heading text=&#8221;\u00dcber Jarka&#8221; font_container=&#8221;tag:h3|text_align:left&#8221; use_theme_fonts=&#8221;yes&#8221;]<div class=\"wpb_text_column\"><div class=\"wpb_wrapper\"><p>Jarka ist seit 2006 Exekutivdirektor der Union der Weinbauern und Weinerzeuger der Slowakei.<\/p>\n<p>Sie hat folgende Erfahrungen, Kenntnisse und Erfahrungen:<\/p>\n<ul>\n<li>Vertreter der Slowakischen Republik bei der Internationalen Organisation f\u00fcr Rebe und Wein mit Sitz in Paris,<\/li>\n<li>Direktor des Forschungsinstituts f\u00fcr Weine im NPPC<\/li>\n<li>Vertreter der Slowakischen Republik im Verwaltungsausschuss f\u00fcr Wein<\/li>\n<li>Beratung zu Subventionen, Gesetzgebung, Kennzeichnung,<\/li>\n<li>Verwaltet erfolgreich Interreg-Projekte, F\u00f6rderprojekte in Mitgliedsl\u00e4ndern und in EU-L\u00e4ndern<\/li>\n<li>10 CC-Publikationen, mehr als 30 Fachartikel und wissenschaftliche Artikel, mehr als 50 Pr\u00e4sentationen und Performances auf in- und ausl\u00e4ndischen Ausstellungen<\/li>\n<\/ul>\n<\/div><\/div><\/div><\/div><\/div><div class=\"vc_col-sm-6 wpb_column vc_column_container\"><div class=\"vc_column-inner us_custom_02702b56\"><div class=\"wpb_wrapper\"><div class=\"w-image us_custom_0950e427 obrazok_oble_rohy align_none\"><div class=\"w-image-h\"><img decoding=\"async\" width=\"720\" height=\"857\" src=\"https:\/\/salonvin.sk\/wp-content\/uploads\/2020\/01\/Jarka-P\u00e1tkov\u00e1-fotka-small.jpg\" class=\"attachment-full size-full\" alt=\"Jarka P\u00e1tkov\u00e1 - fotka-small\" loading=\"lazy\" srcset=\"https:\/\/salonvin.sk\/wp-content\/uploads\/2020\/01\/Jarka-P\u00e1tkov\u00e1-fotka-small.jpg 720w, https:\/\/salonvin.sk\/wp-content\/uploads\/2020\/01\/Jarka-P\u00e1tkov\u00e1-fotka-small-600x714.jpg 600w, https:\/\/salonvin.sk\/wp-content\/uploads\/2020\/01\/Jarka-P\u00e1tkov\u00e1-fotka-small-252x300.jpg 252w\" sizes=\"(max-width: 720px) 100vw, 720px\" \/><\/div><\/div><\/div><\/div><\/div><\/div><\/div><\/section>\n","protected":false},"excerpt":{"rendered":"[vc_custom_heading text=\"Jarka P\u00e1tkov\u00e1 - Gesch\u00e4ftsf\u00fchrerin\" font_container=\"tag:h2|text_align:center\" use_theme_fonts=\"yes\"][vc_custom_heading text=\"\u00dcber Jarka\" font_container=\"tag:h3|text_align:left\" use_theme_fonts=\"yes\"]Jarka ist seit 2006 Exekutivdirektor der Union der Weinbauern und Weinerzeuger der Slowakei. Sie hat folgende Erfahrungen, Kenntnisse und Erfahrungen: Vertreter der Slowakischen Republik bei der Internationalen Organisation f\u00fcr Rebe und Wein mit Sitz in Paris, Direktor des Forschungsinstituts f\u00fcr Weine im NPPC Vertreter der...","protected":false},"author":2,"featured_media":1682,"parent":1902,"menu_order":0,"comment_status":"closed","ping_status":"closed","template":"","meta":{"footnotes":""},"class_list":["post-1968","page","type-page","status-publish","has-post-thumbnail","hentry"],"yoast_head":"<!-- This site is optimized with the Yoast SEO plugin v25.6 - https:\/\/yoast.com\/wordpress\/plugins\/seo\/ -->\n<title>Jarka P\u00e1tkov\u00e1 - Sal\u00f3n v\u00edn<\/title>\n<meta name=\"robots\" content=\"index, follow, max-snippet:-1, max-image-preview:large, max-video-preview:-1\" \/>\n<link rel=\"canonical\" href=\"https:\/\/salonvin.sk\/de\/uber-uns\/jarka-patkova\/\" \/>\n<meta property=\"og:locale\" content=\"de_DE\" \/>\n<meta property=\"og:type\" content=\"article\" \/>\n<meta property=\"og:title\" content=\"Jarka P\u00e1tkov\u00e1 - Sal\u00f3n v\u00edn\" \/>\n<meta property=\"og:url\" content=\"https:\/\/salonvin.sk\/de\/uber-uns\/jarka-patkova\/\" \/>\n<meta property=\"og:site_name\" content=\"Sal\u00f3n v\u00edn\" \/>\n<meta property=\"article:publisher\" content=\"https:\/\/www.facebook.com\/narodnysalonvinslovenskejrepubliky\/\" \/>\n<meta property=\"article:modified_time\" content=\"2020-02-04T16:15:42+00:00\" \/>\n<meta property=\"og:image\" content=\"https:\/\/salonvin.sk\/wp-content\/uploads\/2019\/10\/Jarka-P\u00e1tkov\u00e1-fotka.jpg\" \/>\n\t<meta property=\"og:image:width\" content=\"720\" \/>\n\t<meta property=\"og:image:height\" content=\"1080\" \/>\n\t<meta property=\"og:image:type\" content=\"image\/jpeg\" \/>\n<meta name=\"twitter:card\" content=\"summary_large_image\" \/>\n<meta name=\"twitter:label1\" content=\"Gesch\u00e4tzte Lesezeit\" \/>\n\t<meta name=\"twitter:data1\" content=\"1\u00a0Minute\" \/>\n<script type=\"application\/ld+json\" class=\"yoast-schema-graph\">{\"@context\":\"https:\/\/schema.org\",\"@graph\":[{\"@type\":\"WebPage\",\"@id\":\"https:\/\/salonvin.sk\/de\/uber-uns\/jarka-patkova\/\",\"url\":\"https:\/\/salonvin.sk\/de\/uber-uns\/jarka-patkova\/\",\"name\":\"Jarka P\u00e1tkov\u00e1 - Sal\u00f3n v\u00edn\",\"isPartOf\":{\"@id\":\"https:\/\/salonvin.sk\/de\/#website\"},\"primaryImageOfPage\":{\"@id\":\"https:\/\/salonvin.sk\/de\/uber-uns\/jarka-patkova\/#primaryimage\"},\"image\":{\"@id\":\"https:\/\/salonvin.sk\/de\/uber-uns\/jarka-patkova\/#primaryimage\"},\"thumbnailUrl\":\"https:\/\/salonvin.sk\/wp-content\/uploads\/2019\/10\/Jarka-P\u00e1tkov\u00e1-fotka.jpg\",\"datePublished\":\"2020-01-07T11:37:02+00:00\",\"dateModified\":\"2020-02-04T16:15:42+00:00\",\"breadcrumb\":{\"@id\":\"https:\/\/salonvin.sk\/de\/uber-uns\/jarka-patkova\/#breadcrumb\"},\"inLanguage\":\"de\",\"potentialAction\":[{\"@type\":\"ReadAction\",\"target\":[\"https:\/\/salonvin.sk\/de\/uber-uns\/jarka-patkova\/\"]}]},{\"@type\":\"ImageObject\",\"inLanguage\":\"de\",\"@id\":\"https:\/\/salonvin.sk\/de\/uber-uns\/jarka-patkova\/#primaryimage\",\"url\":\"https:\/\/salonvin.sk\/wp-content\/uploads\/2019\/10\/Jarka-P\u00e1tkov\u00e1-fotka.jpg\",\"contentUrl\":\"https:\/\/salonvin.sk\/wp-content\/uploads\/2019\/10\/Jarka-P\u00e1tkov\u00e1-fotka.jpg\",\"width\":720,\"height\":1080},{\"@type\":\"BreadcrumbList\",\"@id\":\"https:\/\/salonvin.sk\/de\/uber-uns\/jarka-patkova\/#breadcrumb\",\"itemListElement\":[{\"@type\":\"ListItem\",\"position\":1,\"name\":\"Home\",\"item\":\"https:\/\/salonvin.sk\/de\/\"},{\"@type\":\"ListItem\",\"position\":2,\"name\":\"\u00dcber uns\",\"item\":\"https:\/\/salonvin.sk\/de\/uber-uns\/\"},{\"@type\":\"ListItem\",\"position\":3,\"name\":\"Jarka P\u00e1tkov\u00e1\"}]},{\"@type\":\"WebSite\",\"@id\":\"https:\/\/salonvin.sk\/de\/#website\",\"url\":\"https:\/\/salonvin.sk\/de\/\",\"name\":\"Sal\u00f3n v\u00edn\",\"description\":\"\",\"potentialAction\":[{\"@type\":\"SearchAction\",\"target\":{\"@type\":\"EntryPoint\",\"urlTemplate\":\"https:\/\/salonvin.sk\/de\/?s={search_term_string}\"},\"query-input\":{\"@type\":\"PropertyValueSpecification\",\"valueRequired\":true,\"valueName\":\"search_term_string\"}}],\"inLanguage\":\"de\"}]}<\/script>\n<!-- \/ Yoast SEO plugin. -->","yoast_head_json":{"title":"Jarka P\u00e1tkov\u00e1 - Sal\u00f3n v\u00edn","robots":{"index":"index","follow":"follow","max-snippet":"max-snippet:-1","max-image-preview":"max-image-preview:large","max-video-preview":"max-video-preview:-1"},"canonical":"https:\/\/salonvin.sk\/de\/uber-uns\/jarka-patkova\/","og_locale":"de_DE","og_type":"article","og_title":"Jarka P\u00e1tkov\u00e1 - Sal\u00f3n v\u00edn","og_url":"https:\/\/salonvin.sk\/de\/uber-uns\/jarka-patkova\/","og_site_name":"Sal\u00f3n v\u00edn","article_publisher":"https:\/\/www.facebook.com\/narodnysalonvinslovenskejrepubliky\/","article_modified_time":"2020-02-04T16:15:42+00:00","og_image":[{"width":720,"height":1080,"url":"https:\/\/salonvin.sk\/wp-content\/uploads\/2019\/10\/Jarka-P\u00e1tkov\u00e1-fotka.jpg","type":"image\/jpeg"}],"twitter_card":"summary_large_image","twitter_misc":{"Gesch\u00e4tzte Lesezeit":"1\u00a0Minute"},"schema":{"@context":"https:\/\/schema.org","@graph":[{"@type":"WebPage","@id":"https:\/\/salonvin.sk\/de\/uber-uns\/jarka-patkova\/","url":"https:\/\/salonvin.sk\/de\/uber-uns\/jarka-patkova\/","name":"Jarka P\u00e1tkov\u00e1 - Sal\u00f3n v\u00edn","isPartOf":{"@id":"https:\/\/salonvin.sk\/de\/#website"},"primaryImageOfPage":{"@id":"https:\/\/salonvin.sk\/de\/uber-uns\/jarka-patkova\/#primaryimage"},"image":{"@id":"https:\/\/salonvin.sk\/de\/uber-uns\/jarka-patkova\/#primaryimage"},"thumbnailUrl":"https:\/\/salonvin.sk\/wp-content\/uploads\/2019\/10\/Jarka-P\u00e1tkov\u00e1-fotka.jpg","datePublished":"2020-01-07T11:37:02+00:00","dateModified":"2020-02-04T16:15:42+00:00","breadcrumb":{"@id":"https:\/\/salonvin.sk\/de\/uber-uns\/jarka-patkova\/#breadcrumb"},"inLanguage":"de","potentialAction":[{"@type":"ReadAction","target":["https:\/\/salonvin.sk\/de\/uber-uns\/jarka-patkova\/"]}]},{"@type":"ImageObject","inLanguage":"de","@id":"https:\/\/salonvin.sk\/de\/uber-uns\/jarka-patkova\/#primaryimage","url":"https:\/\/salonvin.sk\/wp-content\/uploads\/2019\/10\/Jarka-P\u00e1tkov\u00e1-fotka.jpg","contentUrl":"https:\/\/salonvin.sk\/wp-content\/uploads\/2019\/10\/Jarka-P\u00e1tkov\u00e1-fotka.jpg","width":720,"height":1080},{"@type":"BreadcrumbList","@id":"https:\/\/salonvin.sk\/de\/uber-uns\/jarka-patkova\/#breadcrumb","itemListElement":[{"@type":"ListItem","position":1,"name":"Home","item":"https:\/\/salonvin.sk\/de\/"},{"@type":"ListItem","position":2,"name":"\u00dcber uns","item":"https:\/\/salonvin.sk\/de\/uber-uns\/"},{"@type":"ListItem","position":3,"name":"Jarka P\u00e1tkov\u00e1"}]},{"@type":"WebSite","@id":"https:\/\/salonvin.sk\/de\/#website","url":"https:\/\/salonvin.sk\/de\/","name":"Sal\u00f3n v\u00edn","description":"","potentialAction":[{"@type":"SearchAction","target":{"@type":"EntryPoint","urlTemplate":"https:\/\/salonvin.sk\/de\/?s={search_term_string}"},"query-input":{"@type":"PropertyValueSpecification","valueRequired":true,"valueName":"search_term_string"}}],"inLanguage":"de"}]}},"_links":{"self":[{"href":"https:\/\/salonvin.sk\/de\/wp-json\/wp\/v2\/pages\/1968"}],"collection":[{"href":"https:\/\/salonvin.sk\/de\/wp-json\/wp\/v2\/pages"}],"about":[{"href":"https:\/\/salonvin.sk\/de\/wp-json\/wp\/v2\/types\/page"}],"author":[{"embeddable":true,"href":"https:\/\/salonvin.sk\/de\/wp-json\/wp\/v2\/users\/2"}],"replies":[{"embeddable":true,"href":"https:\/\/salonvin.sk\/de\/wp-json\/wp\/v2\/comments?post=1968"}],"version-history":[{"count":0,"href":"https:\/\/salonvin.sk\/de\/wp-json\/wp\/v2\/pages\/1968\/revisions"}],"up":[{"embeddable":true,"href":"https:\/\/salonvin.sk\/de\/wp-json\/wp\/v2\/pages\/1902"}],"wp:featuredmedia":[{"embeddable":true,"href":"https:\/\/salonvin.sk\/de\/wp-json\/wp\/v2\/media\/1682"}],"wp:attachment":[{"href":"https:\/\/salonvin.sk\/de\/wp-json\/wp\/v2\/media?parent=1968"}],"curies":[{"name":"wp","href":"https:\/\/api.w.org\/{rel}","templated":true}]}}