{"id":2006,"date":"2019-10-29T08:31:51","date_gmt":"2019-10-29T07:31:51","guid":{"rendered":"https:\/\/salonvin.sk\/erfahrungen\/degustacne-programy\/"},"modified":"2025-10-04T10:51:38","modified_gmt":"2025-10-04T08:51:38","slug":"weinverkostungsprogramme","status":"publish","type":"page","link":"https:\/\/salonvin.sk\/de\/erfahrungen\/weinverkostungsprogramme\/","title":{"rendered":"Weinverkostungsprogramme"},"content":{"rendered":"<section class=\"l-section wpb_row height_large with_img parallax_ver\"><div class=\"l-section-img\" role=\"img\" aria-label=\"narodny-salon-vin-ochutnavka-vin-vinoteka\" data-img-width=\"1920\" data-img-height=\"912\" style=\"background-image: url(https:\/\/salonvin.sk\/wp-content\/uploads\/2019\/10\/narodny-salon-vin-ochutnavka-vin-vinoteka-19.jpeg);background-position: top center;background-repeat: no-repeat;\"><\/div><div class=\"l-section-overlay\" style=\"background:rgba(26,26,26,0.6)\"><\/div><div class=\"l-section-h i-cf\"><div class=\"g-cols vc_row via_flex valign_top type_default stacking_default\"><div class=\"vc_col-sm-12 wpb_column vc_column_container\"><div class=\"vc_column-inner\"><div class=\"wpb_wrapper\">[vc_custom_heading text=&#8221;Weinverkostungsprogramme&#8221; font_container=&#8221;tag:h2|text_align:center|color:%23ffffff&#8221; use_theme_fonts=&#8221;yes&#8221; css=&#8221;%7B%22default%22%3A%7B%22color%22%3A%22%23ffffff%22%7D%7D&#8221;]<\/div><\/div><\/div><\/div><\/div><\/section><section class=\"l-section wpb_row height_medium\"><div class=\"l-section-h i-cf\"><div class=\"g-cols vc_row via_flex valign_top type_default stacking_default\"><div class=\"vc_col-sm-6 wpb_column vc_column_container\"><div class=\"vc_column-inner us_custom_9bf1bf06\"><div class=\"wpb_wrapper\">[vc_custom_heading text=&#8221;Schmecke das Beste vom Besten&#8221; font_container=&#8221;tag:h3|text_align:left&#8221; use_theme_fonts=&#8221;yes&#8221;]<div class=\"wpb_text_column\"><div class=\"wpb_wrapper\"><p>Die Teilnahme an internationalen Weinwettbewerben hat uns viel Anerkennung eingebracht, und unsere Weine k\u00f6nnen ab sofort im Weinmuseum in Bordeaux, Frankreich, verkostet werden.<\/p>\n<p>\u00dcberzeugen Sie sich selbst von der slowakischen Weinsammlung, in der die 100 besten Weine der Slowakei ausgestellt und in einem unserer Programme probiert werden k\u00f6nnen.<\/p>\n<\/div><\/div><\/div><\/div><\/div><div class=\"vc_col-sm-6 wpb_column vc_column_container\"><div class=\"vc_column-inner us_custom_0f8f44b7\"><div class=\"wpb_wrapper\"><div class=\"w-image align_none\"><div class=\"w-image-h\"><img decoding=\"async\" width=\"1920\" height=\"1280\" src=\"https:\/\/salonvin.sk\/wp-content\/uploads\/2019\/09\/vinoteka-ochutnavka-vin-vinna-cesta-narodny-salon-sin-21.jpeg\" class=\"attachment-full size-full\" alt=\"\" loading=\"lazy\" srcset=\"https:\/\/salonvin.sk\/wp-content\/uploads\/2019\/09\/vinoteka-ochutnavka-vin-vinna-cesta-narodny-salon-sin-21.jpeg 1920w, https:\/\/salonvin.sk\/wp-content\/uploads\/2019\/09\/vinoteka-ochutnavka-vin-vinna-cesta-narodny-salon-sin-21-600x400.jpeg 600w, https:\/\/salonvin.sk\/wp-content\/uploads\/2019\/09\/vinoteka-ochutnavka-vin-vinna-cesta-narodny-salon-sin-21-300x200.jpeg 300w, https:\/\/salonvin.sk\/wp-content\/uploads\/2019\/09\/vinoteka-ochutnavka-vin-vinna-cesta-narodny-salon-sin-21-1024x683.jpeg 1024w\" sizes=\"(max-width: 1920px) 100vw, 1920px\" \/><\/div><\/div><\/div><\/div><\/div><\/div><\/div><\/section><section class=\"l-section wpb_row height_medium\"><div class=\"l-section-h i-cf\"><div class=\"g-cols vc_row via_flex valign_top type_default stacking_default\"><div class=\"vc_col-sm-6 wpb_column vc_column_container\"><div class=\"vc_column-inner us_custom_0f8f44b7\"><div class=\"wpb_wrapper\"><div class=\"w-image align_none\"><div class=\"w-image-h\"><img decoding=\"async\" width=\"1920\" height=\"1281\" src=\"https:\/\/salonvin.sk\/wp-content\/uploads\/2019\/10\/ochutnavka-vin-narodny-salon-vin-degustacia-vina-3.jpg\" class=\"attachment-full size-full\" alt=\"ochutnavka-vin-narodny-salon-vin-degustacia-vina (3)\" loading=\"lazy\" srcset=\"https:\/\/salonvin.sk\/wp-content\/uploads\/2019\/10\/ochutnavka-vin-narodny-salon-vin-degustacia-vina-3.jpg 1920w, https:\/\/salonvin.sk\/wp-content\/uploads\/2019\/10\/ochutnavka-vin-narodny-salon-vin-degustacia-vina-3-600x400.jpg 600w, https:\/\/salonvin.sk\/wp-content\/uploads\/2019\/10\/ochutnavka-vin-narodny-salon-vin-degustacia-vina-3-300x200.jpg 300w, https:\/\/salonvin.sk\/wp-content\/uploads\/2019\/10\/ochutnavka-vin-narodny-salon-vin-degustacia-vina-3-1024x683.jpg 1024w\" sizes=\"(max-width: 1920px) 100vw, 1920px\" \/><\/div><\/div><\/div><\/div><\/div><div class=\"vc_col-sm-6 wpb_column vc_column_container\"><div class=\"vc_column-inner us_custom_06ab2b43\"><div class=\"wpb_wrapper\">[vc_custom_heading text=&#8221;Wie funktionieren die Weinproben?&#8221; font_container=&#8221;tag:h3|text_align:left&#8221; use_theme_fonts=&#8221;yes&#8221;]<div class=\"wpb_text_column\"><div class=\"wpb_wrapper\"><p>Gef\u00fchrte Verkostungsprogramme<\/p>\n<ul>\n<li>Ein Sommelier wird mit Ihnen eine Reihe von Weinen durchgehen und Ihnen mehr \u00fcber den slowakischen Weinbau und die Weinherstellung erz\u00e4hlen.<\/li>\n<li>Wir bieten Verkostungen von 2,4 oder 8 Proben zur Auswahl.<\/li>\n<li>Wir bieten auch eine Weinverkostung mit 6 Weinen an, bei der Sie 6 unserer Reserveweine der h\u00f6heren Kategorie probieren k\u00f6nnen.<\/li>\n<\/ul>\n<\/div><\/div><\/div><\/div><\/div><\/div><\/div><\/section><section class=\"l-section wpb_row height_medium\"><div class=\"l-section-h i-cf\"><div class=\"g-cols vc_row via_flex valign_top type_default stacking_default\"><div class=\"vc_col-sm-6 wpb_column vc_column_container\"><div class=\"vc_column-inner us_custom_06ab2b43\"><div class=\"wpb_wrapper\">[vc_custom_heading text=&#8221;Bestseller 80 Weinprobe-Programm&#8221; font_container=&#8221;tag:h3|text_align:left&#8221; use_theme_fonts=&#8221;yes&#8221;]<div class=\"wpb_text_column\"><div class=\"wpb_wrapper\"><p>Und dann haben wir unser Programm mit 80 Weinproben. Mit diesem Programm haben Sie 100 Minuten Zeit, um 80 Weine zu probieren.<\/p>\n<p>Sie k\u00f6nnen w\u00e4hlen, welche Weine Sie probieren m\u00f6chten und wie viele davon Sie probieren m\u00f6chten, es ist UNBEGRENZT! Sie werden sich durch 3 R\u00e4ume voller Wein f\u00fchren lassen und sich Verkostungen von Weinen gie\u00dfen, die Sie in der gew\u00fcnschten Menge m\u00f6gen.<\/p>\n<p>Wenn Sie durch die 3 R\u00e4ume gehen, wechseln Sie von leichteren, wei\u00dfen Rebsorten zu volleren, aromatischen Wei\u00dfweinen, zu Ros\u00e9 und dann zu Rotwein. Mit diesem Programm wird Brot serviert, um den Gaumen zwischen den Weinen zu reinigen.<\/p>\n<p>Alle unsere Programme k\u00f6nnen mit einem K\u00e4seteller gebucht werden. Wenn Sie dies w\u00fcnschen, muss dieser mindestens 1 Tag im Voraus gebucht werden.<\/p>\n<\/div><\/div><div class=\"w-btn-wrapper align_none\"><a class=\"w-btn us-btn-style_4\" href=\"https:\/\/salonvin.sk\/de\/kontakt\/\"><span class=\"w-btn-label\">BUCHEN SIE 72 WEINE IN 100 MINUTEN<\/span><\/a><\/div><\/div><\/div><\/div><div class=\"vc_col-sm-6 wpb_column vc_column_container\"><div class=\"vc_column-inner us_custom_0f8f44b7\"><div class=\"wpb_wrapper\"><div class=\"w-image us_custom_464722d3 align_none\"><div class=\"w-image-h\"><img decoding=\"async\" width=\"720\" height=\"1080\" src=\"https:\/\/salonvin.sk\/wp-content\/uploads\/2019\/10\/narodny-salon-vin-vinoteka-ochutnavka-vin-3.jpg\" class=\"attachment-full size-full\" alt=\"\" loading=\"lazy\" srcset=\"https:\/\/salonvin.sk\/wp-content\/uploads\/2019\/10\/narodny-salon-vin-vinoteka-ochutnavka-vin-3.jpg 720w, https:\/\/salonvin.sk\/wp-content\/uploads\/2019\/10\/narodny-salon-vin-vinoteka-ochutnavka-vin-3-600x900.jpg 600w, https:\/\/salonvin.sk\/wp-content\/uploads\/2019\/10\/narodny-salon-vin-vinoteka-ochutnavka-vin-3-200x300.jpg 200w, https:\/\/salonvin.sk\/wp-content\/uploads\/2019\/10\/narodny-salon-vin-vinoteka-ochutnavka-vin-3-683x1024.jpg 683w\" sizes=\"(max-width: 720px) 100vw, 720px\" \/><\/div><\/div><\/div><\/div><\/div><\/div><\/div><\/section><section class=\"l-section wpb_row height_medium\"><div class=\"l-section-h i-cf\"><div class=\"g-cols vc_row via_flex valign_top type_default stacking_default\"><div class=\"vc_col-sm-6 wpb_column vc_column_container\"><div class=\"vc_column-inner us_custom_d2199d32\"><div class=\"wpb_wrapper\"><div class=\"w-image align_none\"><div class=\"w-image-h\"><img decoding=\"async\" width=\"1920\" height=\"1280\" src=\"https:\/\/salonvin.sk\/wp-content\/uploads\/2019\/10\/ochutnavka-vin-narodny-salon-vin-degustacia-vina-1.jpg\" class=\"attachment-full size-full\" alt=\"ochutnavka-vin-narodny-salon-vin-degustacia-vina\" loading=\"lazy\" srcset=\"https:\/\/salonvin.sk\/wp-content\/uploads\/2019\/10\/ochutnavka-vin-narodny-salon-vin-degustacia-vina-1.jpg 1920w, https:\/\/salonvin.sk\/wp-content\/uploads\/2019\/10\/ochutnavka-vin-narodny-salon-vin-degustacia-vina-1-600x400.jpg 600w, https:\/\/salonvin.sk\/wp-content\/uploads\/2019\/10\/ochutnavka-vin-narodny-salon-vin-degustacia-vina-1-300x200.jpg 300w, https:\/\/salonvin.sk\/wp-content\/uploads\/2019\/10\/ochutnavka-vin-narodny-salon-vin-degustacia-vina-1-1024x683.jpg 1024w\" sizes=\"(max-width: 1920px) 100vw, 1920px\" \/><\/div><\/div><\/div><\/div><\/div><div class=\"vc_col-sm-6 wpb_column vc_column_container\"><div class=\"vc_column-inner us_custom_06ab2b43\"><div class=\"wpb_wrapper\">[vc_custom_heading text=&#8221;Die Preisliste der Weinverkostungsprogramme:&#8221; font_container=&#8221;tag:h3|text_align:left&#8221; use_theme_fonts=&#8221;yes&#8221;]<div class=\"wpb_text_column\"><div class=\"wpb_wrapper\"><ul>\n<li>Gef\u00fchrte Weinprobe &#8211; 2 Proben zum Preis von 9 EURO<\/li>\n<li>Gef\u00fchrte Weinprobe &#8211; 4 Proben: Preis 18 EURO<\/li>\n<li>Gef\u00fchrte Weinprobe &#8211; 8 Proben: Preis 36 EURO<\/li>\n<li>Gef\u00fchrte Weinprobe &#8211; 6 Proben &#8211; Premiumweine: 55 EURO<\/li>\n<li>80 Weine in 100 Minuten &#8211; das beliebteste Programm: Preis 40 EURO<\/li>\n<li>Neuheit: Verkostung von Traubens\u00e4ften aus 6 Proben: 6 EURO<\/li>\n<\/ul>\n<\/div><\/div><div class=\"w-btn-wrapper align_none\"><a class=\"w-btn us-btn-style_4\" href=\"https:\/\/salonvin.sk\/de\/kontakt\/\"><span class=\"w-btn-label\">BUCHEN SIE IHRE WEINVERKOSTUNG<\/span><\/a><\/div><\/div><\/div><\/div><\/div><\/div><\/section><section class=\"l-section wpb_row us_custom_f029a2ba height_medium\"><div class=\"l-section-h i-cf\"><div class=\"g-cols vc_row via_flex valign_top type_default stacking_default\"><div class=\"vc_col-sm-6 wpb_column vc_column_container\"><div class=\"vc_column-inner us_custom_06ab2b43\"><div class=\"wpb_wrapper\">[vc_custom_heading text=&#8221;Zus\u00e4tzliche Dienstleistungen&#8221; font_container=&#8221;tag:h3|text_align:left&#8221; use_theme_fonts=&#8221;yes&#8221;]<div class=\"wpb_text_column\"><div class=\"wpb_wrapper\"><ul>\n<li><strong>Catering<\/strong> &#8211; Wenn Sie Essen f\u00fcr eine Verkostung oder eine Veranstaltung organisieren m\u00f6chten, arbeiten wir mit einigen lokalen Restaurants zusammen, die sich gerne um Sie k\u00fcmmern.<\/li>\n<li><strong>Snack<\/strong> &#8211; Sie k\u00f6nnen einen Teller K\u00e4se, Aufschnitt, Oliven und Brot f\u00fcr jedes Degustationsprogramm bestellen. Dies muss mindestens 1 Tag im Voraus bestellt werden.<\/li>\n<li><strong>Gutschein<\/strong> &#8211; das perfekte Geschenk !! Sie k\u00f6nnen Gutscheine in beliebiger H\u00f6he an Freunde und Familienmitglieder verschenken und die M\u00f6glichkeit haben, zu einer Verkostung zu kommen oder einige unserer hervorragenden Weine zu kaufen.<\/li>\n<\/ul>\n<\/div><\/div><\/div><\/div><\/div><div class=\"vc_col-sm-6 wpb_column vc_column_container\"><div class=\"vc_column-inner us_custom_72fc42ef\"><div class=\"wpb_wrapper\"><div class=\"w-image align_none\"><div class=\"w-image-h\"><img decoding=\"async\" width=\"1920\" height=\"1278\" src=\"https:\/\/salonvin.sk\/wp-content\/uploads\/2019\/10\/ochutnavka-vin-narodny-salon-vin-degustacia-vina-6.jpg\" class=\"attachment-full size-full\" alt=\"\" loading=\"lazy\" srcset=\"https:\/\/salonvin.sk\/wp-content\/uploads\/2019\/10\/ochutnavka-vin-narodny-salon-vin-degustacia-vina-6.jpg 1920w, https:\/\/salonvin.sk\/wp-content\/uploads\/2019\/10\/ochutnavka-vin-narodny-salon-vin-degustacia-vina-6-600x399.jpg 600w, https:\/\/salonvin.sk\/wp-content\/uploads\/2019\/10\/ochutnavka-vin-narodny-salon-vin-degustacia-vina-6-300x200.jpg 300w, https:\/\/salonvin.sk\/wp-content\/uploads\/2019\/10\/ochutnavka-vin-narodny-salon-vin-degustacia-vina-6-1024x682.jpg 1024w\" sizes=\"(max-width: 1920px) 100vw, 1920px\" \/><\/div><\/div><\/div><\/div><\/div><\/div><\/div><\/section>\n","protected":false},"excerpt":{"rendered":"[vc_custom_heading text=\"Weinverkostungsprogramme\" font_container=\"tag:h2|text_align:center|color:%23ffffff\" use_theme_fonts=\"yes\" css=\"%7B%22default%22%3A%7B%22color%22%3A%22%23ffffff%22%7D%7D\"][vc_custom_heading text=\"Schmecke das Beste vom Besten\" font_container=\"tag:h3|text_align:left\" use_theme_fonts=\"yes\"]Die Teilnahme an internationalen Weinwettbewerben hat uns viel Anerkennung eingebracht, und unsere Weine k\u00f6nnen ab sofort im Weinmuseum in Bordeaux, Frankreich, verkostet werden. \u00dcberzeugen Sie sich selbst von der slowakischen Weinsammlung, in der die 100 besten Weine der Slowakei ausgestellt und in einem unserer...","protected":false},"author":2,"featured_media":1828,"parent":1921,"menu_order":0,"comment_status":"closed","ping_status":"closed","template":"","meta":{"footnotes":""},"class_list":["post-2006","page","type-page","status-publish","has-post-thumbnail","hentry"],"yoast_head":"<!-- This site is optimized with the Yoast SEO plugin v25.6 - https:\/\/yoast.com\/wordpress\/plugins\/seo\/ -->\n<title>Weinverkostungsprogramme - Sal\u00f3n v\u00edn<\/title>\n<meta name=\"robots\" content=\"index, follow, max-snippet:-1, max-image-preview:large, max-video-preview:-1\" \/>\n<link rel=\"canonical\" href=\"https:\/\/salonvin.sk\/de\/erfahrungen\/weinverkostungsprogramme\/\" \/>\n<meta property=\"og:locale\" content=\"de_DE\" \/>\n<meta property=\"og:type\" content=\"article\" \/>\n<meta property=\"og:title\" content=\"Weinverkostungsprogramme - Sal\u00f3n v\u00edn\" \/>\n<meta property=\"og:url\" content=\"https:\/\/salonvin.sk\/de\/erfahrungen\/weinverkostungsprogramme\/\" \/>\n<meta property=\"og:site_name\" content=\"Sal\u00f3n v\u00edn\" \/>\n<meta property=\"article:publisher\" content=\"https:\/\/www.facebook.com\/narodnysalonvinslovenskejrepubliky\/\" \/>\n<meta property=\"article:modified_time\" content=\"2025-10-04T08:51:38+00:00\" \/>\n<meta property=\"og:image\" content=\"https:\/\/salonvin.sk\/wp-content\/uploads\/2019\/10\/ochutnavka-vin-narodny-salon-vin-degustacia-vina-2.jpg\" \/>\n\t<meta property=\"og:image:width\" content=\"1920\" \/>\n\t<meta property=\"og:image:height\" content=\"1279\" \/>\n\t<meta property=\"og:image:type\" content=\"image\/jpeg\" \/>\n<meta name=\"twitter:card\" content=\"summary_large_image\" \/>\n<meta name=\"twitter:label1\" content=\"Gesch\u00e4tzte Lesezeit\" \/>\n\t<meta name=\"twitter:data1\" content=\"3\u00a0Minuten\" \/>\n<script type=\"application\/ld+json\" class=\"yoast-schema-graph\">{\"@context\":\"https:\/\/schema.org\",\"@graph\":[{\"@type\":\"WebPage\",\"@id\":\"https:\/\/salonvin.sk\/de\/erfahrungen\/weinverkostungsprogramme\/\",\"url\":\"https:\/\/salonvin.sk\/de\/erfahrungen\/weinverkostungsprogramme\/\",\"name\":\"Weinverkostungsprogramme - Sal\u00f3n v\u00edn\",\"isPartOf\":{\"@id\":\"https:\/\/salonvin.sk\/de\/#website\"},\"primaryImageOfPage\":{\"@id\":\"https:\/\/salonvin.sk\/de\/erfahrungen\/weinverkostungsprogramme\/#primaryimage\"},\"image\":{\"@id\":\"https:\/\/salonvin.sk\/de\/erfahrungen\/weinverkostungsprogramme\/#primaryimage\"},\"thumbnailUrl\":\"https:\/\/salonvin.sk\/wp-content\/uploads\/2019\/10\/ochutnavka-vin-narodny-salon-vin-degustacia-vina-2.jpg\",\"datePublished\":\"2019-10-29T07:31:51+00:00\",\"dateModified\":\"2025-10-04T08:51:38+00:00\",\"breadcrumb\":{\"@id\":\"https:\/\/salonvin.sk\/de\/erfahrungen\/weinverkostungsprogramme\/#breadcrumb\"},\"inLanguage\":\"de\",\"potentialAction\":[{\"@type\":\"ReadAction\",\"target\":[\"https:\/\/salonvin.sk\/de\/erfahrungen\/weinverkostungsprogramme\/\"]}]},{\"@type\":\"ImageObject\",\"inLanguage\":\"de\",\"@id\":\"https:\/\/salonvin.sk\/de\/erfahrungen\/weinverkostungsprogramme\/#primaryimage\",\"url\":\"https:\/\/salonvin.sk\/wp-content\/uploads\/2019\/10\/ochutnavka-vin-narodny-salon-vin-degustacia-vina-2.jpg\",\"contentUrl\":\"https:\/\/salonvin.sk\/wp-content\/uploads\/2019\/10\/ochutnavka-vin-narodny-salon-vin-degustacia-vina-2.jpg\",\"width\":1920,\"height\":1279,\"caption\":\"ochutnavka-vin-narodny-salon-vin-degustacia-vina\"},{\"@type\":\"BreadcrumbList\",\"@id\":\"https:\/\/salonvin.sk\/de\/erfahrungen\/weinverkostungsprogramme\/#breadcrumb\",\"itemListElement\":[{\"@type\":\"ListItem\",\"position\":1,\"name\":\"Home\",\"item\":\"https:\/\/salonvin.sk\/de\/\"},{\"@type\":\"ListItem\",\"position\":2,\"name\":\"Erfahrungen\",\"item\":\"https:\/\/salonvin.sk\/de\/zazitky\/\"},{\"@type\":\"ListItem\",\"position\":3,\"name\":\"Weinverkostungsprogramme\"}]},{\"@type\":\"WebSite\",\"@id\":\"https:\/\/salonvin.sk\/de\/#website\",\"url\":\"https:\/\/salonvin.sk\/de\/\",\"name\":\"Sal\u00f3n v\u00edn\",\"description\":\"\",\"potentialAction\":[{\"@type\":\"SearchAction\",\"target\":{\"@type\":\"EntryPoint\",\"urlTemplate\":\"https:\/\/salonvin.sk\/de\/?s={search_term_string}\"},\"query-input\":{\"@type\":\"PropertyValueSpecification\",\"valueRequired\":true,\"valueName\":\"search_term_string\"}}],\"inLanguage\":\"de\"}]}<\/script>\n<!-- \/ Yoast SEO plugin. -->","yoast_head_json":{"title":"Weinverkostungsprogramme - Sal\u00f3n v\u00edn","robots":{"index":"index","follow":"follow","max-snippet":"max-snippet:-1","max-image-preview":"max-image-preview:large","max-video-preview":"max-video-preview:-1"},"canonical":"https:\/\/salonvin.sk\/de\/erfahrungen\/weinverkostungsprogramme\/","og_locale":"de_DE","og_type":"article","og_title":"Weinverkostungsprogramme - Sal\u00f3n v\u00edn","og_url":"https:\/\/salonvin.sk\/de\/erfahrungen\/weinverkostungsprogramme\/","og_site_name":"Sal\u00f3n v\u00edn","article_publisher":"https:\/\/www.facebook.com\/narodnysalonvinslovenskejrepubliky\/","article_modified_time":"2025-10-04T08:51:38+00:00","og_image":[{"width":1920,"height":1279,"url":"https:\/\/salonvin.sk\/wp-content\/uploads\/2019\/10\/ochutnavka-vin-narodny-salon-vin-degustacia-vina-2.jpg","type":"image\/jpeg"}],"twitter_card":"summary_large_image","twitter_misc":{"Gesch\u00e4tzte Lesezeit":"3\u00a0Minuten"},"schema":{"@context":"https:\/\/schema.org","@graph":[{"@type":"WebPage","@id":"https:\/\/salonvin.sk\/de\/erfahrungen\/weinverkostungsprogramme\/","url":"https:\/\/salonvin.sk\/de\/erfahrungen\/weinverkostungsprogramme\/","name":"Weinverkostungsprogramme - Sal\u00f3n v\u00edn","isPartOf":{"@id":"https:\/\/salonvin.sk\/de\/#website"},"primaryImageOfPage":{"@id":"https:\/\/salonvin.sk\/de\/erfahrungen\/weinverkostungsprogramme\/#primaryimage"},"image":{"@id":"https:\/\/salonvin.sk\/de\/erfahrungen\/weinverkostungsprogramme\/#primaryimage"},"thumbnailUrl":"https:\/\/salonvin.sk\/wp-content\/uploads\/2019\/10\/ochutnavka-vin-narodny-salon-vin-degustacia-vina-2.jpg","datePublished":"2019-10-29T07:31:51+00:00","dateModified":"2025-10-04T08:51:38+00:00","breadcrumb":{"@id":"https:\/\/salonvin.sk\/de\/erfahrungen\/weinverkostungsprogramme\/#breadcrumb"},"inLanguage":"de","potentialAction":[{"@type":"ReadAction","target":["https:\/\/salonvin.sk\/de\/erfahrungen\/weinverkostungsprogramme\/"]}]},{"@type":"ImageObject","inLanguage":"de","@id":"https:\/\/salonvin.sk\/de\/erfahrungen\/weinverkostungsprogramme\/#primaryimage","url":"https:\/\/salonvin.sk\/wp-content\/uploads\/2019\/10\/ochutnavka-vin-narodny-salon-vin-degustacia-vina-2.jpg","contentUrl":"https:\/\/salonvin.sk\/wp-content\/uploads\/2019\/10\/ochutnavka-vin-narodny-salon-vin-degustacia-vina-2.jpg","width":1920,"height":1279,"caption":"ochutnavka-vin-narodny-salon-vin-degustacia-vina"},{"@type":"BreadcrumbList","@id":"https:\/\/salonvin.sk\/de\/erfahrungen\/weinverkostungsprogramme\/#breadcrumb","itemListElement":[{"@type":"ListItem","position":1,"name":"Home","item":"https:\/\/salonvin.sk\/de\/"},{"@type":"ListItem","position":2,"name":"Erfahrungen","item":"https:\/\/salonvin.sk\/de\/zazitky\/"},{"@type":"ListItem","position":3,"name":"Weinverkostungsprogramme"}]},{"@type":"WebSite","@id":"https:\/\/salonvin.sk\/de\/#website","url":"https:\/\/salonvin.sk\/de\/","name":"Sal\u00f3n v\u00edn","description":"","potentialAction":[{"@type":"SearchAction","target":{"@type":"EntryPoint","urlTemplate":"https:\/\/salonvin.sk\/de\/?s={search_term_string}"},"query-input":{"@type":"PropertyValueSpecification","valueRequired":true,"valueName":"search_term_string"}}],"inLanguage":"de"}]}},"_links":{"self":[{"href":"https:\/\/salonvin.sk\/de\/wp-json\/wp\/v2\/pages\/2006"}],"collection":[{"href":"https:\/\/salonvin.sk\/de\/wp-json\/wp\/v2\/pages"}],"about":[{"href":"https:\/\/salonvin.sk\/de\/wp-json\/wp\/v2\/types\/page"}],"author":[{"embeddable":true,"href":"https:\/\/salonvin.sk\/de\/wp-json\/wp\/v2\/users\/2"}],"replies":[{"embeddable":true,"href":"https:\/\/salonvin.sk\/de\/wp-json\/wp\/v2\/comments?post=2006"}],"version-history":[{"count":7,"href":"https:\/\/salonvin.sk\/de\/wp-json\/wp\/v2\/pages\/2006\/revisions"}],"predecessor-version":[{"id":29961,"href":"https:\/\/salonvin.sk\/de\/wp-json\/wp\/v2\/pages\/2006\/revisions\/29961"}],"up":[{"embeddable":true,"href":"https:\/\/salonvin.sk\/de\/wp-json\/wp\/v2\/pages\/1921"}],"wp:featuredmedia":[{"embeddable":true,"href":"https:\/\/salonvin.sk\/de\/wp-json\/wp\/v2\/media\/1828"}],"wp:attachment":[{"href":"https:\/\/salonvin.sk\/de\/wp-json\/wp\/v2\/media?parent=2006"}],"curies":[{"name":"wp","href":"https:\/\/api.w.org\/{rel}","templated":true}]}}