{"id":2008,"date":"2019-10-29T08:31:32","date_gmt":"2019-10-29T07:31:32","guid":{"rendered":"https:\/\/salonvin.sk\/erfahrungen\/teambuilding\/"},"modified":"2026-01-08T16:02:24","modified_gmt":"2026-01-08T15:02:24","slug":"events-und-teambuildings","status":"publish","type":"page","link":"https:\/\/salonvin.sk\/de\/erfahrungen\/events-und-teambuildings\/","title":{"rendered":"Events und Teambuildings"},"content":{"rendered":"<section class=\"l-section wpb_row height_large with_img parallax_ver\"><div class=\"l-section-img\" role=\"img\" aria-label=\"Bild\" data-img-width=\"1920\" data-img-height=\"1280\" style=\"background-image: url(https:\/\/salonvin.sk\/wp-content\/uploads\/2019\/10\/narodny-salon-vin-vinoteka-ochutnavka-vin-14.jpg);background-position: top center;background-repeat: no-repeat;\"><\/div><div class=\"l-section-overlay\" style=\"background:rgba(26,26,26,0.6)\"><\/div><div class=\"l-section-h i-cf\"><div class=\"g-cols vc_row via_flex valign_top type_default stacking_default\"><div class=\"vc_col-sm-12 wpb_column vc_column_container\"><div class=\"vc_column-inner\"><div class=\"wpb_wrapper\">[vc_custom_heading text=&#8221;Der perfekte Ort f\u00fcr Ihre Veranstaltung&#8221; font_container=&#8221;tag:h2|text_align:center|color:%23ffffff&#8221; use_theme_fonts=&#8221;yes&#8221; css=&#8221;%7B%22default%22%3A%7B%22color%22%3A%22%23ffffff%22%7D%7D&#8221;]<\/div><\/div><\/div><\/div><\/div><\/section><section class=\"l-section wpb_row height_medium\"><div class=\"l-section-h i-cf\"><div class=\"g-cols vc_row via_flex valign_top type_default stacking_default\"><div class=\"vc_col-sm-6 wpb_column vc_column_container\"><div class=\"vc_column-inner us_custom_d2199d32\"><div class=\"wpb_wrapper\"><div class=\"w-image align_none\"><div class=\"w-image-h\"><img decoding=\"async\" width=\"1920\" height=\"1280\" src=\"https:\/\/salonvin.sk\/wp-content\/uploads\/2019\/10\/ochutnavka-vin-uzavreta-spolocnost-teambuilding-narodny-salon-vin-18.jpg\" class=\"attachment-full size-full\" alt=\"\" loading=\"lazy\" srcset=\"https:\/\/salonvin.sk\/wp-content\/uploads\/2019\/10\/ochutnavka-vin-uzavreta-spolocnost-teambuilding-narodny-salon-vin-18.jpg 1920w, https:\/\/salonvin.sk\/wp-content\/uploads\/2019\/10\/ochutnavka-vin-uzavreta-spolocnost-teambuilding-narodny-salon-vin-18-600x400.jpg 600w, https:\/\/salonvin.sk\/wp-content\/uploads\/2019\/10\/ochutnavka-vin-uzavreta-spolocnost-teambuilding-narodny-salon-vin-18-300x200.jpg 300w, https:\/\/salonvin.sk\/wp-content\/uploads\/2019\/10\/ochutnavka-vin-uzavreta-spolocnost-teambuilding-narodny-salon-vin-18-1024x683.jpg 1024w\" sizes=\"(max-width: 1920px) 100vw, 1920px\" \/><\/div><\/div><\/div><\/div><\/div><div class=\"vc_col-sm-6 wpb_column vc_column_container\"><div class=\"vc_column-inner us_custom_06ab2b43\"><div class=\"wpb_wrapper\">[vc_custom_heading text=&#8221;Ideal f\u00fcr Teambuilding&#8221; font_container=&#8221;tag:h3|text_align:left&#8221; use_theme_fonts=&#8221;yes&#8221;]<div class=\"wpb_text_column\"><div class=\"wpb_wrapper\"><p>Der historische Ort des Apponyi-Palastes diente fr\u00fcher als Aufbewahrungsort f\u00fcr Lebensmittel. Heute ist hier ein versteckter Schatz &#8211; die vollst\u00e4ndigste Sammlung von 100 slowakischen Spitzenweinen zu einem guten Preis-Leistungs-Verh\u00e4ltnis in der Altstadt von Bratislava.<\/p>\n<p>Der stilvolle Weinkeller ist f\u00fcr Menschen gedacht, die es lieben, Freunde, Weine und das Leben zu genie\u00dfen. Dies ist ein einzigartiger Ort f\u00fcr Botschaften, Berufskommissare und Unternehmen, die diesen besonderen Ort f\u00fcr Teambuildings mit ihren Mitarbeitern oder f\u00fcr Veranstaltungen f\u00fcr ihre Gesch\u00e4ftspartner nutzen.<\/p>\n<\/div><\/div><\/div><\/div><\/div><\/div><\/div><\/section><section class=\"l-section wpb_row us_custom_f029a2ba height_medium\"><div class=\"l-section-h i-cf\"><div class=\"g-cols vc_row via_flex valign_top type_default stacking_default\"><div class=\"vc_col-sm-6 wpb_column vc_column_container\"><div class=\"vc_column-inner us_custom_06ab2b43\"><div class=\"wpb_wrapper\">[vc_custom_heading text=&#8221;Warum uns w\u00e4hlen?&#8221; font_container=&#8221;tag:h3|text_align:left&#8221; use_theme_fonts=&#8221;yes&#8221;]<div class=\"wpb_text_column\"><div class=\"wpb_wrapper\"><ul>\n<li>Sch\u00f6ne historische Orte des Apponyi-Palastes<\/li>\n<li>Top 100 slowakische Weine an einem Ort<\/li>\n<li>Weinverkostungsprogramme mit dem professionellen Sommelier, sehr anerkennenswert Probieren Sie das Lieblingsprogramm 80 Weine in 100 Minuten &#8211; Entdecken Sie die Slowakei<\/li>\n<\/ul>\n<p><a href=\"https:\/\/salonvin.sk\/de\/kontakt\/\"><strong>Kontaktieren Sie uns<\/strong><\/a>, wir begleiten Sie gerne durch unseren historischen Weinkeller und empfehlen Ihnen das f\u00fcr Sie am besten geeignete Programm.<\/p>\n<\/div><\/div><\/div><\/div><\/div><div class=\"vc_col-sm-6 wpb_column vc_column_container\"><div class=\"vc_column-inner us_custom_d2199d32\"><div class=\"wpb_wrapper\"><div class=\"w-image align_none\"><div class=\"w-image-h\"><img decoding=\"async\" width=\"1920\" height=\"1280\" src=\"https:\/\/salonvin.sk\/wp-content\/uploads\/2019\/10\/ochutnavka-vin-teambuilding-narodny-salon-vin-3.jpg\" class=\"attachment-full size-full\" alt=\"ochutnavka-vin-teambuilding-narodny-salon-vin (3)\" loading=\"lazy\" srcset=\"https:\/\/salonvin.sk\/wp-content\/uploads\/2019\/10\/ochutnavka-vin-teambuilding-narodny-salon-vin-3.jpg 1920w, https:\/\/salonvin.sk\/wp-content\/uploads\/2019\/10\/ochutnavka-vin-teambuilding-narodny-salon-vin-3-600x400.jpg 600w, https:\/\/salonvin.sk\/wp-content\/uploads\/2019\/10\/ochutnavka-vin-teambuilding-narodny-salon-vin-3-300x200.jpg 300w, https:\/\/salonvin.sk\/wp-content\/uploads\/2019\/10\/ochutnavka-vin-teambuilding-narodny-salon-vin-3-1024x683.jpg 1024w\" sizes=\"(max-width: 1920px) 100vw, 1920px\" \/><\/div><\/div><\/div><\/div><\/div><\/div><\/div><\/section>\n","protected":false},"excerpt":{"rendered":"[vc_custom_heading text=\"Der perfekte Ort f\u00fcr Ihre Veranstaltung\" font_container=\"tag:h2|text_align:center|color:%23ffffff\" use_theme_fonts=\"yes\" css=\"%7B%22default%22%3A%7B%22color%22%3A%22%23ffffff%22%7D%7D\"][vc_custom_heading text=\"Ideal f\u00fcr Teambuilding\" font_container=\"tag:h3|text_align:left\" use_theme_fonts=\"yes\"]Der historische Ort des Apponyi-Palastes diente fr\u00fcher als Aufbewahrungsort f\u00fcr Lebensmittel. Heute ist hier ein versteckter Schatz &#8211; die vollst\u00e4ndigste Sammlung von 100 slowakischen Spitzenweinen zu einem guten Preis-Leistungs-Verh\u00e4ltnis in der Altstadt von Bratislava. Der stilvolle Weinkeller ist f\u00fcr Menschen gedacht,...","protected":false},"author":2,"featured_media":0,"parent":1921,"menu_order":0,"comment_status":"closed","ping_status":"closed","template":"","meta":{"footnotes":""},"class_list":["post-2008","page","type-page","status-publish","hentry"],"yoast_head":"<!-- This site is optimized with the Yoast SEO plugin v25.6 - https:\/\/yoast.com\/wordpress\/plugins\/seo\/ -->\n<title>Events und Teambuildings - Sal\u00f3n v\u00edn<\/title>\n<meta name=\"robots\" content=\"index, follow, max-snippet:-1, max-image-preview:large, max-video-preview:-1\" \/>\n<link rel=\"canonical\" href=\"https:\/\/salonvin.sk\/de\/erfahrungen\/events-und-teambuildings\/\" \/>\n<meta property=\"og:locale\" content=\"de_DE\" \/>\n<meta property=\"og:type\" content=\"article\" \/>\n<meta property=\"og:title\" content=\"Events und Teambuildings - Sal\u00f3n v\u00edn\" \/>\n<meta property=\"og:url\" content=\"https:\/\/salonvin.sk\/de\/erfahrungen\/events-und-teambuildings\/\" \/>\n<meta property=\"og:site_name\" content=\"Sal\u00f3n v\u00edn\" \/>\n<meta property=\"article:publisher\" content=\"https:\/\/www.facebook.com\/narodnysalonvinslovenskejrepubliky\/\" \/>\n<meta property=\"article:modified_time\" content=\"2026-01-08T15:02:24+00:00\" \/>\n<meta name=\"twitter:card\" content=\"summary_large_image\" \/>\n<meta name=\"twitter:label1\" content=\"Gesch\u00e4tzte Lesezeit\" \/>\n\t<meta name=\"twitter:data1\" content=\"1\u00a0Minute\" \/>\n<script type=\"application\/ld+json\" class=\"yoast-schema-graph\">{\"@context\":\"https:\/\/schema.org\",\"@graph\":[{\"@type\":\"WebPage\",\"@id\":\"https:\/\/salonvin.sk\/de\/erfahrungen\/events-und-teambuildings\/\",\"url\":\"https:\/\/salonvin.sk\/de\/erfahrungen\/events-und-teambuildings\/\",\"name\":\"Events und Teambuildings - Sal\u00f3n v\u00edn\",\"isPartOf\":{\"@id\":\"https:\/\/salonvin.sk\/de\/#website\"},\"datePublished\":\"2019-10-29T07:31:32+00:00\",\"dateModified\":\"2026-01-08T15:02:24+00:00\",\"breadcrumb\":{\"@id\":\"https:\/\/salonvin.sk\/de\/erfahrungen\/events-und-teambuildings\/#breadcrumb\"},\"inLanguage\":\"de\",\"potentialAction\":[{\"@type\":\"ReadAction\",\"target\":[\"https:\/\/salonvin.sk\/de\/erfahrungen\/events-und-teambuildings\/\"]}]},{\"@type\":\"BreadcrumbList\",\"@id\":\"https:\/\/salonvin.sk\/de\/erfahrungen\/events-und-teambuildings\/#breadcrumb\",\"itemListElement\":[{\"@type\":\"ListItem\",\"position\":1,\"name\":\"Home\",\"item\":\"https:\/\/salonvin.sk\/de\/\"},{\"@type\":\"ListItem\",\"position\":2,\"name\":\"Erfahrungen\",\"item\":\"https:\/\/salonvin.sk\/de\/zazitky\/\"},{\"@type\":\"ListItem\",\"position\":3,\"name\":\"Events und Teambuildings\"}]},{\"@type\":\"WebSite\",\"@id\":\"https:\/\/salonvin.sk\/de\/#website\",\"url\":\"https:\/\/salonvin.sk\/de\/\",\"name\":\"Sal\u00f3n v\u00edn\",\"description\":\"\",\"potentialAction\":[{\"@type\":\"SearchAction\",\"target\":{\"@type\":\"EntryPoint\",\"urlTemplate\":\"https:\/\/salonvin.sk\/de\/?s={search_term_string}\"},\"query-input\":{\"@type\":\"PropertyValueSpecification\",\"valueRequired\":true,\"valueName\":\"search_term_string\"}}],\"inLanguage\":\"de\"}]}<\/script>\n<!-- \/ Yoast SEO plugin. -->","yoast_head_json":{"title":"Events und Teambuildings - Sal\u00f3n v\u00edn","robots":{"index":"index","follow":"follow","max-snippet":"max-snippet:-1","max-image-preview":"max-image-preview:large","max-video-preview":"max-video-preview:-1"},"canonical":"https:\/\/salonvin.sk\/de\/erfahrungen\/events-und-teambuildings\/","og_locale":"de_DE","og_type":"article","og_title":"Events und Teambuildings - Sal\u00f3n v\u00edn","og_url":"https:\/\/salonvin.sk\/de\/erfahrungen\/events-und-teambuildings\/","og_site_name":"Sal\u00f3n v\u00edn","article_publisher":"https:\/\/www.facebook.com\/narodnysalonvinslovenskejrepubliky\/","article_modified_time":"2026-01-08T15:02:24+00:00","twitter_card":"summary_large_image","twitter_misc":{"Gesch\u00e4tzte Lesezeit":"1\u00a0Minute"},"schema":{"@context":"https:\/\/schema.org","@graph":[{"@type":"WebPage","@id":"https:\/\/salonvin.sk\/de\/erfahrungen\/events-und-teambuildings\/","url":"https:\/\/salonvin.sk\/de\/erfahrungen\/events-und-teambuildings\/","name":"Events und Teambuildings - Sal\u00f3n v\u00edn","isPartOf":{"@id":"https:\/\/salonvin.sk\/de\/#website"},"datePublished":"2019-10-29T07:31:32+00:00","dateModified":"2026-01-08T15:02:24+00:00","breadcrumb":{"@id":"https:\/\/salonvin.sk\/de\/erfahrungen\/events-und-teambuildings\/#breadcrumb"},"inLanguage":"de","potentialAction":[{"@type":"ReadAction","target":["https:\/\/salonvin.sk\/de\/erfahrungen\/events-und-teambuildings\/"]}]},{"@type":"BreadcrumbList","@id":"https:\/\/salonvin.sk\/de\/erfahrungen\/events-und-teambuildings\/#breadcrumb","itemListElement":[{"@type":"ListItem","position":1,"name":"Home","item":"https:\/\/salonvin.sk\/de\/"},{"@type":"ListItem","position":2,"name":"Erfahrungen","item":"https:\/\/salonvin.sk\/de\/zazitky\/"},{"@type":"ListItem","position":3,"name":"Events und Teambuildings"}]},{"@type":"WebSite","@id":"https:\/\/salonvin.sk\/de\/#website","url":"https:\/\/salonvin.sk\/de\/","name":"Sal\u00f3n v\u00edn","description":"","potentialAction":[{"@type":"SearchAction","target":{"@type":"EntryPoint","urlTemplate":"https:\/\/salonvin.sk\/de\/?s={search_term_string}"},"query-input":{"@type":"PropertyValueSpecification","valueRequired":true,"valueName":"search_term_string"}}],"inLanguage":"de"}]}},"_links":{"self":[{"href":"https:\/\/salonvin.sk\/de\/wp-json\/wp\/v2\/pages\/2008"}],"collection":[{"href":"https:\/\/salonvin.sk\/de\/wp-json\/wp\/v2\/pages"}],"about":[{"href":"https:\/\/salonvin.sk\/de\/wp-json\/wp\/v2\/types\/page"}],"author":[{"embeddable":true,"href":"https:\/\/salonvin.sk\/de\/wp-json\/wp\/v2\/users\/2"}],"replies":[{"embeddable":true,"href":"https:\/\/salonvin.sk\/de\/wp-json\/wp\/v2\/comments?post=2008"}],"version-history":[{"count":2,"href":"https:\/\/salonvin.sk\/de\/wp-json\/wp\/v2\/pages\/2008\/revisions"}],"predecessor-version":[{"id":30729,"href":"https:\/\/salonvin.sk\/de\/wp-json\/wp\/v2\/pages\/2008\/revisions\/30729"}],"up":[{"embeddable":true,"href":"https:\/\/salonvin.sk\/de\/wp-json\/wp\/v2\/pages\/1921"}],"wp:attachment":[{"href":"https:\/\/salonvin.sk\/de\/wp-json\/wp\/v2\/media?parent=2008"}],"curies":[{"name":"wp","href":"https:\/\/api.w.org\/{rel}","templated":true}]}}