{"id":2603,"date":"2020-01-21T22:01:37","date_gmt":"2020-01-21T21:01:37","guid":{"rendered":"https:\/\/salonvin.sk\/?page_id=2603"},"modified":"2021-03-03T10:31:22","modified_gmt":"2021-03-03T09:31:22","slug":"vinar","status":"publish","type":"page","link":"https:\/\/salonvin.sk\/de\/eshop\/vinar\/","title":{"rendered":"Vin\u00e1r"},"content":{"rendered":"<section class=\"l-section wpb_row height_medium\"><div class=\"l-section-h i-cf\"><div class=\"g-cols vc_row via_flex valign_top type_default stacking_default\"><div class=\"vc_col-sm-3 wpb_column vc_column_container\"><div class=\"vc_column-inner\"><div class=\"wpb_wrapper\">[vc_wp_custommenu nav_menu=&#8221;113&#8243;]<\/div><\/div><\/div><div class=\"vc_col-sm-9 wpb_column vc_column_container\"><div class=\"vc_column-inner\"><div class=\"wpb_wrapper\"><div class=\"w-grid us_grid type_grid layout_shop_modern no_results cols_3 overflow_hidden preload_style_spinner\" id=\"us_grid_1\" style=\"--columns:3;--gap:0.5rem;\" data-filterable=\"true\"><style>@media (max-width:1024px){#us_grid_1{--columns:2!important}}@media (max-width:600px){#us_grid_1{--columns:2!important}}.layout_shop_modern .w-grid-item-h{background:var(--color-content-bg);color:var(--color-content-text);border-radius:var(--site-border-radius);box-shadow:0 0.03rem 0.06rem rgba(0,0,0,0.1),0 0.1rem 0.3rem rgba(0,0,0,0.1);transition-duration:0.3s}.no-touch .layout_shop_modern .w-grid-item-h:hover{box-shadow:0 0.1rem 0.2rem rgba(0,0,0,0.1),0 0.33rem 1rem rgba(0,0,0,0.15);z-index:4}.layout_shop_modern .usg_vwrapper_1{transition-duration:0.2s;transform-origin:50% 50%;transform:scale(1) translate(0%,0%)}.layout_shop_modern .w-grid-item-h:focus-within .usg_vwrapper_1,.layout_shop_modern .w-grid-item-h:hover .usg_vwrapper_1{transform:scale(1) translate(0%,-2.4rem);opacity:1}.layout_shop_modern .usg_add_to_cart_1{transition-duration:0.3s;transform-origin:50% 50%;transform:scale(1) translate(0%,0%);opacity:0}.layout_shop_modern .w-grid-item-h:focus-within .usg_add_to_cart_1,.layout_shop_modern .w-grid-item-h:hover .usg_add_to_cart_1{transform:scale(1) translate(0%,0%);opacity:1}.layout_shop_modern .usg_product_field_1{color:#fff!important;font-size:12px!important;font-weight:700!important;text-transform:uppercase!important;position:absolute!important;top:10px!important;left:10px!important;padding-right:0.8rem!important;padding-left:0.8rem!important;border-radius:9em!important;background:var(--color-content-primary)!important}.layout_shop_modern .usg_vwrapper_1{background:inherit!important;padding:1rem 1.2rem 1rem 1.2rem!important}.layout_shop_modern .usg_post_title_1{color:inherit!important;font-size:1rem!important;margin-bottom:0.3rem!important}.layout_shop_modern .usg_product_field_2{margin-bottom:0.3rem!important}.layout_shop_modern .usg_product_field_3{font-weight:700!important}.layout_shop_modern .usg_add_to_cart_1{font-size:0.8rem!important;width:100%!important;border-radius:0!important;position:absolute!important;right:0!important;bottom:0!important;left:0!important}<\/style><div class=\"w-grid-list\"><\/div>\t<div class=\"w-grid-preloader\">\r\n\t\t<div class=\"g-preloader type_1\">\r\n\t\t\t<div><\/div>\r\n\t\t<\/div>\r\n\t<\/div>\r\n\t\t<div class=\"w-grid-json hidden\" onclick='return {&quot;action&quot;:&quot;us_ajax_grid&quot;,&quot;infinite_scroll&quot;:0,&quot;max_num_pages&quot;:0,&quot;pagination&quot;:&quot;none&quot;,&quot;template_vars&quot;:{&quot;columns&quot;:&quot;3&quot;,&quot;exclude_items&quot;:&quot;none&quot;,&quot;img_size&quot;:&quot;full&quot;,&quot;ignore_items_size&quot;:0,&quot;items_layout&quot;:&quot;shop_modern&quot;,&quot;items_offset&quot;:&quot;1&quot;,&quot;load_animation&quot;:&quot;none&quot;,&quot;overriding_link&quot;:&quot;{\\&quot;url\\&quot;:\\&quot;\\&quot;}&quot;,&quot;post_id&quot;:0,&quot;query_args&quot;:{&quot;post_type&quot;:[&quot;product&quot;],&quot;tax_query&quot;:[{&quot;taxonomy&quot;:&quot;product_cat&quot;,&quot;field&quot;:&quot;slug&quot;,&quot;terms&quot;:[&quot;chateau-ruban&quot;,&quot;chateau-topolcianky&quot;,&quot;cintavy-pisarcik-vinarstvo&quot;,&quot;dubovsky-grancic&quot;,&quot;golguz&quot;,&quot;hubert-j-e&quot;,&quot;karpatska-perla&quot;,&quot;matysak&quot;,&quot;polnohospodarske-druzstvo-mojmirovce&quot;,&quot;vinarstvo-mrva-stanko&quot;,&quot;ostrozovic&quot;,&quot;promitor-vinorum&quot;,&quot;villa-vino-raca&quot;,&quot;vinko-klimko-modra&quot;,&quot;vinkor&quot;,&quot;vino-nitra&quot;,&quot;zamocke-vinarstvo&quot;,&quot;adam-sykora&quot;,&quot;baynach&quot;,&quot;chowaniec-krajcirovic&quot;,&quot;juraj-zaprazny&quot;,&quot;pivnica-orechova&quot;,&quot;pivnica-radosina&quot;,&quot;repa-winery&quot;,&quot;sintavan&quot;,&quot;tajna&quot;,&quot;tokaj-co&quot;,&quot;veritas-et-sanitas&quot;,&quot;vinarstvo-miro-fondrk&quot;,&quot;vino-kmeto&quot;,&quot;vps-pavelka-a-syn&quot;,&quot;milan-skovajsa&quot;,&quot;vinum-nobile&quot;,&quot;vinidi&quot;,&quot;jp-winery&quot;,&quot;limbacher&quot;,&quot;kozara-vinar&quot;,&quot;movino&quot;,&quot;bona-winery&quot;,&quot;brigant-vinarstvo&quot;,&quot;frtus-winery&quot;,&quot;pereg&quot;,&quot;vins-winery&quot;,&quot;vitis&quot;,&quot;chateau-modra&quot;,&quot;angel-wines-vinar&quot;]},{&quot;taxonomy&quot;:&quot;product_visibility&quot;,&quot;field&quot;:&quot;slug&quot;,&quot;terms&quot;:[&quot;exclude-from-catalog&quot;],&quot;operator&quot;:&quot;NOT IN&quot;}],&quot;post_status&quot;:[&quot;publish&quot;],&quot;meta_query&quot;:[],&quot;posts_per_page&quot;:999},&quot;orderby_query_args&quot;:{&quot;orderby&quot;:{&quot;date&quot;:&quot;DESC&quot;}},&quot;type&quot;:&quot;grid&quot;,&quot;us_grid_post_type&quot;:&quot;product&quot;,&quot;us_grid_ajax_index&quot;:1,&quot;us_grid_filter_query_string&quot;:null,&quot;us_grid_index&quot;:1,&quot;page_args&quot;:[],&quot;lang&quot;:&quot;de&quot;}}'><\/div>\r\n\t<\/div><div class=\"w-grid-none type_message\">Es wurden keine Ergebnisse gefunden.<\/div><\/div><\/div><\/div><\/div><\/div><\/section>\n","protected":false},"excerpt":{"rendered":"[vc_wp_custommenu nav_menu=\"113\"] Es wurden keine Ergebnisse gefunden.","protected":false},"author":2,"featured_media":542,"parent":37,"menu_order":0,"comment_status":"closed","ping_status":"closed","template":"","meta":{"footnotes":""},"class_list":["post-2603","page","type-page","status-publish","has-post-thumbnail","hentry"],"yoast_head":"<!-- This site is optimized with the Yoast SEO plugin v25.6 - https:\/\/yoast.com\/wordpress\/plugins\/seo\/ -->\n<title>Vin\u00e1r - Sal\u00f3n v\u00edn<\/title>\n<meta name=\"description\" content=\"U n\u00e1s n\u00e1jdete kolekciu vybran\u00fdch slovensk\u00fdch v\u00edn, ktor\u00e9 si m\u00f4\u017eete zak\u00fapi\u0165 priamo vo v\u00ednnej pivnici v historickom centre Bratislavy alebo v na\u0161om e-shope.\" \/>\n<meta name=\"robots\" content=\"index, follow, max-snippet:-1, max-image-preview:large, max-video-preview:-1\" \/>\n<link rel=\"canonical\" href=\"https:\/\/salonvin.sk\/de\/eshop\/vinar\/\" \/>\n<meta property=\"og:locale\" content=\"de_DE\" \/>\n<meta property=\"og:type\" content=\"article\" \/>\n<meta property=\"og:title\" content=\"Vin\u00e1r - Sal\u00f3n v\u00edn\" \/>\n<meta property=\"og:description\" content=\"U n\u00e1s n\u00e1jdete kolekciu vybran\u00fdch slovensk\u00fdch v\u00edn, ktor\u00e9 si m\u00f4\u017eete zak\u00fapi\u0165 priamo vo v\u00ednnej pivnici v historickom centre Bratislavy alebo v na\u0161om e-shope.\" \/>\n<meta property=\"og:url\" content=\"https:\/\/salonvin.sk\/de\/eshop\/vinar\/\" \/>\n<meta property=\"og:site_name\" content=\"Sal\u00f3n v\u00edn\" \/>\n<meta property=\"article:publisher\" content=\"https:\/\/www.facebook.com\/narodnysalonvinslovenskejrepubliky\/\" \/>\n<meta property=\"article:modified_time\" content=\"2021-03-03T09:31:22+00:00\" \/>\n<meta property=\"og:image\" content=\"https:\/\/salonvin.sk\/wp-content\/uploads\/2019\/10\/narodny-salon-vin-ochutnavka-vin-vinoteka-17.jpeg\" \/>\n\t<meta property=\"og:image:width\" content=\"1920\" \/>\n\t<meta property=\"og:image:height\" content=\"1280\" \/>\n\t<meta property=\"og:image:type\" content=\"image\/jpeg\" \/>\n<meta name=\"twitter:card\" content=\"summary_large_image\" \/>\n<meta name=\"twitter:label1\" content=\"Gesch\u00e4tzte Lesezeit\" \/>\n\t<meta name=\"twitter:data1\" content=\"1\u00a0Minute\" \/>\n<script type=\"application\/ld+json\" class=\"yoast-schema-graph\">{\"@context\":\"https:\/\/schema.org\",\"@graph\":[{\"@type\":\"WebPage\",\"@id\":\"https:\/\/salonvin.sk\/de\/eshop\/vinar\/\",\"url\":\"https:\/\/salonvin.sk\/de\/eshop\/vinar\/\",\"name\":\"Vin\u00e1r - Sal\u00f3n v\u00edn\",\"isPartOf\":{\"@id\":\"https:\/\/salonvin.sk\/de\/#website\"},\"primaryImageOfPage\":{\"@id\":\"https:\/\/salonvin.sk\/de\/eshop\/vinar\/#primaryimage\"},\"image\":{\"@id\":\"https:\/\/salonvin.sk\/de\/eshop\/vinar\/#primaryimage\"},\"thumbnailUrl\":\"https:\/\/salonvin.sk\/wp-content\/uploads\/2019\/10\/narodny-salon-vin-ochutnavka-vin-vinoteka-17.jpeg\",\"datePublished\":\"2020-01-21T21:01:37+00:00\",\"dateModified\":\"2021-03-03T09:31:22+00:00\",\"description\":\"U n\u00e1s n\u00e1jdete kolekciu vybran\u00fdch slovensk\u00fdch v\u00edn, ktor\u00e9 si m\u00f4\u017eete zak\u00fapi\u0165 priamo vo v\u00ednnej pivnici v historickom centre Bratislavy alebo v na\u0161om e-shope.\",\"breadcrumb\":{\"@id\":\"https:\/\/salonvin.sk\/de\/eshop\/vinar\/#breadcrumb\"},\"inLanguage\":\"de\",\"potentialAction\":[{\"@type\":\"ReadAction\",\"target\":[\"https:\/\/salonvin.sk\/de\/eshop\/vinar\/\"]}]},{\"@type\":\"ImageObject\",\"inLanguage\":\"de\",\"@id\":\"https:\/\/salonvin.sk\/de\/eshop\/vinar\/#primaryimage\",\"url\":\"https:\/\/salonvin.sk\/wp-content\/uploads\/2019\/10\/narodny-salon-vin-ochutnavka-vin-vinoteka-17.jpeg\",\"contentUrl\":\"https:\/\/salonvin.sk\/wp-content\/uploads\/2019\/10\/narodny-salon-vin-ochutnavka-vin-vinoteka-17.jpeg\",\"width\":1920,\"height\":1280,\"caption\":\"narodny-salon-vin-ochutnavka-vin-vinoteka\"},{\"@type\":\"BreadcrumbList\",\"@id\":\"https:\/\/salonvin.sk\/de\/eshop\/vinar\/#breadcrumb\",\"itemListElement\":[{\"@type\":\"ListItem\",\"position\":1,\"name\":\"Home\",\"item\":\"https:\/\/salonvin.sk\/de\/\"},{\"@type\":\"ListItem\",\"position\":2,\"name\":\"Eshop\",\"item\":\"https:\/\/salonvin.sk\/de\/eshop\/\"},{\"@type\":\"ListItem\",\"position\":3,\"name\":\"Vin\u00e1r\"}]},{\"@type\":\"WebSite\",\"@id\":\"https:\/\/salonvin.sk\/de\/#website\",\"url\":\"https:\/\/salonvin.sk\/de\/\",\"name\":\"Sal\u00f3n v\u00edn\",\"description\":\"\",\"potentialAction\":[{\"@type\":\"SearchAction\",\"target\":{\"@type\":\"EntryPoint\",\"urlTemplate\":\"https:\/\/salonvin.sk\/de\/?s={search_term_string}\"},\"query-input\":{\"@type\":\"PropertyValueSpecification\",\"valueRequired\":true,\"valueName\":\"search_term_string\"}}],\"inLanguage\":\"de\"}]}<\/script>\n<!-- \/ Yoast SEO plugin. -->","yoast_head_json":{"title":"Vin\u00e1r - Sal\u00f3n v\u00edn","description":"U n\u00e1s n\u00e1jdete kolekciu vybran\u00fdch slovensk\u00fdch v\u00edn, ktor\u00e9 si m\u00f4\u017eete zak\u00fapi\u0165 priamo vo v\u00ednnej pivnici v historickom centre Bratislavy alebo v na\u0161om e-shope.","robots":{"index":"index","follow":"follow","max-snippet":"max-snippet:-1","max-image-preview":"max-image-preview:large","max-video-preview":"max-video-preview:-1"},"canonical":"https:\/\/salonvin.sk\/de\/eshop\/vinar\/","og_locale":"de_DE","og_type":"article","og_title":"Vin\u00e1r - Sal\u00f3n v\u00edn","og_description":"U n\u00e1s n\u00e1jdete kolekciu vybran\u00fdch slovensk\u00fdch v\u00edn, ktor\u00e9 si m\u00f4\u017eete zak\u00fapi\u0165 priamo vo v\u00ednnej pivnici v historickom centre Bratislavy alebo v na\u0161om e-shope.","og_url":"https:\/\/salonvin.sk\/de\/eshop\/vinar\/","og_site_name":"Sal\u00f3n v\u00edn","article_publisher":"https:\/\/www.facebook.com\/narodnysalonvinslovenskejrepubliky\/","article_modified_time":"2021-03-03T09:31:22+00:00","og_image":[{"width":1920,"height":1280,"url":"https:\/\/salonvin.sk\/wp-content\/uploads\/2019\/10\/narodny-salon-vin-ochutnavka-vin-vinoteka-17.jpeg","type":"image\/jpeg"}],"twitter_card":"summary_large_image","twitter_misc":{"Gesch\u00e4tzte Lesezeit":"1\u00a0Minute"},"schema":{"@context":"https:\/\/schema.org","@graph":[{"@type":"WebPage","@id":"https:\/\/salonvin.sk\/de\/eshop\/vinar\/","url":"https:\/\/salonvin.sk\/de\/eshop\/vinar\/","name":"Vin\u00e1r - Sal\u00f3n v\u00edn","isPartOf":{"@id":"https:\/\/salonvin.sk\/de\/#website"},"primaryImageOfPage":{"@id":"https:\/\/salonvin.sk\/de\/eshop\/vinar\/#primaryimage"},"image":{"@id":"https:\/\/salonvin.sk\/de\/eshop\/vinar\/#primaryimage"},"thumbnailUrl":"https:\/\/salonvin.sk\/wp-content\/uploads\/2019\/10\/narodny-salon-vin-ochutnavka-vin-vinoteka-17.jpeg","datePublished":"2020-01-21T21:01:37+00:00","dateModified":"2021-03-03T09:31:22+00:00","description":"U n\u00e1s n\u00e1jdete kolekciu vybran\u00fdch slovensk\u00fdch v\u00edn, ktor\u00e9 si m\u00f4\u017eete zak\u00fapi\u0165 priamo vo v\u00ednnej pivnici v historickom centre Bratislavy alebo v na\u0161om e-shope.","breadcrumb":{"@id":"https:\/\/salonvin.sk\/de\/eshop\/vinar\/#breadcrumb"},"inLanguage":"de","potentialAction":[{"@type":"ReadAction","target":["https:\/\/salonvin.sk\/de\/eshop\/vinar\/"]}]},{"@type":"ImageObject","inLanguage":"de","@id":"https:\/\/salonvin.sk\/de\/eshop\/vinar\/#primaryimage","url":"https:\/\/salonvin.sk\/wp-content\/uploads\/2019\/10\/narodny-salon-vin-ochutnavka-vin-vinoteka-17.jpeg","contentUrl":"https:\/\/salonvin.sk\/wp-content\/uploads\/2019\/10\/narodny-salon-vin-ochutnavka-vin-vinoteka-17.jpeg","width":1920,"height":1280,"caption":"narodny-salon-vin-ochutnavka-vin-vinoteka"},{"@type":"BreadcrumbList","@id":"https:\/\/salonvin.sk\/de\/eshop\/vinar\/#breadcrumb","itemListElement":[{"@type":"ListItem","position":1,"name":"Home","item":"https:\/\/salonvin.sk\/de\/"},{"@type":"ListItem","position":2,"name":"Eshop","item":"https:\/\/salonvin.sk\/de\/eshop\/"},{"@type":"ListItem","position":3,"name":"Vin\u00e1r"}]},{"@type":"WebSite","@id":"https:\/\/salonvin.sk\/de\/#website","url":"https:\/\/salonvin.sk\/de\/","name":"Sal\u00f3n v\u00edn","description":"","potentialAction":[{"@type":"SearchAction","target":{"@type":"EntryPoint","urlTemplate":"https:\/\/salonvin.sk\/de\/?s={search_term_string}"},"query-input":{"@type":"PropertyValueSpecification","valueRequired":true,"valueName":"search_term_string"}}],"inLanguage":"de"}]}},"_links":{"self":[{"href":"https:\/\/salonvin.sk\/de\/wp-json\/wp\/v2\/pages\/2603"}],"collection":[{"href":"https:\/\/salonvin.sk\/de\/wp-json\/wp\/v2\/pages"}],"about":[{"href":"https:\/\/salonvin.sk\/de\/wp-json\/wp\/v2\/types\/page"}],"author":[{"embeddable":true,"href":"https:\/\/salonvin.sk\/de\/wp-json\/wp\/v2\/users\/2"}],"replies":[{"embeddable":true,"href":"https:\/\/salonvin.sk\/de\/wp-json\/wp\/v2\/comments?post=2603"}],"version-history":[{"count":3,"href":"https:\/\/salonvin.sk\/de\/wp-json\/wp\/v2\/pages\/2603\/revisions"}],"predecessor-version":[{"id":7614,"href":"https:\/\/salonvin.sk\/de\/wp-json\/wp\/v2\/pages\/2603\/revisions\/7614"}],"up":[{"embeddable":true,"href":"https:\/\/salonvin.sk\/de\/wp-json\/wp\/v2\/pages\/37"}],"wp:featuredmedia":[{"embeddable":true,"href":"https:\/\/salonvin.sk\/de\/wp-json\/wp\/v2\/media\/542"}],"wp:attachment":[{"href":"https:\/\/salonvin.sk\/de\/wp-json\/wp\/v2\/media?parent=2603"}],"curies":[{"name":"wp","href":"https:\/\/api.w.org\/{rel}","templated":true}]}}