{"id":29165,"date":"2025-02-13T11:07:59","date_gmt":"2025-02-13T10:07:59","guid":{"rendered":"https:\/\/salonvin.sk\/?page_id=29165"},"modified":"2025-02-13T11:57:20","modified_gmt":"2025-02-13T10:57:20","slug":"simon-beladic","status":"publish","type":"page","link":"https:\/\/salonvin.sk\/de\/uber-uns\/simon-beladic\/","title":{"rendered":"\u0160imon Beladi\u010d"},"content":{"rendered":"<section class=\"l-section wpb_row height_large with_img parallax_ver\"><div class=\"l-section-img\" role=\"img\" aria-label=\"narodny-salon-vin-ochutnavka-vin-vinoteka\" data-img-width=\"1920\" data-img-height=\"1280\" style=\"background-image: url(https:\/\/salonvin.sk\/wp-content\/uploads\/2019\/06\/narodny-salon-vin-ochutnavka-vin-vinoteka-22.jpeg);background-position: top center;background-repeat: no-repeat;\"><\/div><div class=\"l-section-h i-cf\"><div class=\"g-cols vc_row via_flex valign_top type_default stacking_default\"><div class=\"vc_col-sm-12 wpb_column vc_column_container\"><div class=\"vc_column-inner\"><div class=\"wpb_wrapper\">[vc_custom_heading text=&#8221;\u0160imon Beladi\u010d &#8211; sommelier&#8221; font_container=&#8221;tag:h2|text_align:center&#8221; use_theme_fonts=&#8221;yes&#8221;]<\/div><\/div><\/div><\/div><\/div><\/section><section class=\"l-section wpb_row height_medium\"><div class=\"l-section-h i-cf\"><div class=\"g-cols vc_row via_flex valign_top type_default stacking_default\"><div class=\"vc_col-sm-6 wpb_column vc_column_container\"><div class=\"vc_column-inner us_custom_06ab2b43\"><div class=\"wpb_wrapper\">[vc_custom_heading text=&#8221;\u00dcber \u0160imon&#8221; font_container=&#8221;tag:h3|text_align:left&#8221; use_theme_fonts=&#8221;yes&#8221;]<div class=\"wpb_text_column\"><div class=\"wpb_wrapper\"><p>\u0160imon kommt aus Bratislava, aber seine famili\u00e4ren Wurzeln reichen nach Ra\u010da, wo sein Gro\u00dfvater sich mit Weinbau und Winzerei besch\u00e4ftigte. Dank ihm sch\u00e4tzte \u0160imon bereits seit seiner Kindheit die Sch\u00f6nheit und Tradition des Weinhandwerks.<br \/>\nSeine Leidenschaft f\u00fcr Wein vertiefte er durch das Studium an der Fachschule f\u00fcr Weinbau und Obstbau in Modra, wo er sich auf Sommelierkunst spezialisierte. Nach dem Abitur entschloss er sich, in der Weinbranche zu bleiben, und begann in einem Weingut in Dev\u00edn zu arbeiten. Dort erweiterte er nicht nur sein theoretisches Wissen, sondern sammelte auch wertvolle praktische Erfahrungen und kam dem Wein noch n\u00e4her.<br \/>\nHeute arbeitet er als Sommelier im Team des Nationalen Weinsalons der Slowakischen Republik, wo er seine sommelierischen Kenntnisse weiterentwickelt.<\/p>\n<\/div><\/div>[vc_custom_heading text=&#8221;Kontakt&#8221; font_container=&#8221;tag:h3|text_align:left&#8221; use_theme_fonts=&#8221;yes&#8221;]<div class=\"wpb_text_column\"><div class=\"wpb_wrapper\"><p><strong>\u0160imon Beladi\u010d <\/strong>\u2013 someli\u00e9r<\/p>\n<p><strong>E-mail: <\/strong><a href=\"mailto:info@salonvin.sk\">info@salonvin.sk<\/a><strong>\u00a0<\/strong><\/p>\n<p><strong>Handy: <\/strong>0918 664 992<\/p>\n<\/div><\/div><\/div><\/div><\/div><div class=\"vc_col-sm-6 wpb_column vc_column_container\"><div class=\"vc_column-inner us_custom_02702b56\"><div class=\"wpb_wrapper\"><div class=\"w-image us_custom_0fd0a257 obrazok_oble_rohy align_none\"><div class=\"w-image-h\"><img decoding=\"async\" width=\"683\" height=\"1024\" src=\"https:\/\/salonvin.sk\/wp-content\/uploads\/2025\/01\/Simon-Beladic-spravny-rozmer.jpg\" class=\"attachment-full size-full\" alt=\"\" loading=\"lazy\" srcset=\"https:\/\/salonvin.sk\/wp-content\/uploads\/2025\/01\/Simon-Beladic-spravny-rozmer.jpg 683w, https:\/\/salonvin.sk\/wp-content\/uploads\/2025\/01\/Simon-Beladic-spravny-rozmer-200x300.jpg 200w, https:\/\/salonvin.sk\/wp-content\/uploads\/2025\/01\/Simon-Beladic-spravny-rozmer-600x900.jpg 600w\" sizes=\"(max-width: 683px) 100vw, 683px\" \/><\/div><\/div><\/div><\/div><\/div><\/div><\/div><\/section>\n","protected":false},"excerpt":{"rendered":"[vc_custom_heading text=\"\u0160imon Beladi\u010d - sommelier\" font_container=\"tag:h2|text_align:center\" use_theme_fonts=\"yes\"][vc_custom_heading text=\"\u00dcber \u0160imon\" font_container=\"tag:h3|text_align:left\" use_theme_fonts=\"yes\"]\u0160imon kommt aus Bratislava, aber seine famili\u00e4ren Wurzeln reichen nach Ra\u010da, wo sein Gro\u00dfvater sich mit Weinbau und Winzerei besch\u00e4ftigte. Dank ihm sch\u00e4tzte \u0160imon bereits seit seiner Kindheit die Sch\u00f6nheit und Tradition des Weinhandwerks. Seine Leidenschaft f\u00fcr Wein vertiefte er durch das Studium an der...","protected":false},"author":2,"featured_media":0,"parent":1902,"menu_order":0,"comment_status":"closed","ping_status":"closed","template":"","meta":{"footnotes":""},"class_list":["post-29165","page","type-page","status-publish","hentry"],"yoast_head":"<!-- This site is optimized with the Yoast SEO plugin v25.6 - https:\/\/yoast.com\/wordpress\/plugins\/seo\/ -->\n<title>\u0160imon Beladi\u010d - Sal\u00f3n v\u00edn<\/title>\n<meta name=\"robots\" content=\"index, follow, max-snippet:-1, max-image-preview:large, max-video-preview:-1\" \/>\n<link rel=\"canonical\" href=\"https:\/\/salonvin.sk\/de\/uber-uns\/simon-beladic\/\" \/>\n<meta property=\"og:locale\" content=\"de_DE\" \/>\n<meta property=\"og:type\" content=\"article\" \/>\n<meta property=\"og:title\" content=\"\u0160imon Beladi\u010d - Sal\u00f3n v\u00edn\" \/>\n<meta property=\"og:url\" content=\"https:\/\/salonvin.sk\/de\/uber-uns\/simon-beladic\/\" \/>\n<meta property=\"og:site_name\" content=\"Sal\u00f3n v\u00edn\" \/>\n<meta property=\"article:publisher\" content=\"https:\/\/www.facebook.com\/narodnysalonvinslovenskejrepubliky\/\" \/>\n<meta property=\"article:modified_time\" content=\"2025-02-13T10:57:20+00:00\" \/>\n<meta name=\"twitter:card\" content=\"summary_large_image\" \/>\n<meta name=\"twitter:label1\" content=\"Gesch\u00e4tzte Lesezeit\" \/>\n\t<meta name=\"twitter:data1\" content=\"1\u00a0Minute\" \/>\n<script type=\"application\/ld+json\" class=\"yoast-schema-graph\">{\"@context\":\"https:\/\/schema.org\",\"@graph\":[{\"@type\":\"WebPage\",\"@id\":\"https:\/\/salonvin.sk\/de\/uber-uns\/simon-beladic\/\",\"url\":\"https:\/\/salonvin.sk\/de\/uber-uns\/simon-beladic\/\",\"name\":\"\u0160imon Beladi\u010d - Sal\u00f3n v\u00edn\",\"isPartOf\":{\"@id\":\"https:\/\/salonvin.sk\/de\/#website\"},\"datePublished\":\"2025-02-13T10:07:59+00:00\",\"dateModified\":\"2025-02-13T10:57:20+00:00\",\"breadcrumb\":{\"@id\":\"https:\/\/salonvin.sk\/de\/uber-uns\/simon-beladic\/#breadcrumb\"},\"inLanguage\":\"de\",\"potentialAction\":[{\"@type\":\"ReadAction\",\"target\":[\"https:\/\/salonvin.sk\/de\/uber-uns\/simon-beladic\/\"]}]},{\"@type\":\"BreadcrumbList\",\"@id\":\"https:\/\/salonvin.sk\/de\/uber-uns\/simon-beladic\/#breadcrumb\",\"itemListElement\":[{\"@type\":\"ListItem\",\"position\":1,\"name\":\"Home\",\"item\":\"https:\/\/salonvin.sk\/de\/\"},{\"@type\":\"ListItem\",\"position\":2,\"name\":\"\u00dcber uns\",\"item\":\"https:\/\/salonvin.sk\/de\/uber-uns\/\"},{\"@type\":\"ListItem\",\"position\":3,\"name\":\"\u0160imon Beladi\u010d\"}]},{\"@type\":\"WebSite\",\"@id\":\"https:\/\/salonvin.sk\/de\/#website\",\"url\":\"https:\/\/salonvin.sk\/de\/\",\"name\":\"Sal\u00f3n v\u00edn\",\"description\":\"\",\"potentialAction\":[{\"@type\":\"SearchAction\",\"target\":{\"@type\":\"EntryPoint\",\"urlTemplate\":\"https:\/\/salonvin.sk\/de\/?s={search_term_string}\"},\"query-input\":{\"@type\":\"PropertyValueSpecification\",\"valueRequired\":true,\"valueName\":\"search_term_string\"}}],\"inLanguage\":\"de\"}]}<\/script>\n<!-- \/ Yoast SEO plugin. -->","yoast_head_json":{"title":"\u0160imon Beladi\u010d - Sal\u00f3n v\u00edn","robots":{"index":"index","follow":"follow","max-snippet":"max-snippet:-1","max-image-preview":"max-image-preview:large","max-video-preview":"max-video-preview:-1"},"canonical":"https:\/\/salonvin.sk\/de\/uber-uns\/simon-beladic\/","og_locale":"de_DE","og_type":"article","og_title":"\u0160imon Beladi\u010d - Sal\u00f3n v\u00edn","og_url":"https:\/\/salonvin.sk\/de\/uber-uns\/simon-beladic\/","og_site_name":"Sal\u00f3n v\u00edn","article_publisher":"https:\/\/www.facebook.com\/narodnysalonvinslovenskejrepubliky\/","article_modified_time":"2025-02-13T10:57:20+00:00","twitter_card":"summary_large_image","twitter_misc":{"Gesch\u00e4tzte Lesezeit":"1\u00a0Minute"},"schema":{"@context":"https:\/\/schema.org","@graph":[{"@type":"WebPage","@id":"https:\/\/salonvin.sk\/de\/uber-uns\/simon-beladic\/","url":"https:\/\/salonvin.sk\/de\/uber-uns\/simon-beladic\/","name":"\u0160imon Beladi\u010d - Sal\u00f3n v\u00edn","isPartOf":{"@id":"https:\/\/salonvin.sk\/de\/#website"},"datePublished":"2025-02-13T10:07:59+00:00","dateModified":"2025-02-13T10:57:20+00:00","breadcrumb":{"@id":"https:\/\/salonvin.sk\/de\/uber-uns\/simon-beladic\/#breadcrumb"},"inLanguage":"de","potentialAction":[{"@type":"ReadAction","target":["https:\/\/salonvin.sk\/de\/uber-uns\/simon-beladic\/"]}]},{"@type":"BreadcrumbList","@id":"https:\/\/salonvin.sk\/de\/uber-uns\/simon-beladic\/#breadcrumb","itemListElement":[{"@type":"ListItem","position":1,"name":"Home","item":"https:\/\/salonvin.sk\/de\/"},{"@type":"ListItem","position":2,"name":"\u00dcber uns","item":"https:\/\/salonvin.sk\/de\/uber-uns\/"},{"@type":"ListItem","position":3,"name":"\u0160imon Beladi\u010d"}]},{"@type":"WebSite","@id":"https:\/\/salonvin.sk\/de\/#website","url":"https:\/\/salonvin.sk\/de\/","name":"Sal\u00f3n v\u00edn","description":"","potentialAction":[{"@type":"SearchAction","target":{"@type":"EntryPoint","urlTemplate":"https:\/\/salonvin.sk\/de\/?s={search_term_string}"},"query-input":{"@type":"PropertyValueSpecification","valueRequired":true,"valueName":"search_term_string"}}],"inLanguage":"de"}]}},"_links":{"self":[{"href":"https:\/\/salonvin.sk\/de\/wp-json\/wp\/v2\/pages\/29165"}],"collection":[{"href":"https:\/\/salonvin.sk\/de\/wp-json\/wp\/v2\/pages"}],"about":[{"href":"https:\/\/salonvin.sk\/de\/wp-json\/wp\/v2\/types\/page"}],"author":[{"embeddable":true,"href":"https:\/\/salonvin.sk\/de\/wp-json\/wp\/v2\/users\/2"}],"replies":[{"embeddable":true,"href":"https:\/\/salonvin.sk\/de\/wp-json\/wp\/v2\/comments?post=29165"}],"version-history":[{"count":3,"href":"https:\/\/salonvin.sk\/de\/wp-json\/wp\/v2\/pages\/29165\/revisions"}],"predecessor-version":[{"id":29177,"href":"https:\/\/salonvin.sk\/de\/wp-json\/wp\/v2\/pages\/29165\/revisions\/29177"}],"up":[{"embeddable":true,"href":"https:\/\/salonvin.sk\/de\/wp-json\/wp\/v2\/pages\/1902"}],"wp:attachment":[{"href":"https:\/\/salonvin.sk\/de\/wp-json\/wp\/v2\/media?parent=29165"}],"curies":[{"name":"wp","href":"https:\/\/api.w.org\/{rel}","templated":true}]}}