{"id":6333,"date":"2020-11-03T16:20:12","date_gmt":"2020-11-03T15:20:12","guid":{"rendered":"https:\/\/salonvin.sk\/?page_id=6333"},"modified":"2024-11-19T13:04:27","modified_gmt":"2024-11-19T12:04:27","slug":"darujte-vynimocny-darcek-svetovej-urovne","status":"publish","type":"page","link":"https:\/\/salonvin.sk\/de\/eshop\/darujte-vynimocny-darcek-svetovej-urovne\/","title":{"rendered":"Darujte v\u00fdnimo\u010dn\u00fd dar\u010dek svetovej \u00farovne"},"content":{"rendered":"<section class=\"l-section wpb_row height_medium\"><div class=\"l-section-h i-cf\"><div class=\"g-cols vc_row via_flex valign_top type_default stacking_default\"><div class=\"vc_col-sm-12 wpb_column vc_column_container\"><div class=\"vc_column-inner\"><div class=\"wpb_wrapper\"><div class=\"w-image align_left\"><div class=\"w-image-h\"><img decoding=\"async\" width=\"600\" height=\"480\" src=\"https:\/\/salonvin.sk\/wp-content\/uploads\/2020\/11\/darcekovy-poukaz-kampan-flasa-600x480.png\" class=\"attachment-shop_single size-shop_single\" alt=\"\" loading=\"lazy\" srcset=\"https:\/\/salonvin.sk\/wp-content\/uploads\/2020\/11\/darcekovy-poukaz-kampan-flasa-600x480.png 600w, https:\/\/salonvin.sk\/wp-content\/uploads\/2020\/11\/darcekovy-poukaz-kampan-flasa-300x240.png 300w, https:\/\/salonvin.sk\/wp-content\/uploads\/2020\/11\/darcekovy-poukaz-kampan-flasa.png 960w\" sizes=\"(max-width: 600px) 100vw, 600px\" \/><\/div><\/div><div class=\"wpb_text_column\"><div class=\"wpb_wrapper\"><h1><strong>Darujte v\u00fdnimo\u010dn\u00fd dar\u010dek svetovej \u00farovne<\/strong><\/h1>\n<\/div><\/div><div class=\"wpb_text_column\"><div class=\"wpb_wrapper\"><h3><strong>Dar\u010dekov\u00fd poukaz na degusta\u010dn\u00fd program 72 v\u00edn za 100 min\u00fat<\/strong><\/h3>\n<h3>Cena: 35 eur<\/h3>\n<\/div><\/div><div class=\"w-btn-wrapper align_none\"><a class=\"w-btn us-btn-style_1\" href=\"https:\/\/salonvin.sk\/produkt\/darujte-vynimocny-darcek-svetovej-urovne\/\"><span class=\"w-btn-label\">K\u00fapi\u0165 teraz<\/span><\/a><\/div><\/div><\/div><\/div><\/div><\/div><\/section><section class=\"l-section wpb_row height_medium\"><div class=\"l-section-h i-cf\"><div class=\"g-cols vc_row via_flex valign_top type_default stacking_default\"><div class=\"vc_col-sm-12 wpb_column vc_column_container\"><div class=\"vc_column-inner\"><div class=\"wpb_wrapper\"><div class=\"w-separator size_small\"><\/div><div class=\"wpb_text_column\"><div class=\"wpb_wrapper\"><h4 style=\"text-align: center;\"><strong>Pre\u010do je degust\u00e1cia top 72 slovensk\u00fdch v\u00edn za 100 min\u00fat v\u00fdnimo\u010dn\u00fdm z\u00e1\u017eitkom:<\/strong><\/h4>\n<div style=\"display: flex; flex-direction: column;\">\n<div style=\"display: flex; flex-direction: row; align-items: center; margin-bottom: 15px;\">\n<p style=\"margin: 0; min-width: 82px;\"><img loading=\"lazy\" decoding=\"async\" class=\"alignleft wp-image-6352\" style=\"margin-bottom: 0;\" src=\"https:\/\/salonvin.sk\/wp-content\/uploads\/2020\/11\/ikona_muzem_vina.png\" alt=\"\" width=\"82\" height=\"82\" srcset=\"https:\/\/salonvin.sk\/wp-content\/uploads\/2020\/11\/ikona_muzem_vina.png 500w, https:\/\/salonvin.sk\/wp-content\/uploads\/2020\/11\/ikona_muzem_vina-300x300.png 300w, https:\/\/salonvin.sk\/wp-content\/uploads\/2020\/11\/ikona_muzem_vina-150x150.png 150w\" sizes=\"(max-width: 82px) 100vw, 82px\" \/><\/p>\n<p style=\"font-weight: 400; margin-left: 10px; margin-bottom: 0;\">Ocitnete sa v historickej pivnici z 18. storo\u010dia, M\u00fazea vinohradn\u00edctva a vin\u00e1rstva<\/p>\n<\/div>\n<div style=\"display: flex; flex-direction: row; align-items: center; margin-bottom: 15px;\">\n<p style=\"margin: 0; min-width: 82px;\"><img loading=\"lazy\" decoding=\"async\" class=\"alignleft wp-image-6355\" style=\"margin-bottom: 0;\" src=\"https:\/\/salonvin.sk\/wp-content\/uploads\/2020\/11\/ikona_top.png\" alt=\"\" width=\"82\" height=\"82\" srcset=\"https:\/\/salonvin.sk\/wp-content\/uploads\/2020\/11\/ikona_top.png 500w, https:\/\/salonvin.sk\/wp-content\/uploads\/2020\/11\/ikona_top-300x300.png 300w, https:\/\/salonvin.sk\/wp-content\/uploads\/2020\/11\/ikona_top-150x150.png 150w\" sizes=\"(max-width: 82px) 100vw, 82px\" \/><\/p>\n<p style=\"font-weight: 400; margin-left: 10px; margin-bottom: 0;\">Ochutn\u00e1te top 72 slovensk\u00fdch v\u00edn, ktor\u00e9 vybrali odborn\u00edci v najvy\u0161\u0161ej vin\u00e1rskej s\u00fa\u0165a\u017ei \u2013 N\u00e1rodn\u00fd sal\u00f3n v\u00edn SR<\/p>\n<\/div>\n<div style=\"display: flex; flex-direction: row; align-items: center; margin-bottom: 15px;\">\n<p style=\"margin: 0; min-width: 82px;\"><img loading=\"lazy\" decoding=\"async\" class=\"alignleft wp-image-6364\" style=\"margin-bottom: 0;\" src=\"https:\/\/salonvin.sk\/wp-content\/uploads\/2020\/11\/ikona_vinarstva.png\" alt=\"\" width=\"82\" height=\"82\" srcset=\"https:\/\/salonvin.sk\/wp-content\/uploads\/2020\/11\/ikona_vinarstva.png 500w, https:\/\/salonvin.sk\/wp-content\/uploads\/2020\/11\/ikona_vinarstva-300x300.png 300w, https:\/\/salonvin.sk\/wp-content\/uploads\/2020\/11\/ikona_vinarstva-150x150.png 150w\" sizes=\"(max-width: 82px) 100vw, 82px\" \/><\/p>\n<p style=\"font-weight: 400; margin-left: 10px; margin-bottom: 0;\">Spozn\u00e1te chute a \u0161pecifik\u00e1 v\u00edn zo v\u0161etk\u00fdch 6 vinohradn\u00edckych oblast\u00ed<\/p>\n<\/div>\n<div style=\"display: flex; flex-direction: row; align-items: center; margin-bottom: 15px;\">\n<p style=\"margin: 0; min-width: 82px;\"><img loading=\"lazy\" decoding=\"async\" class=\"alignleft wp-image-6358\" style=\"margin-bottom: 0;\" src=\"https:\/\/salonvin.sk\/wp-content\/uploads\/2020\/11\/ikona_kolekcia_flias.png\" alt=\"\" width=\"82\" height=\"82\" srcset=\"https:\/\/salonvin.sk\/wp-content\/uploads\/2020\/11\/ikona_kolekcia_flias.png 500w, https:\/\/salonvin.sk\/wp-content\/uploads\/2020\/11\/ikona_kolekcia_flias-300x300.png 300w, https:\/\/salonvin.sk\/wp-content\/uploads\/2020\/11\/ikona_kolekcia_flias-150x150.png 150w\" sizes=\"(max-width: 82px) 100vw, 82px\" \/><\/p>\n<p style=\"font-weight: 400; margin-left: 10px; margin-bottom: 0;\">Exkluz\u00edvne iba u n\u00e1s n\u00e1jdete najkomplexnej\u0161iu zbierku slovensk\u00fdch v\u00edn na jednom mieste<\/p>\n<\/div>\n<div style=\"display: flex; flex-direction: row; align-items: center; margin-bottom: 15px;\">\n<p style=\"margin: 0; min-width: 82px;\"><img loading=\"lazy\" decoding=\"async\" class=\"alignleft wp-image-6361\" style=\"margin-bottom: 0;\" src=\"https:\/\/salonvin.sk\/wp-content\/uploads\/2020\/11\/ikona_somelier.png\" alt=\"\" width=\"82\" height=\"82\" srcset=\"https:\/\/salonvin.sk\/wp-content\/uploads\/2020\/11\/ikona_somelier.png 500w, https:\/\/salonvin.sk\/wp-content\/uploads\/2020\/11\/ikona_somelier-300x300.png 300w, https:\/\/salonvin.sk\/wp-content\/uploads\/2020\/11\/ikona_somelier-150x150.png 150w\" sizes=\"(max-width: 82px) 100vw, 82px\" \/><\/p>\n<p style=\"font-weight: 400; margin-left: 10px; margin-bottom: 0;\">Dozviete sa tajomstv\u00e1 o v\u00edne od n\u00e1\u0161ho dvorn\u00e9ho someli\u00e9ra<\/p>\n<\/div>\n<\/div>\n<h4 style=\"text-align: center;\"><strong>Ako funguje degusta\u010dn\u00fd program 72 v\u00edn za 100 min\u00fat?<\/strong><\/h4>\n<p><img loading=\"lazy\" decoding=\"async\" class=\"aligncenter wp-image-6296\" src=\"https:\/\/salonvin.sk\/wp-content\/uploads\/2020\/01\/salon_web_ikony_ako_to_prebieha.png\" alt=\"\" width=\"746\" height=\"425\" srcset=\"https:\/\/salonvin.sk\/wp-content\/uploads\/2020\/01\/salon_web_ikony_ako_to_prebieha.png 1848w, https:\/\/salonvin.sk\/wp-content\/uploads\/2020\/01\/salon_web_ikony_ako_to_prebieha-600x342.png 600w, https:\/\/salonvin.sk\/wp-content\/uploads\/2020\/01\/salon_web_ikony_ako_to_prebieha-300x171.png 300w, https:\/\/salonvin.sk\/wp-content\/uploads\/2020\/01\/salon_web_ikony_ako_to_prebieha-1024x583.png 1024w\" sizes=\"(max-width: 746px) 100vw, 746px\" \/><\/p>\n<ul>\n<li>dostanete zoznam 72 v\u00edn, ktor\u00e9 m\u00f4\u017eete ochutna\u0165 za 100 min\u00fat<\/li>\n<li>program si mana\u017eujete sami, pod\u013ea svojich chut\u00ed<\/li>\n<li>postupne si nalievate v\u00edna, ktor\u00e9 s\u00fa zachladen\u00e9 a rozdelen\u00e9 pod\u013ea someli\u00e9rskych z\u00e1konitost\u00ed do piatich miestnost\u00ed od \u013eahk\u00fdch v\u00edn a sektov, cez rizlingy, pinoty, sauvignony, aromatick\u00e9 v\u00edna, ru\u017eov\u00e9 a v z\u00e1vere \u010derven\u00e9 v\u00ednka<\/li>\n<li>degusta\u010dn\u00fd program je pod\u00e1van\u00fd s chleb\u00edkom<\/li>\n<\/ul>\n<\/div><\/div><div class=\"w-separator size_custom\" style=\"height:30px\"><\/div><div class=\"w-btn-wrapper align_center\"><a class=\"w-btn us-btn-style_1\" href=\"https:\/\/salonvin.sk\/produkt\/darujte-vynimocny-darcek-svetovej-urovne\/\"><span class=\"w-btn-label\">K\u00fapi\u0165 teraz<\/span><\/a><\/div><\/div><\/div><\/div><\/div><\/div><\/section><section class=\"l-section wpb_row height_medium\"><div class=\"l-section-h i-cf\"><div class=\"g-cols vc_row via_flex valign_top type_default stacking_default\"><div class=\"vc_col-sm-12 wpb_column vc_column_container\"><div class=\"vc_column-inner\"><div class=\"wpb_wrapper\"><div class=\"wpb_text_column\"><div class=\"wpb_wrapper\"><p>*Ak ho potrebujete ihne\u010f, vieme v\u00e1m posla\u0165 <strong>tla\u010dite\u013en\u00e9 pdfko<\/strong>, ktor\u00e9 si vytla\u010d\u00edte z pohodlia domova a origin\u00e1l v\u00e1m pr\u00edde po\u0161tou.<\/p>\n<p><em>*Dar\u010dekov\u00fd poukaz na program <strong>72 v\u00edn za 100\u00a0 min\u00fa<\/strong>t m\u00e1 platnos\u0165 1 rok, to znamen\u00e1, \u017ee vy\u010derpa\u0165 ho m\u00f4\u017eete do 1 roka a vzh\u013eadom na s\u00fa\u010dasn\u00fa situ\u00e1ciu vieme pred\u013a\u017ei\u0165 v pr\u00edpade potreby e\u0161te o 3 mesiace dlh\u0161ie alebo sa dohodn\u00fa\u0165.<\/em><\/p>\n<p><em>*Dar\u010dekov\u00fd poukaz pr\u00edde v sl\u00e1vnostnom balen\u00ed s priestorom na v\u00e1\u0161 osobn\u00fd text\/venovanie.<\/em><\/p>\n<\/div><\/div><div class=\"w-image align_center\"><div class=\"w-image-h\"><img decoding=\"async\" width=\"600\" height=\"400\" src=\"https:\/\/salonvin.sk\/wp-content\/uploads\/2020\/01\/salon-interier-600x400.jpg\" class=\"attachment-shop_single size-shop_single\" alt=\"\" loading=\"lazy\" srcset=\"https:\/\/salonvin.sk\/wp-content\/uploads\/2020\/01\/salon-interier-600x400.jpg 600w, https:\/\/salonvin.sk\/wp-content\/uploads\/2020\/01\/salon-interier-300x200.jpg 300w, https:\/\/salonvin.sk\/wp-content\/uploads\/2020\/01\/salon-interier-1024x683.jpg 1024w, https:\/\/salonvin.sk\/wp-content\/uploads\/2020\/01\/salon-interier.jpg 1200w\" sizes=\"(max-width: 600px) 100vw, 600px\" \/><\/div><\/div><\/div><\/div><\/div><\/div><\/div><\/section><section class=\"l-section wpb_row height_medium\"><div class=\"l-section-h i-cf\"><div class=\"g-cols vc_row via_flex valign_top type_default stacking_default\"><div class=\"vc_col-sm-12 wpb_column vc_column_container\"><div class=\"vc_column-inner\"><div class=\"wpb_wrapper\"><div class=\"wpb_text_column\"><div class=\"wpb_wrapper\"><h4><strong>\u010co hovoria t\u00ed, \u010do n\u00e1s nav\u0161t\u00edvili a odpor\u00fa\u010daj\u00fa n\u00e1s:<\/strong><\/h4>\n<p><strong><img loading=\"lazy\" decoding=\"async\" class=\" wp-image-6302 alignleft\" src=\"https:\/\/salonvin.sk\/wp-content\/uploads\/2020\/01\/muz_ikonka.png\" alt=\"\" width=\"115\" height=\"115\" srcset=\"https:\/\/salonvin.sk\/wp-content\/uploads\/2020\/01\/muz_ikonka.png 512w, https:\/\/salonvin.sk\/wp-content\/uploads\/2020\/01\/muz_ikonka-300x300.png 300w, https:\/\/salonvin.sk\/wp-content\/uploads\/2020\/01\/muz_ikonka-150x150.png 150w\" sizes=\"(max-width: 115px) 100vw, 115px\" \/>RH_Han\u00e1k:<\/strong> \u201eVyu\u017eili jsme volnou konzumaci 72 vzork\u016f v\u00edn. V\u00edna byla kvalitn\u00ed a ka\u017ed\u00fd byl schopen si vybrat podle sv\u00fdch preferenc\u00ed. K ochutn\u00e1vce je mo\u017eno si p\u0159edem objednat mal\u00e9 ob\u010derstven\u00ed, \u010deho\u017e jsme vyu\u017eili. Person\u00e1l je velmi ochotn\u00fd. Vybran\u00e1 v\u00edna jsme si n\u00e1sleduj\u00edc\u00ed den koupili dom\u016f.<\/p>\n<p>&nbsp;<\/p>\n<p>&nbsp;<\/p>\n<p><b> <img loading=\"lazy\" decoding=\"async\" class=\"wp-image-6302 alignleft\" src=\"https:\/\/salonvin.sk\/wp-content\/uploads\/2020\/01\/muz_ikonka.png\" alt=\"\" width=\"116\" height=\"116\" srcset=\"https:\/\/salonvin.sk\/wp-content\/uploads\/2020\/01\/muz_ikonka.png 512w, https:\/\/salonvin.sk\/wp-content\/uploads\/2020\/01\/muz_ikonka-300x300.png 300w, https:\/\/salonvin.sk\/wp-content\/uploads\/2020\/01\/muz_ikonka-150x150.png 150w\" sizes=\"(max-width: 116px) 100vw, 116px\" \/>Lewis_England_9<\/b>: \u201ePo\u010duli sme o programe 72 v\u00edn za 100 min\u00fat od na\u0161ich priate\u013eov. \u00a0 Na\u0161ich 100 min\u00fat, ktor\u00e9 sme mali, sme si u\u017eili nieko\u013eko skvel\u00fdch a rozmanit\u00fdch v\u00edn, ktor\u00e9 sme si skuto\u010dne u\u017eili.\u00a0 Dvaja zamestnanci, ktor\u00ed sa o n\u00e1s starali, mali \u00fa\u017easn\u00e9 znalosti o v\u00edne. To bolo pre n\u00e1s to prav\u00e9 a hodnota za peniaze. Miesto by sme odporu\u010dili pod\u013ea toho, ktor\u00fa mo\u017enos\u0165 si vyberiete, aby ste presk\u00famali slovensk\u00e9 v\u00edna, ktor\u00e9 s\u00fa mimochodom vynikaj\u00face! V\u010faka!&#8221;<\/p>\n<p>&nbsp;<\/p>\n<p>&nbsp;<\/p>\n<p><img loading=\"lazy\" decoding=\"async\" class=\" wp-image-6302 alignleft\" src=\"https:\/\/salonvin.sk\/wp-content\/uploads\/2020\/01\/muz_ikonka.png\" alt=\"\" width=\"106\" height=\"106\" srcset=\"https:\/\/salonvin.sk\/wp-content\/uploads\/2020\/01\/muz_ikonka.png 512w, https:\/\/salonvin.sk\/wp-content\/uploads\/2020\/01\/muz_ikonka-300x300.png 300w, https:\/\/salonvin.sk\/wp-content\/uploads\/2020\/01\/muz_ikonka-150x150.png 150w\" sizes=\"(max-width: 106px) 100vw, 106px\" \/><b>Maro\u0161 Plitko, PR specialist BTB<\/b>: \u201eN\u00e1rodn\u00fd sal\u00f3n v\u00edn je s preh\u013eadom najlep\u0161ia mo\u017enos\u0165, ak chcete ochutna\u0165 tie najlep\u0161ie slovensk\u00e9 v\u00edna, str\u00e1vi\u0165 ve\u010der v pr\u00edjemnom prostred\u00ed a dozvedie\u0165 sa o nich ve\u013ea zauj\u00edmav\u00fdch inform\u00e1ci\u00ed. Ak sa vo v\u00ednach nevyzn\u00e1te, porad\u00ed v\u00e1m someli\u00e9r. Navy\u0161e je to \u00faplne v centre mesta Bratislavy a cenovo pr\u00edstupn\u00e9.\u201c<\/p>\n<p>&nbsp;<\/p>\n<\/div><\/div><div class=\"w-btn-wrapper align_center\"><a class=\"w-btn us-btn-style_1 us_custom_eb849559\" href=\"https:\/\/salonvin.sk\/produkt\/darujte-vynimocny-darcek-svetovej-urovne\/\"><span class=\"w-btn-label\">K\u00fapi\u0165 teraz<\/span><\/a><\/div><\/div><\/div><\/div><\/div><\/div><\/section><section class=\"l-section wpb_row height_medium\"><div class=\"l-section-h i-cf\"><div class=\"g-cols vc_row via_flex valign_top type_default stacking_default\"><div class=\"vc_col-sm-12 wpb_column vc_column_container\"><div class=\"vc_column-inner\"><div class=\"wpb_wrapper\"><div class=\"w-contacts\"><div class=\"w-contacts-list\"><div class=\"w-contacts-item for_address\"><span class=\"w-contacts-item-value\">Radni\u010dn\u00e1 1, Bratislavva<\/span><\/div><div class=\"w-contacts-item for_phone\"><span class=\"w-contacts-item-value\">+421 918 664 992<\/span><\/div><div class=\"w-contacts-item for_mobile\"><span class=\"w-contacts-item-value\">+421 918 664 992<\/span><\/div><div class=\"w-contacts-item for_email\"><span class=\"w-contacts-item-value\"><a href=\"mailto:info@salonvin.sk\">info@salonvin.sk<\/a><\/span><\/div><\/div><\/div><\/div><\/div><\/div><\/div><\/div><\/section>\n","protected":false},"excerpt":{"rendered":"Darujte v\u00fdnimo\u010dn\u00fd dar\u010dek svetovej \u00farovne Dar\u010dekov\u00fd poukaz na degusta\u010dn\u00fd program 72 v\u00edn za 100 min\u00fat Cena: 35 eur K\u00fapi\u0165 terazPre\u010do je degust\u00e1cia top 72 slovensk\u00fdch v\u00edn za 100 min\u00fat v\u00fdnimo\u010dn\u00fdm z\u00e1\u017eitkom: Ocitnete sa v historickej pivnici z 18. storo\u010dia, M\u00fazea vinohradn\u00edctva a vin\u00e1rstva Ochutn\u00e1te top 72 slovensk\u00fdch v\u00edn, ktor\u00e9 vybrali odborn\u00edci v najvy\u0161\u0161ej vin\u00e1rskej s\u00fa\u0165a\u017ei...","protected":false},"author":2,"featured_media":6616,"parent":37,"menu_order":0,"comment_status":"closed","ping_status":"closed","template":"","meta":{"footnotes":""},"class_list":["post-6333","page","type-page","status-publish","has-post-thumbnail","hentry"],"yoast_head":"<!-- This site is optimized with the Yoast SEO plugin v25.6 - https:\/\/yoast.com\/wordpress\/plugins\/seo\/ -->\n<title>Darujte v\u00fdnimo\u010dn\u00fd dar\u010dek svetovej \u00farovne - Sal\u00f3n v\u00edn<\/title>\n<meta name=\"robots\" content=\"index, follow, max-snippet:-1, max-image-preview:large, max-video-preview:-1\" \/>\n<link rel=\"canonical\" href=\"https:\/\/salonvin.sk\/de\/eshop\/darujte-vynimocny-darcek-svetovej-urovne\/\" \/>\n<meta property=\"og:locale\" content=\"de_DE\" \/>\n<meta property=\"og:type\" content=\"article\" \/>\n<meta property=\"og:title\" content=\"Darujte v\u00fdnimo\u010dn\u00fd dar\u010dek svetovej \u00farovne - Sal\u00f3n v\u00edn\" \/>\n<meta property=\"og:url\" content=\"https:\/\/salonvin.sk\/de\/eshop\/darujte-vynimocny-darcek-svetovej-urovne\/\" \/>\n<meta property=\"og:site_name\" content=\"Sal\u00f3n v\u00edn\" \/>\n<meta property=\"article:publisher\" content=\"https:\/\/www.facebook.com\/narodnysalonvinslovenskejrepubliky\/\" \/>\n<meta property=\"article:modified_time\" content=\"2024-11-19T12:04:27+00:00\" \/>\n<meta property=\"og:image\" content=\"https:\/\/salonvin.sk\/wp-content\/uploads\/2020\/11\/darcekovy-poukaz-kampan-flasa.png\" \/>\n\t<meta property=\"og:image:width\" content=\"960\" \/>\n\t<meta property=\"og:image:height\" content=\"768\" \/>\n\t<meta property=\"og:image:type\" content=\"image\/png\" \/>\n<meta name=\"twitter:card\" content=\"summary_large_image\" \/>\n<meta name=\"twitter:label1\" content=\"Gesch\u00e4tzte Lesezeit\" \/>\n\t<meta name=\"twitter:data1\" content=\"5\u00a0Minuten\" \/>\n<script type=\"application\/ld+json\" class=\"yoast-schema-graph\">{\"@context\":\"https:\/\/schema.org\",\"@graph\":[{\"@type\":\"WebPage\",\"@id\":\"https:\/\/salonvin.sk\/de\/eshop\/darujte-vynimocny-darcek-svetovej-urovne\/\",\"url\":\"https:\/\/salonvin.sk\/de\/eshop\/darujte-vynimocny-darcek-svetovej-urovne\/\",\"name\":\"Darujte v\u00fdnimo\u010dn\u00fd dar\u010dek svetovej \u00farovne - Sal\u00f3n v\u00edn\",\"isPartOf\":{\"@id\":\"https:\/\/salonvin.sk\/de\/#website\"},\"primaryImageOfPage\":{\"@id\":\"https:\/\/salonvin.sk\/de\/eshop\/darujte-vynimocny-darcek-svetovej-urovne\/#primaryimage\"},\"image\":{\"@id\":\"https:\/\/salonvin.sk\/de\/eshop\/darujte-vynimocny-darcek-svetovej-urovne\/#primaryimage\"},\"thumbnailUrl\":\"https:\/\/salonvin.sk\/wp-content\/uploads\/2020\/11\/darcekovy-poukaz-kampan-flasa.png\",\"datePublished\":\"2020-11-03T15:20:12+00:00\",\"dateModified\":\"2024-11-19T12:04:27+00:00\",\"breadcrumb\":{\"@id\":\"https:\/\/salonvin.sk\/de\/eshop\/darujte-vynimocny-darcek-svetovej-urovne\/#breadcrumb\"},\"inLanguage\":\"de\",\"potentialAction\":[{\"@type\":\"ReadAction\",\"target\":[\"https:\/\/salonvin.sk\/de\/eshop\/darujte-vynimocny-darcek-svetovej-urovne\/\"]}]},{\"@type\":\"ImageObject\",\"inLanguage\":\"de\",\"@id\":\"https:\/\/salonvin.sk\/de\/eshop\/darujte-vynimocny-darcek-svetovej-urovne\/#primaryimage\",\"url\":\"https:\/\/salonvin.sk\/wp-content\/uploads\/2020\/11\/darcekovy-poukaz-kampan-flasa.png\",\"contentUrl\":\"https:\/\/salonvin.sk\/wp-content\/uploads\/2020\/11\/darcekovy-poukaz-kampan-flasa.png\",\"width\":960,\"height\":768},{\"@type\":\"BreadcrumbList\",\"@id\":\"https:\/\/salonvin.sk\/de\/eshop\/darujte-vynimocny-darcek-svetovej-urovne\/#breadcrumb\",\"itemListElement\":[{\"@type\":\"ListItem\",\"position\":1,\"name\":\"Home\",\"item\":\"https:\/\/salonvin.sk\/de\/\"},{\"@type\":\"ListItem\",\"position\":2,\"name\":\"Eshop\",\"item\":\"https:\/\/salonvin.sk\/de\/eshop\/\"},{\"@type\":\"ListItem\",\"position\":3,\"name\":\"Darujte v\u00fdnimo\u010dn\u00fd dar\u010dek svetovej \u00farovne\"}]},{\"@type\":\"WebSite\",\"@id\":\"https:\/\/salonvin.sk\/de\/#website\",\"url\":\"https:\/\/salonvin.sk\/de\/\",\"name\":\"Sal\u00f3n v\u00edn\",\"description\":\"\",\"potentialAction\":[{\"@type\":\"SearchAction\",\"target\":{\"@type\":\"EntryPoint\",\"urlTemplate\":\"https:\/\/salonvin.sk\/de\/?s={search_term_string}\"},\"query-input\":{\"@type\":\"PropertyValueSpecification\",\"valueRequired\":true,\"valueName\":\"search_term_string\"}}],\"inLanguage\":\"de\"}]}<\/script>\n<!-- \/ Yoast SEO plugin. -->","yoast_head_json":{"title":"Darujte v\u00fdnimo\u010dn\u00fd dar\u010dek svetovej \u00farovne - Sal\u00f3n v\u00edn","robots":{"index":"index","follow":"follow","max-snippet":"max-snippet:-1","max-image-preview":"max-image-preview:large","max-video-preview":"max-video-preview:-1"},"canonical":"https:\/\/salonvin.sk\/de\/eshop\/darujte-vynimocny-darcek-svetovej-urovne\/","og_locale":"de_DE","og_type":"article","og_title":"Darujte v\u00fdnimo\u010dn\u00fd dar\u010dek svetovej \u00farovne - Sal\u00f3n v\u00edn","og_url":"https:\/\/salonvin.sk\/de\/eshop\/darujte-vynimocny-darcek-svetovej-urovne\/","og_site_name":"Sal\u00f3n v\u00edn","article_publisher":"https:\/\/www.facebook.com\/narodnysalonvinslovenskejrepubliky\/","article_modified_time":"2024-11-19T12:04:27+00:00","og_image":[{"width":960,"height":768,"url":"https:\/\/salonvin.sk\/wp-content\/uploads\/2020\/11\/darcekovy-poukaz-kampan-flasa.png","type":"image\/png"}],"twitter_card":"summary_large_image","twitter_misc":{"Gesch\u00e4tzte Lesezeit":"5\u00a0Minuten"},"schema":{"@context":"https:\/\/schema.org","@graph":[{"@type":"WebPage","@id":"https:\/\/salonvin.sk\/de\/eshop\/darujte-vynimocny-darcek-svetovej-urovne\/","url":"https:\/\/salonvin.sk\/de\/eshop\/darujte-vynimocny-darcek-svetovej-urovne\/","name":"Darujte v\u00fdnimo\u010dn\u00fd dar\u010dek svetovej \u00farovne - Sal\u00f3n v\u00edn","isPartOf":{"@id":"https:\/\/salonvin.sk\/de\/#website"},"primaryImageOfPage":{"@id":"https:\/\/salonvin.sk\/de\/eshop\/darujte-vynimocny-darcek-svetovej-urovne\/#primaryimage"},"image":{"@id":"https:\/\/salonvin.sk\/de\/eshop\/darujte-vynimocny-darcek-svetovej-urovne\/#primaryimage"},"thumbnailUrl":"https:\/\/salonvin.sk\/wp-content\/uploads\/2020\/11\/darcekovy-poukaz-kampan-flasa.png","datePublished":"2020-11-03T15:20:12+00:00","dateModified":"2024-11-19T12:04:27+00:00","breadcrumb":{"@id":"https:\/\/salonvin.sk\/de\/eshop\/darujte-vynimocny-darcek-svetovej-urovne\/#breadcrumb"},"inLanguage":"de","potentialAction":[{"@type":"ReadAction","target":["https:\/\/salonvin.sk\/de\/eshop\/darujte-vynimocny-darcek-svetovej-urovne\/"]}]},{"@type":"ImageObject","inLanguage":"de","@id":"https:\/\/salonvin.sk\/de\/eshop\/darujte-vynimocny-darcek-svetovej-urovne\/#primaryimage","url":"https:\/\/salonvin.sk\/wp-content\/uploads\/2020\/11\/darcekovy-poukaz-kampan-flasa.png","contentUrl":"https:\/\/salonvin.sk\/wp-content\/uploads\/2020\/11\/darcekovy-poukaz-kampan-flasa.png","width":960,"height":768},{"@type":"BreadcrumbList","@id":"https:\/\/salonvin.sk\/de\/eshop\/darujte-vynimocny-darcek-svetovej-urovne\/#breadcrumb","itemListElement":[{"@type":"ListItem","position":1,"name":"Home","item":"https:\/\/salonvin.sk\/de\/"},{"@type":"ListItem","position":2,"name":"Eshop","item":"https:\/\/salonvin.sk\/de\/eshop\/"},{"@type":"ListItem","position":3,"name":"Darujte v\u00fdnimo\u010dn\u00fd dar\u010dek svetovej \u00farovne"}]},{"@type":"WebSite","@id":"https:\/\/salonvin.sk\/de\/#website","url":"https:\/\/salonvin.sk\/de\/","name":"Sal\u00f3n v\u00edn","description":"","potentialAction":[{"@type":"SearchAction","target":{"@type":"EntryPoint","urlTemplate":"https:\/\/salonvin.sk\/de\/?s={search_term_string}"},"query-input":{"@type":"PropertyValueSpecification","valueRequired":true,"valueName":"search_term_string"}}],"inLanguage":"de"}]}},"_links":{"self":[{"href":"https:\/\/salonvin.sk\/de\/wp-json\/wp\/v2\/pages\/6333"}],"collection":[{"href":"https:\/\/salonvin.sk\/de\/wp-json\/wp\/v2\/pages"}],"about":[{"href":"https:\/\/salonvin.sk\/de\/wp-json\/wp\/v2\/types\/page"}],"author":[{"embeddable":true,"href":"https:\/\/salonvin.sk\/de\/wp-json\/wp\/v2\/users\/2"}],"replies":[{"embeddable":true,"href":"https:\/\/salonvin.sk\/de\/wp-json\/wp\/v2\/comments?post=6333"}],"version-history":[{"count":5,"href":"https:\/\/salonvin.sk\/de\/wp-json\/wp\/v2\/pages\/6333\/revisions"}],"predecessor-version":[{"id":28764,"href":"https:\/\/salonvin.sk\/de\/wp-json\/wp\/v2\/pages\/6333\/revisions\/28764"}],"up":[{"embeddable":true,"href":"https:\/\/salonvin.sk\/de\/wp-json\/wp\/v2\/pages\/37"}],"wp:featuredmedia":[{"embeddable":true,"href":"https:\/\/salonvin.sk\/de\/wp-json\/wp\/v2\/media\/6616"}],"wp:attachment":[{"href":"https:\/\/salonvin.sk\/de\/wp-json\/wp\/v2\/media?parent=6333"}],"curies":[{"name":"wp","href":"https:\/\/api.w.org\/{rel}","templated":true}]}}