{"id":9173,"date":"2021-06-22T16:01:48","date_gmt":"2021-06-22T14:01:48","guid":{"rendered":"https:\/\/salonvin.sk\/?page_id=9173"},"modified":"2021-06-22T16:01:48","modified_gmt":"2021-06-22T14:01:48","slug":"eshop","status":"publish","type":"page","link":"https:\/\/salonvin.sk\/de\/eshop\/","title":{"rendered":"Eshop"},"content":{"rendered":"<section class=\"l-section wpb_row height_medium\"><div class=\"l-section-h i-cf\"><div class=\"g-cols vc_row via_flex valign_top type_default stacking_default\"><div class=\"vc_col-sm-3 wpb_column vc_column_container\"><div class=\"vc_column-inner\"><div class=\"wpb_wrapper\"><form class=\"w-filter for_grid state_desktop us-field-style_1 layout_ver items_10 mod_default\" action onsubmit=\"return false;\" onclick='return {&quot;filterPrefix&quot;:&quot;filter&quot;,&quot;hideDisabledValues&quot;:false,&quot;layout&quot;:&quot;ver&quot;,&quot;mobileWidth&quot;:600,&quot;use_grid&quot;:&quot;first&quot;,&quot;gridNotFoundMessage&quot;:&quot;Nothing to filter. Add a suitable Grid to this page.&quot;}'><div class=\"w-filter-list\"><div class=\"w-filter-list-title\">Filtrova\u0165<\/div><button class=\"w-filter-list-closer\" title=\"Schlie\u00dfen\" aria-label=\"Schlie\u00dfen\"><\/button><div class=\"w-filter-item type_range\" data-source=\"cf|_price\"><button class=\"w-filter-item-title\">Preis<span><\/span><\/button><a class=\"w-filter-item-reset\" href=\"#\" title=\"Zur\u00fccksetzen\"><span>Zur\u00fccksetzen<\/span><\/a><div class=\"w-filter-item-content\"><div class=\"w-filter-item-values\" data-maxheight=\"14vh\" style=\"max-height:14vh\"><input class=\"w-filter-item-value-input\" aria-label=\"Min.\" placeholder=\"4.7\" type=\"text\" data-name=\"min_value\" inputmode=\"numeric\"><input class=\"w-filter-item-value-input\" aria-label=\"Max.\" placeholder=\"100\" type=\"text\" data-name=\"max_value\" inputmode=\"numeric\"><input type=\"hidden\" name=\"filter__price\" value><\/div><\/div><\/div><\/div><div class=\"w-filter-list-panel\"><button class=\"w-btn us-btn-style_1\"><span class=\"w-btn-label\">Anwenden<\/span><\/button><\/div><style>@media( max-width:600px ){.w-filter.state_desktop .w-filter-list,.w-filter-item-title>span{display:none}.w-filter-opener{display:inline-block}}<\/style><button class=\"w-filter-opener w-btn us-btn-style_3\"><span>Filtrova\u0165<\/span><\/button><div class=\"w-filter-json-filters-args hidden\" onclick='return {&quot;wc_min_max_price&quot;:true}'><\/div><\/form><\/div><\/div><\/div><div class=\"vc_col-sm-9 wpb_column vc_column_container\"><div class=\"vc_column-inner\"><div class=\"wpb_wrapper\"><div class=\"w-grid us_grid type_grid layout_shop_modern no_results cols_3 pagination_infinite overflow_hidden preload_style_spinner\" id=\"us_grid_1\" style=\"--columns:3;--gap:0.5rem;\" data-filterable=\"true\"><style>@media (max-width:1024px){#us_grid_1{--columns:2!important}}@media (max-width:600px){#us_grid_1{--columns:1!important}}.layout_shop_modern .w-grid-item-h{background:var(--color-content-bg);color:var(--color-content-text);border-radius:var(--site-border-radius);box-shadow:0 0.03rem 0.06rem rgba(0,0,0,0.1),0 0.1rem 0.3rem rgba(0,0,0,0.1);transition-duration:0.3s}.no-touch .layout_shop_modern .w-grid-item-h:hover{box-shadow:0 0.1rem 0.2rem rgba(0,0,0,0.1),0 0.33rem 1rem rgba(0,0,0,0.15);z-index:4}.layout_shop_modern .usg_vwrapper_1{transition-duration:0.2s;transform-origin:50% 50%;transform:scale(1) translate(0%,0%)}.layout_shop_modern .w-grid-item-h:focus-within .usg_vwrapper_1,.layout_shop_modern .w-grid-item-h:hover .usg_vwrapper_1{transform:scale(1) translate(0%,-2.4rem);opacity:1}.layout_shop_modern .usg_add_to_cart_1{transition-duration:0.3s;transform-origin:50% 50%;transform:scale(1) translate(0%,0%);opacity:0}.layout_shop_modern .w-grid-item-h:focus-within .usg_add_to_cart_1,.layout_shop_modern .w-grid-item-h:hover .usg_add_to_cart_1{transform:scale(1) translate(0%,0%);opacity:1}.layout_shop_modern .usg_product_field_1{color:#fff!important;font-size:12px!important;font-weight:700!important;text-transform:uppercase!important;position:absolute!important;top:10px!important;left:10px!important;padding-right:0.8rem!important;padding-left:0.8rem!important;border-radius:9em!important;background:var(--color-content-primary)!important}.layout_shop_modern .usg_vwrapper_1{background:inherit!important;padding:1rem 1.2rem 1rem 1.2rem!important}.layout_shop_modern .usg_post_title_1{color:inherit!important;font-size:1rem!important;margin-bottom:0.3rem!important}.layout_shop_modern .usg_product_field_2{margin-bottom:0.3rem!important}.layout_shop_modern .usg_product_field_3{font-weight:700!important}.layout_shop_modern .usg_add_to_cart_1{font-size:0.8rem!important;width:100%!important;border-radius:0!important;position:absolute!important;right:0!important;bottom:0!important;left:0!important}<\/style><div class=\"w-grid-list\"><\/div>\t<div class=\"w-grid-preloader\">\r\n\t\t<div class=\"g-preloader type_1\">\r\n\t\t\t<div><\/div>\r\n\t\t<\/div>\r\n\t<\/div>\r\n\t\t<div class=\"w-grid-json hidden\" onclick='return {&quot;action&quot;:&quot;us_ajax_grid&quot;,&quot;infinite_scroll&quot;:0,&quot;max_num_pages&quot;:0,&quot;pagination&quot;:&quot;infinite&quot;,&quot;template_vars&quot;:{&quot;columns&quot;:&quot;3&quot;,&quot;exclude_items&quot;:&quot;none&quot;,&quot;img_size&quot;:&quot;full&quot;,&quot;ignore_items_size&quot;:0,&quot;items_layout&quot;:&quot;shop_modern&quot;,&quot;items_offset&quot;:&quot;1&quot;,&quot;load_animation&quot;:&quot;none&quot;,&quot;overriding_link&quot;:&quot;{\\&quot;url\\&quot;:\\&quot;\\&quot;}&quot;,&quot;post_id&quot;:0,&quot;query_args&quot;:{&quot;post_type&quot;:[&quot;product&quot;],&quot;tax_query&quot;:[{&quot;taxonomy&quot;:&quot;product_cat&quot;,&quot;field&quot;:&quot;slug&quot;,&quot;terms&quot;:[&quot;druh-vina&quot;,&quot;vsetky-vina&quot;]},{&quot;taxonomy&quot;:&quot;product_visibility&quot;,&quot;field&quot;:&quot;slug&quot;,&quot;terms&quot;:[&quot;exclude-from-catalog&quot;],&quot;operator&quot;:&quot;NOT IN&quot;}],&quot;post_status&quot;:[&quot;publish&quot;],&quot;meta_query&quot;:[],&quot;posts_per_page&quot;:&quot;9&quot;},&quot;orderby_query_args&quot;:{&quot;orderby&quot;:{&quot;date&quot;:&quot;DESC&quot;}},&quot;type&quot;:&quot;grid&quot;,&quot;us_grid_post_type&quot;:&quot;product&quot;,&quot;us_grid_ajax_index&quot;:1,&quot;us_grid_filter_query_string&quot;:null,&quot;us_grid_index&quot;:1,&quot;page_args&quot;:[],&quot;lang&quot;:&quot;de&quot;}}'><\/div>\r\n\t<\/div><div class=\"w-grid-none type_message\">Es wurden keine Ergebnisse gefunden.<\/div><\/div><\/div><\/div><\/div><\/div><\/section><section class=\"l-section wpb_row height_medium\"><div class=\"l-section-h i-cf\"><div class=\"g-cols vc_row via_flex valign_top type_default stacking_default\"><div class=\"vc_col-sm-12 wpb_column vc_column_container\"><div class=\"vc_column-inner\"><div class=\"wpb_wrapper\"><\/div><\/div><\/div><\/div><\/div><\/section><section class=\"l-section wpb_row height_medium\"><div class=\"l-section-h i-cf\"><div class=\"g-cols vc_row via_flex valign_top type_default stacking_default\"><div class=\"vc_col-sm-12 wpb_column vc_column_container\"><div class=\"vc_column-inner\"><div class=\"wpb_wrapper\"><\/div><\/div><\/div><\/div><\/div><\/section>\n","protected":false},"excerpt":{"rendered":"Filtrova\u0165PreisZur\u00fccksetzenAnwendenFiltrova\u0165 Es wurden keine Ergebnisse gefunden.","protected":false},"author":2,"featured_media":1598,"parent":0,"menu_order":0,"comment_status":"closed","ping_status":"open","template":"","meta":{"footnotes":""},"class_list":["post-9173","page","type-page","status-publish","has-post-thumbnail","hentry"],"yoast_head":"<!-- This site is optimized with the Yoast SEO plugin v25.6 - https:\/\/yoast.com\/wordpress\/plugins\/seo\/ -->\n<title>Eshop - Sal\u00f3n v\u00edn<\/title>\n<meta name=\"robots\" content=\"index, follow, max-snippet:-1, max-image-preview:large, max-video-preview:-1\" \/>\n<link rel=\"canonical\" href=\"https:\/\/salonvin.sk\/de\/eshop\/\" \/>\n<meta property=\"og:locale\" content=\"de_DE\" \/>\n<meta property=\"og:type\" content=\"article\" \/>\n<meta property=\"og:title\" content=\"Eshop - Sal\u00f3n v\u00edn\" \/>\n<meta property=\"og:url\" content=\"https:\/\/salonvin.sk\/de\/eshop\/\" \/>\n<meta property=\"og:site_name\" content=\"Sal\u00f3n v\u00edn\" \/>\n<meta property=\"article:publisher\" content=\"https:\/\/www.facebook.com\/narodnysalonvinslovenskejrepubliky\/\" \/>\n<meta property=\"og:image\" content=\"https:\/\/salonvin.sk\/wp-content\/uploads\/2019\/10\/narodny-salon-vin-ochutnavka-vin-vinoteka-17.jpeg\" \/>\n\t<meta property=\"og:image:width\" content=\"1920\" \/>\n\t<meta property=\"og:image:height\" content=\"1280\" \/>\n\t<meta property=\"og:image:type\" content=\"image\/jpeg\" \/>\n<meta name=\"twitter:card\" content=\"summary_large_image\" \/>\n<meta name=\"twitter:label1\" content=\"Gesch\u00e4tzte Lesezeit\" \/>\n\t<meta name=\"twitter:data1\" content=\"1\u00a0Minute\" \/>\n<script type=\"application\/ld+json\" class=\"yoast-schema-graph\">{\"@context\":\"https:\/\/schema.org\",\"@graph\":[{\"@type\":\"WebPage\",\"@id\":\"https:\/\/salonvin.sk\/de\/eshop\/\",\"url\":\"https:\/\/salonvin.sk\/de\/eshop\/\",\"name\":\"Eshop - Sal\u00f3n v\u00edn\",\"isPartOf\":{\"@id\":\"https:\/\/salonvin.sk\/de\/#website\"},\"primaryImageOfPage\":{\"@id\":\"https:\/\/salonvin.sk\/de\/eshop\/#primaryimage\"},\"image\":{\"@id\":\"https:\/\/salonvin.sk\/de\/eshop\/#primaryimage\"},\"thumbnailUrl\":\"https:\/\/salonvin.sk\/wp-content\/uploads\/2019\/10\/narodny-salon-vin-ochutnavka-vin-vinoteka-17.jpeg\",\"datePublished\":\"2021-06-22T14:01:48+00:00\",\"breadcrumb\":{\"@id\":\"https:\/\/salonvin.sk\/de\/eshop\/#breadcrumb\"},\"inLanguage\":\"de\",\"potentialAction\":[{\"@type\":\"ReadAction\",\"target\":[\"https:\/\/salonvin.sk\/de\/eshop\/\"]}]},{\"@type\":\"ImageObject\",\"inLanguage\":\"de\",\"@id\":\"https:\/\/salonvin.sk\/de\/eshop\/#primaryimage\",\"url\":\"https:\/\/salonvin.sk\/wp-content\/uploads\/2019\/10\/narodny-salon-vin-ochutnavka-vin-vinoteka-17.jpeg\",\"contentUrl\":\"https:\/\/salonvin.sk\/wp-content\/uploads\/2019\/10\/narodny-salon-vin-ochutnavka-vin-vinoteka-17.jpeg\",\"width\":1920,\"height\":1280},{\"@type\":\"BreadcrumbList\",\"@id\":\"https:\/\/salonvin.sk\/de\/eshop\/#breadcrumb\",\"itemListElement\":[{\"@type\":\"ListItem\",\"position\":1,\"name\":\"Home\",\"item\":\"https:\/\/salonvin.sk\/de\/\"},{\"@type\":\"ListItem\",\"position\":2,\"name\":\"Eshop\"}]},{\"@type\":\"WebSite\",\"@id\":\"https:\/\/salonvin.sk\/de\/#website\",\"url\":\"https:\/\/salonvin.sk\/de\/\",\"name\":\"Sal\u00f3n v\u00edn\",\"description\":\"\",\"potentialAction\":[{\"@type\":\"SearchAction\",\"target\":{\"@type\":\"EntryPoint\",\"urlTemplate\":\"https:\/\/salonvin.sk\/de\/?s={search_term_string}\"},\"query-input\":{\"@type\":\"PropertyValueSpecification\",\"valueRequired\":true,\"valueName\":\"search_term_string\"}}],\"inLanguage\":\"de\"}]}<\/script>\n<!-- \/ Yoast SEO plugin. -->","yoast_head_json":{"title":"Eshop - Sal\u00f3n v\u00edn","robots":{"index":"index","follow":"follow","max-snippet":"max-snippet:-1","max-image-preview":"max-image-preview:large","max-video-preview":"max-video-preview:-1"},"canonical":"https:\/\/salonvin.sk\/de\/eshop\/","og_locale":"de_DE","og_type":"article","og_title":"Eshop - Sal\u00f3n v\u00edn","og_url":"https:\/\/salonvin.sk\/de\/eshop\/","og_site_name":"Sal\u00f3n v\u00edn","article_publisher":"https:\/\/www.facebook.com\/narodnysalonvinslovenskejrepubliky\/","og_image":[{"width":1920,"height":1280,"url":"https:\/\/salonvin.sk\/wp-content\/uploads\/2019\/10\/narodny-salon-vin-ochutnavka-vin-vinoteka-17.jpeg","type":"image\/jpeg"}],"twitter_card":"summary_large_image","twitter_misc":{"Gesch\u00e4tzte Lesezeit":"1\u00a0Minute"},"schema":{"@context":"https:\/\/schema.org","@graph":[{"@type":"WebPage","@id":"https:\/\/salonvin.sk\/de\/eshop\/","url":"https:\/\/salonvin.sk\/de\/eshop\/","name":"Eshop - Sal\u00f3n v\u00edn","isPartOf":{"@id":"https:\/\/salonvin.sk\/de\/#website"},"primaryImageOfPage":{"@id":"https:\/\/salonvin.sk\/de\/eshop\/#primaryimage"},"image":{"@id":"https:\/\/salonvin.sk\/de\/eshop\/#primaryimage"},"thumbnailUrl":"https:\/\/salonvin.sk\/wp-content\/uploads\/2019\/10\/narodny-salon-vin-ochutnavka-vin-vinoteka-17.jpeg","datePublished":"2021-06-22T14:01:48+00:00","breadcrumb":{"@id":"https:\/\/salonvin.sk\/de\/eshop\/#breadcrumb"},"inLanguage":"de","potentialAction":[{"@type":"ReadAction","target":["https:\/\/salonvin.sk\/de\/eshop\/"]}]},{"@type":"ImageObject","inLanguage":"de","@id":"https:\/\/salonvin.sk\/de\/eshop\/#primaryimage","url":"https:\/\/salonvin.sk\/wp-content\/uploads\/2019\/10\/narodny-salon-vin-ochutnavka-vin-vinoteka-17.jpeg","contentUrl":"https:\/\/salonvin.sk\/wp-content\/uploads\/2019\/10\/narodny-salon-vin-ochutnavka-vin-vinoteka-17.jpeg","width":1920,"height":1280},{"@type":"BreadcrumbList","@id":"https:\/\/salonvin.sk\/de\/eshop\/#breadcrumb","itemListElement":[{"@type":"ListItem","position":1,"name":"Home","item":"https:\/\/salonvin.sk\/de\/"},{"@type":"ListItem","position":2,"name":"Eshop"}]},{"@type":"WebSite","@id":"https:\/\/salonvin.sk\/de\/#website","url":"https:\/\/salonvin.sk\/de\/","name":"Sal\u00f3n v\u00edn","description":"","potentialAction":[{"@type":"SearchAction","target":{"@type":"EntryPoint","urlTemplate":"https:\/\/salonvin.sk\/de\/?s={search_term_string}"},"query-input":{"@type":"PropertyValueSpecification","valueRequired":true,"valueName":"search_term_string"}}],"inLanguage":"de"}]}},"_links":{"self":[{"href":"https:\/\/salonvin.sk\/de\/wp-json\/wp\/v2\/pages\/9173"}],"collection":[{"href":"https:\/\/salonvin.sk\/de\/wp-json\/wp\/v2\/pages"}],"about":[{"href":"https:\/\/salonvin.sk\/de\/wp-json\/wp\/v2\/types\/page"}],"author":[{"embeddable":true,"href":"https:\/\/salonvin.sk\/de\/wp-json\/wp\/v2\/users\/2"}],"replies":[{"embeddable":true,"href":"https:\/\/salonvin.sk\/de\/wp-json\/wp\/v2\/comments?post=9173"}],"version-history":[{"count":2,"href":"https:\/\/salonvin.sk\/de\/wp-json\/wp\/v2\/pages\/9173\/revisions"}],"predecessor-version":[{"id":9175,"href":"https:\/\/salonvin.sk\/de\/wp-json\/wp\/v2\/pages\/9173\/revisions\/9175"}],"wp:featuredmedia":[{"embeddable":true,"href":"https:\/\/salonvin.sk\/de\/wp-json\/wp\/v2\/media\/1598"}],"wp:attachment":[{"href":"https:\/\/salonvin.sk\/de\/wp-json\/wp\/v2\/media?parent=9173"}],"curies":[{"name":"wp","href":"https:\/\/api.w.org\/{rel}","templated":true}]}}