{"id":1883,"date":"2020-01-08T11:12:23","date_gmt":"2020-01-08T10:12:23","guid":{"rendered":"https:\/\/salonvin.sk\/?page_id=1883"},"modified":"2026-01-29T12:52:53","modified_gmt":"2026-01-29T11:52:53","slug":"home-page","status":"publish","type":"page","link":"https:\/\/salonvin.sk\/en\/","title":{"rendered":"Home page"},"content":{"rendered":"<section class=\"l-section wpb_row height_medium full_height valign_top with_img parallax_ver parallaxdir_reversed\"><div class=\"l-section-img\" role=\"img\" aria-label=\"Image\" data-img-width=\"1920\" data-img-height=\"1280\" style=\"background-image: url(https:\/\/salonvin.sk\/wp-content\/uploads\/2019\/10\/narodny-salon-vin-vinoteka-ochutnavka-vin-14.jpg);background-position: top center;background-repeat: no-repeat;\"><\/div><div class=\"l-section-overlay\" style=\"background:rgba(51,51,51,0.2)\"><\/div><div class=\"l-section-h i-cf\"><div class=\"g-cols vc_row via_flex valign_top type_default stacking_default\"><div class=\"vc_col-sm-7 wpb_column vc_column_container has_bg_color us_animate_afr\"><div class=\"vc_column-inner us_custom_98d77dda\"><div class=\"wpb_wrapper\">[vc_custom_heading text=&#8221;&#8221; font_container=&#8221;tag:h5|text_align:left&#8221;]<div class=\"wpb_text_column\"><div class=\"wpb_wrapper\"><p><strong>The Slovak National Collection of Wines<\/strong>\u00a0is open from\u00a0<strong>Tuesday to Friday<\/strong> from 10:00 to 18:00, and on<strong> Saturday and Sunday<\/strong>\u00a0from 11:00 to 18:00<\/p>\n<p>Reservations are required for wine tastings.<\/p>\n<p>You can make a reservation via<strong>\u00a0email:<\/strong>\u00a0<a href=\"mailto:info@salonvin.sk\">info@salonvin.sk<\/a>, by filling out the form in the contact section or just<strong>\u00a0call:<\/strong><\/p>\n<p>+421 2\/455 299 67<\/p>\n<p>We look forward to your visit<\/p>\n<\/div><\/div><div class=\"w-btn-wrapper align_none\"><a class=\"w-btn us-btn-style_1\" href=\"https:\/\/salonvin.sk\/en\/contact-form\/\"><span class=\"w-btn-label\">Book your wine tasting here<\/span><\/a><\/div><\/div><\/div><\/div><div class=\"vc_col-sm-5 wpb_column vc_column_container\"><div class=\"vc_column-inner\"><div class=\"wpb_wrapper\"><\/div><\/div><\/div><\/div><\/div><\/section><section class=\"l-section wpb_row height_auto with_img\"><div class=\"l-section-img\" role=\"img\" aria-label=\"vinoteka-ochutnavka-vin-vino-eshop-narodny-salon-vin \" data-img-width=\"1920\" data-img-height=\"800\" style=\"background-image: url(https:\/\/salonvin.sk\/wp-content\/uploads\/2019\/09\/vinoteka-ochutnavka-vin-vino-eshop-narodny-salon-vin-10-1-e1567686465117.jpg);\"><\/div><div class=\"l-section-h i-cf\"><div class=\"g-cols vc_row via_flex valign_top type_default stacking_default\"><div class=\"vc_col-sm-12 wpb_column vc_column_container\"><div class=\"vc_column-inner\"><div class=\"wpb_wrapper\"><div class=\"w-separator size_large\"><\/div><div class=\"g-cols wpb_row via_flex valign_top type_default stacking_default\"><div class=\"vc_col-sm-4 wpb_column vc_column_container has_bg_color\"><div class=\"vc_column-inner us_custom_5cef5ce4\"><div class=\"wpb_wrapper\"><div class=\"w-image align_none\"><div class=\"w-image-h\"><img decoding=\"async\" width=\"64\" height=\"64\" src=\"https:\/\/salonvin.sk\/wp-content\/uploads\/2019\/09\/glass-with-wine-1.png\" class=\"attachment-large size-large\" alt=\"\" loading=\"lazy\" \/><\/div><\/div>[vc_custom_heading text=&#8221;Buy our wines&#8221; font_container=&#8221;tag:h4|text_align:left&#8221; use_theme_fonts=&#8221;yes&#8221;]<div class=\"wpb_text_column\"><div class=\"wpb_wrapper\"><p>We offer quality Slovak wines for the best prices in Bratislava\u2019s Old Town, chosen every year through the most prestigious wine competition in Slovakia.<\/p>\n<p>You can purchase them directly in\u00a0<a href=\"https:\/\/salonvin.sk\/en\/contact\/\">N\u00e1rodn\u00fd sal\u00f3n v\u00edn<\/a>.<\/p>\n<p><a href=\"https:\/\/salonvin.sk\/en\/slovak-winery\/top-100-wines\/\">Check out our wine offer &gt;&gt;<\/a><\/p>\n<\/div><\/div><\/div><\/div><\/div><div class=\"vc_col-sm-4 wpb_column vc_column_container has_bg_color\"><div class=\"vc_column-inner us_custom_b3d2f904\"><div class=\"wpb_wrapper\"><div class=\"w-image align_none\"><div class=\"w-image-h\"><img decoding=\"async\" width=\"64\" height=\"64\" src=\"https:\/\/salonvin.sk\/wp-content\/uploads\/2019\/09\/glass-and-bottle-of-wine.png\" class=\"attachment-large size-large\" alt=\"\" loading=\"lazy\" \/><\/div><\/div>[vc_custom_heading text=&#8221;Wine tasting programs&#8221; font_container=&#8221;tag:h4|text_align:left&#8221; use_theme_fonts=&#8221;yes&#8221;]<div class=\"wpb_text_column\"><div class=\"wpb_wrapper\"><p>You can try 80 wines in 100 mins \u2013 our most popular program. Or if you would like to find out more about Slovak viticulture, try a guided wine tasting program with a professional sommelier who will guide you through the wines.<\/p>\n<p><a href=\"https:\/\/salonvin.sk\/en\/experiences\/wine-tasting-programs\/\">Discover our wine tasting programs &gt;&gt;<\/a><\/p>\n<\/div><\/div><\/div><\/div><\/div><div class=\"vc_col-sm-4 wpb_column vc_column_container has_bg_color\"><div class=\"vc_column-inner us_custom_b3d2f904\"><div class=\"wpb_wrapper\"><div class=\"w-image align_none\"><div class=\"w-image-h\"><img decoding=\"async\" width=\"64\" height=\"64\" src=\"https:\/\/salonvin.sk\/wp-content\/uploads\/2019\/09\/glasses-with-wine.png\" class=\"attachment-large size-large\" alt=\"\" loading=\"lazy\" \/><\/div><\/div>[vc_custom_heading text=&#8221;Events and Team building&#8221; font_container=&#8221;tag:h4|text_align:left&#8221; use_theme_fonts=&#8221;yes&#8221;]<div class=\"wpb_text_column\"><div class=\"wpb_wrapper\"><p>If you\u2018re planning a\u00a0team building session, looking for a private wine tasting or just need a private space, our historical wine cellar is the perfect place to hold your own event. Our beautiful underground cellar can accommodate up to 100 people and creates the perfect atmosphere for any occasion.<\/p>\n<p><a href=\"https:\/\/salonvin.sk\/en\/experiences\/teambuilding\/\">More about the offer &gt;&gt;<\/a><\/p>\n<\/div><\/div><\/div><\/div><\/div><\/div><\/div><\/div><\/div><\/div><\/div><\/section><section class=\"l-section wpb_row height_large\"><div class=\"l-section-h i-cf\"><div class=\"g-cols vc_row via_flex valign_top type_default stacking_default\"><div class=\"vc_col-sm-6 wpb_column vc_column_container\"><div class=\"vc_column-inner us_custom_02702b56\"><div class=\"wpb_wrapper\"><div class=\"w-image align_none\"><div class=\"w-image-h\"><img decoding=\"async\" width=\"720\" height=\"1080\" src=\"https:\/\/salonvin.sk\/wp-content\/uploads\/2019\/10\/narodny-salon-vin-vinoteka-ochutnavka-vin-4.jpg\" class=\"attachment-full size-full\" alt=\"\" loading=\"lazy\" srcset=\"https:\/\/salonvin.sk\/wp-content\/uploads\/2019\/10\/narodny-salon-vin-vinoteka-ochutnavka-vin-4.jpg 720w, https:\/\/salonvin.sk\/wp-content\/uploads\/2019\/10\/narodny-salon-vin-vinoteka-ochutnavka-vin-4-600x900.jpg 600w, https:\/\/salonvin.sk\/wp-content\/uploads\/2019\/10\/narodny-salon-vin-vinoteka-ochutnavka-vin-4-200x300.jpg 200w, https:\/\/salonvin.sk\/wp-content\/uploads\/2019\/10\/narodny-salon-vin-vinoteka-ochutnavka-vin-4-683x1024.jpg 683w\" sizes=\"(max-width: 720px) 100vw, 720px\" \/><\/div><\/div><\/div><\/div><\/div><div class=\"vc_col-sm-6 wpb_column vc_column_container\"><div class=\"vc_column-inner us_custom_c86002cd\"><div class=\"wpb_wrapper\">[vc_custom_heading text=&#8221;About us&#8221; use_theme_fonts=&#8221;yes&#8221;]<div class=\"wpb_text_column\"><div class=\"wpb_wrapper\"><p>We are passionate wine lovers who represent the Slovak National Collection of Wines. We offer a unique experience to everyone. We work to promote Slovak wine and educate people about our viticulture practices, traditions and history.<\/p>\n<p>We run the most prestigious wine competition in Slovakia. Every year Slovak wine producers sign up their best wines which are then rated by our country\u2018s best sommeliers, oenologists and Masters of Wine.<\/p>\n<p>Our collection is open all year round, where you will find the best of what Slovakia has to offer to all the wine lovers and enthusiasts. Our wines are quickly gaining more and more recognition as we continue to participate in international wine competitions.<\/p>\n<\/div><\/div><div class=\"w-btn-wrapper align_none\"><a class=\"w-btn us-btn-style_4 us_custom_6c9a0c76\" href=\"https:\/\/salonvin.sk\/en\/about-us\/\"><span class=\"w-btn-label\">More about us<\/span><\/a><\/div><\/div><\/div><\/div><\/div><\/div><\/section><section class=\"l-section wpb_row height_large color_alternate\"><div class=\"l-section-h i-cf\"><div class=\"g-cols vc_row via_flex valign_top type_default stacking_default\"><div class=\"vc_col-sm-12 wpb_column vc_column_container\"><div class=\"vc_column-inner\"><div class=\"wpb_wrapper\">[vc_custom_heading text=&#8221;What they said about us&#8221; font_container=&#8221;tag:h2|text_align:center&#8221; use_theme_fonts=&#8221;yes&#8221;]<div class=\"w-separator size_small\"><\/div><div class=\"w-grid us_grid type_grid layout_3175 cols_2 preload_style_spinner\" id=\"us_grid_1\" style=\"--columns:2;--gap:1.5rem;\" data-filterable=\"true\"><style>@media (max-width:600px){#us_grid_1{--columns:1!important}}.layout_3175 .w-grid-item-h{}.layout_3175 .usg_hwrapper_1{margin-top:0.5rem!important}.layout_3175 .usg_post_custom_field_1{font-weight:700!important;line-height:1.5!important;margin-bottom:0!important}.layout_3175 .usg_post_custom_field_2{color:#999999!important;font-size:0.9rem!important;line-height:1.5!important;margin-bottom:0!important}.layout_3175 .usg_vwrapper_2{padding-top:3.5rem!important;padding-left:2rem!important}.layout_3175 .usg_post_custom_field_3{color:#FBC707!important;font-size:3rem!important;line-height:1!important;position:absolute!important;left:0!important;top:0!important}<\/style><div class=\"w-grid-list\">\t<article class=\"w-grid-item size_1x1 post-3188 us_testimonial type-us_testimonial status-publish hentry\" data-id=\"3188\">\r\n\t\t<div class=\"w-grid-item-h\">\r\n\t\t\t\t\t\t<div class=\"w-vwrapper usg_vwrapper_2 align_left valign_top\"><div class=\"w-post-elm post_custom_field usg_post_custom_field_3 has_text_color type_text  color_link_inherit\"><i class=\"fas fa-quote-left\"><\/i><span class=\"w-post-elm-value\"><\/span><\/div><div class=\"w-post-elm post_content usg_post_content_1\"><section class=\"l-section wpb_row height_medium\"><div class=\"l-section-h i-cf\"><div class=\"g-cols vc_row via_flex valign_top type_default stacking_default\"><div class=\"vc_col-sm-12 wpb_column vc_column_container\"><div class=\"vc_column-inner\"><div class=\"wpb_wrapper\"><div class=\"wpb_text_column\"><div class=\"wpb_wrapper\"><p>&#8220;My sincere thanks for the invitation. I was very impressed by the quality of the wines, the beautiful location of the tasting, and the competence of the judges. The tasting in Pezinok was very well organized and managed, certainly also thanks to your contribution. My compliments.&#8221;<\/p>\n<\/div><\/div><\/div><\/div><\/div><\/div><\/div><\/section>\n<\/div><div class=\"w-hwrapper usg_hwrapper_1 align_left valign_middle\"><div class=\"w-vwrapper usg_vwrapper_1 align_left valign_top\"><div class=\"w-post-elm post_custom_field usg_post_custom_field_1 type_text us_testimonial_author\"><span class=\"w-post-elm-value\">Jochen<\/span><\/div><div class=\"w-post-elm post_custom_field usg_post_custom_field_2 has_text_color type_text us_testimonial_role color_link_inherit\"><span class=\"w-post-elm-value\"><\/span><\/div><\/div><\/div><\/div>\t\t<\/div>\r\n\t\t\t<\/article>\r\n\t<article class=\"w-grid-item size_1x1 post-3183 us_testimonial type-us_testimonial status-publish hentry\" data-id=\"3183\">\r\n\t\t<div class=\"w-grid-item-h\">\r\n\t\t\t\t\t\t<div class=\"w-vwrapper usg_vwrapper_2 align_left valign_top\"><div class=\"w-post-elm post_custom_field usg_post_custom_field_3 has_text_color type_text  color_link_inherit\"><i class=\"fas fa-quote-left\"><\/i><span class=\"w-post-elm-value\"><\/span><\/div><div class=\"w-post-elm post_content usg_post_content_1\"><section class=\"l-section wpb_row height_medium\"><div class=\"l-section-h i-cf\"><div class=\"g-cols vc_row via_flex valign_top type_default stacking_default\"><div class=\"vc_col-sm-12 wpb_column vc_column_container\"><div class=\"vc_column-inner\"><div class=\"wpb_wrapper\"><div class=\"wpb_text_column\"><div class=\"wpb_wrapper\"><p>\u201cThe National Wine Collection has enchanted me with its historical premises, high quality wine and organization by the National Wine Collection team. I chose this magical place for my \u201cmatch-making events\u201d and my clients fell in love with this area as well as with the quality Slovak wines.\u201d<\/p>\n<\/div><\/div><\/div><\/div><\/div><\/div><\/div><\/section>\n<\/div><div class=\"w-hwrapper usg_hwrapper_1 align_left valign_middle\"><div class=\"w-vwrapper usg_vwrapper_1 align_left valign_top\"><div class=\"w-post-elm post_custom_field usg_post_custom_field_1 type_text us_testimonial_author\"><span class=\"w-post-elm-value\">Katar\u00edna Nemcov\u00e1<\/span><\/div><div class=\"w-post-elm post_custom_field usg_post_custom_field_2 has_text_color type_text us_testimonial_role color_link_inherit\"><span class=\"w-post-elm-value\">founder<\/span><\/div><\/div><\/div><\/div>\t\t<\/div>\r\n\t\t\t<\/article>\r\n\t<article class=\"w-grid-item size_1x1 post-3180 us_testimonial type-us_testimonial status-publish hentry\" data-id=\"3180\">\r\n\t\t<div class=\"w-grid-item-h\">\r\n\t\t\t\t\t\t<div class=\"w-vwrapper usg_vwrapper_2 align_left valign_top\"><div class=\"w-post-elm post_custom_field usg_post_custom_field_3 has_text_color type_text  color_link_inherit\"><i class=\"fas fa-quote-left\"><\/i><span class=\"w-post-elm-value\"><\/span><\/div><div class=\"w-post-elm post_content usg_post_content_1\"><section class=\"l-section wpb_row height_medium\"><div class=\"l-section-h i-cf\"><div class=\"g-cols vc_row via_flex valign_top type_default stacking_default\"><div class=\"vc_col-sm-12 wpb_column vc_column_container\"><div class=\"vc_column-inner\"><div class=\"wpb_wrapper\"><div class=\"wpb_text_column\"><div class=\"wpb_wrapper\"><p>\u201cThe French-Slovak Chamber of Commerce organized a trade mission for French winemakers associated with wine tasting in the premises of the National Wine Collection. We can appreciate not only beautiful premises but also excellent communication, assistance in organization and last but not least also training and manipulation with presented wines. The added value was the presence of a sommelier, so our foreign clients had the opportunity to gain knowledge of Slovak production. We were very satisfied with the cooperation, and we will be happy to use the beautiful cellars of the Apponyi Palace in the future.\u201d<\/p>\n<\/div><\/div><\/div><\/div><\/div><\/div><\/div><\/section>\n<\/div><div class=\"w-hwrapper usg_hwrapper_1 align_left valign_middle\"><div class=\"w-vwrapper usg_vwrapper_1 align_left valign_top\"><div class=\"w-post-elm post_custom_field usg_post_custom_field_1 type_text us_testimonial_author\"><span class=\"w-post-elm-value\">Mrs. Danisova<\/span><\/div><div class=\"w-post-elm post_custom_field usg_post_custom_field_2 has_text_color type_text us_testimonial_role color_link_inherit\"><span class=\"w-post-elm-value\">Project Manager<\/span><\/div><\/div><\/div><\/div>\t\t<\/div>\r\n\t\t\t<\/article>\r\n\t<article class=\"w-grid-item size_1x1 post-3177 us_testimonial type-us_testimonial status-publish hentry\" data-id=\"3177\">\r\n\t\t<div class=\"w-grid-item-h\">\r\n\t\t\t\t\t\t<div class=\"w-vwrapper usg_vwrapper_2 align_left valign_top\"><div class=\"w-post-elm post_custom_field usg_post_custom_field_3 has_text_color type_text  color_link_inherit\"><i class=\"fas fa-quote-left\"><\/i><span class=\"w-post-elm-value\"><\/span><\/div><div class=\"w-post-elm post_content usg_post_content_1\"><section class=\"l-section wpb_row height_medium\"><div class=\"l-section-h i-cf\"><div class=\"g-cols vc_row via_flex valign_top type_default stacking_default\"><div class=\"vc_col-sm-12 wpb_column vc_column_container\"><div class=\"vc_column-inner\"><div class=\"wpb_wrapper\"><div class=\"wpb_text_column\"><div class=\"wpb_wrapper\"><p>\u201cThe National Wine Collection is the best way to taste premium Slovak wines, spend the evening in a pleasant environment and learn a lot of interesting information about them. If you are not familiar with wines, you will be advised by a sommelier. What\u2019s more, it\u2019s in the city centre and affordable.\u201d<\/p>\n<\/div><\/div><\/div><\/div><\/div><\/div><\/div><\/section>\n<\/div><div class=\"w-hwrapper usg_hwrapper_1 align_left valign_middle\"><div class=\"w-vwrapper usg_vwrapper_1 align_left valign_top\"><div class=\"w-post-elm post_custom_field usg_post_custom_field_1 type_text us_testimonial_author\"><span class=\"w-post-elm-value\">Maro\u0161 Plitko <\/span><\/div><div class=\"w-post-elm post_custom_field usg_post_custom_field_2 has_text_color type_text us_testimonial_role color_link_inherit\"><span class=\"w-post-elm-value\">PR Specialist<\/span><\/div><\/div><\/div><\/div>\t\t<\/div>\r\n\t\t\t<\/article>\r\n<\/div>\t<div class=\"w-grid-preloader\">\r\n\t\t<div class=\"g-preloader type_1\">\r\n\t\t\t<div><\/div>\r\n\t\t<\/div>\r\n\t<\/div>\r\n\t\t<div class=\"w-grid-json hidden\" onclick='return {&quot;action&quot;:&quot;us_ajax_grid&quot;,&quot;infinite_scroll&quot;:0,&quot;max_num_pages&quot;:1,&quot;pagination&quot;:&quot;none&quot;,&quot;template_vars&quot;:{&quot;columns&quot;:&quot;2&quot;,&quot;exclude_items&quot;:&quot;none&quot;,&quot;img_size&quot;:&quot;default&quot;,&quot;ignore_items_size&quot;:0,&quot;items_layout&quot;:&quot;3175&quot;,&quot;items_offset&quot;:&quot;1&quot;,&quot;load_animation&quot;:&quot;none&quot;,&quot;overriding_link&quot;:&quot;{\\&quot;url\\&quot;:\\&quot;\\&quot;}&quot;,&quot;post_id&quot;:0,&quot;query_args&quot;:{&quot;post_type&quot;:[&quot;us_testimonial&quot;],&quot;post_status&quot;:[&quot;publish&quot;],&quot;posts_per_page&quot;:&quot;4&quot;},&quot;orderby_query_args&quot;:{&quot;orderby&quot;:{&quot;date&quot;:&quot;DESC&quot;}},&quot;type&quot;:&quot;grid&quot;,&quot;us_grid_post_type&quot;:&quot;us_testimonial&quot;,&quot;us_grid_ajax_index&quot;:1,&quot;us_grid_filter_query_string&quot;:null,&quot;us_grid_index&quot;:1,&quot;page_args&quot;:[],&quot;lang&quot;:&quot;en&quot;}}'><\/div>\r\n\t<\/div><\/div><\/div><\/div><\/div><\/div><\/section><section class=\"l-section wpb_row us_custom_0d15be52 height_large with_img\"><div class=\"l-section-img\" role=\"img\" aria-label=\"Image\" data-img-width=\"1920\" data-img-height=\"800\" style=\"background-image: url(https:\/\/salonvin.sk\/wp-content\/uploads\/2019\/09\/vinoteka-ochutnavka-vin-vino-eshop-narodny-salon-vin-3.jpg);background-repeat: no-repeat;\"><\/div><div class=\"l-section-h i-cf\"><div class=\"g-cols vc_row via_flex valign_top type_default stacking_default\"><div class=\"vc_col-sm-12 wpb_column vc_column_container\"><div class=\"vc_column-inner\"><div class=\"wpb_wrapper\">[vc_custom_heading text=&#8221;Taste and enjoy the best of what Slovakia has to offer&#8221; font_container=&#8221;tag:h2|text_align:center&#8221; use_theme_fonts=&#8221;yes&#8221;]<div class=\"w-separator size_small\"><\/div><div class=\"g-cols wpb_row via_flex valign_top type_default stacking_default\"><div class=\"vc_col-sm-3 wpb_column vc_column_container\"><div class=\"vc_column-inner\"><div class=\"wpb_wrapper\"><\/div><\/div><\/div><div class=\"vc_col-sm-6 wpb_column vc_column_container\"><div class=\"vc_column-inner\"><div class=\"wpb_wrapper\"><div class=\"wpb_text_column\"><div class=\"wpb_wrapper\"><p style=\"text-align: center;\">Our collection of 100 wines is chosen in the top wine competition in Slovakia. Taste the best that our winemakers have created.<\/p>\n<\/div><\/div><\/div><\/div><\/div><div class=\"vc_col-sm-3 wpb_column vc_column_container\"><div class=\"vc_column-inner\"><div class=\"wpb_wrapper\"><\/div><\/div><\/div><\/div><div class=\"w-separator size_medium\"><\/div><div class=\"w-btn-wrapper align_center\"><a class=\"w-btn us-btn-style_1 us_custom_f73f4019\" href=\"https:\/\/salonvin.sk\/en\/slovak-winery\/top-100-wines\/\"><span class=\"w-btn-label\">Browse the top selection of Wines<\/span><\/a><\/div><div class=\"w-separator size_medium\"><\/div><\/div><\/div><\/div><\/div><\/div><\/section>\n","protected":false},"excerpt":{"rendered":"\u201cThe National Wine Collection is the best way to taste premium Slovak wines, spend the evening in a pleasant environment and learn a lot of interesting information about them. If you are not familiar with wines, you will be advised by a sommelier. What\u2019s more, it\u2019s in the city centre and affordable.\u201d","protected":false},"author":2,"featured_media":0,"parent":0,"menu_order":0,"comment_status":"closed","ping_status":"open","template":"","meta":{"footnotes":""},"class_list":["post-1883","page","type-page","status-publish","hentry"],"yoast_head":"<!-- This site is optimized with the Yoast SEO plugin v25.6 - https:\/\/yoast.com\/wordpress\/plugins\/seo\/ -->\n<title>Home page - Sal\u00f3n v\u00edn<\/title>\n<meta name=\"robots\" content=\"index, follow, max-snippet:-1, max-image-preview:large, max-video-preview:-1\" \/>\n<link rel=\"canonical\" href=\"https:\/\/salonvin.sk\/en\/\" \/>\n<meta property=\"og:locale\" content=\"en_US\" \/>\n<meta property=\"og:type\" content=\"article\" \/>\n<meta property=\"og:title\" content=\"Home page - Sal\u00f3n v\u00edn\" \/>\n<meta property=\"og:url\" content=\"https:\/\/salonvin.sk\/en\/\" \/>\n<meta property=\"og:site_name\" content=\"Sal\u00f3n v\u00edn\" \/>\n<meta property=\"article:publisher\" content=\"https:\/\/www.facebook.com\/narodnysalonvinslovenskejrepubliky\/\" \/>\n<meta property=\"article:modified_time\" content=\"2026-01-29T11:52:53+00:00\" \/>\n<meta name=\"twitter:card\" content=\"summary_large_image\" \/>\n<meta name=\"twitter:label1\" content=\"Est. reading time\" \/>\n\t<meta name=\"twitter:data1\" content=\"3 minutes\" \/>\n<script type=\"application\/ld+json\" class=\"yoast-schema-graph\">{\"@context\":\"https:\/\/schema.org\",\"@graph\":[{\"@type\":\"WebPage\",\"@id\":\"https:\/\/salonvin.sk\/en\/\",\"url\":\"https:\/\/salonvin.sk\/en\/\",\"name\":\"Home page - Sal\u00f3n v\u00edn\",\"isPartOf\":{\"@id\":\"https:\/\/salonvin.sk\/en\/#website\"},\"datePublished\":\"2020-01-08T10:12:23+00:00\",\"dateModified\":\"2026-01-29T11:52:53+00:00\",\"breadcrumb\":{\"@id\":\"https:\/\/salonvin.sk\/en\/#breadcrumb\"},\"inLanguage\":\"en-US\",\"potentialAction\":[{\"@type\":\"ReadAction\",\"target\":[\"https:\/\/salonvin.sk\/en\/\"]}]},{\"@type\":\"BreadcrumbList\",\"@id\":\"https:\/\/salonvin.sk\/en\/#breadcrumb\",\"itemListElement\":[{\"@type\":\"ListItem\",\"position\":1,\"name\":\"Home\",\"item\":\"https:\/\/salonvin.sk\/en\/\"},{\"@type\":\"ListItem\",\"position\":2,\"name\":\"Home page\"}]},{\"@type\":\"WebSite\",\"@id\":\"https:\/\/salonvin.sk\/en\/#website\",\"url\":\"https:\/\/salonvin.sk\/en\/\",\"name\":\"Sal\u00f3n v\u00edn\",\"description\":\"\",\"potentialAction\":[{\"@type\":\"SearchAction\",\"target\":{\"@type\":\"EntryPoint\",\"urlTemplate\":\"https:\/\/salonvin.sk\/en\/?s={search_term_string}\"},\"query-input\":{\"@type\":\"PropertyValueSpecification\",\"valueRequired\":true,\"valueName\":\"search_term_string\"}}],\"inLanguage\":\"en-US\"}]}<\/script>\n<!-- \/ Yoast SEO plugin. -->","yoast_head_json":{"title":"Home page - Sal\u00f3n v\u00edn","robots":{"index":"index","follow":"follow","max-snippet":"max-snippet:-1","max-image-preview":"max-image-preview:large","max-video-preview":"max-video-preview:-1"},"canonical":"https:\/\/salonvin.sk\/en\/","og_locale":"en_US","og_type":"article","og_title":"Home page - Sal\u00f3n v\u00edn","og_url":"https:\/\/salonvin.sk\/en\/","og_site_name":"Sal\u00f3n v\u00edn","article_publisher":"https:\/\/www.facebook.com\/narodnysalonvinslovenskejrepubliky\/","article_modified_time":"2026-01-29T11:52:53+00:00","twitter_card":"summary_large_image","twitter_misc":{"Est. reading time":"3 minutes"},"schema":{"@context":"https:\/\/schema.org","@graph":[{"@type":"WebPage","@id":"https:\/\/salonvin.sk\/en\/","url":"https:\/\/salonvin.sk\/en\/","name":"Home page - Sal\u00f3n v\u00edn","isPartOf":{"@id":"https:\/\/salonvin.sk\/en\/#website"},"datePublished":"2020-01-08T10:12:23+00:00","dateModified":"2026-01-29T11:52:53+00:00","breadcrumb":{"@id":"https:\/\/salonvin.sk\/en\/#breadcrumb"},"inLanguage":"en-US","potentialAction":[{"@type":"ReadAction","target":["https:\/\/salonvin.sk\/en\/"]}]},{"@type":"BreadcrumbList","@id":"https:\/\/salonvin.sk\/en\/#breadcrumb","itemListElement":[{"@type":"ListItem","position":1,"name":"Home","item":"https:\/\/salonvin.sk\/en\/"},{"@type":"ListItem","position":2,"name":"Home page"}]},{"@type":"WebSite","@id":"https:\/\/salonvin.sk\/en\/#website","url":"https:\/\/salonvin.sk\/en\/","name":"Sal\u00f3n v\u00edn","description":"","potentialAction":[{"@type":"SearchAction","target":{"@type":"EntryPoint","urlTemplate":"https:\/\/salonvin.sk\/en\/?s={search_term_string}"},"query-input":{"@type":"PropertyValueSpecification","valueRequired":true,"valueName":"search_term_string"}}],"inLanguage":"en-US"}]}},"_links":{"self":[{"href":"https:\/\/salonvin.sk\/en\/wp-json\/wp\/v2\/pages\/1883"}],"collection":[{"href":"https:\/\/salonvin.sk\/en\/wp-json\/wp\/v2\/pages"}],"about":[{"href":"https:\/\/salonvin.sk\/en\/wp-json\/wp\/v2\/types\/page"}],"author":[{"embeddable":true,"href":"https:\/\/salonvin.sk\/en\/wp-json\/wp\/v2\/users\/2"}],"replies":[{"embeddable":true,"href":"https:\/\/salonvin.sk\/en\/wp-json\/wp\/v2\/comments?post=1883"}],"version-history":[{"count":85,"href":"https:\/\/salonvin.sk\/en\/wp-json\/wp\/v2\/pages\/1883\/revisions"}],"predecessor-version":[{"id":30875,"href":"https:\/\/salonvin.sk\/en\/wp-json\/wp\/v2\/pages\/1883\/revisions\/30875"}],"wp:attachment":[{"href":"https:\/\/salonvin.sk\/en\/wp-json\/wp\/v2\/media?parent=1883"}],"curies":[{"name":"wp","href":"https:\/\/api.w.org\/{rel}","templated":true}]}}