{"id":1887,"date":"2019-09-03T19:58:52","date_gmt":"2019-09-03T17:58:52","guid":{"rendered":"https:\/\/salonvin.sk\/kontakt\/"},"modified":"2026-01-29T12:56:09","modified_gmt":"2026-01-29T11:56:09","slug":"contact","status":"publish","type":"page","link":"https:\/\/salonvin.sk\/en\/contact\/","title":{"rendered":"Contact"},"content":{"rendered":"<section class=\"l-section wpb_row height_medium full_height valign_top with_img parallax_ver parallaxdir_reversed\"><div class=\"l-section-img\" role=\"img\" aria-label=\"Image\" data-img-width=\"1920\" data-img-height=\"1280\" style=\"background-image: url(https:\/\/salonvin.sk\/wp-content\/uploads\/2019\/10\/narodny-salon-vin-ochutnavka-vin-vinoteka-3-e1572270143314.jpeg);background-position: top center;background-repeat: no-repeat;\"><\/div><div class=\"l-section-h i-cf\"><div class=\"g-cols vc_row via_flex valign_top type_default stacking_default\"><div class=\"vc_col-sm-7 wpb_column vc_column_container has_bg_color us_animate_afr\"><div class=\"vc_column-inner us_custom_8f4c5d7a\"><div class=\"wpb_wrapper\">[vc_custom_heading text=&#8221;Contact us&#8221; use_theme_fonts=&#8221;yes&#8221;]<div class=\"wpb_text_column\"><div class=\"wpb_wrapper\"><p>Would you like to experience wine tasting with a professional sommelier, organise a team building or a private event in a beautiful historical wine cellar or just taste the best of Slovak wines?<\/p>\n<\/div><\/div><div class=\"w-btn-wrapper align_none\"><a class=\"w-btn us-btn-style_4 us_custom_f73f4019\" href=\"#cesta\"><span class=\"w-btn-label\">How to get here<\/span><\/a><\/div><\/div><\/div><\/div><div class=\"vc_col-sm-5 wpb_column vc_column_container\"><div class=\"vc_column-inner\"><div class=\"wpb_wrapper\"><\/div><\/div><\/div><\/div><\/div><\/section><section class=\"l-section wpb_row height_large with_img\" id=\"kontaktujte-nas\"><div class=\"l-section-img\" role=\"img\" aria-label=\"Image\" data-img-width=\"1920\" data-img-height=\"800\" style=\"background-image: url(https:\/\/salonvin.sk\/wp-content\/uploads\/2019\/09\/vinoteka-ochutnavka-vin-vino-eshop-narodny-salon-vin-6-1-e1567690972169.jpg);background-repeat: no-repeat;\"><\/div><div class=\"l-section-h i-cf\"><div class=\"g-cols vc_row via_flex valign_top type_default stacking_default\"><div class=\"vc_col-sm-6 wpb_column vc_column_container\"><div class=\"vc_column-inner\"><div class=\"wpb_wrapper\">[vc_custom_heading text=&#8221;Send us a message&#8221; font_container=&#8221;tag:h3|text_align:left&#8221; use_theme_fonts=&#8221;yes&#8221;]\n<div class=\"wpcf7 no-js\" id=\"wpcf7-f2197-o1\" lang=\"sk-SK\" dir=\"ltr\" data-wpcf7-id=\"2197\">\n<div class=\"screen-reader-response\"><p role=\"status\" aria-live=\"polite\" aria-atomic=\"true\"><\/p> <ul><\/ul><\/div>\n<form action=\"\/en\/wp-json\/wp\/v2\/pages\/1887#wpcf7-f2197-o1\" method=\"post\" class=\"wpcf7-form init\" aria-label=\"Kontaktn\u00fd formul\u00e1r\" novalidate=\"novalidate\" data-status=\"init\">\n<div style=\"display: none;\">\n<input type=\"hidden\" name=\"_wpcf7\" value=\"2197\" \/>\n<input type=\"hidden\" name=\"_wpcf7_version\" value=\"6.0.5\" \/>\n<input type=\"hidden\" name=\"_wpcf7_locale\" value=\"sk_SK\" \/>\n<input type=\"hidden\" name=\"_wpcf7_unit_tag\" value=\"wpcf7-f2197-o1\" \/>\n<input type=\"hidden\" name=\"_wpcf7_container_post\" value=\"0\" \/>\n<input type=\"hidden\" name=\"_wpcf7_posted_data_hash\" value=\"\" \/>\n<\/div>\n<p><label> Your name (required)<br \/>\n<span class=\"wpcf7-form-control-wrap\" data-name=\"your-name\"><input size=\"40\" maxlength=\"400\" class=\"wpcf7-form-control wpcf7-text wpcf7-validates-as-required\" aria-required=\"true\" aria-invalid=\"false\" value=\"\" type=\"text\" name=\"your-name\" \/><\/span> <\/label>\n<\/p>\n<p><label> Your email (required)<br \/>\n<span class=\"wpcf7-form-control-wrap\" data-name=\"your-email\"><input size=\"40\" maxlength=\"400\" class=\"wpcf7-form-control wpcf7-email wpcf7-validates-as-required wpcf7-text wpcf7-validates-as-email\" aria-required=\"true\" aria-invalid=\"false\" value=\"\" type=\"email\" name=\"your-email\" \/><\/span> <\/label>\n<\/p>\n<p><label> I am interested in:<br \/>\n<span class=\"wpcf7-form-control-wrap\" data-name=\"zaujemEN\"><select class=\"wpcf7-form-control wpcf7-select\" aria-invalid=\"false\" multiple=\"multiple\" name=\"zaujemEN[]\"><option value=\"Guided wine tasting 2 samples\">Guided wine tasting 2 samples<\/option><option value=\"Guided wine tasting 4 samples\">Guided wine tasting 4 samples<\/option><option value=\"Guided wine tasting 8 samples\">Guided wine tasting 8 samples<\/option><option value=\"Guided wine tasting 6 samples \u2013 Wine lover\">Guided wine tasting 6 samples \u2013 Wine lover<\/option><option value=\"80 wines in 100 minutes program\">80 wines in 100 minutes program<\/option><option value=\"Rent the historical wine cellar\">Rent the historical wine cellar<\/option><option value=\"Teambuilding\">Teambuilding<\/option><\/select><\/span><\/label>\n<\/p>\n<p><label> Date:<br \/>\n<span class=\"wpcf7-form-control-wrap\" data-name=\"datum\"><input class=\"wpcf7-form-control wpcf7-date wpcf7-validates-as-date\" min=\"2020-02-13\" aria-invalid=\"false\" value=\"\" type=\"date\" name=\"datum\" \/><\/span><\/label>\n<\/p>\n<p><label> Time:<br \/>\n<span class=\"wpcf7-form-control-wrap\" data-name=\"cas\"><input size=\"40\" maxlength=\"400\" class=\"wpcf7-form-control wpcf7-text\" aria-invalid=\"false\" value=\"\" type=\"text\" name=\"cas\" \/><\/span><\/label>\n<\/p>\n<p><label> Your message<br \/>\n<span class=\"wpcf7-form-control-wrap\" data-name=\"your-message\"><textarea cols=\"40\" rows=\"10\" maxlength=\"2000\" class=\"wpcf7-form-control wpcf7-textarea\" aria-invalid=\"false\" name=\"your-message\"><\/textarea><\/span> <\/label>\n<\/p>\n<p><span class=\"wpcf7-form-control-wrap\" data-name=\"akceptacia\"><span class=\"wpcf7-form-control wpcf7-acceptance optional\"><span class=\"wpcf7-list-item\"><label><input type=\"checkbox\" name=\"akceptacia\" value=\"1\" aria-invalid=\"false\" \/><span class=\"wpcf7-list-item-label\">I agree to processing <a href=\"https:\/\/salonvin.sk\/en\/personal-data-protection\/\"target=\"_blank\">my personal data<\/a><\/span><\/label><\/span><\/span><\/span>\n<\/p>\n<p><input class=\"wpcf7-form-control wpcf7-submit has-spinner\" type=\"submit\" value=\"Submit\" \/>\n<\/p><p style=\"display: none !important;\" class=\"akismet-fields-container\" data-prefix=\"_wpcf7_ak_\"><label>&#916;<textarea name=\"_wpcf7_ak_hp_textarea\" cols=\"45\" rows=\"8\" maxlength=\"100\"><\/textarea><\/label><input type=\"hidden\" id=\"ak_js_1\" name=\"_wpcf7_ak_js\" value=\"184\"\/><script>\ndocument.getElementById( \"ak_js_1\" ).setAttribute( \"value\", ( new Date() ).getTime() );\n<\/script>\n<\/p><div class=\"wpcf7-response-output\" aria-hidden=\"true\"><\/div>\n<\/form>\n<\/div>\n<\/div><\/div><\/div><div class=\"vc_col-sm-1 wpb_column vc_column_container\"><div class=\"vc_column-inner\"><div class=\"wpb_wrapper\"><\/div><\/div><\/div><div class=\"vc_col-sm-5 wpb_column vc_column_container\"><div class=\"vc_column-inner\"><div class=\"wpb_wrapper\">[vc_custom_heading text=&#8221;Contact&#8221; font_container=&#8221;tag:h3|text_align:left&#8221; use_theme_fonts=&#8221;yes&#8221;]<div class=\"wpb_text_column\"><div class=\"wpb_wrapper\"><p>+421 2 4552 99 67<\/p>\n<p><a href=\"mailto:info@salonvin.sk\">info@salonvin.sk<\/a><\/p>\n<\/div><\/div><div class=\"w-separator size_medium\"><\/div>[vc_custom_heading text=&#8221;Where to find us&#8221; font_container=&#8221;tag:h3|text_align:left&#8221; use_theme_fonts=&#8221;yes&#8221;]<div class=\"wpb_text_column\"><div class=\"wpb_wrapper\"><p>N\u00e1rodn\u00fd sal\u00f3n v\u00edn Slovenskej republiky<br \/>\nApponyiho pal\u00e1c<br \/>\nRadni\u010dn\u00e1 1<br \/>\n815 18 Bratislava, Slovakia<\/p>\n<p><a href=\"#cesta\">How can you find us?<\/a><\/p>\n<\/div><\/div><\/div><\/div><\/div><\/div><\/div><\/section><section class=\"l-section wpb_row height_large color_alternate\" id=\"cesta\"><div class=\"l-section-h i-cf\"><div class=\"g-cols vc_row via_flex valign_top type_default stacking_default\"><div class=\"vc_col-sm-6 wpb_column vc_column_container\"><div class=\"vc_column-inner\"><div class=\"wpb_wrapper\">[vc_custom_heading text=&#8221;Opening hours&#8221; font_container=&#8221;tag:h3|text_align:left&#8221; use_theme_fonts=&#8221;yes&#8221;]<div class=\"wpb_text_column\"><div class=\"wpb_wrapper\"><p>Tuesday \u2013 Friday: 10.00 \u2013 18.00*<br \/>\nSaturday: 11.00 \u2013 18.00*<\/p>\n<p>Sunday: 11.00 \u2013 18.00<br \/>\nMonday: closed*<\/p>\n<p><strong>*The last entry for 80 wines in 100 minutes program is at 16.00.<\/strong><\/p>\n<p><strong>*Possible to book outside normal opening hours, send us an email<\/strong><\/p>\n<\/div><\/div><div class=\"w-separator size_medium\"><\/div>[vc_custom_heading text=&#8221;Parking and Public transport&#8221; font_container=&#8221;tag:h3|text_align:left&#8221; use_theme_fonts=&#8221;yes&#8221;]<div class=\"wpb_text_column\"><div class=\"wpb_wrapper\"><p><strong>Parking:<\/strong><br \/>\nGrosslingov\u00e1, Dunajsk\u00e1, Mariansk\u00e1<\/p>\n<p>When buying 6 bottles of wines (1 box) \u2013 one hour of parking on us<\/p>\n<p><strong>Trams:<\/strong><br \/>\n1, 3, 4, 9 (SNP, Tesco kamenn\u00e9 n\u00e1mestie)<\/p>\n<\/div><\/div><\/div><\/div><\/div><div class=\"vc_col-sm-1 wpb_column vc_column_container\"><div class=\"vc_column-inner\"><div class=\"wpb_wrapper\"><\/div><\/div><\/div><div class=\"vc_col-sm-5 wpb_column vc_column_container\"><div class=\"vc_column-inner\"><div class=\"wpb_wrapper\">[vc_custom_heading text=&#8221;How to get here?&#8221; font_container=&#8221;tag:h3|text_align:left&#8221; use_theme_fonts=&#8221;yes&#8221;]<div class=\"w-separator size_small\"><\/div><div class=\"w-grid us_grid type_grid layout_gallery_default cols_2 preload_style_spinner\" id=\"us_grid_1\" style=\"--columns:2;--gap:0.3rem;\" data-filterable=\"true\"><style>@media (max-width:600px){#us_grid_1{--columns:1!important}}.layout_gallery_default .w-grid-item-h{}<\/style><div class=\"w-grid-list\">\t<article class=\"w-grid-item size_1x1 post-13673 attachment type-attachment status-inherit hentry\" data-id=\"13673\">\r\n\t\t<div class=\"w-grid-item-h\">\r\n\t\t\t\t\t\t\t<a ref=\"magnificPopupGrid\" href=\"https:\/\/salonvin.sk\/wp-content\/uploads\/2024\/07\/unnamed.jpg\" class=\"w-grid-item-anchor\" aria-label=\"unnamed\"><\/a>\r\n\t\t\t\t\t\t<div class=\"w-post-elm post_image usg_post_image_1 stretched\"><img loading=\"lazy\" decoding=\"async\" width=\"768\" height=\"1024\" src=\"https:\/\/salonvin.sk\/wp-content\/uploads\/2024\/07\/unnamed-768x1024.jpg\" class=\"attachment-large size-large\" alt=\"\" srcset=\"https:\/\/salonvin.sk\/wp-content\/uploads\/2024\/07\/unnamed-768x1024.jpg 768w, https:\/\/salonvin.sk\/wp-content\/uploads\/2024\/07\/unnamed-600x800.jpg 600w, https:\/\/salonvin.sk\/wp-content\/uploads\/2024\/07\/unnamed-225x300.jpg 225w, https:\/\/salonvin.sk\/wp-content\/uploads\/2024\/07\/unnamed.jpg 1440w\" sizes=\"(max-width: 768px) 100vw, 768px\" \/><\/div>\t\t<\/div>\r\n\t\t\t<\/article>\r\n\t<article class=\"w-grid-item size_1x1 post-13661 attachment type-attachment status-inherit hentry\" data-id=\"13661\">\r\n\t\t<div class=\"w-grid-item-h\">\r\n\t\t\t\t\t\t\t<a ref=\"magnificPopupGrid\" href=\"https:\/\/salonvin.sk\/wp-content\/uploads\/2024\/07\/unnamed-2.jpg\" class=\"w-grid-item-anchor\" aria-label=\"unnamed (2)\"><\/a>\r\n\t\t\t\t\t\t<div class=\"w-post-elm post_image usg_post_image_1 stretched\"><img loading=\"lazy\" decoding=\"async\" width=\"768\" height=\"1024\" src=\"https:\/\/salonvin.sk\/wp-content\/uploads\/2024\/07\/unnamed-2-768x1024.jpg\" class=\"attachment-large size-large\" alt=\"\" srcset=\"https:\/\/salonvin.sk\/wp-content\/uploads\/2024\/07\/unnamed-2-768x1024.jpg 768w, https:\/\/salonvin.sk\/wp-content\/uploads\/2024\/07\/unnamed-2-600x800.jpg 600w, https:\/\/salonvin.sk\/wp-content\/uploads\/2024\/07\/unnamed-2-225x300.jpg 225w, https:\/\/salonvin.sk\/wp-content\/uploads\/2024\/07\/unnamed-2.jpg 1440w\" sizes=\"(max-width: 768px) 100vw, 768px\" \/><\/div>\t\t<\/div>\r\n\t\t\t<\/article>\r\n\t<article class=\"w-grid-item size_1x1 post-13664 attachment type-attachment status-inherit hentry\" data-id=\"13664\">\r\n\t\t<div class=\"w-grid-item-h\">\r\n\t\t\t\t\t\t\t<a ref=\"magnificPopupGrid\" href=\"https:\/\/salonvin.sk\/wp-content\/uploads\/2024\/07\/unnamed-3-1.jpg\" class=\"w-grid-item-anchor\" aria-label=\"unnamed (3)\"><\/a>\r\n\t\t\t\t\t\t<div class=\"w-post-elm post_image usg_post_image_1 stretched\"><img loading=\"lazy\" decoding=\"async\" width=\"768\" height=\"1024\" src=\"https:\/\/salonvin.sk\/wp-content\/uploads\/2024\/07\/unnamed-3-1-768x1024.jpg\" class=\"attachment-large size-large\" alt=\"\" srcset=\"https:\/\/salonvin.sk\/wp-content\/uploads\/2024\/07\/unnamed-3-1-768x1024.jpg 768w, https:\/\/salonvin.sk\/wp-content\/uploads\/2024\/07\/unnamed-3-1-600x800.jpg 600w, https:\/\/salonvin.sk\/wp-content\/uploads\/2024\/07\/unnamed-3-1-225x300.jpg 225w, https:\/\/salonvin.sk\/wp-content\/uploads\/2024\/07\/unnamed-3-1.jpg 1440w\" sizes=\"(max-width: 768px) 100vw, 768px\" \/><\/div>\t\t<\/div>\r\n\t\t\t<\/article>\r\n\t<article class=\"w-grid-item size_1x1 post-13667 attachment type-attachment status-inherit hentry\" data-id=\"13667\">\r\n\t\t<div class=\"w-grid-item-h\">\r\n\t\t\t\t\t\t\t<a ref=\"magnificPopupGrid\" href=\"https:\/\/salonvin.sk\/wp-content\/uploads\/2024\/07\/unnamed-4-1.jpg\" class=\"w-grid-item-anchor\" aria-label=\"unnamed (4)\"><\/a>\r\n\t\t\t\t\t\t<div class=\"w-post-elm post_image usg_post_image_1 stretched\"><img loading=\"lazy\" decoding=\"async\" width=\"768\" height=\"1024\" src=\"https:\/\/salonvin.sk\/wp-content\/uploads\/2024\/07\/unnamed-4-1-768x1024.jpg\" class=\"attachment-large size-large\" alt=\"\" srcset=\"https:\/\/salonvin.sk\/wp-content\/uploads\/2024\/07\/unnamed-4-1-768x1024.jpg 768w, https:\/\/salonvin.sk\/wp-content\/uploads\/2024\/07\/unnamed-4-1-600x800.jpg 600w, https:\/\/salonvin.sk\/wp-content\/uploads\/2024\/07\/unnamed-4-1-225x300.jpg 225w, https:\/\/salonvin.sk\/wp-content\/uploads\/2024\/07\/unnamed-4-1.jpg 1440w\" sizes=\"(max-width: 768px) 100vw, 768px\" \/><\/div>\t\t<\/div>\r\n\t\t\t<\/article>\r\n\t<article class=\"w-grid-item size_1x1 post-13670 attachment type-attachment status-inherit hentry\" data-id=\"13670\">\r\n\t\t<div class=\"w-grid-item-h\">\r\n\t\t\t\t\t\t\t<a ref=\"magnificPopupGrid\" href=\"https:\/\/salonvin.sk\/wp-content\/uploads\/2024\/07\/unnamed-5.jpg\" class=\"w-grid-item-anchor\" aria-label=\"unnamed (5)\"><\/a>\r\n\t\t\t\t\t\t<div class=\"w-post-elm post_image usg_post_image_1 stretched\"><img loading=\"lazy\" decoding=\"async\" width=\"768\" height=\"1024\" src=\"https:\/\/salonvin.sk\/wp-content\/uploads\/2024\/07\/unnamed-5-768x1024.jpg\" class=\"attachment-large size-large\" alt=\"\" srcset=\"https:\/\/salonvin.sk\/wp-content\/uploads\/2024\/07\/unnamed-5-768x1024.jpg 768w, https:\/\/salonvin.sk\/wp-content\/uploads\/2024\/07\/unnamed-5-600x800.jpg 600w, https:\/\/salonvin.sk\/wp-content\/uploads\/2024\/07\/unnamed-5-225x300.jpg 225w, https:\/\/salonvin.sk\/wp-content\/uploads\/2024\/07\/unnamed-5.jpg 1440w\" sizes=\"(max-width: 768px) 100vw, 768px\" \/><\/div>\t\t<\/div>\r\n\t\t\t<\/article>\r\n<\/div>\t<div class=\"w-grid-preloader\">\r\n\t\t<div class=\"g-preloader type_1\">\r\n\t\t\t<div><\/div>\r\n\t\t<\/div>\r\n\t<\/div>\r\n\t\t<div class=\"w-grid-json hidden\" onclick='return {&quot;action&quot;:&quot;us_ajax_grid&quot;,&quot;infinite_scroll&quot;:0,&quot;max_num_pages&quot;:1,&quot;pagination&quot;:&quot;none&quot;,&quot;template_vars&quot;:{&quot;columns&quot;:&quot;2&quot;,&quot;exclude_items&quot;:&quot;none&quot;,&quot;img_size&quot;:&quot;large&quot;,&quot;ignore_items_size&quot;:0,&quot;items_layout&quot;:&quot;gallery_default&quot;,&quot;items_offset&quot;:&quot;1&quot;,&quot;load_animation&quot;:&quot;none&quot;,&quot;overriding_link&quot;:&quot;%7B%22type%22%3A%22popup_image%22%7D&quot;,&quot;post_id&quot;:0,&quot;query_args&quot;:{&quot;post_type&quot;:[&quot;attachment&quot;],&quot;post__in&quot;:[&quot;13673&quot;,&quot;13661&quot;,&quot;13664&quot;,&quot;13667&quot;,&quot;13670&quot;],&quot;post_status&quot;:&quot;inherit&quot;,&quot;post_mime_type&quot;:&quot;image&quot;,&quot;posts_per_page&quot;:&quot;6&quot;},&quot;orderby_query_args&quot;:{&quot;orderby&quot;:{&quot;post__in&quot;:&quot;ASC&quot;},&quot;order&quot;:&quot;ASC&quot;},&quot;type&quot;:&quot;grid&quot;,&quot;us_grid_post_type&quot;:&quot;attachment&quot;,&quot;us_grid_ajax_index&quot;:1,&quot;us_grid_filter_query_string&quot;:null,&quot;us_grid_index&quot;:1,&quot;page_args&quot;:[],&quot;lang&quot;:&quot;en&quot;}}'><\/div>\r\n\t<\/div><\/div><\/div><\/div><\/div><\/div><\/section><section class=\"l-section wpb_row us_custom_c45ec09c height_auto width_full\" id=\"mapa\"><div class=\"l-section-h i-cf\"><div class=\"g-cols vc_row via_flex valign_top type_default stacking_default\"><div class=\"vc_col-sm-12 wpb_column vc_column_container\"><div class=\"vc_column-inner\"><div class=\"wpb_wrapper\">[vc_raw_html]JTNDaWZyYW1lJTIwc3JjJTNEJTIyaHR0cHMlM0ElMkYlMkZ3d3cuZ29vZ2xlLmNvbSUyRm1hcHMlMkZlbWJlZCUzRnBiJTNEJTIxMW0xOCUyMTFtMTIlMjExbTMlMjExZDI2NjIuMjcyMjYyNDgxMjQ2MyUyMTJkMTcuMTA2ODQzODE1NjI5MzQzJTIxM2Q0OC4xNDM1NTYwNzkyMjM5NCUyMTJtMyUyMTFmMCUyMTJmMCUyMTNmMCUyMTNtMiUyMTFpMTAyNCUyMTJpNzY4JTIxNGYxMy4xJTIxM20zJTIxMW0yJTIxMXMweDQ3NmM4OTQyZGYwOTdjYjMlMjUzQTB4ODNjOTM1YThkNTZiZGI1ZCUyMTJzTSUyNUMzJTI1QkF6ZXVtJTI1MjB2aW5vaHJhZG4lMjVDMyUyNUFEY3R2YSUyMTVlMCUyMTNtMiUyMTFzc2slMjEyc3NrJTIxNHYxNTY3NjY1MzY4MTIzJTIxNW0yJTIxMXNzayUyMTJzc2slMjIlMjB3aWR0aCUzRCUyMjE5MjAlMjIlMjBoZWlnaHQlM0QlMjI0MDAlMjIlMjBmcmFtZWJvcmRlciUzRCUyMjAlMjIlMjBzdHlsZSUzRCUyMmJvcmRlciUzQTAlM0IlMjIlMjBhbGxvd2Z1bGxzY3JlZW4lM0QlMjIlMjIlM0UlM0MlMkZpZnJhbWUlM0U=[\/vc_raw_html]<\/div><\/div><\/div><\/div><\/div><\/section>\n","protected":false},"excerpt":{"rendered":"","protected":false},"author":2,"featured_media":1591,"parent":0,"menu_order":0,"comment_status":"closed","ping_status":"open","template":"","meta":{"footnotes":""},"class_list":["post-1887","page","type-page","status-publish","has-post-thumbnail","hentry"],"yoast_head":"<!-- This site is optimized with the Yoast SEO plugin v25.6 - https:\/\/yoast.com\/wordpress\/plugins\/seo\/ -->\n<title>Contact - Sal\u00f3n v\u00edn<\/title>\n<meta name=\"robots\" content=\"index, follow, max-snippet:-1, max-image-preview:large, max-video-preview:-1\" \/>\n<link rel=\"canonical\" href=\"https:\/\/salonvin.sk\/en\/contact\/\" \/>\n<meta property=\"og:locale\" content=\"en_US\" \/>\n<meta property=\"og:type\" content=\"article\" \/>\n<meta property=\"og:title\" content=\"Contact - Sal\u00f3n v\u00edn\" \/>\n<meta property=\"og:url\" content=\"https:\/\/salonvin.sk\/en\/contact\/\" \/>\n<meta property=\"og:site_name\" content=\"Sal\u00f3n v\u00edn\" \/>\n<meta property=\"article:publisher\" content=\"https:\/\/www.facebook.com\/narodnysalonvinslovenskejrepubliky\/\" \/>\n<meta property=\"article:modified_time\" content=\"2026-01-29T11:56:09+00:00\" \/>\n<meta property=\"og:image\" content=\"https:\/\/salonvin.sk\/wp-content\/uploads\/2019\/10\/narodny-salon-vin-ochutnavka-vin-vinoteka-3-e1572270143314.jpeg\" \/>\n\t<meta property=\"og:image:width\" content=\"1920\" \/>\n\t<meta property=\"og:image:height\" content=\"1280\" \/>\n\t<meta property=\"og:image:type\" content=\"image\/jpeg\" \/>\n<meta name=\"twitter:card\" content=\"summary_large_image\" \/>\n<meta name=\"twitter:label1\" content=\"Est. reading time\" \/>\n\t<meta name=\"twitter:data1\" content=\"2 minutes\" \/>\n<script type=\"application\/ld+json\" class=\"yoast-schema-graph\">{\"@context\":\"https:\/\/schema.org\",\"@graph\":[{\"@type\":\"WebPage\",\"@id\":\"https:\/\/salonvin.sk\/en\/contact\/\",\"url\":\"https:\/\/salonvin.sk\/en\/contact\/\",\"name\":\"Contact - Sal\u00f3n v\u00edn\",\"isPartOf\":{\"@id\":\"https:\/\/salonvin.sk\/en\/#website\"},\"primaryImageOfPage\":{\"@id\":\"https:\/\/salonvin.sk\/en\/contact\/#primaryimage\"},\"image\":{\"@id\":\"https:\/\/salonvin.sk\/en\/contact\/#primaryimage\"},\"thumbnailUrl\":\"https:\/\/salonvin.sk\/wp-content\/uploads\/2019\/10\/narodny-salon-vin-ochutnavka-vin-vinoteka-3-e1572270143314.jpeg\",\"datePublished\":\"2019-09-03T17:58:52+00:00\",\"dateModified\":\"2026-01-29T11:56:09+00:00\",\"breadcrumb\":{\"@id\":\"https:\/\/salonvin.sk\/en\/contact\/#breadcrumb\"},\"inLanguage\":\"en-US\",\"potentialAction\":[{\"@type\":\"ReadAction\",\"target\":[\"https:\/\/salonvin.sk\/en\/contact\/\"]}]},{\"@type\":\"ImageObject\",\"inLanguage\":\"en-US\",\"@id\":\"https:\/\/salonvin.sk\/en\/contact\/#primaryimage\",\"url\":\"https:\/\/salonvin.sk\/wp-content\/uploads\/2019\/10\/narodny-salon-vin-ochutnavka-vin-vinoteka-3-e1572270143314.jpeg\",\"contentUrl\":\"https:\/\/salonvin.sk\/wp-content\/uploads\/2019\/10\/narodny-salon-vin-ochutnavka-vin-vinoteka-3-e1572270143314.jpeg\",\"width\":1920,\"height\":1280},{\"@type\":\"BreadcrumbList\",\"@id\":\"https:\/\/salonvin.sk\/en\/contact\/#breadcrumb\",\"itemListElement\":[{\"@type\":\"ListItem\",\"position\":1,\"name\":\"Home\",\"item\":\"https:\/\/salonvin.sk\/en\/\"},{\"@type\":\"ListItem\",\"position\":2,\"name\":\"Contact\"}]},{\"@type\":\"WebSite\",\"@id\":\"https:\/\/salonvin.sk\/en\/#website\",\"url\":\"https:\/\/salonvin.sk\/en\/\",\"name\":\"Sal\u00f3n v\u00edn\",\"description\":\"\",\"potentialAction\":[{\"@type\":\"SearchAction\",\"target\":{\"@type\":\"EntryPoint\",\"urlTemplate\":\"https:\/\/salonvin.sk\/en\/?s={search_term_string}\"},\"query-input\":{\"@type\":\"PropertyValueSpecification\",\"valueRequired\":true,\"valueName\":\"search_term_string\"}}],\"inLanguage\":\"en-US\"}]}<\/script>\n<!-- \/ Yoast SEO plugin. -->","yoast_head_json":{"title":"Contact - Sal\u00f3n v\u00edn","robots":{"index":"index","follow":"follow","max-snippet":"max-snippet:-1","max-image-preview":"max-image-preview:large","max-video-preview":"max-video-preview:-1"},"canonical":"https:\/\/salonvin.sk\/en\/contact\/","og_locale":"en_US","og_type":"article","og_title":"Contact - Sal\u00f3n v\u00edn","og_url":"https:\/\/salonvin.sk\/en\/contact\/","og_site_name":"Sal\u00f3n v\u00edn","article_publisher":"https:\/\/www.facebook.com\/narodnysalonvinslovenskejrepubliky\/","article_modified_time":"2026-01-29T11:56:09+00:00","og_image":[{"width":1920,"height":1280,"url":"https:\/\/salonvin.sk\/wp-content\/uploads\/2019\/10\/narodny-salon-vin-ochutnavka-vin-vinoteka-3-e1572270143314.jpeg","type":"image\/jpeg"}],"twitter_card":"summary_large_image","twitter_misc":{"Est. reading time":"2 minutes"},"schema":{"@context":"https:\/\/schema.org","@graph":[{"@type":"WebPage","@id":"https:\/\/salonvin.sk\/en\/contact\/","url":"https:\/\/salonvin.sk\/en\/contact\/","name":"Contact - Sal\u00f3n v\u00edn","isPartOf":{"@id":"https:\/\/salonvin.sk\/en\/#website"},"primaryImageOfPage":{"@id":"https:\/\/salonvin.sk\/en\/contact\/#primaryimage"},"image":{"@id":"https:\/\/salonvin.sk\/en\/contact\/#primaryimage"},"thumbnailUrl":"https:\/\/salonvin.sk\/wp-content\/uploads\/2019\/10\/narodny-salon-vin-ochutnavka-vin-vinoteka-3-e1572270143314.jpeg","datePublished":"2019-09-03T17:58:52+00:00","dateModified":"2026-01-29T11:56:09+00:00","breadcrumb":{"@id":"https:\/\/salonvin.sk\/en\/contact\/#breadcrumb"},"inLanguage":"en-US","potentialAction":[{"@type":"ReadAction","target":["https:\/\/salonvin.sk\/en\/contact\/"]}]},{"@type":"ImageObject","inLanguage":"en-US","@id":"https:\/\/salonvin.sk\/en\/contact\/#primaryimage","url":"https:\/\/salonvin.sk\/wp-content\/uploads\/2019\/10\/narodny-salon-vin-ochutnavka-vin-vinoteka-3-e1572270143314.jpeg","contentUrl":"https:\/\/salonvin.sk\/wp-content\/uploads\/2019\/10\/narodny-salon-vin-ochutnavka-vin-vinoteka-3-e1572270143314.jpeg","width":1920,"height":1280},{"@type":"BreadcrumbList","@id":"https:\/\/salonvin.sk\/en\/contact\/#breadcrumb","itemListElement":[{"@type":"ListItem","position":1,"name":"Home","item":"https:\/\/salonvin.sk\/en\/"},{"@type":"ListItem","position":2,"name":"Contact"}]},{"@type":"WebSite","@id":"https:\/\/salonvin.sk\/en\/#website","url":"https:\/\/salonvin.sk\/en\/","name":"Sal\u00f3n v\u00edn","description":"","potentialAction":[{"@type":"SearchAction","target":{"@type":"EntryPoint","urlTemplate":"https:\/\/salonvin.sk\/en\/?s={search_term_string}"},"query-input":{"@type":"PropertyValueSpecification","valueRequired":true,"valueName":"search_term_string"}}],"inLanguage":"en-US"}]}},"_links":{"self":[{"href":"https:\/\/salonvin.sk\/en\/wp-json\/wp\/v2\/pages\/1887"}],"collection":[{"href":"https:\/\/salonvin.sk\/en\/wp-json\/wp\/v2\/pages"}],"about":[{"href":"https:\/\/salonvin.sk\/en\/wp-json\/wp\/v2\/types\/page"}],"author":[{"embeddable":true,"href":"https:\/\/salonvin.sk\/en\/wp-json\/wp\/v2\/users\/2"}],"replies":[{"embeddable":true,"href":"https:\/\/salonvin.sk\/en\/wp-json\/wp\/v2\/comments?post=1887"}],"version-history":[{"count":13,"href":"https:\/\/salonvin.sk\/en\/wp-json\/wp\/v2\/pages\/1887\/revisions"}],"predecessor-version":[{"id":30876,"href":"https:\/\/salonvin.sk\/en\/wp-json\/wp\/v2\/pages\/1887\/revisions\/30876"}],"wp:featuredmedia":[{"embeddable":true,"href":"https:\/\/salonvin.sk\/en\/wp-json\/wp\/v2\/media\/1591"}],"wp:attachment":[{"href":"https:\/\/salonvin.sk\/en\/wp-json\/wp\/v2\/media?parent=1887"}],"curies":[{"name":"wp","href":"https:\/\/api.w.org\/{rel}","templated":true}]}}