{"id":1907,"date":"2020-01-08T12:36:50","date_gmt":"2020-01-08T11:36:50","guid":{"rendered":"https:\/\/salonvin.sk\/?page_id=1907"},"modified":"2026-01-13T11:54:46","modified_gmt":"2026-01-13T10:54:46","slug":"personal-data-protection","status":"publish","type":"page","link":"https:\/\/salonvin.sk\/en\/personal-data-protection\/","title":{"rendered":"Personal Data Protection"},"content":{"rendered":"<section class=\"l-section wpb_row height_medium\"><div class=\"l-section-h i-cf\"><div class=\"g-cols vc_row via_flex valign_top type_default stacking_default\"><div class=\"vc_col-sm-12 wpb_column vc_column_container\"><div class=\"vc_column-inner\"><div class=\"wpb_wrapper\"><div class=\"wpb_text_column\"><div class=\"wpb_wrapper\"><div class=\"entry-content clearfix\">\n<div class=\"wpb_column vc_column_container vc_col-sm-9\">\n<div class=\"vc_column-inner \">\n<div class=\"wpb_wrapper\">\n<div class=\"wpb_text_column wpb_content_element \">\n<div class=\"wpb_wrapper\">\n<p><strong>Privacy policy<\/strong><\/p>\n<p>By using our website, you entrust us with your personal data. On this page, we describe what personal data we collect and how we use it.<\/p>\n<p>Operator: The Slovak Union of Grape Growers and Wine Producers, Pra\u017esk\u00e1 3745\/15, 81104, Bratislava \u2013 Star\u00e9 Mesto district, Slovak Republic,\u00a0 Legal form: Z\u00e1ujmov\u00e9 zdru\u017eenie pr\u00e1vnick\u00fdch os\u00f4b, Business ID: 30806470 , collects the following personal data:<\/p>\n<ul>\n<li>cookies<\/li>\n<\/ul>\n<ul>\n<li>personal data that you provide to us in our &#8220;Contact Form&#8221; and &#8220;Sign Up for Newsletter&#8221; form<\/li>\n<\/ul>\n<p>How we use the personal data we collect<\/p>\n<ul>\n<li>Provision of information, services, performance of contracts. Your personal data to the extent: e-mail and name we need for the necessary communication or performance of the contract (e.g. sending more information about an event, etc.).<\/li>\n<li>forms<\/li>\n<li>The personal information you provide to us through our forms will only be used for the purposes for which it was intended, namely:<\/li>\n<li>data from the &#8220;Contact Form&#8221; exclusively for the purpose of contacting you<\/li>\n<li>data from the &#8220;Sign up for newsletter&#8221; form exclusively for the purpose of sending our electronic newsletters with information about current events \u2013 invitations to exhibitions, conferences, PR events, information about new products and services provided, etc.<\/li>\n<\/ul>\n<p>We process your personal data based on your consent, which you can withdraw at any time via the link at the bottom of each newsletter.<\/p>\n<p>With your consent we can also send you offers of third parties or use an e-mail address e.g. for Facebook marketing and targeting. It can be withdrawn at any time by using our contact details at <a href=\"http:\/\/www.salonvin.sk\">www.salonvin.sk<\/a>.<\/p>\n<p><strong>Bookkeeping<\/strong><\/p>\n<p>If you are our customer, we need your personal information (billing information) to comply with the legal obligation to issue and record tax documents. Photographic documentation \u2013 e.g. from live events and courses organized by our company. We will keep your personal information for the duration of the statute of limitations, unless the law provides for an additional retention period, or we have specified otherwise in specific cases.<\/p>\n<p>Cookies<\/p>\n<p>Cookies are small text files that are stored in your browser&#8217;s memory and contain information about your visit to the website. These files are anonymous and contain data such as language, browser, and other settings when viewing the page. Cookies sent to us by your browser are used to analyse user behaviour on our website and to improve and simplify its usability. We use Google Analytics tools for analysis. We use Google Remarketing for advertising purposes. Cookies are used for a period of 6 months.<\/p>\n<p>How to control and delete cookies<\/p>\n<p>You can change your cookie settings in the Settings section of any web browser. If you delete or block cookies, you will still be able to visit our website, but some features may not work properly.<\/p>\n<p>What are your rights<\/p>\n<p>Any person who has provided us with personal data has the right to request from us:<\/p>\n<ul>\n<li>access to their personal data<\/li>\n<li>the right to correct or delete it or restrict its processing<\/li>\n<li>the right to object to its processing<\/li>\n<li>the right to data portability<\/li>\n<li>the right to lodge a complaint with the supervisory authority, which is the Office for Personal Data Protection of the Slovak Republic<\/li>\n<\/ul>\n<p>Rights of the data subject<\/p>\n<p>Any person who has provided us with personal data (data subject) has the right to request access to their personal data from us and the right to correct or delete it or restrict its processing, the right to object to its processing, the right to data portability, and the right to lodge a complaint with the supervisory authority, which is the Office for Personal Data Protection of the Slovak Republic.<\/p>\n<p>Provision of personal data to third parties<\/p>\n<p>Your personal data may be accessed by our employees or associates. To ensure specific processing operations, we use the services and applications of processors:<\/p>\n<ul>\n<li>MailChimp<\/li>\n<li>Facebook<\/li>\n<li>Google<\/li>\n<li>FAPI Cardpay<\/li>\n<\/ul>\n<p>How to exercise your rights<\/p>\n<p>You can exercise your rights by sending an email or written request to our contact details listed in the &#8220;Contact&#8221; section.<\/p>\n<\/div>\n<\/div>\n<\/div>\n<\/div>\n<\/div>\n<\/div>\n<\/div><\/div><\/div><\/div><\/div><\/div><\/div><\/section>\n","protected":false},"excerpt":{"rendered":"Privacy policy By using our website, you entrust us with your personal data. On this page, we describe what personal data we collect and how we use it. Operator: The Slovak Union of Grape Growers and Wine Producers, Pra\u017esk\u00e1 3745\/15, 81104, Bratislava \u2013 Star\u00e9 Mesto district, Slovak Republic,\u00a0 Legal form: Z\u00e1ujmov\u00e9 zdru\u017eenie pr\u00e1vnick\u00fdch os\u00f4b, Business...","protected":false},"author":2,"featured_media":0,"parent":0,"menu_order":0,"comment_status":"closed","ping_status":"open","template":"","meta":{"footnotes":""},"class_list":["post-1907","page","type-page","status-publish","hentry"],"yoast_head":"<!-- This site is optimized with the Yoast SEO plugin v25.6 - https:\/\/yoast.com\/wordpress\/plugins\/seo\/ -->\n<title>Personal Data Protection - Sal\u00f3n v\u00edn<\/title>\n<meta name=\"robots\" content=\"index, follow, max-snippet:-1, max-image-preview:large, max-video-preview:-1\" \/>\n<link rel=\"canonical\" href=\"https:\/\/salonvin.sk\/en\/personal-data-protection\/\" \/>\n<meta property=\"og:locale\" content=\"en_US\" \/>\n<meta property=\"og:type\" content=\"article\" \/>\n<meta property=\"og:title\" content=\"Personal Data Protection - Sal\u00f3n v\u00edn\" \/>\n<meta property=\"og:url\" content=\"https:\/\/salonvin.sk\/en\/personal-data-protection\/\" \/>\n<meta property=\"og:site_name\" content=\"Sal\u00f3n v\u00edn\" \/>\n<meta property=\"article:publisher\" content=\"https:\/\/www.facebook.com\/narodnysalonvinslovenskejrepubliky\/\" \/>\n<meta property=\"article:modified_time\" content=\"2026-01-13T10:54:46+00:00\" \/>\n<meta name=\"twitter:card\" content=\"summary_large_image\" \/>\n<meta name=\"twitter:label1\" content=\"Est. reading time\" \/>\n\t<meta name=\"twitter:data1\" content=\"4 minutes\" \/>\n<script type=\"application\/ld+json\" class=\"yoast-schema-graph\">{\"@context\":\"https:\/\/schema.org\",\"@graph\":[{\"@type\":\"WebPage\",\"@id\":\"https:\/\/salonvin.sk\/en\/personal-data-protection\/\",\"url\":\"https:\/\/salonvin.sk\/en\/personal-data-protection\/\",\"name\":\"Personal Data Protection - Sal\u00f3n v\u00edn\",\"isPartOf\":{\"@id\":\"https:\/\/salonvin.sk\/en\/#website\"},\"datePublished\":\"2020-01-08T11:36:50+00:00\",\"dateModified\":\"2026-01-13T10:54:46+00:00\",\"breadcrumb\":{\"@id\":\"https:\/\/salonvin.sk\/en\/personal-data-protection\/#breadcrumb\"},\"inLanguage\":\"en-US\",\"potentialAction\":[{\"@type\":\"ReadAction\",\"target\":[\"https:\/\/salonvin.sk\/en\/personal-data-protection\/\"]}]},{\"@type\":\"BreadcrumbList\",\"@id\":\"https:\/\/salonvin.sk\/en\/personal-data-protection\/#breadcrumb\",\"itemListElement\":[{\"@type\":\"ListItem\",\"position\":1,\"name\":\"Home\",\"item\":\"https:\/\/salonvin.sk\/en\/\"},{\"@type\":\"ListItem\",\"position\":2,\"name\":\"Personal Data Protection\"}]},{\"@type\":\"WebSite\",\"@id\":\"https:\/\/salonvin.sk\/en\/#website\",\"url\":\"https:\/\/salonvin.sk\/en\/\",\"name\":\"Sal\u00f3n v\u00edn\",\"description\":\"\",\"potentialAction\":[{\"@type\":\"SearchAction\",\"target\":{\"@type\":\"EntryPoint\",\"urlTemplate\":\"https:\/\/salonvin.sk\/en\/?s={search_term_string}\"},\"query-input\":{\"@type\":\"PropertyValueSpecification\",\"valueRequired\":true,\"valueName\":\"search_term_string\"}}],\"inLanguage\":\"en-US\"}]}<\/script>\n<!-- \/ Yoast SEO plugin. -->","yoast_head_json":{"title":"Personal Data Protection - Sal\u00f3n v\u00edn","robots":{"index":"index","follow":"follow","max-snippet":"max-snippet:-1","max-image-preview":"max-image-preview:large","max-video-preview":"max-video-preview:-1"},"canonical":"https:\/\/salonvin.sk\/en\/personal-data-protection\/","og_locale":"en_US","og_type":"article","og_title":"Personal Data Protection - Sal\u00f3n v\u00edn","og_url":"https:\/\/salonvin.sk\/en\/personal-data-protection\/","og_site_name":"Sal\u00f3n v\u00edn","article_publisher":"https:\/\/www.facebook.com\/narodnysalonvinslovenskejrepubliky\/","article_modified_time":"2026-01-13T10:54:46+00:00","twitter_card":"summary_large_image","twitter_misc":{"Est. reading time":"4 minutes"},"schema":{"@context":"https:\/\/schema.org","@graph":[{"@type":"WebPage","@id":"https:\/\/salonvin.sk\/en\/personal-data-protection\/","url":"https:\/\/salonvin.sk\/en\/personal-data-protection\/","name":"Personal Data Protection - Sal\u00f3n v\u00edn","isPartOf":{"@id":"https:\/\/salonvin.sk\/en\/#website"},"datePublished":"2020-01-08T11:36:50+00:00","dateModified":"2026-01-13T10:54:46+00:00","breadcrumb":{"@id":"https:\/\/salonvin.sk\/en\/personal-data-protection\/#breadcrumb"},"inLanguage":"en-US","potentialAction":[{"@type":"ReadAction","target":["https:\/\/salonvin.sk\/en\/personal-data-protection\/"]}]},{"@type":"BreadcrumbList","@id":"https:\/\/salonvin.sk\/en\/personal-data-protection\/#breadcrumb","itemListElement":[{"@type":"ListItem","position":1,"name":"Home","item":"https:\/\/salonvin.sk\/en\/"},{"@type":"ListItem","position":2,"name":"Personal Data Protection"}]},{"@type":"WebSite","@id":"https:\/\/salonvin.sk\/en\/#website","url":"https:\/\/salonvin.sk\/en\/","name":"Sal\u00f3n v\u00edn","description":"","potentialAction":[{"@type":"SearchAction","target":{"@type":"EntryPoint","urlTemplate":"https:\/\/salonvin.sk\/en\/?s={search_term_string}"},"query-input":{"@type":"PropertyValueSpecification","valueRequired":true,"valueName":"search_term_string"}}],"inLanguage":"en-US"}]}},"_links":{"self":[{"href":"https:\/\/salonvin.sk\/en\/wp-json\/wp\/v2\/pages\/1907"}],"collection":[{"href":"https:\/\/salonvin.sk\/en\/wp-json\/wp\/v2\/pages"}],"about":[{"href":"https:\/\/salonvin.sk\/en\/wp-json\/wp\/v2\/types\/page"}],"author":[{"embeddable":true,"href":"https:\/\/salonvin.sk\/en\/wp-json\/wp\/v2\/users\/2"}],"replies":[{"embeddable":true,"href":"https:\/\/salonvin.sk\/en\/wp-json\/wp\/v2\/comments?post=1907"}],"version-history":[{"count":2,"href":"https:\/\/salonvin.sk\/en\/wp-json\/wp\/v2\/pages\/1907\/revisions"}],"predecessor-version":[{"id":29839,"href":"https:\/\/salonvin.sk\/en\/wp-json\/wp\/v2\/pages\/1907\/revisions\/29839"}],"wp:attachment":[{"href":"https:\/\/salonvin.sk\/en\/wp-json\/wp\/v2\/media?parent=1907"}],"curies":[{"name":"wp","href":"https:\/\/api.w.org\/{rel}","templated":true}]}}