{"id":1967,"date":"2020-01-07T12:37:02","date_gmt":"2020-01-07T11:37:02","guid":{"rendered":"https:\/\/salonvin.sk\/about-us\/jarka-patkova\/"},"modified":"2025-08-05T14:26:31","modified_gmt":"2025-08-05T12:26:31","slug":"jarka-patkova","status":"publish","type":"page","link":"https:\/\/salonvin.sk\/en\/about-us\/jarka-patkova\/","title":{"rendered":"Jaroslava P\u00e1tkov\u00e1"},"content":{"rendered":"<section class=\"l-section wpb_row height_large with_img parallax_ver\"><div class=\"l-section-img\" role=\"img\" aria-label=\"narodny-salon-vin-ochutnavka-vin-vinoteka\" data-img-width=\"1920\" data-img-height=\"1280\" style=\"background-image: url(https:\/\/salonvin.sk\/wp-content\/uploads\/2019\/06\/narodny-salon-vin-ochutnavka-vin-vinoteka-22.jpeg);background-position: top center;background-repeat: no-repeat;\"><\/div><div class=\"l-section-h i-cf\"><div class=\"g-cols vc_row via_flex valign_top type_default stacking_default\"><div class=\"vc_col-sm-12 wpb_column vc_column_container\"><div class=\"vc_column-inner\"><div class=\"wpb_wrapper\">[vc_custom_heading text=&#8221;Jaroslava P\u00e1tkov\u00e1 &#8211; Executive Director&#8221; font_container=&#8221;tag:h2|text_align:center&#8221; use_theme_fonts=&#8221;yes&#8221;]<\/div><\/div><\/div><\/div><\/div><\/section><section class=\"l-section wpb_row height_medium\"><div class=\"l-section-h i-cf\"><div class=\"g-cols vc_row via_flex valign_top type_default stacking_default\"><div class=\"vc_col-sm-6 wpb_column vc_column_container\"><div class=\"vc_column-inner us_custom_06ab2b43\"><div class=\"wpb_wrapper\">[vc_custom_heading text=&#8221;About Jaroslava&#8221; font_container=&#8221;tag:h3|text_align:left&#8221; use_theme_fonts=&#8221;yes&#8221;]<div class=\"wpb_text_column\"><div class=\"wpb_wrapper\"><p>Jaroslava has been the Executive Director of the Slovak Union of Grape Growers and Wine Producers since 2006.<\/p>\n<p>Throughout her career she has always focused on wine and before becoming a director she was:<\/p>\n<ul>\n<li>Representative of the Slovak Republic to the International Organization of Vine and Wine based in Paris<\/li>\n<li>Director of the Research Institute of Wines in the National Agricultural and Food Center<\/li>\n<li>Representative of the Slovak Republic in the Management Committee for Wine<\/li>\n<li>Wrote 10 CC publications and more than 30 professional and scientific articles<\/li>\n<\/ul>\n<p><strong>Nowadays her work focuses on:<\/strong><\/p>\n<ul>\n<li>Consulting on subsidies, legislation, labelling<\/li>\n<li>Successfully manages Interreg projects, promotion projects in member countries and in EU countries<\/li>\n<\/ul>\n<\/div><\/div><\/div><\/div><\/div><div class=\"vc_col-sm-6 wpb_column vc_column_container\"><div class=\"vc_column-inner us_custom_02702b56\"><div class=\"wpb_wrapper\"><div class=\"w-image us_custom_0950e427 obrazok_oble_rohy align_none\"><div class=\"w-image-h\"><img decoding=\"async\" width=\"720\" height=\"857\" src=\"https:\/\/salonvin.sk\/wp-content\/uploads\/2020\/01\/Jarka-P\u00e1tkov\u00e1-fotka-small.jpg\" class=\"attachment-full size-full\" alt=\"Jarka P\u00e1tkov\u00e1 - fotka-small\" loading=\"lazy\" srcset=\"https:\/\/salonvin.sk\/wp-content\/uploads\/2020\/01\/Jarka-P\u00e1tkov\u00e1-fotka-small.jpg 720w, https:\/\/salonvin.sk\/wp-content\/uploads\/2020\/01\/Jarka-P\u00e1tkov\u00e1-fotka-small-600x714.jpg 600w, https:\/\/salonvin.sk\/wp-content\/uploads\/2020\/01\/Jarka-P\u00e1tkov\u00e1-fotka-small-252x300.jpg 252w\" sizes=\"(max-width: 720px) 100vw, 720px\" \/><\/div><\/div><\/div><\/div><\/div><\/div><\/div><\/section>\n","protected":false},"excerpt":{"rendered":"[vc_custom_heading text=\"Jaroslava P\u00e1tkov\u00e1 - Executive Director\" font_container=\"tag:h2|text_align:center\" use_theme_fonts=\"yes\"][vc_custom_heading text=\"About Jaroslava\" font_container=\"tag:h3|text_align:left\" use_theme_fonts=\"yes\"]Jaroslava has been the Executive Director of the Slovak Union of Grape Growers and Wine Producers since 2006. Throughout her career she has always focused on wine and before becoming a director she was: Representative of the Slovak Republic to the International Organization of...","protected":false},"author":2,"featured_media":1681,"parent":1899,"menu_order":0,"comment_status":"closed","ping_status":"closed","template":"","meta":{"footnotes":""},"class_list":["post-1967","page","type-page","status-publish","has-post-thumbnail","hentry"],"yoast_head":"<!-- This site is optimized with the Yoast SEO plugin v25.6 - https:\/\/yoast.com\/wordpress\/plugins\/seo\/ -->\n<title>Jaroslava P\u00e1tkov\u00e1 - Sal\u00f3n v\u00edn<\/title>\n<meta name=\"robots\" content=\"index, follow, max-snippet:-1, max-image-preview:large, max-video-preview:-1\" \/>\n<link rel=\"canonical\" href=\"https:\/\/salonvin.sk\/en\/about-us\/jarka-patkova\/\" \/>\n<meta property=\"og:locale\" content=\"en_US\" \/>\n<meta property=\"og:type\" content=\"article\" \/>\n<meta property=\"og:title\" content=\"Jaroslava P\u00e1tkov\u00e1 - Sal\u00f3n v\u00edn\" \/>\n<meta property=\"og:url\" content=\"https:\/\/salonvin.sk\/en\/about-us\/jarka-patkova\/\" \/>\n<meta property=\"og:site_name\" content=\"Sal\u00f3n v\u00edn\" \/>\n<meta property=\"article:publisher\" content=\"https:\/\/www.facebook.com\/narodnysalonvinslovenskejrepubliky\/\" \/>\n<meta property=\"article:modified_time\" content=\"2025-08-05T12:26:31+00:00\" \/>\n<meta property=\"og:image\" content=\"https:\/\/salonvin.sk\/wp-content\/uploads\/2019\/10\/Jarka-P\u00e1tkov\u00e1-fotka.jpg\" \/>\n\t<meta property=\"og:image:width\" content=\"720\" \/>\n\t<meta property=\"og:image:height\" content=\"1080\" \/>\n\t<meta property=\"og:image:type\" content=\"image\/jpeg\" \/>\n<meta name=\"twitter:card\" content=\"summary_large_image\" \/>\n<meta name=\"twitter:label1\" content=\"Est. reading time\" \/>\n\t<meta name=\"twitter:data1\" content=\"1 minute\" \/>\n<script type=\"application\/ld+json\" class=\"yoast-schema-graph\">{\"@context\":\"https:\/\/schema.org\",\"@graph\":[{\"@type\":\"WebPage\",\"@id\":\"https:\/\/salonvin.sk\/en\/about-us\/jarka-patkova\/\",\"url\":\"https:\/\/salonvin.sk\/en\/about-us\/jarka-patkova\/\",\"name\":\"Jaroslava P\u00e1tkov\u00e1 - Sal\u00f3n v\u00edn\",\"isPartOf\":{\"@id\":\"https:\/\/salonvin.sk\/en\/#website\"},\"primaryImageOfPage\":{\"@id\":\"https:\/\/salonvin.sk\/en\/about-us\/jarka-patkova\/#primaryimage\"},\"image\":{\"@id\":\"https:\/\/salonvin.sk\/en\/about-us\/jarka-patkova\/#primaryimage\"},\"thumbnailUrl\":\"https:\/\/salonvin.sk\/wp-content\/uploads\/2019\/10\/Jarka-P\u00e1tkov\u00e1-fotka.jpg\",\"datePublished\":\"2020-01-07T11:37:02+00:00\",\"dateModified\":\"2025-08-05T12:26:31+00:00\",\"breadcrumb\":{\"@id\":\"https:\/\/salonvin.sk\/en\/about-us\/jarka-patkova\/#breadcrumb\"},\"inLanguage\":\"en-US\",\"potentialAction\":[{\"@type\":\"ReadAction\",\"target\":[\"https:\/\/salonvin.sk\/en\/about-us\/jarka-patkova\/\"]}]},{\"@type\":\"ImageObject\",\"inLanguage\":\"en-US\",\"@id\":\"https:\/\/salonvin.sk\/en\/about-us\/jarka-patkova\/#primaryimage\",\"url\":\"https:\/\/salonvin.sk\/wp-content\/uploads\/2019\/10\/Jarka-P\u00e1tkov\u00e1-fotka.jpg\",\"contentUrl\":\"https:\/\/salonvin.sk\/wp-content\/uploads\/2019\/10\/Jarka-P\u00e1tkov\u00e1-fotka.jpg\",\"width\":720,\"height\":1080},{\"@type\":\"BreadcrumbList\",\"@id\":\"https:\/\/salonvin.sk\/en\/about-us\/jarka-patkova\/#breadcrumb\",\"itemListElement\":[{\"@type\":\"ListItem\",\"position\":1,\"name\":\"Home\",\"item\":\"https:\/\/salonvin.sk\/en\/\"},{\"@type\":\"ListItem\",\"position\":2,\"name\":\"About us\",\"item\":\"https:\/\/salonvin.sk\/en\/about-us\/\"},{\"@type\":\"ListItem\",\"position\":3,\"name\":\"Jaroslava P\u00e1tkov\u00e1\"}]},{\"@type\":\"WebSite\",\"@id\":\"https:\/\/salonvin.sk\/en\/#website\",\"url\":\"https:\/\/salonvin.sk\/en\/\",\"name\":\"Sal\u00f3n v\u00edn\",\"description\":\"\",\"potentialAction\":[{\"@type\":\"SearchAction\",\"target\":{\"@type\":\"EntryPoint\",\"urlTemplate\":\"https:\/\/salonvin.sk\/en\/?s={search_term_string}\"},\"query-input\":{\"@type\":\"PropertyValueSpecification\",\"valueRequired\":true,\"valueName\":\"search_term_string\"}}],\"inLanguage\":\"en-US\"}]}<\/script>\n<!-- \/ Yoast SEO plugin. -->","yoast_head_json":{"title":"Jaroslava P\u00e1tkov\u00e1 - Sal\u00f3n v\u00edn","robots":{"index":"index","follow":"follow","max-snippet":"max-snippet:-1","max-image-preview":"max-image-preview:large","max-video-preview":"max-video-preview:-1"},"canonical":"https:\/\/salonvin.sk\/en\/about-us\/jarka-patkova\/","og_locale":"en_US","og_type":"article","og_title":"Jaroslava P\u00e1tkov\u00e1 - Sal\u00f3n v\u00edn","og_url":"https:\/\/salonvin.sk\/en\/about-us\/jarka-patkova\/","og_site_name":"Sal\u00f3n v\u00edn","article_publisher":"https:\/\/www.facebook.com\/narodnysalonvinslovenskejrepubliky\/","article_modified_time":"2025-08-05T12:26:31+00:00","og_image":[{"width":720,"height":1080,"url":"https:\/\/salonvin.sk\/wp-content\/uploads\/2019\/10\/Jarka-P\u00e1tkov\u00e1-fotka.jpg","type":"image\/jpeg"}],"twitter_card":"summary_large_image","twitter_misc":{"Est. reading time":"1 minute"},"schema":{"@context":"https:\/\/schema.org","@graph":[{"@type":"WebPage","@id":"https:\/\/salonvin.sk\/en\/about-us\/jarka-patkova\/","url":"https:\/\/salonvin.sk\/en\/about-us\/jarka-patkova\/","name":"Jaroslava P\u00e1tkov\u00e1 - Sal\u00f3n v\u00edn","isPartOf":{"@id":"https:\/\/salonvin.sk\/en\/#website"},"primaryImageOfPage":{"@id":"https:\/\/salonvin.sk\/en\/about-us\/jarka-patkova\/#primaryimage"},"image":{"@id":"https:\/\/salonvin.sk\/en\/about-us\/jarka-patkova\/#primaryimage"},"thumbnailUrl":"https:\/\/salonvin.sk\/wp-content\/uploads\/2019\/10\/Jarka-P\u00e1tkov\u00e1-fotka.jpg","datePublished":"2020-01-07T11:37:02+00:00","dateModified":"2025-08-05T12:26:31+00:00","breadcrumb":{"@id":"https:\/\/salonvin.sk\/en\/about-us\/jarka-patkova\/#breadcrumb"},"inLanguage":"en-US","potentialAction":[{"@type":"ReadAction","target":["https:\/\/salonvin.sk\/en\/about-us\/jarka-patkova\/"]}]},{"@type":"ImageObject","inLanguage":"en-US","@id":"https:\/\/salonvin.sk\/en\/about-us\/jarka-patkova\/#primaryimage","url":"https:\/\/salonvin.sk\/wp-content\/uploads\/2019\/10\/Jarka-P\u00e1tkov\u00e1-fotka.jpg","contentUrl":"https:\/\/salonvin.sk\/wp-content\/uploads\/2019\/10\/Jarka-P\u00e1tkov\u00e1-fotka.jpg","width":720,"height":1080},{"@type":"BreadcrumbList","@id":"https:\/\/salonvin.sk\/en\/about-us\/jarka-patkova\/#breadcrumb","itemListElement":[{"@type":"ListItem","position":1,"name":"Home","item":"https:\/\/salonvin.sk\/en\/"},{"@type":"ListItem","position":2,"name":"About us","item":"https:\/\/salonvin.sk\/en\/about-us\/"},{"@type":"ListItem","position":3,"name":"Jaroslava P\u00e1tkov\u00e1"}]},{"@type":"WebSite","@id":"https:\/\/salonvin.sk\/en\/#website","url":"https:\/\/salonvin.sk\/en\/","name":"Sal\u00f3n v\u00edn","description":"","potentialAction":[{"@type":"SearchAction","target":{"@type":"EntryPoint","urlTemplate":"https:\/\/salonvin.sk\/en\/?s={search_term_string}"},"query-input":{"@type":"PropertyValueSpecification","valueRequired":true,"valueName":"search_term_string"}}],"inLanguage":"en-US"}]}},"_links":{"self":[{"href":"https:\/\/salonvin.sk\/en\/wp-json\/wp\/v2\/pages\/1967"}],"collection":[{"href":"https:\/\/salonvin.sk\/en\/wp-json\/wp\/v2\/pages"}],"about":[{"href":"https:\/\/salonvin.sk\/en\/wp-json\/wp\/v2\/types\/page"}],"author":[{"embeddable":true,"href":"https:\/\/salonvin.sk\/en\/wp-json\/wp\/v2\/users\/2"}],"replies":[{"embeddable":true,"href":"https:\/\/salonvin.sk\/en\/wp-json\/wp\/v2\/comments?post=1967"}],"version-history":[{"count":2,"href":"https:\/\/salonvin.sk\/en\/wp-json\/wp\/v2\/pages\/1967\/revisions"}],"predecessor-version":[{"id":29852,"href":"https:\/\/salonvin.sk\/en\/wp-json\/wp\/v2\/pages\/1967\/revisions\/29852"}],"up":[{"embeddable":true,"href":"https:\/\/salonvin.sk\/en\/wp-json\/wp\/v2\/pages\/1899"}],"wp:featuredmedia":[{"embeddable":true,"href":"https:\/\/salonvin.sk\/en\/wp-json\/wp\/v2\/media\/1681"}],"wp:attachment":[{"href":"https:\/\/salonvin.sk\/en\/wp-json\/wp\/v2\/media?parent=1967"}],"curies":[{"name":"wp","href":"https:\/\/api.w.org\/{rel}","templated":true}]}}