{"id":1985,"date":"2019-11-26T10:36:08","date_gmt":"2019-11-26T09:36:08","guid":{"rendered":"https:\/\/salonvin.sk\/about-us\/peter-minarik\/"},"modified":"2025-08-05T14:11:20","modified_gmt":"2025-08-05T12:11:20","slug":"peter-minarik","status":"publish","type":"page","link":"https:\/\/salonvin.sk\/en\/about-us\/peter-minarik\/","title":{"rendered":"Peter Min\u00e1rik"},"content":{"rendered":"<section class=\"l-section wpb_row height_large with_img parallax_ver\"><div class=\"l-section-img\" role=\"img\" aria-label=\"narodny-salon-vin-ochutnavka-vin-vinoteka\" data-img-width=\"1920\" data-img-height=\"1280\" style=\"background-image: url(https:\/\/salonvin.sk\/wp-content\/uploads\/2019\/06\/narodny-salon-vin-ochutnavka-vin-vinoteka-22.jpeg);background-position: top center;background-repeat: no-repeat;\"><\/div><div class=\"l-section-h i-cf\"><div class=\"g-cols vc_row via_flex valign_top type_default stacking_default\"><div class=\"vc_col-sm-12 wpb_column vc_column_container\"><div class=\"vc_column-inner\"><div class=\"wpb_wrapper\">[vc_custom_heading text=&#8221;Peter Min\u00e1rik &#8211; Head Sommelier&#8221; font_container=&#8221;tag:h2|text_align:center&#8221; use_theme_fonts=&#8221;yes&#8221;]<\/div><\/div><\/div><\/div><\/div><\/section><section class=\"l-section wpb_row height_medium\"><div class=\"l-section-h i-cf\"><div class=\"g-cols vc_row via_flex valign_top type_default stacking_default\"><div class=\"vc_col-sm-6 wpb_column vc_column_container\"><div class=\"vc_column-inner us_custom_06ab2b43\"><div class=\"wpb_wrapper\">[vc_custom_heading text=&#8221;About Peter&#8221; font_container=&#8221;tag:h3|text_align:left&#8221; use_theme_fonts=&#8221;yes&#8221;]<div class=\"wpb_text_column\"><div class=\"wpb_wrapper\"><p>I come from the village \u010cast\u00e1, which is located on the Small Carpathian Wine Route. I am from a grape-growing family that has extensive vineyards, as well as a long tradition of wine-making. I studied at the Secondary School of Wine and Fruit Production in Modra, where I gained theoretical and practical experience of how wineries operate. Later I enrolled at the Slovak University of Agriculture in Nitra at the Faculty of Horticulture and Landscape Engineering.<\/p>\n<p>When I finished my studies, I worked in multiple wineries and later in the public sector for the Central Control and Testing Institute in Agriculture (\u00daKS\u00daP). When the opportunity to work as a sommelier at the Slovak National Wine Collection arose, I didn\u2019t hesitate and today I am the head sommelier.<\/p>\n<p>If you need a\u00a0wine recommendation, I\u00a0am here to help!<\/p>\n<\/div><\/div>[vc_custom_heading text=&#8221;Contact&#8221; font_container=&#8221;tag:h3|text_align:left&#8221; use_theme_fonts=&#8221;yes&#8221;]<div class=\"wpb_text_column\"><div class=\"wpb_wrapper\"><p><strong>Ing. Peter Min\u00e1rik <\/strong>\u2013 Head Sommelier<\/p>\n<p><strong>Email: <\/strong><a href=\"mailto:info@salonvin.sk\">info@salonvin.sk<\/a><strong>\u00a0<\/strong><\/p>\n<p><strong>Mobile phone: <\/strong>+421 918 664 992<\/p>\n<\/div><\/div><\/div><\/div><\/div><div class=\"vc_col-sm-6 wpb_column vc_column_container\"><div class=\"vc_column-inner us_custom_02702b56\"><div class=\"wpb_wrapper\"><div class=\"w-image us_custom_0950e427 obrazok_oble_rohy align_none\"><div class=\"w-image-h\"><img decoding=\"async\" width=\"720\" height=\"1080\" src=\"https:\/\/salonvin.sk\/wp-content\/uploads\/2019\/10\/Peter-Minarik-somelier.jpg\" class=\"attachment-full size-full\" alt=\"\" loading=\"lazy\" srcset=\"https:\/\/salonvin.sk\/wp-content\/uploads\/2019\/10\/Peter-Minarik-somelier.jpg 720w, https:\/\/salonvin.sk\/wp-content\/uploads\/2019\/10\/Peter-Minarik-somelier-600x900.jpg 600w, https:\/\/salonvin.sk\/wp-content\/uploads\/2019\/10\/Peter-Minarik-somelier-200x300.jpg 200w, https:\/\/salonvin.sk\/wp-content\/uploads\/2019\/10\/Peter-Minarik-somelier-683x1024.jpg 683w\" sizes=\"(max-width: 720px) 100vw, 720px\" \/><\/div><\/div><\/div><\/div><\/div><\/div><\/div><\/section>\n","protected":false},"excerpt":{"rendered":"[vc_custom_heading text=\"Peter Min\u00e1rik - Head Sommelier\" font_container=\"tag:h2|text_align:center\" use_theme_fonts=\"yes\"][vc_custom_heading text=\"About Peter\" font_container=\"tag:h3|text_align:left\" use_theme_fonts=\"yes\"]I come from the village \u010cast\u00e1, which is located on the Small Carpathian Wine Route. I am from a grape-growing family that has extensive vineyards, as well as a long tradition of wine-making. I studied at the Secondary School of Wine and Fruit Production...","protected":false},"author":2,"featured_media":0,"parent":1899,"menu_order":0,"comment_status":"closed","ping_status":"closed","template":"","meta":{"footnotes":""},"class_list":["post-1985","page","type-page","status-publish","hentry"],"yoast_head":"<!-- This site is optimized with the Yoast SEO plugin v25.6 - https:\/\/yoast.com\/wordpress\/plugins\/seo\/ -->\n<title>Peter Min\u00e1rik - Sal\u00f3n v\u00edn<\/title>\n<meta name=\"robots\" content=\"index, follow, max-snippet:-1, max-image-preview:large, max-video-preview:-1\" \/>\n<link rel=\"canonical\" href=\"https:\/\/salonvin.sk\/en\/about-us\/peter-minarik\/\" \/>\n<meta property=\"og:locale\" content=\"en_US\" \/>\n<meta property=\"og:type\" content=\"article\" \/>\n<meta property=\"og:title\" content=\"Peter Min\u00e1rik - Sal\u00f3n v\u00edn\" \/>\n<meta property=\"og:url\" content=\"https:\/\/salonvin.sk\/en\/about-us\/peter-minarik\/\" \/>\n<meta property=\"og:site_name\" content=\"Sal\u00f3n v\u00edn\" \/>\n<meta property=\"article:publisher\" content=\"https:\/\/www.facebook.com\/narodnysalonvinslovenskejrepubliky\/\" \/>\n<meta property=\"article:modified_time\" content=\"2025-08-05T12:11:20+00:00\" \/>\n<meta name=\"twitter:card\" content=\"summary_large_image\" \/>\n<meta name=\"twitter:label1\" content=\"Est. reading time\" \/>\n\t<meta name=\"twitter:data1\" content=\"1 minute\" \/>\n<script type=\"application\/ld+json\" class=\"yoast-schema-graph\">{\"@context\":\"https:\/\/schema.org\",\"@graph\":[{\"@type\":\"WebPage\",\"@id\":\"https:\/\/salonvin.sk\/en\/about-us\/peter-minarik\/\",\"url\":\"https:\/\/salonvin.sk\/en\/about-us\/peter-minarik\/\",\"name\":\"Peter Min\u00e1rik - Sal\u00f3n v\u00edn\",\"isPartOf\":{\"@id\":\"https:\/\/salonvin.sk\/en\/#website\"},\"datePublished\":\"2019-11-26T09:36:08+00:00\",\"dateModified\":\"2025-08-05T12:11:20+00:00\",\"breadcrumb\":{\"@id\":\"https:\/\/salonvin.sk\/en\/about-us\/peter-minarik\/#breadcrumb\"},\"inLanguage\":\"en-US\",\"potentialAction\":[{\"@type\":\"ReadAction\",\"target\":[\"https:\/\/salonvin.sk\/en\/about-us\/peter-minarik\/\"]}]},{\"@type\":\"BreadcrumbList\",\"@id\":\"https:\/\/salonvin.sk\/en\/about-us\/peter-minarik\/#breadcrumb\",\"itemListElement\":[{\"@type\":\"ListItem\",\"position\":1,\"name\":\"Home\",\"item\":\"https:\/\/salonvin.sk\/en\/\"},{\"@type\":\"ListItem\",\"position\":2,\"name\":\"About us\",\"item\":\"https:\/\/salonvin.sk\/en\/about-us\/\"},{\"@type\":\"ListItem\",\"position\":3,\"name\":\"Peter Min\u00e1rik\"}]},{\"@type\":\"WebSite\",\"@id\":\"https:\/\/salonvin.sk\/en\/#website\",\"url\":\"https:\/\/salonvin.sk\/en\/\",\"name\":\"Sal\u00f3n v\u00edn\",\"description\":\"\",\"potentialAction\":[{\"@type\":\"SearchAction\",\"target\":{\"@type\":\"EntryPoint\",\"urlTemplate\":\"https:\/\/salonvin.sk\/en\/?s={search_term_string}\"},\"query-input\":{\"@type\":\"PropertyValueSpecification\",\"valueRequired\":true,\"valueName\":\"search_term_string\"}}],\"inLanguage\":\"en-US\"}]}<\/script>\n<!-- \/ Yoast SEO plugin. -->","yoast_head_json":{"title":"Peter Min\u00e1rik - Sal\u00f3n v\u00edn","robots":{"index":"index","follow":"follow","max-snippet":"max-snippet:-1","max-image-preview":"max-image-preview:large","max-video-preview":"max-video-preview:-1"},"canonical":"https:\/\/salonvin.sk\/en\/about-us\/peter-minarik\/","og_locale":"en_US","og_type":"article","og_title":"Peter Min\u00e1rik - Sal\u00f3n v\u00edn","og_url":"https:\/\/salonvin.sk\/en\/about-us\/peter-minarik\/","og_site_name":"Sal\u00f3n v\u00edn","article_publisher":"https:\/\/www.facebook.com\/narodnysalonvinslovenskejrepubliky\/","article_modified_time":"2025-08-05T12:11:20+00:00","twitter_card":"summary_large_image","twitter_misc":{"Est. reading time":"1 minute"},"schema":{"@context":"https:\/\/schema.org","@graph":[{"@type":"WebPage","@id":"https:\/\/salonvin.sk\/en\/about-us\/peter-minarik\/","url":"https:\/\/salonvin.sk\/en\/about-us\/peter-minarik\/","name":"Peter Min\u00e1rik - Sal\u00f3n v\u00edn","isPartOf":{"@id":"https:\/\/salonvin.sk\/en\/#website"},"datePublished":"2019-11-26T09:36:08+00:00","dateModified":"2025-08-05T12:11:20+00:00","breadcrumb":{"@id":"https:\/\/salonvin.sk\/en\/about-us\/peter-minarik\/#breadcrumb"},"inLanguage":"en-US","potentialAction":[{"@type":"ReadAction","target":["https:\/\/salonvin.sk\/en\/about-us\/peter-minarik\/"]}]},{"@type":"BreadcrumbList","@id":"https:\/\/salonvin.sk\/en\/about-us\/peter-minarik\/#breadcrumb","itemListElement":[{"@type":"ListItem","position":1,"name":"Home","item":"https:\/\/salonvin.sk\/en\/"},{"@type":"ListItem","position":2,"name":"About us","item":"https:\/\/salonvin.sk\/en\/about-us\/"},{"@type":"ListItem","position":3,"name":"Peter Min\u00e1rik"}]},{"@type":"WebSite","@id":"https:\/\/salonvin.sk\/en\/#website","url":"https:\/\/salonvin.sk\/en\/","name":"Sal\u00f3n v\u00edn","description":"","potentialAction":[{"@type":"SearchAction","target":{"@type":"EntryPoint","urlTemplate":"https:\/\/salonvin.sk\/en\/?s={search_term_string}"},"query-input":{"@type":"PropertyValueSpecification","valueRequired":true,"valueName":"search_term_string"}}],"inLanguage":"en-US"}]}},"_links":{"self":[{"href":"https:\/\/salonvin.sk\/en\/wp-json\/wp\/v2\/pages\/1985"}],"collection":[{"href":"https:\/\/salonvin.sk\/en\/wp-json\/wp\/v2\/pages"}],"about":[{"href":"https:\/\/salonvin.sk\/en\/wp-json\/wp\/v2\/types\/page"}],"author":[{"embeddable":true,"href":"https:\/\/salonvin.sk\/en\/wp-json\/wp\/v2\/users\/2"}],"replies":[{"embeddable":true,"href":"https:\/\/salonvin.sk\/en\/wp-json\/wp\/v2\/comments?post=1985"}],"version-history":[{"count":2,"href":"https:\/\/salonvin.sk\/en\/wp-json\/wp\/v2\/pages\/1985\/revisions"}],"predecessor-version":[{"id":29847,"href":"https:\/\/salonvin.sk\/en\/wp-json\/wp\/v2\/pages\/1985\/revisions\/29847"}],"up":[{"embeddable":true,"href":"https:\/\/salonvin.sk\/en\/wp-json\/wp\/v2\/pages\/1899"}],"wp:attachment":[{"href":"https:\/\/salonvin.sk\/en\/wp-json\/wp\/v2\/media?parent=1985"}],"curies":[{"name":"wp","href":"https:\/\/api.w.org\/{rel}","templated":true}]}}