{"id":762,"date":"2019-10-29T08:35:38","date_gmt":"2019-10-29T07:35:38","guid":{"rendered":"https:\/\/salonvin.sk\/?page_id=762"},"modified":"2025-08-03T14:26:07","modified_gmt":"2025-08-03T12:26:07","slug":"uzavreta-spolocnost-prenajom-priestorov","status":"publish","type":"page","link":"https:\/\/salonvin.sk\/en\/zazitky\/uzavreta-spolocnost-prenajom-priestorov\/","title":{"rendered":"Uzavret\u00e1 spolo\u010dnos\u0165 a pren\u00e1jom priestorov"},"content":{"rendered":"<section class=\"l-section wpb_row height_large with_img parallax_ver\"><div class=\"l-section-img\" role=\"img\" aria-label=\"narodny-salon-vin-ochutnavka-vin-vinoteka\" data-img-width=\"1920\" data-img-height=\"1280\" style=\"background-image: url(https:\/\/salonvin.sk\/wp-content\/uploads\/2019\/09\/vinoteka-ochutnavka-vin-vinna-cesta-narodny-salon-sin-9.jpeg);background-position: top center;background-repeat: no-repeat;\"><\/div><div class=\"l-section-overlay\" style=\"background:rgba(26,26,26,0.61)\"><\/div><div class=\"l-section-h i-cf\"><div class=\"g-cols vc_row via_flex valign_top type_default stacking_default\"><div class=\"vc_col-sm-12 wpb_column vc_column_container\"><div class=\"vc_column-inner\"><div class=\"wpb_wrapper\">[vc_custom_heading text=&#8221;\u0160t\u00fdlov\u00e1 oslava \u010di stretnutie vo v\u00ednnej pivnici&#8221; font_container=&#8221;tag:h2|text_align:center|color:%23ffffff&#8221; use_theme_fonts=&#8221;yes&#8221; css=&#8221;%7B%22default%22%3A%7B%22color%22%3A%22%23ffffff%22%7D%7D&#8221;]<\/div><\/div><\/div><\/div><\/div><\/section><section class=\"l-section wpb_row height_medium\"><div class=\"l-section-h i-cf\"><div class=\"g-cols vc_row via_flex valign_middle type_default stacking_default\"><div class=\"vc_col-sm-6 wpb_column vc_column_container\"><div class=\"vc_column-inner us_custom_b2452879\"><div class=\"wpb_wrapper\"><div class=\"w-image align_none\"><div class=\"w-image-h\"><img decoding=\"async\" width=\"1920\" height=\"1281\" src=\"https:\/\/salonvin.sk\/wp-content\/uploads\/2019\/10\/ochutnavka-vin-uzavreta-spolocnost-teambuilding-narodny-salon-vin-2.jpg\" class=\"attachment-full size-full\" alt=\"ochutnavka-vin-uzavreta-spolocnost-teambuilding-narodny-salon-vin\" loading=\"lazy\" srcset=\"https:\/\/salonvin.sk\/wp-content\/uploads\/2019\/10\/ochutnavka-vin-uzavreta-spolocnost-teambuilding-narodny-salon-vin-2.jpg 1920w, https:\/\/salonvin.sk\/wp-content\/uploads\/2019\/10\/ochutnavka-vin-uzavreta-spolocnost-teambuilding-narodny-salon-vin-2-600x400.jpg 600w, https:\/\/salonvin.sk\/wp-content\/uploads\/2019\/10\/ochutnavka-vin-uzavreta-spolocnost-teambuilding-narodny-salon-vin-2-300x200.jpg 300w, https:\/\/salonvin.sk\/wp-content\/uploads\/2019\/10\/ochutnavka-vin-uzavreta-spolocnost-teambuilding-narodny-salon-vin-2-1024x683.jpg 1024w\" sizes=\"(max-width: 1920px) 100vw, 1920px\" \/><\/div><\/div><\/div><\/div><\/div><div class=\"vc_col-sm-6 wpb_column vc_column_container\"><div class=\"vc_column-inner us_custom_06ab2b43\"><div class=\"wpb_wrapper\">[vc_custom_heading text=&#8221;Uzavret\u00e1 spolo\u010dnos\u0165 a pren\u00e1jom priestorov&#8221; font_container=&#8221;tag:h3|text_align:left&#8221; use_theme_fonts=&#8221;yes&#8221;]<div class=\"wpb_text_column\"><div class=\"wpb_wrapper\"><p>Historick\u00e9 priestory Apponyiho pal\u00e1ca z 18. storo\u010dia sl\u00fa\u017eili kedysi ako sklad pre jedlo. Dnes sa tam nach\u00e1dza skryt\u00fd poklad \u2013 najkomplexnej\u0161ia zbierka top 100 slovensk\u00fdch v\u00edn za najlep\u0161ie ceny v bratislavskom Starom meste.\u00a0 \u0160t\u00fdlov\u00e1 v\u00ednna pivnica je ako stvoren\u00e1 pre \u013eud\u00ed, ktor\u00ed si radi vychutn\u00e1vaj\u00fa spolo\u010dnos\u0165 priate\u013eov, v\u00edno a \u017eivot.<\/p>\n<p>Chyst\u00e1te rodinn\u00fa oslavu alebo stretnutie s priate\u013emi v uzavretej spolo\u010dnosti? Ak ste milovn\u00edkmi v\u00edna, pon\u00fakame v\u00e1m na\u0161e kr\u00e1sne historick\u00e9 priestory. Toto jedine\u010dn\u00e9 miesto si zamilujete.<\/p>\n<p>Po\u010das oslavy si m\u00f4\u017eete dopria\u0165 aj ochutn\u00e1vku kvalitn\u00fdch slovensk\u00fdch v\u00edn \u010di riaden\u00fa degust\u00e1ciu s profesion\u00e1lnym someli\u00e9rom.<\/p>\n<\/div><\/div><\/div><\/div><\/div><\/div><\/div><\/section><section class=\"l-section wpb_row us_custom_f029a2ba height_medium\"><div class=\"l-section-h i-cf\"><div class=\"g-cols vc_row via_flex valign_middle type_default stacking_default\"><div class=\"vc_col-sm-6 wpb_column vc_column_container\"><div class=\"vc_column-inner us_custom_06ab2b43\"><div class=\"wpb_wrapper\">[vc_custom_heading text=&#8221;\u010co n\u00e1jdete len u n\u00e1s&#8221; font_container=&#8221;tag:h3|text_align:left&#8221; use_theme_fonts=&#8221;yes&#8221;]<div class=\"wpb_text_column\"><div class=\"wpb_wrapper\"><ul>\n<li>Sedenie a stoly<\/li>\n<li>Jedine\u010dn\u00fa atmosf\u00e9ru historickej v\u00ednnej pivnice<\/li>\n<li>Kolekciu top 100 v\u00edn od najlep\u0161\u00edch slovensk\u00fdch vin\u00e1rov<\/li>\n<li>Nealko mu\u0161ty<\/li>\n<li>Degust\u00e1ciu v\u00edn s na\u0161\u00edm profesion\u00e1lnym someli\u00e9rom<\/li>\n<li>Catering, ktor\u00fd sa zabezpe\u010duje cez extern\u00fa cateringovu spolo\u010dnos\u0165<\/li>\n<\/ul>\n<p>V pr\u00edpade z\u00e1ujmu si m\u00f4\u017eete zabezpe\u010di\u0165 aj vlastn\u00fd catering.<\/p>\n<\/div><\/div><div class=\"w-btn-wrapper align_none\"><a class=\"w-btn us-btn-style_1\" href=\"https:\/\/salonvin.sk\/kontakt\/\"><span class=\"w-btn-label\">Informujte sa viac o pren\u00e1jme<\/span><\/a><\/div><\/div><\/div><\/div><div class=\"vc_col-sm-6 wpb_column vc_column_container\"><div class=\"vc_column-inner us_custom_72fc42ef\"><div class=\"wpb_wrapper\"><div class=\"w-image align_none\"><div class=\"w-image-h\"><img decoding=\"async\" width=\"1920\" height=\"1279\" src=\"https:\/\/salonvin.sk\/wp-content\/uploads\/2019\/10\/ochutnavka-vin-narodny-salon-vin-degustacia-vina-2.jpg\" class=\"attachment-full size-full\" alt=\"ochutnavka-vin-narodny-salon-vin-degustacia-vina\" loading=\"lazy\" srcset=\"https:\/\/salonvin.sk\/wp-content\/uploads\/2019\/10\/ochutnavka-vin-narodny-salon-vin-degustacia-vina-2.jpg 1920w, https:\/\/salonvin.sk\/wp-content\/uploads\/2019\/10\/ochutnavka-vin-narodny-salon-vin-degustacia-vina-2-600x400.jpg 600w, https:\/\/salonvin.sk\/wp-content\/uploads\/2019\/10\/ochutnavka-vin-narodny-salon-vin-degustacia-vina-2-300x200.jpg 300w, https:\/\/salonvin.sk\/wp-content\/uploads\/2019\/10\/ochutnavka-vin-narodny-salon-vin-degustacia-vina-2-1024x682.jpg 1024w\" sizes=\"(max-width: 1920px) 100vw, 1920px\" \/><\/div><\/div><\/div><\/div><\/div><\/div><\/div><\/section>\n","protected":false},"excerpt":{"rendered":"[vc_custom_heading text=\"\u0160t\u00fdlov\u00e1 oslava \u010di stretnutie vo v\u00ednnej pivnici\" font_container=\"tag:h2|text_align:center|color:%23ffffff\" use_theme_fonts=\"yes\" css=\"%7B%22default%22%3A%7B%22color%22%3A%22%23ffffff%22%7D%7D\"][vc_custom_heading text=\"Uzavret\u00e1 spolo\u010dnos\u0165 a pren\u00e1jom priestorov\" font_container=\"tag:h3|text_align:left\" use_theme_fonts=\"yes\"]Historick\u00e9 priestory Apponyiho pal\u00e1ca z 18. storo\u010dia sl\u00fa\u017eili kedysi ako sklad pre jedlo. Dnes sa tam nach\u00e1dza skryt\u00fd poklad \u2013 najkomplexnej\u0161ia zbierka top 100 slovensk\u00fdch v\u00edn za najlep\u0161ie ceny v bratislavskom Starom meste.\u00a0 \u0160t\u00fdlov\u00e1 v\u00ednna pivnica je ako...","protected":false},"author":2,"featured_media":1237,"parent":61,"menu_order":0,"comment_status":"closed","ping_status":"closed","template":"","meta":{"footnotes":""},"class_list":["post-762","page","type-page","status-publish","has-post-thumbnail","hentry"],"yoast_head":"<!-- This site is optimized with the Yoast SEO plugin v25.6 - https:\/\/yoast.com\/wordpress\/plugins\/seo\/ -->\n<title>Uzavret\u00e1 spolo\u010dnos\u0165 a pren\u00e1jom priestorov - Sal\u00f3n v\u00edn<\/title>\n<meta name=\"robots\" content=\"index, follow, max-snippet:-1, max-image-preview:large, max-video-preview:-1\" \/>\n<link rel=\"canonical\" href=\"https:\/\/salonvin.sk\/en\/zazitky\/uzavreta-spolocnost-prenajom-priestorov\/\" \/>\n<meta property=\"og:locale\" content=\"en_US\" \/>\n<meta property=\"og:type\" content=\"article\" \/>\n<meta property=\"og:title\" content=\"Uzavret\u00e1 spolo\u010dnos\u0165 a pren\u00e1jom priestorov - Sal\u00f3n v\u00edn\" \/>\n<meta property=\"og:url\" content=\"https:\/\/salonvin.sk\/en\/zazitky\/uzavreta-spolocnost-prenajom-priestorov\/\" \/>\n<meta property=\"og:site_name\" content=\"Sal\u00f3n v\u00edn\" \/>\n<meta property=\"article:publisher\" content=\"https:\/\/www.facebook.com\/narodnysalonvinslovenskejrepubliky\/\" \/>\n<meta property=\"article:modified_time\" content=\"2025-08-03T12:26:07+00:00\" \/>\n<meta property=\"og:image\" content=\"https:\/\/salonvin.sk\/wp-content\/uploads\/2019\/10\/ochutnavka-vin-uzavreta-spolocnost-teambuilding-narodny-salon-vin-13.jpg\" \/>\n\t<meta property=\"og:image:width\" content=\"1920\" \/>\n\t<meta property=\"og:image:height\" content=\"1279\" \/>\n\t<meta property=\"og:image:type\" content=\"image\/jpeg\" \/>\n<meta name=\"twitter:card\" content=\"summary_large_image\" \/>\n<meta name=\"twitter:label1\" content=\"Est. reading time\" \/>\n\t<meta name=\"twitter:data1\" content=\"2 minutes\" \/>\n<script type=\"application\/ld+json\" class=\"yoast-schema-graph\">{\"@context\":\"https:\/\/schema.org\",\"@graph\":[{\"@type\":\"WebPage\",\"@id\":\"https:\/\/salonvin.sk\/en\/zazitky\/uzavreta-spolocnost-prenajom-priestorov\/\",\"url\":\"https:\/\/salonvin.sk\/en\/zazitky\/uzavreta-spolocnost-prenajom-priestorov\/\",\"name\":\"Uzavret\u00e1 spolo\u010dnos\u0165 a pren\u00e1jom priestorov - Sal\u00f3n v\u00edn\",\"isPartOf\":{\"@id\":\"https:\/\/salonvin.sk\/en\/#website\"},\"primaryImageOfPage\":{\"@id\":\"https:\/\/salonvin.sk\/en\/zazitky\/uzavreta-spolocnost-prenajom-priestorov\/#primaryimage\"},\"image\":{\"@id\":\"https:\/\/salonvin.sk\/en\/zazitky\/uzavreta-spolocnost-prenajom-priestorov\/#primaryimage\"},\"thumbnailUrl\":\"https:\/\/salonvin.sk\/wp-content\/uploads\/2019\/10\/ochutnavka-vin-uzavreta-spolocnost-teambuilding-narodny-salon-vin-13.jpg\",\"datePublished\":\"2019-10-29T07:35:38+00:00\",\"dateModified\":\"2025-08-03T12:26:07+00:00\",\"breadcrumb\":{\"@id\":\"https:\/\/salonvin.sk\/en\/zazitky\/uzavreta-spolocnost-prenajom-priestorov\/#breadcrumb\"},\"inLanguage\":\"en-US\",\"potentialAction\":[{\"@type\":\"ReadAction\",\"target\":[\"https:\/\/salonvin.sk\/en\/zazitky\/uzavreta-spolocnost-prenajom-priestorov\/\"]}]},{\"@type\":\"ImageObject\",\"inLanguage\":\"en-US\",\"@id\":\"https:\/\/salonvin.sk\/en\/zazitky\/uzavreta-spolocnost-prenajom-priestorov\/#primaryimage\",\"url\":\"https:\/\/salonvin.sk\/wp-content\/uploads\/2019\/10\/ochutnavka-vin-uzavreta-spolocnost-teambuilding-narodny-salon-vin-13.jpg\",\"contentUrl\":\"https:\/\/salonvin.sk\/wp-content\/uploads\/2019\/10\/ochutnavka-vin-uzavreta-spolocnost-teambuilding-narodny-salon-vin-13.jpg\",\"width\":1920,\"height\":1279,\"caption\":\"ochutnavka-vin-uzavreta-spolocnost-teambuilding-narodny-salon-vin\"},{\"@type\":\"BreadcrumbList\",\"@id\":\"https:\/\/salonvin.sk\/en\/zazitky\/uzavreta-spolocnost-prenajom-priestorov\/#breadcrumb\",\"itemListElement\":[{\"@type\":\"ListItem\",\"position\":1,\"name\":\"Home\",\"item\":\"https:\/\/salonvin.sk\/en\/\"},{\"@type\":\"ListItem\",\"position\":2,\"name\":\"Z\u00e1\u017eitky\",\"item\":\"https:\/\/salonvin.sk\/en\/erfahrungen\/\"},{\"@type\":\"ListItem\",\"position\":3,\"name\":\"Uzavret\u00e1 spolo\u010dnos\u0165 a pren\u00e1jom priestorov\"}]},{\"@type\":\"WebSite\",\"@id\":\"https:\/\/salonvin.sk\/en\/#website\",\"url\":\"https:\/\/salonvin.sk\/en\/\",\"name\":\"Sal\u00f3n v\u00edn\",\"description\":\"\",\"potentialAction\":[{\"@type\":\"SearchAction\",\"target\":{\"@type\":\"EntryPoint\",\"urlTemplate\":\"https:\/\/salonvin.sk\/en\/?s={search_term_string}\"},\"query-input\":{\"@type\":\"PropertyValueSpecification\",\"valueRequired\":true,\"valueName\":\"search_term_string\"}}],\"inLanguage\":\"en-US\"}]}<\/script>\n<!-- \/ Yoast SEO plugin. -->","yoast_head_json":{"title":"Uzavret\u00e1 spolo\u010dnos\u0165 a pren\u00e1jom priestorov - Sal\u00f3n v\u00edn","robots":{"index":"index","follow":"follow","max-snippet":"max-snippet:-1","max-image-preview":"max-image-preview:large","max-video-preview":"max-video-preview:-1"},"canonical":"https:\/\/salonvin.sk\/en\/zazitky\/uzavreta-spolocnost-prenajom-priestorov\/","og_locale":"en_US","og_type":"article","og_title":"Uzavret\u00e1 spolo\u010dnos\u0165 a pren\u00e1jom priestorov - Sal\u00f3n v\u00edn","og_url":"https:\/\/salonvin.sk\/en\/zazitky\/uzavreta-spolocnost-prenajom-priestorov\/","og_site_name":"Sal\u00f3n v\u00edn","article_publisher":"https:\/\/www.facebook.com\/narodnysalonvinslovenskejrepubliky\/","article_modified_time":"2025-08-03T12:26:07+00:00","og_image":[{"width":1920,"height":1279,"url":"https:\/\/salonvin.sk\/wp-content\/uploads\/2019\/10\/ochutnavka-vin-uzavreta-spolocnost-teambuilding-narodny-salon-vin-13.jpg","type":"image\/jpeg"}],"twitter_card":"summary_large_image","twitter_misc":{"Est. reading time":"2 minutes"},"schema":{"@context":"https:\/\/schema.org","@graph":[{"@type":"WebPage","@id":"https:\/\/salonvin.sk\/en\/zazitky\/uzavreta-spolocnost-prenajom-priestorov\/","url":"https:\/\/salonvin.sk\/en\/zazitky\/uzavreta-spolocnost-prenajom-priestorov\/","name":"Uzavret\u00e1 spolo\u010dnos\u0165 a pren\u00e1jom priestorov - Sal\u00f3n v\u00edn","isPartOf":{"@id":"https:\/\/salonvin.sk\/en\/#website"},"primaryImageOfPage":{"@id":"https:\/\/salonvin.sk\/en\/zazitky\/uzavreta-spolocnost-prenajom-priestorov\/#primaryimage"},"image":{"@id":"https:\/\/salonvin.sk\/en\/zazitky\/uzavreta-spolocnost-prenajom-priestorov\/#primaryimage"},"thumbnailUrl":"https:\/\/salonvin.sk\/wp-content\/uploads\/2019\/10\/ochutnavka-vin-uzavreta-spolocnost-teambuilding-narodny-salon-vin-13.jpg","datePublished":"2019-10-29T07:35:38+00:00","dateModified":"2025-08-03T12:26:07+00:00","breadcrumb":{"@id":"https:\/\/salonvin.sk\/en\/zazitky\/uzavreta-spolocnost-prenajom-priestorov\/#breadcrumb"},"inLanguage":"en-US","potentialAction":[{"@type":"ReadAction","target":["https:\/\/salonvin.sk\/en\/zazitky\/uzavreta-spolocnost-prenajom-priestorov\/"]}]},{"@type":"ImageObject","inLanguage":"en-US","@id":"https:\/\/salonvin.sk\/en\/zazitky\/uzavreta-spolocnost-prenajom-priestorov\/#primaryimage","url":"https:\/\/salonvin.sk\/wp-content\/uploads\/2019\/10\/ochutnavka-vin-uzavreta-spolocnost-teambuilding-narodny-salon-vin-13.jpg","contentUrl":"https:\/\/salonvin.sk\/wp-content\/uploads\/2019\/10\/ochutnavka-vin-uzavreta-spolocnost-teambuilding-narodny-salon-vin-13.jpg","width":1920,"height":1279,"caption":"ochutnavka-vin-uzavreta-spolocnost-teambuilding-narodny-salon-vin"},{"@type":"BreadcrumbList","@id":"https:\/\/salonvin.sk\/en\/zazitky\/uzavreta-spolocnost-prenajom-priestorov\/#breadcrumb","itemListElement":[{"@type":"ListItem","position":1,"name":"Home","item":"https:\/\/salonvin.sk\/en\/"},{"@type":"ListItem","position":2,"name":"Z\u00e1\u017eitky","item":"https:\/\/salonvin.sk\/en\/erfahrungen\/"},{"@type":"ListItem","position":3,"name":"Uzavret\u00e1 spolo\u010dnos\u0165 a pren\u00e1jom priestorov"}]},{"@type":"WebSite","@id":"https:\/\/salonvin.sk\/en\/#website","url":"https:\/\/salonvin.sk\/en\/","name":"Sal\u00f3n v\u00edn","description":"","potentialAction":[{"@type":"SearchAction","target":{"@type":"EntryPoint","urlTemplate":"https:\/\/salonvin.sk\/en\/?s={search_term_string}"},"query-input":{"@type":"PropertyValueSpecification","valueRequired":true,"valueName":"search_term_string"}}],"inLanguage":"en-US"}]}},"_links":{"self":[{"href":"https:\/\/salonvin.sk\/en\/wp-json\/wp\/v2\/pages\/762"}],"collection":[{"href":"https:\/\/salonvin.sk\/en\/wp-json\/wp\/v2\/pages"}],"about":[{"href":"https:\/\/salonvin.sk\/en\/wp-json\/wp\/v2\/types\/page"}],"author":[{"embeddable":true,"href":"https:\/\/salonvin.sk\/en\/wp-json\/wp\/v2\/users\/2"}],"replies":[{"embeddable":true,"href":"https:\/\/salonvin.sk\/en\/wp-json\/wp\/v2\/comments?post=762"}],"version-history":[{"count":7,"href":"https:\/\/salonvin.sk\/en\/wp-json\/wp\/v2\/pages\/762\/revisions"}],"predecessor-version":[{"id":29797,"href":"https:\/\/salonvin.sk\/en\/wp-json\/wp\/v2\/pages\/762\/revisions\/29797"}],"up":[{"embeddable":true,"href":"https:\/\/salonvin.sk\/en\/wp-json\/wp\/v2\/pages\/61"}],"wp:featuredmedia":[{"embeddable":true,"href":"https:\/\/salonvin.sk\/en\/wp-json\/wp\/v2\/media\/1237"}],"wp:attachment":[{"href":"https:\/\/salonvin.sk\/en\/wp-json\/wp\/v2\/media?parent=762"}],"curies":[{"name":"wp","href":"https:\/\/api.w.org\/{rel}","templated":true}]}}