{"id":30048,"date":"2025-11-23T12:59:45","date_gmt":"2025-11-23T11:59:45","guid":{"rendered":"https:\/\/salonvin.sk\/?post_type=product&#038;p=30048"},"modified":"2025-12-14T21:31:57","modified_gmt":"2025-12-14T20:31:57","slug":"sauvignon-blanc-exclusive-villa-vino-raca","status":"publish","type":"product","link":"https:\/\/salonvin.sk\/en\/product\/sauvignon-blanc-exclusive-villa-vino-raca\/","title":{"rendered":"Sauvignon blanc Exclusive &#8211; Villa Vino Ra\u010da"},"content":{"rendered":"<section class=\"l-section wpb_row height_medium\"><div class=\"l-section-h i-cf\"><div class=\"g-cols vc_row via_flex valign_top type_default stacking_default\"><div class=\"vc_col-sm-12 wpb_column vc_column_container\"><div class=\"vc_column-inner\"><div class=\"wpb_wrapper\"><div class=\"wpb_text_column\"><div class=\"wpb_wrapper\"><p><strong>Winery:<\/strong> <span>Villa Vino Ra\u010da, a.s.<\/span><\/p>\n<p><strong>Vintage:<\/strong> 2024<\/p>\n<p><strong>Wine type:<\/strong> dry<\/p>\n<p><strong>Attribute:\u00a0<\/strong>grape selection<\/p>\n<p><strong>Alcohol:<\/strong> 11.50%<\/p>\n<p><strong>Acidity:\u00a0<\/strong>6.00 g\/l<\/p>\n<p><strong>Residual sugar:\u00a0<\/strong>4.70 g\/l<\/p>\n<p><strong><b>Bottle Size<\/b>:<\/strong> 0.75 l<\/p>\n<p><strong>Region<\/strong>: Small Carpathian winegrowing region<\/p>\n<p><strong>*Contains sulfites<\/strong><\/p>\n<\/div><\/div><\/div><\/div><\/div><\/div><\/div><\/section>\n","protected":false},"excerpt":{"rendered":"<p><strong>Character:\u00a0<\/strong>floral, peach aroma, grapefruit, fruitiness<\/p>\n<p><strong>Vintage:<\/strong> 2024<\/p>\n<p><strong>Wine type:<\/strong> dry<\/p>\n<p><strong>Attribute:\u00a0<\/strong>grape selection<\/p>\n","protected":false},"featured_media":30163,"comment_status":"closed","ping_status":"closed","template":"","meta":[],"product_brand":[],"product_cat":[502],"product_tag":[],"class_list":{"0":"post-30048","1":"product","2":"type-product","3":"status-publish","4":"has-post-thumbnail","6":"product_cat-still-white-dry-wines","8":"first","9":"instock","10":"taxable","11":"shipping-taxable","12":"purchasable","13":"product-type-simple"},"yoast_head":"<!-- This site is optimized with the Yoast SEO plugin v25.6 - https:\/\/yoast.com\/wordpress\/plugins\/seo\/ -->\n<title>Sauvignon blanc Exclusive - Villa Vino Ra\u010da - Sal\u00f3n v\u00edn<\/title>\n<meta name=\"description\" content=\"V\u00edno svetlej zelenkavej farby s v\u00f4\u0148ou jarn\u00fdch kvietkov, brosk\u00fd\u0148 a medovej p\u00fapavy. V chuti pr\u00edjemn\u00e9 ovocn\u00e9 t\u00f3ny s ne\u017en\u00fdm grepov\u00fdm z\u00e1verom.\" \/>\n<meta name=\"robots\" content=\"index, follow, max-snippet:-1, max-image-preview:large, max-video-preview:-1\" \/>\n<link rel=\"canonical\" href=\"https:\/\/salonvin.sk\/en\/product\/sauvignon-blanc-exclusive-villa-vino-raca\/\" \/>\n<meta property=\"og:locale\" content=\"en_US\" \/>\n<meta property=\"og:type\" content=\"article\" \/>\n<meta property=\"og:title\" content=\"Sauvignon blanc Exclusive - Villa Vino Ra\u010da - Sal\u00f3n v\u00edn\" \/>\n<meta property=\"og:description\" content=\"V\u00edno svetlej zelenkavej farby s v\u00f4\u0148ou jarn\u00fdch kvietkov, brosk\u00fd\u0148 a medovej p\u00fapavy. V chuti pr\u00edjemn\u00e9 ovocn\u00e9 t\u00f3ny s ne\u017en\u00fdm grepov\u00fdm z\u00e1verom.\" \/>\n<meta property=\"og:url\" content=\"https:\/\/salonvin.sk\/en\/product\/sauvignon-blanc-exclusive-villa-vino-raca\/\" \/>\n<meta property=\"og:site_name\" content=\"Sal\u00f3n v\u00edn\" \/>\n<meta property=\"article:publisher\" content=\"https:\/\/www.facebook.com\/narodnysalonvinslovenskejrepubliky\/\" \/>\n<meta property=\"article:modified_time\" content=\"2025-12-14T20:31:57+00:00\" \/>\n<meta property=\"og:image\" content=\"https:\/\/salonvin.sk\/wp-content\/uploads\/2025\/11\/20251125_115451.jpg\" \/>\n\t<meta property=\"og:image:width\" content=\"973\" \/>\n\t<meta property=\"og:image:height\" content=\"2546\" \/>\n\t<meta property=\"og:image:type\" content=\"image\/jpeg\" \/>\n<meta name=\"twitter:card\" content=\"summary_large_image\" \/>\n<script type=\"application\/ld+json\" class=\"yoast-schema-graph\">{\"@context\":\"https:\/\/schema.org\",\"@graph\":[{\"@type\":\"WebPage\",\"@id\":\"https:\/\/salonvin.sk\/en\/product\/sauvignon-blanc-exclusive-villa-vino-raca\/\",\"url\":\"https:\/\/salonvin.sk\/en\/product\/sauvignon-blanc-exclusive-villa-vino-raca\/\",\"name\":\"Sauvignon blanc Exclusive - Villa Vino Ra\u010da - Sal\u00f3n v\u00edn\",\"isPartOf\":{\"@id\":\"https:\/\/salonvin.sk\/en\/#website\"},\"primaryImageOfPage\":{\"@id\":\"https:\/\/salonvin.sk\/en\/product\/sauvignon-blanc-exclusive-villa-vino-raca\/#primaryimage\"},\"image\":{\"@id\":\"https:\/\/salonvin.sk\/en\/product\/sauvignon-blanc-exclusive-villa-vino-raca\/#primaryimage\"},\"thumbnailUrl\":\"https:\/\/salonvin.sk\/wp-content\/uploads\/2025\/11\/20251125_115451.jpg\",\"datePublished\":\"2025-11-23T11:59:45+00:00\",\"dateModified\":\"2025-12-14T20:31:57+00:00\",\"description\":\"V\u00edno svetlej zelenkavej farby s v\u00f4\u0148ou jarn\u00fdch kvietkov, brosk\u00fd\u0148 a medovej p\u00fapavy. V chuti pr\u00edjemn\u00e9 ovocn\u00e9 t\u00f3ny s ne\u017en\u00fdm grepov\u00fdm z\u00e1verom.\",\"breadcrumb\":{\"@id\":\"https:\/\/salonvin.sk\/en\/product\/sauvignon-blanc-exclusive-villa-vino-raca\/#breadcrumb\"},\"inLanguage\":\"en-US\",\"potentialAction\":[{\"@type\":\"ReadAction\",\"target\":[\"https:\/\/salonvin.sk\/en\/product\/sauvignon-blanc-exclusive-villa-vino-raca\/\"]}]},{\"@type\":\"ImageObject\",\"inLanguage\":\"en-US\",\"@id\":\"https:\/\/salonvin.sk\/en\/product\/sauvignon-blanc-exclusive-villa-vino-raca\/#primaryimage\",\"url\":\"https:\/\/salonvin.sk\/wp-content\/uploads\/2025\/11\/20251125_115451.jpg\",\"contentUrl\":\"https:\/\/salonvin.sk\/wp-content\/uploads\/2025\/11\/20251125_115451.jpg\",\"width\":973,\"height\":2546},{\"@type\":\"BreadcrumbList\",\"@id\":\"https:\/\/salonvin.sk\/en\/product\/sauvignon-blanc-exclusive-villa-vino-raca\/#breadcrumb\",\"itemListElement\":[{\"@type\":\"ListItem\",\"position\":1,\"name\":\"Home\",\"item\":\"https:\/\/salonvin.sk\/en\/\"},{\"@type\":\"ListItem\",\"position\":2,\"name\":\"Shop\",\"item\":\"https:\/\/salonvin.sk\/en\/shop\/\"},{\"@type\":\"ListItem\",\"position\":3,\"name\":\"Sauvignon blanc Exclusive &#8211; Villa Vino Ra\u010da\"}]},{\"@type\":\"WebSite\",\"@id\":\"https:\/\/salonvin.sk\/en\/#website\",\"url\":\"https:\/\/salonvin.sk\/en\/\",\"name\":\"Sal\u00f3n v\u00edn\",\"description\":\"\",\"potentialAction\":[{\"@type\":\"SearchAction\",\"target\":{\"@type\":\"EntryPoint\",\"urlTemplate\":\"https:\/\/salonvin.sk\/en\/?s={search_term_string}\"},\"query-input\":{\"@type\":\"PropertyValueSpecification\",\"valueRequired\":true,\"valueName\":\"search_term_string\"}}],\"inLanguage\":\"en-US\"}]}<\/script>\n<!-- \/ Yoast SEO plugin. -->","yoast_head_json":{"title":"Sauvignon blanc Exclusive - Villa Vino Ra\u010da - Sal\u00f3n v\u00edn","description":"V\u00edno svetlej zelenkavej farby s v\u00f4\u0148ou jarn\u00fdch kvietkov, brosk\u00fd\u0148 a medovej p\u00fapavy. V chuti pr\u00edjemn\u00e9 ovocn\u00e9 t\u00f3ny s ne\u017en\u00fdm grepov\u00fdm z\u00e1verom.","robots":{"index":"index","follow":"follow","max-snippet":"max-snippet:-1","max-image-preview":"max-image-preview:large","max-video-preview":"max-video-preview:-1"},"canonical":"https:\/\/salonvin.sk\/en\/product\/sauvignon-blanc-exclusive-villa-vino-raca\/","og_locale":"en_US","og_type":"article","og_title":"Sauvignon blanc Exclusive - Villa Vino Ra\u010da - Sal\u00f3n v\u00edn","og_description":"V\u00edno svetlej zelenkavej farby s v\u00f4\u0148ou jarn\u00fdch kvietkov, brosk\u00fd\u0148 a medovej p\u00fapavy. V chuti pr\u00edjemn\u00e9 ovocn\u00e9 t\u00f3ny s ne\u017en\u00fdm grepov\u00fdm z\u00e1verom.","og_url":"https:\/\/salonvin.sk\/en\/product\/sauvignon-blanc-exclusive-villa-vino-raca\/","og_site_name":"Sal\u00f3n v\u00edn","article_publisher":"https:\/\/www.facebook.com\/narodnysalonvinslovenskejrepubliky\/","article_modified_time":"2025-12-14T20:31:57+00:00","og_image":[{"width":973,"height":2546,"url":"https:\/\/salonvin.sk\/wp-content\/uploads\/2025\/11\/20251125_115451.jpg","type":"image\/jpeg"}],"twitter_card":"summary_large_image","schema":{"@context":"https:\/\/schema.org","@graph":[{"@type":"WebPage","@id":"https:\/\/salonvin.sk\/en\/product\/sauvignon-blanc-exclusive-villa-vino-raca\/","url":"https:\/\/salonvin.sk\/en\/product\/sauvignon-blanc-exclusive-villa-vino-raca\/","name":"Sauvignon blanc Exclusive - Villa Vino Ra\u010da - Sal\u00f3n v\u00edn","isPartOf":{"@id":"https:\/\/salonvin.sk\/en\/#website"},"primaryImageOfPage":{"@id":"https:\/\/salonvin.sk\/en\/product\/sauvignon-blanc-exclusive-villa-vino-raca\/#primaryimage"},"image":{"@id":"https:\/\/salonvin.sk\/en\/product\/sauvignon-blanc-exclusive-villa-vino-raca\/#primaryimage"},"thumbnailUrl":"https:\/\/salonvin.sk\/wp-content\/uploads\/2025\/11\/20251125_115451.jpg","datePublished":"2025-11-23T11:59:45+00:00","dateModified":"2025-12-14T20:31:57+00:00","description":"V\u00edno svetlej zelenkavej farby s v\u00f4\u0148ou jarn\u00fdch kvietkov, brosk\u00fd\u0148 a medovej p\u00fapavy. V chuti pr\u00edjemn\u00e9 ovocn\u00e9 t\u00f3ny s ne\u017en\u00fdm grepov\u00fdm z\u00e1verom.","breadcrumb":{"@id":"https:\/\/salonvin.sk\/en\/product\/sauvignon-blanc-exclusive-villa-vino-raca\/#breadcrumb"},"inLanguage":"en-US","potentialAction":[{"@type":"ReadAction","target":["https:\/\/salonvin.sk\/en\/product\/sauvignon-blanc-exclusive-villa-vino-raca\/"]}]},{"@type":"ImageObject","inLanguage":"en-US","@id":"https:\/\/salonvin.sk\/en\/product\/sauvignon-blanc-exclusive-villa-vino-raca\/#primaryimage","url":"https:\/\/salonvin.sk\/wp-content\/uploads\/2025\/11\/20251125_115451.jpg","contentUrl":"https:\/\/salonvin.sk\/wp-content\/uploads\/2025\/11\/20251125_115451.jpg","width":973,"height":2546},{"@type":"BreadcrumbList","@id":"https:\/\/salonvin.sk\/en\/product\/sauvignon-blanc-exclusive-villa-vino-raca\/#breadcrumb","itemListElement":[{"@type":"ListItem","position":1,"name":"Home","item":"https:\/\/salonvin.sk\/en\/"},{"@type":"ListItem","position":2,"name":"Shop","item":"https:\/\/salonvin.sk\/en\/shop\/"},{"@type":"ListItem","position":3,"name":"Sauvignon blanc Exclusive &#8211; Villa Vino Ra\u010da"}]},{"@type":"WebSite","@id":"https:\/\/salonvin.sk\/en\/#website","url":"https:\/\/salonvin.sk\/en\/","name":"Sal\u00f3n v\u00edn","description":"","potentialAction":[{"@type":"SearchAction","target":{"@type":"EntryPoint","urlTemplate":"https:\/\/salonvin.sk\/en\/?s={search_term_string}"},"query-input":{"@type":"PropertyValueSpecification","valueRequired":true,"valueName":"search_term_string"}}],"inLanguage":"en-US"}]}},"_links":{"self":[{"href":"https:\/\/salonvin.sk\/en\/wp-json\/wp\/v2\/product\/30048"}],"collection":[{"href":"https:\/\/salonvin.sk\/en\/wp-json\/wp\/v2\/product"}],"about":[{"href":"https:\/\/salonvin.sk\/en\/wp-json\/wp\/v2\/types\/product"}],"replies":[{"embeddable":true,"href":"https:\/\/salonvin.sk\/en\/wp-json\/wp\/v2\/comments?post=30048"}],"wp:featuredmedia":[{"embeddable":true,"href":"https:\/\/salonvin.sk\/en\/wp-json\/wp\/v2\/media\/30163"}],"wp:attachment":[{"href":"https:\/\/salonvin.sk\/en\/wp-json\/wp\/v2\/media?parent=30048"}],"wp:term":[{"taxonomy":"product_brand","embeddable":true,"href":"https:\/\/salonvin.sk\/en\/wp-json\/wp\/v2\/product_brand?post=30048"},{"taxonomy":"product_cat","embeddable":true,"href":"https:\/\/salonvin.sk\/en\/wp-json\/wp\/v2\/product_cat?post=30048"},{"taxonomy":"product_tag","embeddable":true,"href":"https:\/\/salonvin.sk\/en\/wp-json\/wp\/v2\/product_tag?post=30048"}],"curies":[{"name":"wp","href":"https:\/\/api.w.org\/{rel}","templated":true}]}}