{"id":30388,"date":"2025-12-03T14:42:16","date_gmt":"2025-12-03T13:42:16","guid":{"rendered":"https:\/\/salonvin.sk\/?post_type=product&#038;p=30388"},"modified":"2025-12-20T14:40:22","modified_gmt":"2025-12-20T13:40:22","slug":"30388","status":"publish","type":"product","link":"https:\/\/salonvin.sk\/en\/product\/30388\/","title":{"rendered":"3 Burgundy 2024 \u2013 V\u00edno Mrva a Stanko"},"content":{"rendered":"<section class=\"l-section wpb_row height_medium\"><div class=\"l-section-h i-cf\"><div class=\"g-cols vc_row via_flex valign_top type_default stacking_default\"><div class=\"vc_col-sm-12 wpb_column vc_column_container\"><div class=\"vc_column-inner\"><div class=\"wpb_wrapper\"><div class=\"wpb_text_column\"><div class=\"wpb_wrapper\"><p><strong>Winemaker:<\/strong> <span>V\u00cdNO MRVA &amp; STANKO, a.s.<\/span><\/p>\n<p><strong>Vintage:<\/strong> 2024<\/p>\n<p><strong>Wine type:<\/strong> dry<\/p>\n<p><strong>Category:<\/strong> wine with protected designation of origin<\/p>\n<p><strong>Alcohol content:<\/strong> 13.50%<\/p>\n<p><strong>Total acidity:\u00a0<\/strong><span>6.13 g\/l<\/span><\/p>\n<p><strong>Residual sugar:<\/strong> <span>4.20 g<\/span><span class=\"u\">\/l<\/span><\/p>\n<p><strong>Volume:<\/strong> 0.75l<\/p>\n<p><strong>Origin of grapes:<\/strong> Small Carpathian winegrowing region<\/p>\n<p><strong>*Contains sulphites<\/strong><\/p>\n<\/div><\/div><\/div><\/div><\/div><\/div><\/div><\/section>\n","protected":false},"excerpt":{"rendered":"<p><strong>Vintage:<\/strong> 2024<\/p>\n<p><strong>Wine type:<\/strong> dry<\/p>\n<p><strong>Attribute:<\/strong>wine with protected designation of origin<\/p>\n","protected":false},"featured_media":30390,"comment_status":"closed","ping_status":"closed","template":"","meta":[],"product_brand":[],"product_cat":[502],"product_tag":[],"class_list":{"0":"post-30388","1":"product","2":"type-product","3":"status-publish","4":"has-post-thumbnail","6":"product_cat-still-white-dry-wines","8":"first","9":"instock","10":"taxable","11":"shipping-taxable","12":"purchasable","13":"product-type-simple"},"yoast_head":"<!-- This site is optimized with the Yoast SEO plugin v25.6 - https:\/\/yoast.com\/wordpress\/plugins\/seo\/ -->\n<title>3 Burgundy 2024 \u2013 V\u00edno Mrva a Stanko - Sal\u00f3n v\u00edn<\/title>\n<meta name=\"description\" content=\"Silv\u00e1nske zelen\u00e9 je v\u00edno ktor\u00e9 si zamilujete pre jeho jemn\u00fa ovocn\u00fa ar\u00f3mu, \u013eahk\u00fa korenistos\u0165 a svie\u017eu kyselinku. V jeho chuti sa sn\u00fabia t\u00f3ny zelen\u00e9ho jablka, hru\u0161ky a l\u00fa\u010dnych byl\u00edn, ktor\u00e9 doznievaj\u00fa v jemne miner\u00e1lnom z\u00e1vere.\" \/>\n<meta name=\"robots\" content=\"index, follow, max-snippet:-1, max-image-preview:large, max-video-preview:-1\" \/>\n<link rel=\"canonical\" href=\"https:\/\/salonvin.sk\/en\/product\/30388\/\" \/>\n<meta property=\"og:locale\" content=\"en_US\" \/>\n<meta property=\"og:type\" content=\"article\" \/>\n<meta property=\"og:title\" content=\"3 Burgundy 2024 \u2013 V\u00edno Mrva a Stanko - Sal\u00f3n v\u00edn\" \/>\n<meta property=\"og:description\" content=\"Silv\u00e1nske zelen\u00e9 je v\u00edno ktor\u00e9 si zamilujete pre jeho jemn\u00fa ovocn\u00fa ar\u00f3mu, \u013eahk\u00fa korenistos\u0165 a svie\u017eu kyselinku. V jeho chuti sa sn\u00fabia t\u00f3ny zelen\u00e9ho jablka, hru\u0161ky a l\u00fa\u010dnych byl\u00edn, ktor\u00e9 doznievaj\u00fa v jemne miner\u00e1lnom z\u00e1vere.\" \/>\n<meta property=\"og:url\" content=\"https:\/\/salonvin.sk\/en\/product\/30388\/\" \/>\n<meta property=\"og:site_name\" content=\"Sal\u00f3n v\u00edn\" \/>\n<meta property=\"article:publisher\" content=\"https:\/\/www.facebook.com\/narodnysalonvinslovenskejrepubliky\/\" \/>\n<meta property=\"article:modified_time\" content=\"2025-12-20T13:40:22+00:00\" \/>\n<meta property=\"og:image\" content=\"https:\/\/salonvin.sk\/wp-content\/uploads\/2025\/12\/20251126_124639.jpg\" \/>\n\t<meta property=\"og:image:width\" content=\"975\" \/>\n\t<meta property=\"og:image:height\" content=\"2386\" \/>\n\t<meta property=\"og:image:type\" content=\"image\/jpeg\" \/>\n<meta name=\"twitter:card\" content=\"summary_large_image\" \/>\n<meta name=\"twitter:label1\" content=\"Est. reading time\" \/>\n\t<meta name=\"twitter:data1\" content=\"1 minute\" \/>\n<script type=\"application\/ld+json\" class=\"yoast-schema-graph\">{\"@context\":\"https:\/\/schema.org\",\"@graph\":[{\"@type\":\"WebPage\",\"@id\":\"https:\/\/salonvin.sk\/en\/product\/30388\/\",\"url\":\"https:\/\/salonvin.sk\/en\/product\/30388\/\",\"name\":\"3 Burgundy 2024 \u2013 V\u00edno Mrva a Stanko - Sal\u00f3n v\u00edn\",\"isPartOf\":{\"@id\":\"https:\/\/salonvin.sk\/en\/#website\"},\"primaryImageOfPage\":{\"@id\":\"https:\/\/salonvin.sk\/en\/product\/30388\/#primaryimage\"},\"image\":{\"@id\":\"https:\/\/salonvin.sk\/en\/product\/30388\/#primaryimage\"},\"thumbnailUrl\":\"https:\/\/salonvin.sk\/wp-content\/uploads\/2025\/12\/20251126_124639.jpg\",\"datePublished\":\"2025-12-03T13:42:16+00:00\",\"dateModified\":\"2025-12-20T13:40:22+00:00\",\"description\":\"Silv\u00e1nske zelen\u00e9 je v\u00edno ktor\u00e9 si zamilujete pre jeho jemn\u00fa ovocn\u00fa ar\u00f3mu, \u013eahk\u00fa korenistos\u0165 a svie\u017eu kyselinku. V jeho chuti sa sn\u00fabia t\u00f3ny zelen\u00e9ho jablka, hru\u0161ky a l\u00fa\u010dnych byl\u00edn, ktor\u00e9 doznievaj\u00fa v jemne miner\u00e1lnom z\u00e1vere.\",\"breadcrumb\":{\"@id\":\"https:\/\/salonvin.sk\/en\/product\/30388\/#breadcrumb\"},\"inLanguage\":\"en-US\",\"potentialAction\":[{\"@type\":\"ReadAction\",\"target\":[\"https:\/\/salonvin.sk\/en\/product\/30388\/\"]}]},{\"@type\":\"ImageObject\",\"inLanguage\":\"en-US\",\"@id\":\"https:\/\/salonvin.sk\/en\/product\/30388\/#primaryimage\",\"url\":\"https:\/\/salonvin.sk\/wp-content\/uploads\/2025\/12\/20251126_124639.jpg\",\"contentUrl\":\"https:\/\/salonvin.sk\/wp-content\/uploads\/2025\/12\/20251126_124639.jpg\",\"width\":975,\"height\":2386},{\"@type\":\"BreadcrumbList\",\"@id\":\"https:\/\/salonvin.sk\/en\/product\/30388\/#breadcrumb\",\"itemListElement\":[{\"@type\":\"ListItem\",\"position\":1,\"name\":\"Home\",\"item\":\"https:\/\/salonvin.sk\/en\/\"},{\"@type\":\"ListItem\",\"position\":2,\"name\":\"Shop\",\"item\":\"https:\/\/salonvin.sk\/en\/shop\/\"},{\"@type\":\"ListItem\",\"position\":3,\"name\":\"3 Burgundy 2024 \u2013 V\u00edno Mrva a Stanko\"}]},{\"@type\":\"WebSite\",\"@id\":\"https:\/\/salonvin.sk\/en\/#website\",\"url\":\"https:\/\/salonvin.sk\/en\/\",\"name\":\"Sal\u00f3n v\u00edn\",\"description\":\"\",\"potentialAction\":[{\"@type\":\"SearchAction\",\"target\":{\"@type\":\"EntryPoint\",\"urlTemplate\":\"https:\/\/salonvin.sk\/en\/?s={search_term_string}\"},\"query-input\":{\"@type\":\"PropertyValueSpecification\",\"valueRequired\":true,\"valueName\":\"search_term_string\"}}],\"inLanguage\":\"en-US\"}]}<\/script>\n<!-- \/ Yoast SEO plugin. -->","yoast_head_json":{"title":"3 Burgundy 2024 \u2013 V\u00edno Mrva a Stanko - Sal\u00f3n v\u00edn","description":"Silv\u00e1nske zelen\u00e9 je v\u00edno ktor\u00e9 si zamilujete pre jeho jemn\u00fa ovocn\u00fa ar\u00f3mu, \u013eahk\u00fa korenistos\u0165 a svie\u017eu kyselinku. V jeho chuti sa sn\u00fabia t\u00f3ny zelen\u00e9ho jablka, hru\u0161ky a l\u00fa\u010dnych byl\u00edn, ktor\u00e9 doznievaj\u00fa v jemne miner\u00e1lnom z\u00e1vere.","robots":{"index":"index","follow":"follow","max-snippet":"max-snippet:-1","max-image-preview":"max-image-preview:large","max-video-preview":"max-video-preview:-1"},"canonical":"https:\/\/salonvin.sk\/en\/product\/30388\/","og_locale":"en_US","og_type":"article","og_title":"3 Burgundy 2024 \u2013 V\u00edno Mrva a Stanko - Sal\u00f3n v\u00edn","og_description":"Silv\u00e1nske zelen\u00e9 je v\u00edno ktor\u00e9 si zamilujete pre jeho jemn\u00fa ovocn\u00fa ar\u00f3mu, \u013eahk\u00fa korenistos\u0165 a svie\u017eu kyselinku. V jeho chuti sa sn\u00fabia t\u00f3ny zelen\u00e9ho jablka, hru\u0161ky a l\u00fa\u010dnych byl\u00edn, ktor\u00e9 doznievaj\u00fa v jemne miner\u00e1lnom z\u00e1vere.","og_url":"https:\/\/salonvin.sk\/en\/product\/30388\/","og_site_name":"Sal\u00f3n v\u00edn","article_publisher":"https:\/\/www.facebook.com\/narodnysalonvinslovenskejrepubliky\/","article_modified_time":"2025-12-20T13:40:22+00:00","og_image":[{"width":975,"height":2386,"url":"https:\/\/salonvin.sk\/wp-content\/uploads\/2025\/12\/20251126_124639.jpg","type":"image\/jpeg"}],"twitter_card":"summary_large_image","twitter_misc":{"Est. reading time":"1 minute"},"schema":{"@context":"https:\/\/schema.org","@graph":[{"@type":"WebPage","@id":"https:\/\/salonvin.sk\/en\/product\/30388\/","url":"https:\/\/salonvin.sk\/en\/product\/30388\/","name":"3 Burgundy 2024 \u2013 V\u00edno Mrva a Stanko - Sal\u00f3n v\u00edn","isPartOf":{"@id":"https:\/\/salonvin.sk\/en\/#website"},"primaryImageOfPage":{"@id":"https:\/\/salonvin.sk\/en\/product\/30388\/#primaryimage"},"image":{"@id":"https:\/\/salonvin.sk\/en\/product\/30388\/#primaryimage"},"thumbnailUrl":"https:\/\/salonvin.sk\/wp-content\/uploads\/2025\/12\/20251126_124639.jpg","datePublished":"2025-12-03T13:42:16+00:00","dateModified":"2025-12-20T13:40:22+00:00","description":"Silv\u00e1nske zelen\u00e9 je v\u00edno ktor\u00e9 si zamilujete pre jeho jemn\u00fa ovocn\u00fa ar\u00f3mu, \u013eahk\u00fa korenistos\u0165 a svie\u017eu kyselinku. V jeho chuti sa sn\u00fabia t\u00f3ny zelen\u00e9ho jablka, hru\u0161ky a l\u00fa\u010dnych byl\u00edn, ktor\u00e9 doznievaj\u00fa v jemne miner\u00e1lnom z\u00e1vere.","breadcrumb":{"@id":"https:\/\/salonvin.sk\/en\/product\/30388\/#breadcrumb"},"inLanguage":"en-US","potentialAction":[{"@type":"ReadAction","target":["https:\/\/salonvin.sk\/en\/product\/30388\/"]}]},{"@type":"ImageObject","inLanguage":"en-US","@id":"https:\/\/salonvin.sk\/en\/product\/30388\/#primaryimage","url":"https:\/\/salonvin.sk\/wp-content\/uploads\/2025\/12\/20251126_124639.jpg","contentUrl":"https:\/\/salonvin.sk\/wp-content\/uploads\/2025\/12\/20251126_124639.jpg","width":975,"height":2386},{"@type":"BreadcrumbList","@id":"https:\/\/salonvin.sk\/en\/product\/30388\/#breadcrumb","itemListElement":[{"@type":"ListItem","position":1,"name":"Home","item":"https:\/\/salonvin.sk\/en\/"},{"@type":"ListItem","position":2,"name":"Shop","item":"https:\/\/salonvin.sk\/en\/shop\/"},{"@type":"ListItem","position":3,"name":"3 Burgundy 2024 \u2013 V\u00edno Mrva a Stanko"}]},{"@type":"WebSite","@id":"https:\/\/salonvin.sk\/en\/#website","url":"https:\/\/salonvin.sk\/en\/","name":"Sal\u00f3n v\u00edn","description":"","potentialAction":[{"@type":"SearchAction","target":{"@type":"EntryPoint","urlTemplate":"https:\/\/salonvin.sk\/en\/?s={search_term_string}"},"query-input":{"@type":"PropertyValueSpecification","valueRequired":true,"valueName":"search_term_string"}}],"inLanguage":"en-US"}]}},"_links":{"self":[{"href":"https:\/\/salonvin.sk\/en\/wp-json\/wp\/v2\/product\/30388"}],"collection":[{"href":"https:\/\/salonvin.sk\/en\/wp-json\/wp\/v2\/product"}],"about":[{"href":"https:\/\/salonvin.sk\/en\/wp-json\/wp\/v2\/types\/product"}],"replies":[{"embeddable":true,"href":"https:\/\/salonvin.sk\/en\/wp-json\/wp\/v2\/comments?post=30388"}],"wp:featuredmedia":[{"embeddable":true,"href":"https:\/\/salonvin.sk\/en\/wp-json\/wp\/v2\/media\/30390"}],"wp:attachment":[{"href":"https:\/\/salonvin.sk\/en\/wp-json\/wp\/v2\/media?parent=30388"}],"wp:term":[{"taxonomy":"product_brand","embeddable":true,"href":"https:\/\/salonvin.sk\/en\/wp-json\/wp\/v2\/product_brand?post=30388"},{"taxonomy":"product_cat","embeddable":true,"href":"https:\/\/salonvin.sk\/en\/wp-json\/wp\/v2\/product_cat?post=30388"},{"taxonomy":"product_tag","embeddable":true,"href":"https:\/\/salonvin.sk\/en\/wp-json\/wp\/v2\/product_tag?post=30388"}],"curies":[{"name":"wp","href":"https:\/\/api.w.org\/{rel}","templated":true}]}}