{"id":30495,"date":"2025-12-03T17:35:19","date_gmt":"2025-12-03T16:35:19","guid":{"rendered":"https:\/\/salonvin.sk\/?post_type=product&#038;p=30495"},"modified":"2025-12-12T17:45:21","modified_gmt":"2025-12-12T16:45:21","slug":"muza-chateau-grand-bari","status":"publish","type":"product","link":"https:\/\/salonvin.sk\/en\/product\/muza-chateau-grand-bari\/","title":{"rendered":"M\u00faza &#8211; Chateau Grand Bari"},"content":{"rendered":"<section class=\"l-section wpb_row height_medium\"><div class=\"l-section-h i-cf\"><div class=\"g-cols vc_row via_flex valign_top type_default stacking_default\"><div class=\"vc_col-sm-12 wpb_column vc_column_container\"><div class=\"vc_column-inner\"><div class=\"wpb_wrapper\"><div class=\"wpb_text_column\"><div class=\"wpb_wrapper\"><p>Winemaker: Chateau Grand Bari<\/p>\n<p><strong>Vintage:<\/strong> 2024<\/p>\n<p><strong>Character:<\/strong> semi-sweet<\/p>\n<p><strong>Category:<\/strong> PDO<\/p>\n<p><strong>Alcohol content:<\/strong> 9.56%<\/p>\n<p><strong>Total acidity:<\/strong>\u00a05.80 g\/l<\/p>\n<p><strong>Residual sugar:<\/strong> 35.90 g\/l<\/p>\n<p><strong>Volume:<\/strong> 0.75 l<\/p>\n<p><strong>Origin of grapes:<\/strong> Tokaj wine region<\/p>\n<p><strong>*Contains sulphites<\/strong><\/p>\n<\/div><\/div><\/div><\/div><\/div><\/div><\/div><\/section>\n","protected":false},"excerpt":{"rendered":"<p>A yellow gold wine. The typical Traminer aromas are dominated by white rose petals and lychee. The rich taste of the wine is filled with notes of rose oil and tropical fruits, especially lychee.<\/p>\n<p><strong>Vintage:<\/strong> 2024<\/p>\n<p><strong>Character:<\/strong> semi-sweet<\/p>\n<p><strong>Category:<\/strong> chop<\/p>\n","protected":false},"featured_media":30497,"comment_status":"closed","ping_status":"closed","template":"","meta":[],"product_brand":[],"product_cat":[501],"product_tag":[],"class_list":{"0":"post-30495","1":"product","2":"type-product","3":"status-publish","4":"has-post-thumbnail","6":"product_cat-still-white-semi-dry-and-semi-sweet-wines","8":"first","9":"instock","10":"taxable","11":"shipping-taxable","12":"purchasable","13":"product-type-simple"},"yoast_head":"<!-- This site is optimized with the Yoast SEO plugin v25.6 - https:\/\/yoast.com\/wordpress\/plugins\/seo\/ -->\n<title>M\u00faza - Chateau Grand Bari - Sal\u00f3n v\u00edn<\/title>\n<meta name=\"description\" content=\"A yellow gold wine. The typical Traminer aromas are dominated by white rose petals and lychee. The rich taste of the wine is filled with notes of rose oil and tropical fruits, especially lychee.\" \/>\n<meta name=\"robots\" content=\"index, follow, max-snippet:-1, max-image-preview:large, max-video-preview:-1\" \/>\n<link rel=\"canonical\" href=\"https:\/\/salonvin.sk\/en\/product\/muza-chateau-grand-bari\/\" \/>\n<meta property=\"og:locale\" content=\"en_US\" \/>\n<meta property=\"og:type\" content=\"article\" \/>\n<meta property=\"og:title\" content=\"M\u00faza - Chateau Grand Bari - Sal\u00f3n v\u00edn\" \/>\n<meta property=\"og:description\" content=\"A yellow gold wine. The typical Traminer aromas are dominated by white rose petals and lychee. The rich taste of the wine is filled with notes of rose oil and tropical fruits, especially lychee.\" \/>\n<meta property=\"og:url\" content=\"https:\/\/salonvin.sk\/en\/product\/muza-chateau-grand-bari\/\" \/>\n<meta property=\"og:site_name\" content=\"Sal\u00f3n v\u00edn\" \/>\n<meta property=\"article:publisher\" content=\"https:\/\/www.facebook.com\/narodnysalonvinslovenskejrepubliky\/\" \/>\n<meta property=\"article:modified_time\" content=\"2025-12-12T16:45:21+00:00\" \/>\n<meta property=\"og:image\" content=\"https:\/\/salonvin.sk\/wp-content\/uploads\/2025\/12\/20251125_122713.jpg\" \/>\n\t<meta property=\"og:image:width\" content=\"960\" \/>\n\t<meta property=\"og:image:height\" content=\"2369\" \/>\n\t<meta property=\"og:image:type\" content=\"image\/jpeg\" \/>\n<meta name=\"twitter:card\" content=\"summary_large_image\" \/>\n<script type=\"application\/ld+json\" class=\"yoast-schema-graph\">{\"@context\":\"https:\/\/schema.org\",\"@graph\":[{\"@type\":\"WebPage\",\"@id\":\"https:\/\/salonvin.sk\/en\/product\/muza-chateau-grand-bari\/\",\"url\":\"https:\/\/salonvin.sk\/en\/product\/muza-chateau-grand-bari\/\",\"name\":\"M\u00faza - Chateau Grand Bari - Sal\u00f3n v\u00edn\",\"isPartOf\":{\"@id\":\"https:\/\/salonvin.sk\/en\/#website\"},\"primaryImageOfPage\":{\"@id\":\"https:\/\/salonvin.sk\/en\/product\/muza-chateau-grand-bari\/#primaryimage\"},\"image\":{\"@id\":\"https:\/\/salonvin.sk\/en\/product\/muza-chateau-grand-bari\/#primaryimage\"},\"thumbnailUrl\":\"https:\/\/salonvin.sk\/wp-content\/uploads\/2025\/12\/20251125_122713.jpg\",\"datePublished\":\"2025-12-03T16:35:19+00:00\",\"dateModified\":\"2025-12-12T16:45:21+00:00\",\"description\":\"A yellow gold wine. The typical Traminer aromas are dominated by white rose petals and lychee. The rich taste of the wine is filled with notes of rose oil and tropical fruits, especially lychee.\",\"breadcrumb\":{\"@id\":\"https:\/\/salonvin.sk\/en\/product\/muza-chateau-grand-bari\/#breadcrumb\"},\"inLanguage\":\"en-US\",\"potentialAction\":[{\"@type\":\"ReadAction\",\"target\":[\"https:\/\/salonvin.sk\/en\/product\/muza-chateau-grand-bari\/\"]}]},{\"@type\":\"ImageObject\",\"inLanguage\":\"en-US\",\"@id\":\"https:\/\/salonvin.sk\/en\/product\/muza-chateau-grand-bari\/#primaryimage\",\"url\":\"https:\/\/salonvin.sk\/wp-content\/uploads\/2025\/12\/20251125_122713.jpg\",\"contentUrl\":\"https:\/\/salonvin.sk\/wp-content\/uploads\/2025\/12\/20251125_122713.jpg\",\"width\":960,\"height\":2369},{\"@type\":\"BreadcrumbList\",\"@id\":\"https:\/\/salonvin.sk\/en\/product\/muza-chateau-grand-bari\/#breadcrumb\",\"itemListElement\":[{\"@type\":\"ListItem\",\"position\":1,\"name\":\"Home\",\"item\":\"https:\/\/salonvin.sk\/en\/\"},{\"@type\":\"ListItem\",\"position\":2,\"name\":\"Shop\",\"item\":\"https:\/\/salonvin.sk\/en\/shop\/\"},{\"@type\":\"ListItem\",\"position\":3,\"name\":\"M\u00faza &#8211; Chateau Grand Bari\"}]},{\"@type\":\"WebSite\",\"@id\":\"https:\/\/salonvin.sk\/en\/#website\",\"url\":\"https:\/\/salonvin.sk\/en\/\",\"name\":\"Sal\u00f3n v\u00edn\",\"description\":\"\",\"potentialAction\":[{\"@type\":\"SearchAction\",\"target\":{\"@type\":\"EntryPoint\",\"urlTemplate\":\"https:\/\/salonvin.sk\/en\/?s={search_term_string}\"},\"query-input\":{\"@type\":\"PropertyValueSpecification\",\"valueRequired\":true,\"valueName\":\"search_term_string\"}}],\"inLanguage\":\"en-US\"}]}<\/script>\n<!-- \/ Yoast SEO plugin. -->","yoast_head_json":{"title":"M\u00faza - Chateau Grand Bari - Sal\u00f3n v\u00edn","description":"A yellow gold wine. The typical Traminer aromas are dominated by white rose petals and lychee. The rich taste of the wine is filled with notes of rose oil and tropical fruits, especially lychee.","robots":{"index":"index","follow":"follow","max-snippet":"max-snippet:-1","max-image-preview":"max-image-preview:large","max-video-preview":"max-video-preview:-1"},"canonical":"https:\/\/salonvin.sk\/en\/product\/muza-chateau-grand-bari\/","og_locale":"en_US","og_type":"article","og_title":"M\u00faza - Chateau Grand Bari - Sal\u00f3n v\u00edn","og_description":"A yellow gold wine. The typical Traminer aromas are dominated by white rose petals and lychee. The rich taste of the wine is filled with notes of rose oil and tropical fruits, especially lychee.","og_url":"https:\/\/salonvin.sk\/en\/product\/muza-chateau-grand-bari\/","og_site_name":"Sal\u00f3n v\u00edn","article_publisher":"https:\/\/www.facebook.com\/narodnysalonvinslovenskejrepubliky\/","article_modified_time":"2025-12-12T16:45:21+00:00","og_image":[{"width":960,"height":2369,"url":"https:\/\/salonvin.sk\/wp-content\/uploads\/2025\/12\/20251125_122713.jpg","type":"image\/jpeg"}],"twitter_card":"summary_large_image","schema":{"@context":"https:\/\/schema.org","@graph":[{"@type":"WebPage","@id":"https:\/\/salonvin.sk\/en\/product\/muza-chateau-grand-bari\/","url":"https:\/\/salonvin.sk\/en\/product\/muza-chateau-grand-bari\/","name":"M\u00faza - Chateau Grand Bari - Sal\u00f3n v\u00edn","isPartOf":{"@id":"https:\/\/salonvin.sk\/en\/#website"},"primaryImageOfPage":{"@id":"https:\/\/salonvin.sk\/en\/product\/muza-chateau-grand-bari\/#primaryimage"},"image":{"@id":"https:\/\/salonvin.sk\/en\/product\/muza-chateau-grand-bari\/#primaryimage"},"thumbnailUrl":"https:\/\/salonvin.sk\/wp-content\/uploads\/2025\/12\/20251125_122713.jpg","datePublished":"2025-12-03T16:35:19+00:00","dateModified":"2025-12-12T16:45:21+00:00","description":"A yellow gold wine. The typical Traminer aromas are dominated by white rose petals and lychee. The rich taste of the wine is filled with notes of rose oil and tropical fruits, especially lychee.","breadcrumb":{"@id":"https:\/\/salonvin.sk\/en\/product\/muza-chateau-grand-bari\/#breadcrumb"},"inLanguage":"en-US","potentialAction":[{"@type":"ReadAction","target":["https:\/\/salonvin.sk\/en\/product\/muza-chateau-grand-bari\/"]}]},{"@type":"ImageObject","inLanguage":"en-US","@id":"https:\/\/salonvin.sk\/en\/product\/muza-chateau-grand-bari\/#primaryimage","url":"https:\/\/salonvin.sk\/wp-content\/uploads\/2025\/12\/20251125_122713.jpg","contentUrl":"https:\/\/salonvin.sk\/wp-content\/uploads\/2025\/12\/20251125_122713.jpg","width":960,"height":2369},{"@type":"BreadcrumbList","@id":"https:\/\/salonvin.sk\/en\/product\/muza-chateau-grand-bari\/#breadcrumb","itemListElement":[{"@type":"ListItem","position":1,"name":"Home","item":"https:\/\/salonvin.sk\/en\/"},{"@type":"ListItem","position":2,"name":"Shop","item":"https:\/\/salonvin.sk\/en\/shop\/"},{"@type":"ListItem","position":3,"name":"M\u00faza &#8211; Chateau Grand Bari"}]},{"@type":"WebSite","@id":"https:\/\/salonvin.sk\/en\/#website","url":"https:\/\/salonvin.sk\/en\/","name":"Sal\u00f3n v\u00edn","description":"","potentialAction":[{"@type":"SearchAction","target":{"@type":"EntryPoint","urlTemplate":"https:\/\/salonvin.sk\/en\/?s={search_term_string}"},"query-input":{"@type":"PropertyValueSpecification","valueRequired":true,"valueName":"search_term_string"}}],"inLanguage":"en-US"}]}},"_links":{"self":[{"href":"https:\/\/salonvin.sk\/en\/wp-json\/wp\/v2\/product\/30495"}],"collection":[{"href":"https:\/\/salonvin.sk\/en\/wp-json\/wp\/v2\/product"}],"about":[{"href":"https:\/\/salonvin.sk\/en\/wp-json\/wp\/v2\/types\/product"}],"replies":[{"embeddable":true,"href":"https:\/\/salonvin.sk\/en\/wp-json\/wp\/v2\/comments?post=30495"}],"wp:featuredmedia":[{"embeddable":true,"href":"https:\/\/salonvin.sk\/en\/wp-json\/wp\/v2\/media\/30497"}],"wp:attachment":[{"href":"https:\/\/salonvin.sk\/en\/wp-json\/wp\/v2\/media?parent=30495"}],"wp:term":[{"taxonomy":"product_brand","embeddable":true,"href":"https:\/\/salonvin.sk\/en\/wp-json\/wp\/v2\/product_brand?post=30495"},{"taxonomy":"product_cat","embeddable":true,"href":"https:\/\/salonvin.sk\/en\/wp-json\/wp\/v2\/product_cat?post=30495"},{"taxonomy":"product_tag","embeddable":true,"href":"https:\/\/salonvin.sk\/en\/wp-json\/wp\/v2\/product_tag?post=30495"}],"curies":[{"name":"wp","href":"https:\/\/api.w.org\/{rel}","templated":true}]}}