{"id":30515,"date":"2025-12-05T13:24:21","date_gmt":"2025-12-05T12:24:21","guid":{"rendered":"https:\/\/salonvin.sk\/?post_type=product&#038;p=30515"},"modified":"2025-12-12T17:34:17","modified_gmt":"2025-12-12T16:34:17","slug":"pinta-vino-velkeer","status":"publish","type":"product","link":"https:\/\/salonvin.sk\/en\/product\/pinta-vino-velkeer\/","title":{"rendered":"Pinta &#8211; V\u00edno Velkeer"},"content":{"rendered":"<section class=\"l-section wpb_row height_medium\"><div class=\"l-section-h i-cf\"><div class=\"g-cols vc_row via_flex valign_top type_default stacking_default\"><div class=\"vc_col-sm-12 wpb_column vc_column_container\"><div class=\"vc_column-inner\"><div class=\"wpb_wrapper\"><div class=\"wpb_text_column\"><div class=\"wpb_wrapper\"><p><strong>Winemaker:<\/strong> V\u00cdNO VELKEER 1113, s.r.o.<\/p>\n<p><strong>Vintage:<\/strong> 2022<\/p>\n<p><strong>Character:<\/strong> dry<\/p>\n<p><strong>Category:<\/strong> D.S.C.<\/p>\n<p><strong>Alcohol content:<\/strong> 14.50%<\/p>\n<p><strong>Total acidity:<\/strong>\u00a05.50 g\/l<\/p>\n<p><strong>Residual sugar:<\/strong> 0.50 g\/l<\/p>\n<p><strong>Volume:<\/strong> 0.75 l<\/p>\n<p><strong>Origin of grapes:<\/strong> Nitra wine-growing region<\/p>\n<p><strong>*Contains sulphites<\/strong><\/p>\n<\/div><\/div><\/div><\/div><\/div><\/div><\/div><\/section>\n","protected":false},"excerpt":{"rendered":"<p>Wine from our best barrels, from the best vintages. Our flagship. In this wine we found everything we expected from a red wine: full harmonious flavors, lots of fruit, personality, the right depth and uniqueness. After 23 months of maturation in wooden barrels and the selection of the best batches from the barrels, bottling followed. After bottling, the wine lay in storage for at least 6 months. This wine is only produced in excellent vintages such as 2015, 2017, 2018, 2019 and 2021. The largest representation in this cuv\u00e9e is Dunaj and Rudava, which are carefully complemented by a selection of the best batches of Cabernet Sauvignon. Deep, almost opaque dark garnet with a purple rim and oily viscosity. Dark compote aromatics full of black berries &#8211; mulberries, blackberries and gently burnt plum jam. Pleasant touch of wood in a dark chocolate finish. Rich in taste, chocolate-fruity medium with a warming body and quality empyreumatics in the form of dark chocolate, cedar. In the soft and long aftertaste, the fruit acid is fully manifested with echoes of Belgian chocolate. Maturation potential for at least a decade.<\/p>\n<p><strong>Vintage:<\/strong> 2022<\/p>\n<p><strong>Character:<\/strong> dry<\/p>\n<p><strong>Category:<\/strong> d.s.c.<\/p>\n","protected":false},"featured_media":30517,"comment_status":"closed","ping_status":"closed","template":"","meta":[],"product_brand":[],"product_cat":[503],"product_tag":[],"class_list":{"0":"post-30515","1":"product","2":"type-product","3":"status-publish","4":"has-post-thumbnail","6":"product_cat-still-red-dry-wines","8":"first","9":"instock","10":"taxable","11":"shipping-taxable","12":"purchasable","13":"product-type-simple"},"yoast_head":"<!-- This site is optimized with the Yoast SEO plugin v25.6 - https:\/\/yoast.com\/wordpress\/plugins\/seo\/ -->\n<title>Pinta - V\u00edno Velkeer - Sal\u00f3n v\u00edn<\/title>\n<meta name=\"description\" content=\"Wine from our best barrels, from the best vintages. Our flagship. In this wine we found everything we expected from a red wine: full harmonious flavors, lots of fruit, personality, the right depth and uniqueness. After 23 months of maturation in wooden barrels and the selection of the best batches from the barrels, bottling followed. After bottling, the wine lay in storage for at least 6 months. This wine is only produced in excellent vintages such as 2015, 2017, 2018, 2019 and 2021. The largest representation in this cuv\u00e9e is Dunaj and Rudava, which are carefully complemented by a selection of the best batches of Cabernet Sauvignon. Deep, almost opaque dark garnet with a purple rim and oily viscosity. Dark compote aromatics full of black berries - mulberries, blackberries and gently burnt plum jam. Pleasant touch of wood in a dark chocolate finish. Rich in taste, chocolate-fruity medium with a warming body and quality empyreumatics in the form of dark chocolate, cedar. In the soft and long aftertaste, the fruit acid is fully manifested with echoes of Belgian chocolate. Maturation potential for at least a decade.\" \/>\n<meta name=\"robots\" content=\"index, follow, max-snippet:-1, max-image-preview:large, max-video-preview:-1\" \/>\n<link rel=\"canonical\" href=\"https:\/\/salonvin.sk\/en\/product\/pinta-vino-velkeer\/\" \/>\n<meta property=\"og:locale\" content=\"en_US\" \/>\n<meta property=\"og:type\" content=\"article\" \/>\n<meta property=\"og:title\" content=\"Pinta - V\u00edno Velkeer - Sal\u00f3n v\u00edn\" \/>\n<meta property=\"og:description\" content=\"Wine from our best barrels, from the best vintages. Our flagship. In this wine we found everything we expected from a red wine: full harmonious flavors, lots of fruit, personality, the right depth and uniqueness. After 23 months of maturation in wooden barrels and the selection of the best batches from the barrels, bottling followed. After bottling, the wine lay in storage for at least 6 months. This wine is only produced in excellent vintages such as 2015, 2017, 2018, 2019 and 2021. The largest representation in this cuv\u00e9e is Dunaj and Rudava, which are carefully complemented by a selection of the best batches of Cabernet Sauvignon. Deep, almost opaque dark garnet with a purple rim and oily viscosity. Dark compote aromatics full of black berries - mulberries, blackberries and gently burnt plum jam. Pleasant touch of wood in a dark chocolate finish. Rich in taste, chocolate-fruity medium with a warming body and quality empyreumatics in the form of dark chocolate, cedar. In the soft and long aftertaste, the fruit acid is fully manifested with echoes of Belgian chocolate. Maturation potential for at least a decade.\" \/>\n<meta property=\"og:url\" content=\"https:\/\/salonvin.sk\/en\/product\/pinta-vino-velkeer\/\" \/>\n<meta property=\"og:site_name\" content=\"Sal\u00f3n v\u00edn\" \/>\n<meta property=\"article:publisher\" content=\"https:\/\/www.facebook.com\/narodnysalonvinslovenskejrepubliky\/\" \/>\n<meta property=\"article:modified_time\" content=\"2025-12-12T16:34:17+00:00\" \/>\n<meta property=\"og:image\" content=\"https:\/\/salonvin.sk\/wp-content\/uploads\/2025\/12\/20251126_130500.jpg\" \/>\n\t<meta property=\"og:image:width\" content=\"973\" \/>\n\t<meta property=\"og:image:height\" content=\"2533\" \/>\n\t<meta property=\"og:image:type\" content=\"image\/jpeg\" \/>\n<meta name=\"twitter:card\" content=\"summary_large_image\" \/>\n<script type=\"application\/ld+json\" class=\"yoast-schema-graph\">{\"@context\":\"https:\/\/schema.org\",\"@graph\":[{\"@type\":\"WebPage\",\"@id\":\"https:\/\/salonvin.sk\/en\/product\/pinta-vino-velkeer\/\",\"url\":\"https:\/\/salonvin.sk\/en\/product\/pinta-vino-velkeer\/\",\"name\":\"Pinta - V\u00edno Velkeer - Sal\u00f3n v\u00edn\",\"isPartOf\":{\"@id\":\"https:\/\/salonvin.sk\/en\/#website\"},\"primaryImageOfPage\":{\"@id\":\"https:\/\/salonvin.sk\/en\/product\/pinta-vino-velkeer\/#primaryimage\"},\"image\":{\"@id\":\"https:\/\/salonvin.sk\/en\/product\/pinta-vino-velkeer\/#primaryimage\"},\"thumbnailUrl\":\"https:\/\/salonvin.sk\/wp-content\/uploads\/2025\/12\/20251126_130500.jpg\",\"datePublished\":\"2025-12-05T12:24:21+00:00\",\"dateModified\":\"2025-12-12T16:34:17+00:00\",\"description\":\"Wine from our best barrels, from the best vintages. Our flagship. In this wine we found everything we expected from a red wine: full harmonious flavors, lots of fruit, personality, the right depth and uniqueness. After 23 months of maturation in wooden barrels and the selection of the best batches from the barrels, bottling followed. After bottling, the wine lay in storage for at least 6 months. This wine is only produced in excellent vintages such as 2015, 2017, 2018, 2019 and 2021. The largest representation in this cuv\u00e9e is Dunaj and Rudava, which are carefully complemented by a selection of the best batches of Cabernet Sauvignon. Deep, almost opaque dark garnet with a purple rim and oily viscosity. Dark compote aromatics full of black berries - mulberries, blackberries and gently burnt plum jam. Pleasant touch of wood in a dark chocolate finish. Rich in taste, chocolate-fruity medium with a warming body and quality empyreumatics in the form of dark chocolate, cedar. In the soft and long aftertaste, the fruit acid is fully manifested with echoes of Belgian chocolate. Maturation potential for at least a decade.\",\"breadcrumb\":{\"@id\":\"https:\/\/salonvin.sk\/en\/product\/pinta-vino-velkeer\/#breadcrumb\"},\"inLanguage\":\"en-US\",\"potentialAction\":[{\"@type\":\"ReadAction\",\"target\":[\"https:\/\/salonvin.sk\/en\/product\/pinta-vino-velkeer\/\"]}]},{\"@type\":\"ImageObject\",\"inLanguage\":\"en-US\",\"@id\":\"https:\/\/salonvin.sk\/en\/product\/pinta-vino-velkeer\/#primaryimage\",\"url\":\"https:\/\/salonvin.sk\/wp-content\/uploads\/2025\/12\/20251126_130500.jpg\",\"contentUrl\":\"https:\/\/salonvin.sk\/wp-content\/uploads\/2025\/12\/20251126_130500.jpg\",\"width\":973,\"height\":2533},{\"@type\":\"BreadcrumbList\",\"@id\":\"https:\/\/salonvin.sk\/en\/product\/pinta-vino-velkeer\/#breadcrumb\",\"itemListElement\":[{\"@type\":\"ListItem\",\"position\":1,\"name\":\"Home\",\"item\":\"https:\/\/salonvin.sk\/en\/\"},{\"@type\":\"ListItem\",\"position\":2,\"name\":\"Shop\",\"item\":\"https:\/\/salonvin.sk\/en\/shop\/\"},{\"@type\":\"ListItem\",\"position\":3,\"name\":\"Pinta &#8211; V\u00edno Velkeer\"}]},{\"@type\":\"WebSite\",\"@id\":\"https:\/\/salonvin.sk\/en\/#website\",\"url\":\"https:\/\/salonvin.sk\/en\/\",\"name\":\"Sal\u00f3n v\u00edn\",\"description\":\"\",\"potentialAction\":[{\"@type\":\"SearchAction\",\"target\":{\"@type\":\"EntryPoint\",\"urlTemplate\":\"https:\/\/salonvin.sk\/en\/?s={search_term_string}\"},\"query-input\":{\"@type\":\"PropertyValueSpecification\",\"valueRequired\":true,\"valueName\":\"search_term_string\"}}],\"inLanguage\":\"en-US\"}]}<\/script>\n<!-- \/ Yoast SEO plugin. -->","yoast_head_json":{"title":"Pinta - V\u00edno Velkeer - Sal\u00f3n v\u00edn","description":"Wine from our best barrels, from the best vintages. Our flagship. In this wine we found everything we expected from a red wine: full harmonious flavors, lots of fruit, personality, the right depth and uniqueness. After 23 months of maturation in wooden barrels and the selection of the best batches from the barrels, bottling followed. After bottling, the wine lay in storage for at least 6 months. This wine is only produced in excellent vintages such as 2015, 2017, 2018, 2019 and 2021. The largest representation in this cuv\u00e9e is Dunaj and Rudava, which are carefully complemented by a selection of the best batches of Cabernet Sauvignon. Deep, almost opaque dark garnet with a purple rim and oily viscosity. Dark compote aromatics full of black berries - mulberries, blackberries and gently burnt plum jam. Pleasant touch of wood in a dark chocolate finish. Rich in taste, chocolate-fruity medium with a warming body and quality empyreumatics in the form of dark chocolate, cedar. In the soft and long aftertaste, the fruit acid is fully manifested with echoes of Belgian chocolate. Maturation potential for at least a decade.","robots":{"index":"index","follow":"follow","max-snippet":"max-snippet:-1","max-image-preview":"max-image-preview:large","max-video-preview":"max-video-preview:-1"},"canonical":"https:\/\/salonvin.sk\/en\/product\/pinta-vino-velkeer\/","og_locale":"en_US","og_type":"article","og_title":"Pinta - V\u00edno Velkeer - Sal\u00f3n v\u00edn","og_description":"Wine from our best barrels, from the best vintages. Our flagship. In this wine we found everything we expected from a red wine: full harmonious flavors, lots of fruit, personality, the right depth and uniqueness. After 23 months of maturation in wooden barrels and the selection of the best batches from the barrels, bottling followed. After bottling, the wine lay in storage for at least 6 months. This wine is only produced in excellent vintages such as 2015, 2017, 2018, 2019 and 2021. The largest representation in this cuv\u00e9e is Dunaj and Rudava, which are carefully complemented by a selection of the best batches of Cabernet Sauvignon. Deep, almost opaque dark garnet with a purple rim and oily viscosity. Dark compote aromatics full of black berries - mulberries, blackberries and gently burnt plum jam. Pleasant touch of wood in a dark chocolate finish. Rich in taste, chocolate-fruity medium with a warming body and quality empyreumatics in the form of dark chocolate, cedar. In the soft and long aftertaste, the fruit acid is fully manifested with echoes of Belgian chocolate. Maturation potential for at least a decade.","og_url":"https:\/\/salonvin.sk\/en\/product\/pinta-vino-velkeer\/","og_site_name":"Sal\u00f3n v\u00edn","article_publisher":"https:\/\/www.facebook.com\/narodnysalonvinslovenskejrepubliky\/","article_modified_time":"2025-12-12T16:34:17+00:00","og_image":[{"width":973,"height":2533,"url":"https:\/\/salonvin.sk\/wp-content\/uploads\/2025\/12\/20251126_130500.jpg","type":"image\/jpeg"}],"twitter_card":"summary_large_image","schema":{"@context":"https:\/\/schema.org","@graph":[{"@type":"WebPage","@id":"https:\/\/salonvin.sk\/en\/product\/pinta-vino-velkeer\/","url":"https:\/\/salonvin.sk\/en\/product\/pinta-vino-velkeer\/","name":"Pinta - V\u00edno Velkeer - Sal\u00f3n v\u00edn","isPartOf":{"@id":"https:\/\/salonvin.sk\/en\/#website"},"primaryImageOfPage":{"@id":"https:\/\/salonvin.sk\/en\/product\/pinta-vino-velkeer\/#primaryimage"},"image":{"@id":"https:\/\/salonvin.sk\/en\/product\/pinta-vino-velkeer\/#primaryimage"},"thumbnailUrl":"https:\/\/salonvin.sk\/wp-content\/uploads\/2025\/12\/20251126_130500.jpg","datePublished":"2025-12-05T12:24:21+00:00","dateModified":"2025-12-12T16:34:17+00:00","description":"Wine from our best barrels, from the best vintages. Our flagship. In this wine we found everything we expected from a red wine: full harmonious flavors, lots of fruit, personality, the right depth and uniqueness. After 23 months of maturation in wooden barrels and the selection of the best batches from the barrels, bottling followed. After bottling, the wine lay in storage for at least 6 months. This wine is only produced in excellent vintages such as 2015, 2017, 2018, 2019 and 2021. The largest representation in this cuv\u00e9e is Dunaj and Rudava, which are carefully complemented by a selection of the best batches of Cabernet Sauvignon. Deep, almost opaque dark garnet with a purple rim and oily viscosity. Dark compote aromatics full of black berries - mulberries, blackberries and gently burnt plum jam. Pleasant touch of wood in a dark chocolate finish. Rich in taste, chocolate-fruity medium with a warming body and quality empyreumatics in the form of dark chocolate, cedar. In the soft and long aftertaste, the fruit acid is fully manifested with echoes of Belgian chocolate. Maturation potential for at least a decade.","breadcrumb":{"@id":"https:\/\/salonvin.sk\/en\/product\/pinta-vino-velkeer\/#breadcrumb"},"inLanguage":"en-US","potentialAction":[{"@type":"ReadAction","target":["https:\/\/salonvin.sk\/en\/product\/pinta-vino-velkeer\/"]}]},{"@type":"ImageObject","inLanguage":"en-US","@id":"https:\/\/salonvin.sk\/en\/product\/pinta-vino-velkeer\/#primaryimage","url":"https:\/\/salonvin.sk\/wp-content\/uploads\/2025\/12\/20251126_130500.jpg","contentUrl":"https:\/\/salonvin.sk\/wp-content\/uploads\/2025\/12\/20251126_130500.jpg","width":973,"height":2533},{"@type":"BreadcrumbList","@id":"https:\/\/salonvin.sk\/en\/product\/pinta-vino-velkeer\/#breadcrumb","itemListElement":[{"@type":"ListItem","position":1,"name":"Home","item":"https:\/\/salonvin.sk\/en\/"},{"@type":"ListItem","position":2,"name":"Shop","item":"https:\/\/salonvin.sk\/en\/shop\/"},{"@type":"ListItem","position":3,"name":"Pinta &#8211; V\u00edno Velkeer"}]},{"@type":"WebSite","@id":"https:\/\/salonvin.sk\/en\/#website","url":"https:\/\/salonvin.sk\/en\/","name":"Sal\u00f3n v\u00edn","description":"","potentialAction":[{"@type":"SearchAction","target":{"@type":"EntryPoint","urlTemplate":"https:\/\/salonvin.sk\/en\/?s={search_term_string}"},"query-input":{"@type":"PropertyValueSpecification","valueRequired":true,"valueName":"search_term_string"}}],"inLanguage":"en-US"}]}},"_links":{"self":[{"href":"https:\/\/salonvin.sk\/en\/wp-json\/wp\/v2\/product\/30515"}],"collection":[{"href":"https:\/\/salonvin.sk\/en\/wp-json\/wp\/v2\/product"}],"about":[{"href":"https:\/\/salonvin.sk\/en\/wp-json\/wp\/v2\/types\/product"}],"replies":[{"embeddable":true,"href":"https:\/\/salonvin.sk\/en\/wp-json\/wp\/v2\/comments?post=30515"}],"wp:featuredmedia":[{"embeddable":true,"href":"https:\/\/salonvin.sk\/en\/wp-json\/wp\/v2\/media\/30517"}],"wp:attachment":[{"href":"https:\/\/salonvin.sk\/en\/wp-json\/wp\/v2\/media?parent=30515"}],"wp:term":[{"taxonomy":"product_brand","embeddable":true,"href":"https:\/\/salonvin.sk\/en\/wp-json\/wp\/v2\/product_brand?post=30515"},{"taxonomy":"product_cat","embeddable":true,"href":"https:\/\/salonvin.sk\/en\/wp-json\/wp\/v2\/product_cat?post=30515"},{"taxonomy":"product_tag","embeddable":true,"href":"https:\/\/salonvin.sk\/en\/wp-json\/wp\/v2\/product_tag?post=30515"}],"curies":[{"name":"wp","href":"https:\/\/api.w.org\/{rel}","templated":true}]}}