{"id":30536,"date":"2025-12-05T13:40:32","date_gmt":"2025-12-05T12:40:32","guid":{"rendered":"https:\/\/salonvin.sk\/?post_type=product&#038;p=30536"},"modified":"2025-12-12T17:24:39","modified_gmt":"2025-12-12T16:24:39","slug":"merlot-zamocke-vinarstvo","status":"publish","type":"product","link":"https:\/\/salonvin.sk\/en\/product\/merlot-zamocke-vinarstvo\/","title":{"rendered":"Merlot &#8211; Z\u00e1mock\u00e9 vin\u00e1rstvo"},"content":{"rendered":"<section class=\"l-section wpb_row height_medium\"><div class=\"l-section-h i-cf\"><div class=\"g-cols vc_row via_flex valign_top type_default stacking_default\"><div class=\"vc_col-sm-12 wpb_column vc_column_container\"><div class=\"vc_column-inner\"><div class=\"wpb_wrapper\"><div class=\"wpb_text_column\"><div class=\"wpb_wrapper\"><p><strong>Winemaker:<\/strong> Z\u00e1mock\u00e9 vin\u00e1rstvo<\/p>\n<p><strong>Vintage:<\/strong> 2023<\/p>\n<p><strong>Character:<\/strong> dry<\/p>\n<p><strong>Category:<\/strong><\/p>\n<p><strong>Alcohol content:<\/strong> 14.57%<\/p>\n<p><strong>Total acidity:<\/strong> 5.89 g\/l<\/p>\n<p><strong>Residual sugar:<\/strong> 3.70 g\/l<\/p>\n<p><strong>Volume:<\/strong> 0.75 l<\/p>\n<p><strong>Origin of grapes:<\/strong> South Slovak wine-growing region<\/p>\n<p><strong>*Contains sulphites<\/strong><\/p>\n<\/div><\/div><\/div><\/div><\/div><\/div><\/div><\/section>\n","protected":false},"excerpt":{"rendered":"<p>The king of all wines when it comes to blending is back in its monovarietal form. It is soft and gentle, but also bold and uncompromising. Let us immerse ourselves in elegance with it and let ourselves be seduced by its lascivious touch of aromas and flavors.<\/p>\n<p><strong>Vintage:<\/strong> 2023<\/p>\n<p><strong>Character:<\/strong> dry<\/p>\n<p><strong>Category:<\/strong><\/p>\n","protected":false},"featured_media":30538,"comment_status":"closed","ping_status":"closed","template":"","meta":[],"product_brand":[],"product_cat":[503],"product_tag":[],"class_list":{"0":"post-30536","1":"product","2":"type-product","3":"status-publish","4":"has-post-thumbnail","6":"product_cat-still-red-dry-wines","8":"first","9":"instock","10":"taxable","11":"shipping-taxable","12":"purchasable","13":"product-type-simple"},"yoast_head":"<!-- This site is optimized with the Yoast SEO plugin v25.6 - https:\/\/yoast.com\/wordpress\/plugins\/seo\/ -->\n<title>Merlot - Z\u00e1mock\u00e9 vin\u00e1rstvo - Sal\u00f3n v\u00edn<\/title>\n<meta name=\"description\" content=\"The king of all wines when it comes to blending is back in its monovarietal form. It is soft and gentle, but also bold and uncompromising. Let us immerse ourselves in elegance with it and let ourselves be seduced by its lascivious touch of aromas and flavors.\" \/>\n<meta name=\"robots\" content=\"index, follow, max-snippet:-1, max-image-preview:large, max-video-preview:-1\" \/>\n<link rel=\"canonical\" href=\"https:\/\/salonvin.sk\/en\/product\/merlot-zamocke-vinarstvo\/\" \/>\n<meta property=\"og:locale\" content=\"en_US\" \/>\n<meta property=\"og:type\" content=\"article\" \/>\n<meta property=\"og:title\" content=\"Merlot - Z\u00e1mock\u00e9 vin\u00e1rstvo - Sal\u00f3n v\u00edn\" \/>\n<meta property=\"og:description\" content=\"The king of all wines when it comes to blending is back in its monovarietal form. It is soft and gentle, but also bold and uncompromising. Let us immerse ourselves in elegance with it and let ourselves be seduced by its lascivious touch of aromas and flavors.\" \/>\n<meta property=\"og:url\" content=\"https:\/\/salonvin.sk\/en\/product\/merlot-zamocke-vinarstvo\/\" \/>\n<meta property=\"og:site_name\" content=\"Sal\u00f3n v\u00edn\" \/>\n<meta property=\"article:publisher\" content=\"https:\/\/www.facebook.com\/narodnysalonvinslovenskejrepubliky\/\" \/>\n<meta property=\"article:modified_time\" content=\"2025-12-12T16:24:39+00:00\" \/>\n<meta property=\"og:image\" content=\"https:\/\/salonvin.sk\/wp-content\/uploads\/2025\/12\/20251126_130235.jpg\" \/>\n\t<meta property=\"og:image:width\" content=\"970\" \/>\n\t<meta property=\"og:image:height\" content=\"2479\" \/>\n\t<meta property=\"og:image:type\" content=\"image\/jpeg\" \/>\n<meta name=\"twitter:card\" content=\"summary_large_image\" \/>\n<script type=\"application\/ld+json\" class=\"yoast-schema-graph\">{\"@context\":\"https:\/\/schema.org\",\"@graph\":[{\"@type\":\"WebPage\",\"@id\":\"https:\/\/salonvin.sk\/en\/product\/merlot-zamocke-vinarstvo\/\",\"url\":\"https:\/\/salonvin.sk\/en\/product\/merlot-zamocke-vinarstvo\/\",\"name\":\"Merlot - Z\u00e1mock\u00e9 vin\u00e1rstvo - Sal\u00f3n v\u00edn\",\"isPartOf\":{\"@id\":\"https:\/\/salonvin.sk\/en\/#website\"},\"primaryImageOfPage\":{\"@id\":\"https:\/\/salonvin.sk\/en\/product\/merlot-zamocke-vinarstvo\/#primaryimage\"},\"image\":{\"@id\":\"https:\/\/salonvin.sk\/en\/product\/merlot-zamocke-vinarstvo\/#primaryimage\"},\"thumbnailUrl\":\"https:\/\/salonvin.sk\/wp-content\/uploads\/2025\/12\/20251126_130235.jpg\",\"datePublished\":\"2025-12-05T12:40:32+00:00\",\"dateModified\":\"2025-12-12T16:24:39+00:00\",\"description\":\"The king of all wines when it comes to blending is back in its monovarietal form. It is soft and gentle, but also bold and uncompromising. Let us immerse ourselves in elegance with it and let ourselves be seduced by its lascivious touch of aromas and flavors.\",\"breadcrumb\":{\"@id\":\"https:\/\/salonvin.sk\/en\/product\/merlot-zamocke-vinarstvo\/#breadcrumb\"},\"inLanguage\":\"en-US\",\"potentialAction\":[{\"@type\":\"ReadAction\",\"target\":[\"https:\/\/salonvin.sk\/en\/product\/merlot-zamocke-vinarstvo\/\"]}]},{\"@type\":\"ImageObject\",\"inLanguage\":\"en-US\",\"@id\":\"https:\/\/salonvin.sk\/en\/product\/merlot-zamocke-vinarstvo\/#primaryimage\",\"url\":\"https:\/\/salonvin.sk\/wp-content\/uploads\/2025\/12\/20251126_130235.jpg\",\"contentUrl\":\"https:\/\/salonvin.sk\/wp-content\/uploads\/2025\/12\/20251126_130235.jpg\",\"width\":970,\"height\":2479},{\"@type\":\"BreadcrumbList\",\"@id\":\"https:\/\/salonvin.sk\/en\/product\/merlot-zamocke-vinarstvo\/#breadcrumb\",\"itemListElement\":[{\"@type\":\"ListItem\",\"position\":1,\"name\":\"Home\",\"item\":\"https:\/\/salonvin.sk\/en\/\"},{\"@type\":\"ListItem\",\"position\":2,\"name\":\"Shop\",\"item\":\"https:\/\/salonvin.sk\/en\/shop\/\"},{\"@type\":\"ListItem\",\"position\":3,\"name\":\"Merlot &#8211; Z\u00e1mock\u00e9 vin\u00e1rstvo\"}]},{\"@type\":\"WebSite\",\"@id\":\"https:\/\/salonvin.sk\/en\/#website\",\"url\":\"https:\/\/salonvin.sk\/en\/\",\"name\":\"Sal\u00f3n v\u00edn\",\"description\":\"\",\"potentialAction\":[{\"@type\":\"SearchAction\",\"target\":{\"@type\":\"EntryPoint\",\"urlTemplate\":\"https:\/\/salonvin.sk\/en\/?s={search_term_string}\"},\"query-input\":{\"@type\":\"PropertyValueSpecification\",\"valueRequired\":true,\"valueName\":\"search_term_string\"}}],\"inLanguage\":\"en-US\"}]}<\/script>\n<!-- \/ Yoast SEO plugin. -->","yoast_head_json":{"title":"Merlot - Z\u00e1mock\u00e9 vin\u00e1rstvo - Sal\u00f3n v\u00edn","description":"The king of all wines when it comes to blending is back in its monovarietal form. It is soft and gentle, but also bold and uncompromising. Let us immerse ourselves in elegance with it and let ourselves be seduced by its lascivious touch of aromas and flavors.","robots":{"index":"index","follow":"follow","max-snippet":"max-snippet:-1","max-image-preview":"max-image-preview:large","max-video-preview":"max-video-preview:-1"},"canonical":"https:\/\/salonvin.sk\/en\/product\/merlot-zamocke-vinarstvo\/","og_locale":"en_US","og_type":"article","og_title":"Merlot - Z\u00e1mock\u00e9 vin\u00e1rstvo - Sal\u00f3n v\u00edn","og_description":"The king of all wines when it comes to blending is back in its monovarietal form. It is soft and gentle, but also bold and uncompromising. Let us immerse ourselves in elegance with it and let ourselves be seduced by its lascivious touch of aromas and flavors.","og_url":"https:\/\/salonvin.sk\/en\/product\/merlot-zamocke-vinarstvo\/","og_site_name":"Sal\u00f3n v\u00edn","article_publisher":"https:\/\/www.facebook.com\/narodnysalonvinslovenskejrepubliky\/","article_modified_time":"2025-12-12T16:24:39+00:00","og_image":[{"width":970,"height":2479,"url":"https:\/\/salonvin.sk\/wp-content\/uploads\/2025\/12\/20251126_130235.jpg","type":"image\/jpeg"}],"twitter_card":"summary_large_image","schema":{"@context":"https:\/\/schema.org","@graph":[{"@type":"WebPage","@id":"https:\/\/salonvin.sk\/en\/product\/merlot-zamocke-vinarstvo\/","url":"https:\/\/salonvin.sk\/en\/product\/merlot-zamocke-vinarstvo\/","name":"Merlot - Z\u00e1mock\u00e9 vin\u00e1rstvo - Sal\u00f3n v\u00edn","isPartOf":{"@id":"https:\/\/salonvin.sk\/en\/#website"},"primaryImageOfPage":{"@id":"https:\/\/salonvin.sk\/en\/product\/merlot-zamocke-vinarstvo\/#primaryimage"},"image":{"@id":"https:\/\/salonvin.sk\/en\/product\/merlot-zamocke-vinarstvo\/#primaryimage"},"thumbnailUrl":"https:\/\/salonvin.sk\/wp-content\/uploads\/2025\/12\/20251126_130235.jpg","datePublished":"2025-12-05T12:40:32+00:00","dateModified":"2025-12-12T16:24:39+00:00","description":"The king of all wines when it comes to blending is back in its monovarietal form. It is soft and gentle, but also bold and uncompromising. Let us immerse ourselves in elegance with it and let ourselves be seduced by its lascivious touch of aromas and flavors.","breadcrumb":{"@id":"https:\/\/salonvin.sk\/en\/product\/merlot-zamocke-vinarstvo\/#breadcrumb"},"inLanguage":"en-US","potentialAction":[{"@type":"ReadAction","target":["https:\/\/salonvin.sk\/en\/product\/merlot-zamocke-vinarstvo\/"]}]},{"@type":"ImageObject","inLanguage":"en-US","@id":"https:\/\/salonvin.sk\/en\/product\/merlot-zamocke-vinarstvo\/#primaryimage","url":"https:\/\/salonvin.sk\/wp-content\/uploads\/2025\/12\/20251126_130235.jpg","contentUrl":"https:\/\/salonvin.sk\/wp-content\/uploads\/2025\/12\/20251126_130235.jpg","width":970,"height":2479},{"@type":"BreadcrumbList","@id":"https:\/\/salonvin.sk\/en\/product\/merlot-zamocke-vinarstvo\/#breadcrumb","itemListElement":[{"@type":"ListItem","position":1,"name":"Home","item":"https:\/\/salonvin.sk\/en\/"},{"@type":"ListItem","position":2,"name":"Shop","item":"https:\/\/salonvin.sk\/en\/shop\/"},{"@type":"ListItem","position":3,"name":"Merlot &#8211; Z\u00e1mock\u00e9 vin\u00e1rstvo"}]},{"@type":"WebSite","@id":"https:\/\/salonvin.sk\/en\/#website","url":"https:\/\/salonvin.sk\/en\/","name":"Sal\u00f3n v\u00edn","description":"","potentialAction":[{"@type":"SearchAction","target":{"@type":"EntryPoint","urlTemplate":"https:\/\/salonvin.sk\/en\/?s={search_term_string}"},"query-input":{"@type":"PropertyValueSpecification","valueRequired":true,"valueName":"search_term_string"}}],"inLanguage":"en-US"}]}},"_links":{"self":[{"href":"https:\/\/salonvin.sk\/en\/wp-json\/wp\/v2\/product\/30536"}],"collection":[{"href":"https:\/\/salonvin.sk\/en\/wp-json\/wp\/v2\/product"}],"about":[{"href":"https:\/\/salonvin.sk\/en\/wp-json\/wp\/v2\/types\/product"}],"replies":[{"embeddable":true,"href":"https:\/\/salonvin.sk\/en\/wp-json\/wp\/v2\/comments?post=30536"}],"wp:featuredmedia":[{"embeddable":true,"href":"https:\/\/salonvin.sk\/en\/wp-json\/wp\/v2\/media\/30538"}],"wp:attachment":[{"href":"https:\/\/salonvin.sk\/en\/wp-json\/wp\/v2\/media?parent=30536"}],"wp:term":[{"taxonomy":"product_brand","embeddable":true,"href":"https:\/\/salonvin.sk\/en\/wp-json\/wp\/v2\/product_brand?post=30536"},{"taxonomy":"product_cat","embeddable":true,"href":"https:\/\/salonvin.sk\/en\/wp-json\/wp\/v2\/product_cat?post=30536"},{"taxonomy":"product_tag","embeddable":true,"href":"https:\/\/salonvin.sk\/en\/wp-json\/wp\/v2\/product_tag?post=30536"}],"curies":[{"name":"wp","href":"https:\/\/api.w.org\/{rel}","templated":true}]}}