{"id":30546,"date":"2025-12-05T13:48:51","date_gmt":"2025-12-05T12:48:51","guid":{"rendered":"https:\/\/salonvin.sk\/?post_type=product&#038;p=30546"},"modified":"2025-12-12T15:36:31","modified_gmt":"2025-12-12T14:36:31","slug":"peresek-vino-velkeer","status":"publish","type":"product","link":"https:\/\/salonvin.sk\/en\/product\/peresek-vino-velkeer\/","title":{"rendered":"Pere\u0161ek &#8211; V\u00edno Velkeer"},"content":{"rendered":"<section class=\"l-section wpb_row height_medium\"><div class=\"l-section-h i-cf\"><div class=\"g-cols vc_row via_flex valign_top type_default stacking_default\"><div class=\"vc_col-sm-12 wpb_column vc_column_container\"><div class=\"vc_column-inner\"><div class=\"wpb_wrapper\"><div class=\"wpb_text_column\"><div class=\"wpb_wrapper\"><p><strong>Winemaker:<\/strong> V\u00cdNO VELKEER 1113, s.r.o.<\/p>\n<p><strong>Vintage:<\/strong> 2022<\/p>\n<p><strong>Character:<\/strong> dry<\/p>\n<p><strong>Category:<\/strong> D.S.C.<\/p>\n<p><strong>Alcohol content:<\/strong> 14.50%<\/p>\n<p><strong>Total acidity:<\/strong>\u00a05.10 g\/l<\/p>\n<p><strong>Residual sugar:<\/strong> 0.50 g\/l<\/p>\n<p><strong>Volume:<\/strong> 0.75 l<\/p>\n<p><strong>Origin of grapes:<\/strong> Nitra wine-growing region<\/p>\n<p><strong>*Contains sulphites<\/strong><\/p>\n<\/div><\/div><\/div><\/div><\/div><\/div><\/div><\/section>\n","protected":false},"excerpt":{"rendered":"<p>Making wine blends is a challenge. If the blend is successful, a wine can be created that represents winemaking forever. With this considerable ambition, a new cuv\u00e9e called Pere\u0161ek was created. That is the name of the vineyard where we grow the vines. As the name of the wine suggests, it is a blend of red wines from our entire vineyard. It was a challenge for us to create a complex red wine that faithfully represents our terroir and varieties in each year. This is a cuv\u00e9e that emphasizes the three most important components of each wine: terroir, vintage and individual varieties. We were looking for complexity, nobility, a long but delicate taste in the wines. That is why we also used varieties that we have planted on a smaller scale, but that achieve excellent parameters every year and thrive in our vineyard. We tried to find the right ratio of varieties such as Rudava, Frankovka modr\u00e1, Merlot, Dunaj and Cabernet Sauvignon. The 2022 vintage is based on Frankovka and Rudava, but with such a warm vintage, it was necessary to use a higher amount of Merlot to make the wine harmonious. This was followed by a longer aging in wooden barrels, from which we bottled the wine only in the summer of 2024. Pere\u0161ek is a wine that we want to produce annually, and thus offer the world a glimpse into our vineyard year after year, so that we can understand the development of the vineyard itself, the course of the weather and the vinification in a cross-section of the vintages. Simply the wine of the vineyard.<\/p>\n<p><strong>Vintage:<\/strong> 2022<\/p>\n<p><strong>Character:<\/strong> dry<\/p>\n<p><strong>Category:<\/strong> d.s.c.<\/p>\n","protected":false},"featured_media":30548,"comment_status":"closed","ping_status":"closed","template":"","meta":[],"product_brand":[],"product_cat":[503],"product_tag":[],"class_list":{"0":"post-30546","1":"product","2":"type-product","3":"status-publish","4":"has-post-thumbnail","6":"product_cat-still-red-dry-wines","8":"first","9":"instock","10":"taxable","11":"shipping-taxable","12":"purchasable","13":"product-type-simple"},"yoast_head":"<!-- This site is optimized with the Yoast SEO plugin v25.6 - https:\/\/yoast.com\/wordpress\/plugins\/seo\/ -->\n<title>Pere\u0161ek - V\u00edno Velkeer - Sal\u00f3n v\u00edn<\/title>\n<meta name=\"description\" content=\"Making wine blends is a challenge. If the blend is successful, a wine can be created that represents winemaking forever. With this considerable ambition, a new cuv\u00e9e called Pere\u0161ek was created. That is the name of the vineyard where we grow the vines. As the name of the wine suggests, it is a blend of red wines from our entire vineyard. It was a challenge for us to create a complex red wine that faithfully represents our terroir and varieties in each year. This is a cuv\u00e9e that emphasizes the three most important components of each wine: terroir, vintage and individual varieties. We were looking for complexity, nobility, a long but delicate taste in the wines. That is why we also used varieties that we have planted on a smaller scale, but that achieve excellent parameters every year and thrive in our vineyard. We tried to find the right ratio of varieties such as Rudava, Frankovka modr\u00e1, Merlot, Dunaj and Cabernet Sauvignon. The 2022 vintage is based on Frankovka and Rudava, but with such a warm vintage, it was necessary to use a higher amount of Merlot to make the wine harmonious. This was followed by a longer aging in wooden barrels, from which we bottled the wine only in the summer of 2024. Pere\u0161ek is a wine that we want to produce annually, and thus offer the world a glimpse into our vineyard year after year, so that we can understand the development of the vineyard itself, the course of the weather and the vinification in a cross-section of the vintages. Simply the wine of the vineyard.\" \/>\n<meta name=\"robots\" content=\"index, follow, max-snippet:-1, max-image-preview:large, max-video-preview:-1\" \/>\n<link rel=\"canonical\" href=\"https:\/\/salonvin.sk\/en\/product\/peresek-vino-velkeer\/\" \/>\n<meta property=\"og:locale\" content=\"en_US\" \/>\n<meta property=\"og:type\" content=\"article\" \/>\n<meta property=\"og:title\" content=\"Pere\u0161ek - V\u00edno Velkeer - Sal\u00f3n v\u00edn\" \/>\n<meta property=\"og:description\" content=\"Making wine blends is a challenge. If the blend is successful, a wine can be created that represents winemaking forever. With this considerable ambition, a new cuv\u00e9e called Pere\u0161ek was created. That is the name of the vineyard where we grow the vines. As the name of the wine suggests, it is a blend of red wines from our entire vineyard. It was a challenge for us to create a complex red wine that faithfully represents our terroir and varieties in each year. This is a cuv\u00e9e that emphasizes the three most important components of each wine: terroir, vintage and individual varieties. We were looking for complexity, nobility, a long but delicate taste in the wines. That is why we also used varieties that we have planted on a smaller scale, but that achieve excellent parameters every year and thrive in our vineyard. We tried to find the right ratio of varieties such as Rudava, Frankovka modr\u00e1, Merlot, Dunaj and Cabernet Sauvignon. The 2022 vintage is based on Frankovka and Rudava, but with such a warm vintage, it was necessary to use a higher amount of Merlot to make the wine harmonious. This was followed by a longer aging in wooden barrels, from which we bottled the wine only in the summer of 2024. Pere\u0161ek is a wine that we want to produce annually, and thus offer the world a glimpse into our vineyard year after year, so that we can understand the development of the vineyard itself, the course of the weather and the vinification in a cross-section of the vintages. Simply the wine of the vineyard.\" \/>\n<meta property=\"og:url\" content=\"https:\/\/salonvin.sk\/en\/product\/peresek-vino-velkeer\/\" \/>\n<meta property=\"og:site_name\" content=\"Sal\u00f3n v\u00edn\" \/>\n<meta property=\"article:publisher\" content=\"https:\/\/www.facebook.com\/narodnysalonvinslovenskejrepubliky\/\" \/>\n<meta property=\"article:modified_time\" content=\"2025-12-12T14:36:31+00:00\" \/>\n<meta property=\"og:image\" content=\"https:\/\/salonvin.sk\/wp-content\/uploads\/2025\/12\/20251126_130013-scaled.jpg\" \/>\n\t<meta property=\"og:image:width\" content=\"959\" \/>\n\t<meta property=\"og:image:height\" content=\"2560\" \/>\n\t<meta property=\"og:image:type\" content=\"image\/jpeg\" \/>\n<meta name=\"twitter:card\" content=\"summary_large_image\" \/>\n<script type=\"application\/ld+json\" class=\"yoast-schema-graph\">{\"@context\":\"https:\/\/schema.org\",\"@graph\":[{\"@type\":\"WebPage\",\"@id\":\"https:\/\/salonvin.sk\/en\/product\/peresek-vino-velkeer\/\",\"url\":\"https:\/\/salonvin.sk\/en\/product\/peresek-vino-velkeer\/\",\"name\":\"Pere\u0161ek - V\u00edno Velkeer - Sal\u00f3n v\u00edn\",\"isPartOf\":{\"@id\":\"https:\/\/salonvin.sk\/en\/#website\"},\"primaryImageOfPage\":{\"@id\":\"https:\/\/salonvin.sk\/en\/product\/peresek-vino-velkeer\/#primaryimage\"},\"image\":{\"@id\":\"https:\/\/salonvin.sk\/en\/product\/peresek-vino-velkeer\/#primaryimage\"},\"thumbnailUrl\":\"https:\/\/salonvin.sk\/wp-content\/uploads\/2025\/12\/20251126_130013-scaled.jpg\",\"datePublished\":\"2025-12-05T12:48:51+00:00\",\"dateModified\":\"2025-12-12T14:36:31+00:00\",\"description\":\"Making wine blends is a challenge. If the blend is successful, a wine can be created that represents winemaking forever. With this considerable ambition, a new cuv\u00e9e called Pere\u0161ek was created. That is the name of the vineyard where we grow the vines. As the name of the wine suggests, it is a blend of red wines from our entire vineyard. It was a challenge for us to create a complex red wine that faithfully represents our terroir and varieties in each year. This is a cuv\u00e9e that emphasizes the three most important components of each wine: terroir, vintage and individual varieties. We were looking for complexity, nobility, a long but delicate taste in the wines. That is why we also used varieties that we have planted on a smaller scale, but that achieve excellent parameters every year and thrive in our vineyard. We tried to find the right ratio of varieties such as Rudava, Frankovka modr\u00e1, Merlot, Dunaj and Cabernet Sauvignon. The 2022 vintage is based on Frankovka and Rudava, but with such a warm vintage, it was necessary to use a higher amount of Merlot to make the wine harmonious. This was followed by a longer aging in wooden barrels, from which we bottled the wine only in the summer of 2024. Pere\u0161ek is a wine that we want to produce annually, and thus offer the world a glimpse into our vineyard year after year, so that we can understand the development of the vineyard itself, the course of the weather and the vinification in a cross-section of the vintages. Simply the wine of the vineyard.\",\"breadcrumb\":{\"@id\":\"https:\/\/salonvin.sk\/en\/product\/peresek-vino-velkeer\/#breadcrumb\"},\"inLanguage\":\"en-US\",\"potentialAction\":[{\"@type\":\"ReadAction\",\"target\":[\"https:\/\/salonvin.sk\/en\/product\/peresek-vino-velkeer\/\"]}]},{\"@type\":\"ImageObject\",\"inLanguage\":\"en-US\",\"@id\":\"https:\/\/salonvin.sk\/en\/product\/peresek-vino-velkeer\/#primaryimage\",\"url\":\"https:\/\/salonvin.sk\/wp-content\/uploads\/2025\/12\/20251126_130013-scaled.jpg\",\"contentUrl\":\"https:\/\/salonvin.sk\/wp-content\/uploads\/2025\/12\/20251126_130013-scaled.jpg\",\"width\":959,\"height\":2560},{\"@type\":\"BreadcrumbList\",\"@id\":\"https:\/\/salonvin.sk\/en\/product\/peresek-vino-velkeer\/#breadcrumb\",\"itemListElement\":[{\"@type\":\"ListItem\",\"position\":1,\"name\":\"Home\",\"item\":\"https:\/\/salonvin.sk\/en\/\"},{\"@type\":\"ListItem\",\"position\":2,\"name\":\"Shop\",\"item\":\"https:\/\/salonvin.sk\/en\/shop\/\"},{\"@type\":\"ListItem\",\"position\":3,\"name\":\"Pere\u0161ek &#8211; V\u00edno Velkeer\"}]},{\"@type\":\"WebSite\",\"@id\":\"https:\/\/salonvin.sk\/en\/#website\",\"url\":\"https:\/\/salonvin.sk\/en\/\",\"name\":\"Sal\u00f3n v\u00edn\",\"description\":\"\",\"potentialAction\":[{\"@type\":\"SearchAction\",\"target\":{\"@type\":\"EntryPoint\",\"urlTemplate\":\"https:\/\/salonvin.sk\/en\/?s={search_term_string}\"},\"query-input\":{\"@type\":\"PropertyValueSpecification\",\"valueRequired\":true,\"valueName\":\"search_term_string\"}}],\"inLanguage\":\"en-US\"}]}<\/script>\n<!-- \/ Yoast SEO plugin. -->","yoast_head_json":{"title":"Pere\u0161ek - V\u00edno Velkeer - Sal\u00f3n v\u00edn","description":"Making wine blends is a challenge. If the blend is successful, a wine can be created that represents winemaking forever. With this considerable ambition, a new cuv\u00e9e called Pere\u0161ek was created. That is the name of the vineyard where we grow the vines. As the name of the wine suggests, it is a blend of red wines from our entire vineyard. It was a challenge for us to create a complex red wine that faithfully represents our terroir and varieties in each year. This is a cuv\u00e9e that emphasizes the three most important components of each wine: terroir, vintage and individual varieties. We were looking for complexity, nobility, a long but delicate taste in the wines. That is why we also used varieties that we have planted on a smaller scale, but that achieve excellent parameters every year and thrive in our vineyard. We tried to find the right ratio of varieties such as Rudava, Frankovka modr\u00e1, Merlot, Dunaj and Cabernet Sauvignon. The 2022 vintage is based on Frankovka and Rudava, but with such a warm vintage, it was necessary to use a higher amount of Merlot to make the wine harmonious. This was followed by a longer aging in wooden barrels, from which we bottled the wine only in the summer of 2024. Pere\u0161ek is a wine that we want to produce annually, and thus offer the world a glimpse into our vineyard year after year, so that we can understand the development of the vineyard itself, the course of the weather and the vinification in a cross-section of the vintages. Simply the wine of the vineyard.","robots":{"index":"index","follow":"follow","max-snippet":"max-snippet:-1","max-image-preview":"max-image-preview:large","max-video-preview":"max-video-preview:-1"},"canonical":"https:\/\/salonvin.sk\/en\/product\/peresek-vino-velkeer\/","og_locale":"en_US","og_type":"article","og_title":"Pere\u0161ek - V\u00edno Velkeer - Sal\u00f3n v\u00edn","og_description":"Making wine blends is a challenge. If the blend is successful, a wine can be created that represents winemaking forever. With this considerable ambition, a new cuv\u00e9e called Pere\u0161ek was created. That is the name of the vineyard where we grow the vines. As the name of the wine suggests, it is a blend of red wines from our entire vineyard. It was a challenge for us to create a complex red wine that faithfully represents our terroir and varieties in each year. This is a cuv\u00e9e that emphasizes the three most important components of each wine: terroir, vintage and individual varieties. We were looking for complexity, nobility, a long but delicate taste in the wines. That is why we also used varieties that we have planted on a smaller scale, but that achieve excellent parameters every year and thrive in our vineyard. We tried to find the right ratio of varieties such as Rudava, Frankovka modr\u00e1, Merlot, Dunaj and Cabernet Sauvignon. The 2022 vintage is based on Frankovka and Rudava, but with such a warm vintage, it was necessary to use a higher amount of Merlot to make the wine harmonious. This was followed by a longer aging in wooden barrels, from which we bottled the wine only in the summer of 2024. Pere\u0161ek is a wine that we want to produce annually, and thus offer the world a glimpse into our vineyard year after year, so that we can understand the development of the vineyard itself, the course of the weather and the vinification in a cross-section of the vintages. Simply the wine of the vineyard.","og_url":"https:\/\/salonvin.sk\/en\/product\/peresek-vino-velkeer\/","og_site_name":"Sal\u00f3n v\u00edn","article_publisher":"https:\/\/www.facebook.com\/narodnysalonvinslovenskejrepubliky\/","article_modified_time":"2025-12-12T14:36:31+00:00","og_image":[{"width":959,"height":2560,"url":"https:\/\/salonvin.sk\/wp-content\/uploads\/2025\/12\/20251126_130013-scaled.jpg","type":"image\/jpeg"}],"twitter_card":"summary_large_image","schema":{"@context":"https:\/\/schema.org","@graph":[{"@type":"WebPage","@id":"https:\/\/salonvin.sk\/en\/product\/peresek-vino-velkeer\/","url":"https:\/\/salonvin.sk\/en\/product\/peresek-vino-velkeer\/","name":"Pere\u0161ek - V\u00edno Velkeer - Sal\u00f3n v\u00edn","isPartOf":{"@id":"https:\/\/salonvin.sk\/en\/#website"},"primaryImageOfPage":{"@id":"https:\/\/salonvin.sk\/en\/product\/peresek-vino-velkeer\/#primaryimage"},"image":{"@id":"https:\/\/salonvin.sk\/en\/product\/peresek-vino-velkeer\/#primaryimage"},"thumbnailUrl":"https:\/\/salonvin.sk\/wp-content\/uploads\/2025\/12\/20251126_130013-scaled.jpg","datePublished":"2025-12-05T12:48:51+00:00","dateModified":"2025-12-12T14:36:31+00:00","description":"Making wine blends is a challenge. If the blend is successful, a wine can be created that represents winemaking forever. With this considerable ambition, a new cuv\u00e9e called Pere\u0161ek was created. That is the name of the vineyard where we grow the vines. As the name of the wine suggests, it is a blend of red wines from our entire vineyard. It was a challenge for us to create a complex red wine that faithfully represents our terroir and varieties in each year. This is a cuv\u00e9e that emphasizes the three most important components of each wine: terroir, vintage and individual varieties. We were looking for complexity, nobility, a long but delicate taste in the wines. That is why we also used varieties that we have planted on a smaller scale, but that achieve excellent parameters every year and thrive in our vineyard. We tried to find the right ratio of varieties such as Rudava, Frankovka modr\u00e1, Merlot, Dunaj and Cabernet Sauvignon. The 2022 vintage is based on Frankovka and Rudava, but with such a warm vintage, it was necessary to use a higher amount of Merlot to make the wine harmonious. This was followed by a longer aging in wooden barrels, from which we bottled the wine only in the summer of 2024. Pere\u0161ek is a wine that we want to produce annually, and thus offer the world a glimpse into our vineyard year after year, so that we can understand the development of the vineyard itself, the course of the weather and the vinification in a cross-section of the vintages. Simply the wine of the vineyard.","breadcrumb":{"@id":"https:\/\/salonvin.sk\/en\/product\/peresek-vino-velkeer\/#breadcrumb"},"inLanguage":"en-US","potentialAction":[{"@type":"ReadAction","target":["https:\/\/salonvin.sk\/en\/product\/peresek-vino-velkeer\/"]}]},{"@type":"ImageObject","inLanguage":"en-US","@id":"https:\/\/salonvin.sk\/en\/product\/peresek-vino-velkeer\/#primaryimage","url":"https:\/\/salonvin.sk\/wp-content\/uploads\/2025\/12\/20251126_130013-scaled.jpg","contentUrl":"https:\/\/salonvin.sk\/wp-content\/uploads\/2025\/12\/20251126_130013-scaled.jpg","width":959,"height":2560},{"@type":"BreadcrumbList","@id":"https:\/\/salonvin.sk\/en\/product\/peresek-vino-velkeer\/#breadcrumb","itemListElement":[{"@type":"ListItem","position":1,"name":"Home","item":"https:\/\/salonvin.sk\/en\/"},{"@type":"ListItem","position":2,"name":"Shop","item":"https:\/\/salonvin.sk\/en\/shop\/"},{"@type":"ListItem","position":3,"name":"Pere\u0161ek &#8211; V\u00edno Velkeer"}]},{"@type":"WebSite","@id":"https:\/\/salonvin.sk\/en\/#website","url":"https:\/\/salonvin.sk\/en\/","name":"Sal\u00f3n v\u00edn","description":"","potentialAction":[{"@type":"SearchAction","target":{"@type":"EntryPoint","urlTemplate":"https:\/\/salonvin.sk\/en\/?s={search_term_string}"},"query-input":{"@type":"PropertyValueSpecification","valueRequired":true,"valueName":"search_term_string"}}],"inLanguage":"en-US"}]}},"_links":{"self":[{"href":"https:\/\/salonvin.sk\/en\/wp-json\/wp\/v2\/product\/30546"}],"collection":[{"href":"https:\/\/salonvin.sk\/en\/wp-json\/wp\/v2\/product"}],"about":[{"href":"https:\/\/salonvin.sk\/en\/wp-json\/wp\/v2\/types\/product"}],"replies":[{"embeddable":true,"href":"https:\/\/salonvin.sk\/en\/wp-json\/wp\/v2\/comments?post=30546"}],"wp:featuredmedia":[{"embeddable":true,"href":"https:\/\/salonvin.sk\/en\/wp-json\/wp\/v2\/media\/30548"}],"wp:attachment":[{"href":"https:\/\/salonvin.sk\/en\/wp-json\/wp\/v2\/media?parent=30546"}],"wp:term":[{"taxonomy":"product_brand","embeddable":true,"href":"https:\/\/salonvin.sk\/en\/wp-json\/wp\/v2\/product_brand?post=30546"},{"taxonomy":"product_cat","embeddable":true,"href":"https:\/\/salonvin.sk\/en\/wp-json\/wp\/v2\/product_cat?post=30546"},{"taxonomy":"product_tag","embeddable":true,"href":"https:\/\/salonvin.sk\/en\/wp-json\/wp\/v2\/product_tag?post=30546"}],"curies":[{"name":"wp","href":"https:\/\/api.w.org\/{rel}","templated":true}]}}