{"id":30561,"date":"2025-12-05T14:35:37","date_gmt":"2025-12-05T13:35:37","guid":{"rendered":"https:\/\/salonvin.sk\/?post_type=product&#038;p=30561"},"modified":"2025-12-12T14:35:34","modified_gmt":"2025-12-12T13:35:34","slug":"rizling-rynsky-chateau-topolcianky","status":"publish","type":"product","link":"https:\/\/salonvin.sk\/en\/product\/rizling-rynsky-chateau-topolcianky\/","title":{"rendered":"Rizling r\u00fdnsky &#8211; Chateau Topo\u013e\u010dianky"},"content":{"rendered":"<section class=\"l-section wpb_row height_medium\"><div class=\"l-section-h i-cf\"><div class=\"g-cols vc_row via_flex valign_top type_default stacking_default\"><div class=\"vc_col-sm-12 wpb_column vc_column_container\"><div class=\"vc_column-inner\"><div class=\"wpb_wrapper\"><div class=\"wpb_text_column\"><div class=\"wpb_wrapper\"><p><strong>Winemaker:<\/strong> Vin\u00e1rske z\u00e1vody Topo\u013e\u010dianky, s.r.o.<\/p>\n<p><strong>Vintage:<\/strong> 2023<\/p>\n<p><strong>Character:<\/strong> sweet<\/p>\n<p><strong>Category:<\/strong> Straw wine<\/p>\n<p><strong>Alcohol content:<\/strong> 10.00%<\/p>\n<p><strong>Total acidity:<\/strong> 7.30 g\/l<\/p>\n<p><strong>Residual sugar:<\/strong> 152.00 g\/l<\/p>\n<p><strong>Volume:<\/strong> 0.375 l<\/p>\n<p><strong>Origin of grapes:<\/strong> Nitra wine-growing region<\/p>\n<p><strong>*Contains sulphites<\/strong><\/p>\n<\/div><\/div><\/div><\/div><\/div><\/div><\/div><\/section>\n","protected":false},"excerpt":{"rendered":"<p>It is made from ripe and undamaged grapes that were harvested in October during the last sunny days. The individual bunches ripened for 3 months hanging on strings in order to achieve a higher sugar content.<\/p>\n<p><strong>Color:<\/strong> straw yellow with golden reflections<br \/>\n<strong>Aroma:<\/strong> delicate aroma of walnuts with a touch of roasted almonds<br \/>\n<strong>Taste:<\/strong> overripe grapes dominate with a touch of honey and gentle acidity<\/p>\n<p><strong>Vintage:<\/strong> 2023<\/p>\n<p><strong>Character:<\/strong> sweet<\/p>\n<p><strong>Category:<\/strong> straw wine<\/p>\n","protected":false},"featured_media":30563,"comment_status":"closed","ping_status":"closed","template":"","meta":[],"product_brand":[],"product_cat":[508],"product_tag":[],"class_list":{"0":"post-30561","1":"product","2":"type-product","3":"status-publish","4":"has-post-thumbnail","6":"product_cat-still-naturally-sweet-wines","8":"first","9":"instock","10":"taxable","11":"shipping-taxable","12":"purchasable","13":"product-type-simple"},"yoast_head":"<!-- This site is optimized with the Yoast SEO plugin v25.6 - https:\/\/yoast.com\/wordpress\/plugins\/seo\/ -->\n<title>Rizling r\u00fdnsky - Chateau Topo\u013e\u010dianky - Sal\u00f3n v\u00edn<\/title>\n<meta name=\"description\" content=\"Silv\u00e1nske zelen\u00e9 je v\u00edno ktor\u00e9 si zamilujete pre jeho jemn\u00fa ovocn\u00fa ar\u00f3mu, \u013eahk\u00fa korenistos\u0165 a svie\u017eu kyselinku. V jeho chuti sa sn\u00fabia t\u00f3ny zelen\u00e9ho jablka, hru\u0161ky a l\u00fa\u010dnych byl\u00edn, ktor\u00e9 doznievaj\u00fa v jemne miner\u00e1lnom z\u00e1vere.\" \/>\n<meta name=\"robots\" content=\"index, follow, max-snippet:-1, max-image-preview:large, max-video-preview:-1\" \/>\n<link rel=\"canonical\" href=\"https:\/\/salonvin.sk\/en\/product\/rizling-rynsky-chateau-topolcianky\/\" \/>\n<meta property=\"og:locale\" content=\"en_US\" \/>\n<meta property=\"og:type\" content=\"article\" \/>\n<meta property=\"og:title\" content=\"Rizling r\u00fdnsky - Chateau Topo\u013e\u010dianky - Sal\u00f3n v\u00edn\" \/>\n<meta property=\"og:description\" content=\"Silv\u00e1nske zelen\u00e9 je v\u00edno ktor\u00e9 si zamilujete pre jeho jemn\u00fa ovocn\u00fa ar\u00f3mu, \u013eahk\u00fa korenistos\u0165 a svie\u017eu kyselinku. V jeho chuti sa sn\u00fabia t\u00f3ny zelen\u00e9ho jablka, hru\u0161ky a l\u00fa\u010dnych byl\u00edn, ktor\u00e9 doznievaj\u00fa v jemne miner\u00e1lnom z\u00e1vere.\" \/>\n<meta property=\"og:url\" content=\"https:\/\/salonvin.sk\/en\/product\/rizling-rynsky-chateau-topolcianky\/\" \/>\n<meta property=\"og:site_name\" content=\"Sal\u00f3n v\u00edn\" \/>\n<meta property=\"article:publisher\" content=\"https:\/\/www.facebook.com\/narodnysalonvinslovenskejrepubliky\/\" \/>\n<meta property=\"article:modified_time\" content=\"2025-12-12T13:35:34+00:00\" \/>\n<meta property=\"og:image\" content=\"https:\/\/salonvin.sk\/wp-content\/uploads\/2025\/12\/20251126_125803-scaled.jpg\" \/>\n\t<meta property=\"og:image:width\" content=\"962\" \/>\n\t<meta property=\"og:image:height\" content=\"2560\" \/>\n\t<meta property=\"og:image:type\" content=\"image\/jpeg\" \/>\n<meta name=\"twitter:card\" content=\"summary_large_image\" \/>\n<script type=\"application\/ld+json\" class=\"yoast-schema-graph\">{\"@context\":\"https:\/\/schema.org\",\"@graph\":[{\"@type\":\"WebPage\",\"@id\":\"https:\/\/salonvin.sk\/en\/product\/rizling-rynsky-chateau-topolcianky\/\",\"url\":\"https:\/\/salonvin.sk\/en\/product\/rizling-rynsky-chateau-topolcianky\/\",\"name\":\"Rizling r\u00fdnsky - Chateau Topo\u013e\u010dianky - Sal\u00f3n v\u00edn\",\"isPartOf\":{\"@id\":\"https:\/\/salonvin.sk\/en\/#website\"},\"primaryImageOfPage\":{\"@id\":\"https:\/\/salonvin.sk\/en\/product\/rizling-rynsky-chateau-topolcianky\/#primaryimage\"},\"image\":{\"@id\":\"https:\/\/salonvin.sk\/en\/product\/rizling-rynsky-chateau-topolcianky\/#primaryimage\"},\"thumbnailUrl\":\"https:\/\/salonvin.sk\/wp-content\/uploads\/2025\/12\/20251126_125803-scaled.jpg\",\"datePublished\":\"2025-12-05T13:35:37+00:00\",\"dateModified\":\"2025-12-12T13:35:34+00:00\",\"description\":\"Silv\u00e1nske zelen\u00e9 je v\u00edno ktor\u00e9 si zamilujete pre jeho jemn\u00fa ovocn\u00fa ar\u00f3mu, \u013eahk\u00fa korenistos\u0165 a svie\u017eu kyselinku. V jeho chuti sa sn\u00fabia t\u00f3ny zelen\u00e9ho jablka, hru\u0161ky a l\u00fa\u010dnych byl\u00edn, ktor\u00e9 doznievaj\u00fa v jemne miner\u00e1lnom z\u00e1vere.\",\"breadcrumb\":{\"@id\":\"https:\/\/salonvin.sk\/en\/product\/rizling-rynsky-chateau-topolcianky\/#breadcrumb\"},\"inLanguage\":\"en-US\",\"potentialAction\":[{\"@type\":\"ReadAction\",\"target\":[\"https:\/\/salonvin.sk\/en\/product\/rizling-rynsky-chateau-topolcianky\/\"]}]},{\"@type\":\"ImageObject\",\"inLanguage\":\"en-US\",\"@id\":\"https:\/\/salonvin.sk\/en\/product\/rizling-rynsky-chateau-topolcianky\/#primaryimage\",\"url\":\"https:\/\/salonvin.sk\/wp-content\/uploads\/2025\/12\/20251126_125803-scaled.jpg\",\"contentUrl\":\"https:\/\/salonvin.sk\/wp-content\/uploads\/2025\/12\/20251126_125803-scaled.jpg\",\"width\":962,\"height\":2560},{\"@type\":\"BreadcrumbList\",\"@id\":\"https:\/\/salonvin.sk\/en\/product\/rizling-rynsky-chateau-topolcianky\/#breadcrumb\",\"itemListElement\":[{\"@type\":\"ListItem\",\"position\":1,\"name\":\"Home\",\"item\":\"https:\/\/salonvin.sk\/en\/\"},{\"@type\":\"ListItem\",\"position\":2,\"name\":\"Shop\",\"item\":\"https:\/\/salonvin.sk\/en\/shop\/\"},{\"@type\":\"ListItem\",\"position\":3,\"name\":\"Rizling r\u00fdnsky &#8211; Chateau Topo\u013e\u010dianky\"}]},{\"@type\":\"WebSite\",\"@id\":\"https:\/\/salonvin.sk\/en\/#website\",\"url\":\"https:\/\/salonvin.sk\/en\/\",\"name\":\"Sal\u00f3n v\u00edn\",\"description\":\"\",\"potentialAction\":[{\"@type\":\"SearchAction\",\"target\":{\"@type\":\"EntryPoint\",\"urlTemplate\":\"https:\/\/salonvin.sk\/en\/?s={search_term_string}\"},\"query-input\":{\"@type\":\"PropertyValueSpecification\",\"valueRequired\":true,\"valueName\":\"search_term_string\"}}],\"inLanguage\":\"en-US\"}]}<\/script>\n<!-- \/ Yoast SEO plugin. -->","yoast_head_json":{"title":"Rizling r\u00fdnsky - Chateau Topo\u013e\u010dianky - Sal\u00f3n v\u00edn","description":"Silv\u00e1nske zelen\u00e9 je v\u00edno ktor\u00e9 si zamilujete pre jeho jemn\u00fa ovocn\u00fa ar\u00f3mu, \u013eahk\u00fa korenistos\u0165 a svie\u017eu kyselinku. V jeho chuti sa sn\u00fabia t\u00f3ny zelen\u00e9ho jablka, hru\u0161ky a l\u00fa\u010dnych byl\u00edn, ktor\u00e9 doznievaj\u00fa v jemne miner\u00e1lnom z\u00e1vere.","robots":{"index":"index","follow":"follow","max-snippet":"max-snippet:-1","max-image-preview":"max-image-preview:large","max-video-preview":"max-video-preview:-1"},"canonical":"https:\/\/salonvin.sk\/en\/product\/rizling-rynsky-chateau-topolcianky\/","og_locale":"en_US","og_type":"article","og_title":"Rizling r\u00fdnsky - Chateau Topo\u013e\u010dianky - Sal\u00f3n v\u00edn","og_description":"Silv\u00e1nske zelen\u00e9 je v\u00edno ktor\u00e9 si zamilujete pre jeho jemn\u00fa ovocn\u00fa ar\u00f3mu, \u013eahk\u00fa korenistos\u0165 a svie\u017eu kyselinku. V jeho chuti sa sn\u00fabia t\u00f3ny zelen\u00e9ho jablka, hru\u0161ky a l\u00fa\u010dnych byl\u00edn, ktor\u00e9 doznievaj\u00fa v jemne miner\u00e1lnom z\u00e1vere.","og_url":"https:\/\/salonvin.sk\/en\/product\/rizling-rynsky-chateau-topolcianky\/","og_site_name":"Sal\u00f3n v\u00edn","article_publisher":"https:\/\/www.facebook.com\/narodnysalonvinslovenskejrepubliky\/","article_modified_time":"2025-12-12T13:35:34+00:00","og_image":[{"width":962,"height":2560,"url":"https:\/\/salonvin.sk\/wp-content\/uploads\/2025\/12\/20251126_125803-scaled.jpg","type":"image\/jpeg"}],"twitter_card":"summary_large_image","schema":{"@context":"https:\/\/schema.org","@graph":[{"@type":"WebPage","@id":"https:\/\/salonvin.sk\/en\/product\/rizling-rynsky-chateau-topolcianky\/","url":"https:\/\/salonvin.sk\/en\/product\/rizling-rynsky-chateau-topolcianky\/","name":"Rizling r\u00fdnsky - Chateau Topo\u013e\u010dianky - Sal\u00f3n v\u00edn","isPartOf":{"@id":"https:\/\/salonvin.sk\/en\/#website"},"primaryImageOfPage":{"@id":"https:\/\/salonvin.sk\/en\/product\/rizling-rynsky-chateau-topolcianky\/#primaryimage"},"image":{"@id":"https:\/\/salonvin.sk\/en\/product\/rizling-rynsky-chateau-topolcianky\/#primaryimage"},"thumbnailUrl":"https:\/\/salonvin.sk\/wp-content\/uploads\/2025\/12\/20251126_125803-scaled.jpg","datePublished":"2025-12-05T13:35:37+00:00","dateModified":"2025-12-12T13:35:34+00:00","description":"Silv\u00e1nske zelen\u00e9 je v\u00edno ktor\u00e9 si zamilujete pre jeho jemn\u00fa ovocn\u00fa ar\u00f3mu, \u013eahk\u00fa korenistos\u0165 a svie\u017eu kyselinku. V jeho chuti sa sn\u00fabia t\u00f3ny zelen\u00e9ho jablka, hru\u0161ky a l\u00fa\u010dnych byl\u00edn, ktor\u00e9 doznievaj\u00fa v jemne miner\u00e1lnom z\u00e1vere.","breadcrumb":{"@id":"https:\/\/salonvin.sk\/en\/product\/rizling-rynsky-chateau-topolcianky\/#breadcrumb"},"inLanguage":"en-US","potentialAction":[{"@type":"ReadAction","target":["https:\/\/salonvin.sk\/en\/product\/rizling-rynsky-chateau-topolcianky\/"]}]},{"@type":"ImageObject","inLanguage":"en-US","@id":"https:\/\/salonvin.sk\/en\/product\/rizling-rynsky-chateau-topolcianky\/#primaryimage","url":"https:\/\/salonvin.sk\/wp-content\/uploads\/2025\/12\/20251126_125803-scaled.jpg","contentUrl":"https:\/\/salonvin.sk\/wp-content\/uploads\/2025\/12\/20251126_125803-scaled.jpg","width":962,"height":2560},{"@type":"BreadcrumbList","@id":"https:\/\/salonvin.sk\/en\/product\/rizling-rynsky-chateau-topolcianky\/#breadcrumb","itemListElement":[{"@type":"ListItem","position":1,"name":"Home","item":"https:\/\/salonvin.sk\/en\/"},{"@type":"ListItem","position":2,"name":"Shop","item":"https:\/\/salonvin.sk\/en\/shop\/"},{"@type":"ListItem","position":3,"name":"Rizling r\u00fdnsky &#8211; Chateau Topo\u013e\u010dianky"}]},{"@type":"WebSite","@id":"https:\/\/salonvin.sk\/en\/#website","url":"https:\/\/salonvin.sk\/en\/","name":"Sal\u00f3n v\u00edn","description":"","potentialAction":[{"@type":"SearchAction","target":{"@type":"EntryPoint","urlTemplate":"https:\/\/salonvin.sk\/en\/?s={search_term_string}"},"query-input":{"@type":"PropertyValueSpecification","valueRequired":true,"valueName":"search_term_string"}}],"inLanguage":"en-US"}]}},"_links":{"self":[{"href":"https:\/\/salonvin.sk\/en\/wp-json\/wp\/v2\/product\/30561"}],"collection":[{"href":"https:\/\/salonvin.sk\/en\/wp-json\/wp\/v2\/product"}],"about":[{"href":"https:\/\/salonvin.sk\/en\/wp-json\/wp\/v2\/types\/product"}],"replies":[{"embeddable":true,"href":"https:\/\/salonvin.sk\/en\/wp-json\/wp\/v2\/comments?post=30561"}],"wp:featuredmedia":[{"embeddable":true,"href":"https:\/\/salonvin.sk\/en\/wp-json\/wp\/v2\/media\/30563"}],"wp:attachment":[{"href":"https:\/\/salonvin.sk\/en\/wp-json\/wp\/v2\/media?parent=30561"}],"wp:term":[{"taxonomy":"product_brand","embeddable":true,"href":"https:\/\/salonvin.sk\/en\/wp-json\/wp\/v2\/product_brand?post=30561"},{"taxonomy":"product_cat","embeddable":true,"href":"https:\/\/salonvin.sk\/en\/wp-json\/wp\/v2\/product_cat?post=30561"},{"taxonomy":"product_tag","embeddable":true,"href":"https:\/\/salonvin.sk\/en\/wp-json\/wp\/v2\/product_tag?post=30561"}],"curies":[{"name":"wp","href":"https:\/\/api.w.org\/{rel}","templated":true}]}}