{"id":30567,"date":"2025-12-05T14:52:55","date_gmt":"2025-12-05T13:52:55","guid":{"rendered":"https:\/\/salonvin.sk\/?post_type=product&#038;p=30567"},"modified":"2025-12-12T14:35:09","modified_gmt":"2025-12-12T13:35:09","slug":"rizling-rynsky-vps-vinohradnictvo-pavelka-a-syn","status":"publish","type":"product","link":"https:\/\/salonvin.sk\/en\/product\/rizling-rynsky-vps-vinohradnictvo-pavelka-a-syn\/","title":{"rendered":"Rizling r\u00fdnsky &#8211; VPS Vinohradn\u00edctvo Pavelka a syn"},"content":{"rendered":"<section class=\"l-section wpb_row height_medium\"><div class=\"l-section-h i-cf\"><div class=\"g-cols vc_row via_flex valign_top type_default stacking_default\"><div class=\"vc_col-sm-12 wpb_column vc_column_container\"><div class=\"vc_column-inner\"><div class=\"wpb_wrapper\"><div class=\"wpb_text_column\"><div class=\"wpb_wrapper\"><p><strong>Winemaker:<\/strong> VPS &#8211; VINOHRADN\u00cdCTVO PAVELKA A SYN, s.r.o.<\/p>\n<p><strong>Vintage:<\/strong> 2022<\/p>\n<p><strong>Character:<\/strong> sweet<\/p>\n<p><strong>Category:<\/strong> AVO<\/p>\n<p><strong>Alcohol content:<\/strong> 9.00%<\/p>\n<p><strong>Total acidity:<\/strong> 10.20 g\/l<\/p>\n<p><strong>Residual sugar:<\/strong> 189.40 g\/l<\/p>\n<p><strong>Volume:<\/strong> 0.5 l<\/p>\n<p><strong>Origin of grapes:<\/strong> Malokarpatsk\u00e1 vinohradn\u00edcka oblas\u0165<\/p>\n<p><strong>*Contains sulphites<\/strong><\/p>\n<\/div><\/div><\/div><\/div><\/div><\/div><\/div><\/section>\n","protected":false},"excerpt":{"rendered":"<p><strong>Vintage:<\/strong> 2022<\/p>\n<p><strong>Character:<\/strong> sweet<\/p>\n<p><strong>Category:<\/strong> avo<\/p>\n","protected":false},"featured_media":30569,"comment_status":"closed","ping_status":"closed","template":"","meta":[],"product_brand":[],"product_cat":[508],"product_tag":[],"class_list":{"0":"post-30567","1":"product","2":"type-product","3":"status-publish","4":"has-post-thumbnail","6":"product_cat-still-naturally-sweet-wines","8":"first","9":"instock","10":"taxable","11":"shipping-taxable","12":"purchasable","13":"product-type-simple"},"yoast_head":"<!-- This site is optimized with the Yoast SEO plugin v25.6 - https:\/\/yoast.com\/wordpress\/plugins\/seo\/ -->\n<title>Rizling r\u00fdnsky - VPS Vinohradn\u00edctvo Pavelka a syn - Sal\u00f3n v\u00edn<\/title>\n<meta name=\"description\" content=\"A delicious wine with a wonderful range of aromas from lime to apricot and pineapple. It will please all palates with sweet natural wines.\" \/>\n<meta name=\"robots\" content=\"index, follow, max-snippet:-1, max-image-preview:large, max-video-preview:-1\" \/>\n<link rel=\"canonical\" href=\"https:\/\/salonvin.sk\/en\/product\/rizling-rynsky-vps-vinohradnictvo-pavelka-a-syn\/\" \/>\n<meta property=\"og:locale\" content=\"en_US\" \/>\n<meta property=\"og:type\" content=\"article\" \/>\n<meta property=\"og:title\" content=\"Rizling r\u00fdnsky - VPS Vinohradn\u00edctvo Pavelka a syn - Sal\u00f3n v\u00edn\" \/>\n<meta property=\"og:description\" content=\"A delicious wine with a wonderful range of aromas from lime to apricot and pineapple. It will please all palates with sweet natural wines.\" \/>\n<meta property=\"og:url\" content=\"https:\/\/salonvin.sk\/en\/product\/rizling-rynsky-vps-vinohradnictvo-pavelka-a-syn\/\" \/>\n<meta property=\"og:site_name\" content=\"Sal\u00f3n v\u00edn\" \/>\n<meta property=\"article:publisher\" content=\"https:\/\/www.facebook.com\/narodnysalonvinslovenskejrepubliky\/\" \/>\n<meta property=\"article:modified_time\" content=\"2025-12-12T13:35:09+00:00\" \/>\n<meta property=\"og:image\" content=\"https:\/\/salonvin.sk\/wp-content\/uploads\/2025\/12\/20251126_125609-scaled.jpg\" \/>\n\t<meta property=\"og:image:width\" content=\"972\" \/>\n\t<meta property=\"og:image:height\" content=\"2560\" \/>\n\t<meta property=\"og:image:type\" content=\"image\/jpeg\" \/>\n<meta name=\"twitter:card\" content=\"summary_large_image\" \/>\n<script type=\"application\/ld+json\" class=\"yoast-schema-graph\">{\"@context\":\"https:\/\/schema.org\",\"@graph\":[{\"@type\":\"WebPage\",\"@id\":\"https:\/\/salonvin.sk\/en\/product\/rizling-rynsky-vps-vinohradnictvo-pavelka-a-syn\/\",\"url\":\"https:\/\/salonvin.sk\/en\/product\/rizling-rynsky-vps-vinohradnictvo-pavelka-a-syn\/\",\"name\":\"Rizling r\u00fdnsky - VPS Vinohradn\u00edctvo Pavelka a syn - Sal\u00f3n v\u00edn\",\"isPartOf\":{\"@id\":\"https:\/\/salonvin.sk\/en\/#website\"},\"primaryImageOfPage\":{\"@id\":\"https:\/\/salonvin.sk\/en\/product\/rizling-rynsky-vps-vinohradnictvo-pavelka-a-syn\/#primaryimage\"},\"image\":{\"@id\":\"https:\/\/salonvin.sk\/en\/product\/rizling-rynsky-vps-vinohradnictvo-pavelka-a-syn\/#primaryimage\"},\"thumbnailUrl\":\"https:\/\/salonvin.sk\/wp-content\/uploads\/2025\/12\/20251126_125609-scaled.jpg\",\"datePublished\":\"2025-12-05T13:52:55+00:00\",\"dateModified\":\"2025-12-12T13:35:09+00:00\",\"description\":\"A delicious wine with a wonderful range of aromas from lime to apricot and pineapple. It will please all palates with sweet natural wines.\",\"breadcrumb\":{\"@id\":\"https:\/\/salonvin.sk\/en\/product\/rizling-rynsky-vps-vinohradnictvo-pavelka-a-syn\/#breadcrumb\"},\"inLanguage\":\"en-US\",\"potentialAction\":[{\"@type\":\"ReadAction\",\"target\":[\"https:\/\/salonvin.sk\/en\/product\/rizling-rynsky-vps-vinohradnictvo-pavelka-a-syn\/\"]}]},{\"@type\":\"ImageObject\",\"inLanguage\":\"en-US\",\"@id\":\"https:\/\/salonvin.sk\/en\/product\/rizling-rynsky-vps-vinohradnictvo-pavelka-a-syn\/#primaryimage\",\"url\":\"https:\/\/salonvin.sk\/wp-content\/uploads\/2025\/12\/20251126_125609-scaled.jpg\",\"contentUrl\":\"https:\/\/salonvin.sk\/wp-content\/uploads\/2025\/12\/20251126_125609-scaled.jpg\",\"width\":972,\"height\":2560},{\"@type\":\"BreadcrumbList\",\"@id\":\"https:\/\/salonvin.sk\/en\/product\/rizling-rynsky-vps-vinohradnictvo-pavelka-a-syn\/#breadcrumb\",\"itemListElement\":[{\"@type\":\"ListItem\",\"position\":1,\"name\":\"Home\",\"item\":\"https:\/\/salonvin.sk\/en\/\"},{\"@type\":\"ListItem\",\"position\":2,\"name\":\"Shop\",\"item\":\"https:\/\/salonvin.sk\/en\/shop\/\"},{\"@type\":\"ListItem\",\"position\":3,\"name\":\"Rizling r\u00fdnsky &#8211; VPS Vinohradn\u00edctvo Pavelka a syn\"}]},{\"@type\":\"WebSite\",\"@id\":\"https:\/\/salonvin.sk\/en\/#website\",\"url\":\"https:\/\/salonvin.sk\/en\/\",\"name\":\"Sal\u00f3n v\u00edn\",\"description\":\"\",\"potentialAction\":[{\"@type\":\"SearchAction\",\"target\":{\"@type\":\"EntryPoint\",\"urlTemplate\":\"https:\/\/salonvin.sk\/en\/?s={search_term_string}\"},\"query-input\":{\"@type\":\"PropertyValueSpecification\",\"valueRequired\":true,\"valueName\":\"search_term_string\"}}],\"inLanguage\":\"en-US\"}]}<\/script>\n<!-- \/ Yoast SEO plugin. -->","yoast_head_json":{"title":"Rizling r\u00fdnsky - VPS Vinohradn\u00edctvo Pavelka a syn - Sal\u00f3n v\u00edn","description":"A delicious wine with a wonderful range of aromas from lime to apricot and pineapple. It will please all palates with sweet natural wines.","robots":{"index":"index","follow":"follow","max-snippet":"max-snippet:-1","max-image-preview":"max-image-preview:large","max-video-preview":"max-video-preview:-1"},"canonical":"https:\/\/salonvin.sk\/en\/product\/rizling-rynsky-vps-vinohradnictvo-pavelka-a-syn\/","og_locale":"en_US","og_type":"article","og_title":"Rizling r\u00fdnsky - VPS Vinohradn\u00edctvo Pavelka a syn - Sal\u00f3n v\u00edn","og_description":"A delicious wine with a wonderful range of aromas from lime to apricot and pineapple. It will please all palates with sweet natural wines.","og_url":"https:\/\/salonvin.sk\/en\/product\/rizling-rynsky-vps-vinohradnictvo-pavelka-a-syn\/","og_site_name":"Sal\u00f3n v\u00edn","article_publisher":"https:\/\/www.facebook.com\/narodnysalonvinslovenskejrepubliky\/","article_modified_time":"2025-12-12T13:35:09+00:00","og_image":[{"width":972,"height":2560,"url":"https:\/\/salonvin.sk\/wp-content\/uploads\/2025\/12\/20251126_125609-scaled.jpg","type":"image\/jpeg"}],"twitter_card":"summary_large_image","schema":{"@context":"https:\/\/schema.org","@graph":[{"@type":"WebPage","@id":"https:\/\/salonvin.sk\/en\/product\/rizling-rynsky-vps-vinohradnictvo-pavelka-a-syn\/","url":"https:\/\/salonvin.sk\/en\/product\/rizling-rynsky-vps-vinohradnictvo-pavelka-a-syn\/","name":"Rizling r\u00fdnsky - VPS Vinohradn\u00edctvo Pavelka a syn - Sal\u00f3n v\u00edn","isPartOf":{"@id":"https:\/\/salonvin.sk\/en\/#website"},"primaryImageOfPage":{"@id":"https:\/\/salonvin.sk\/en\/product\/rizling-rynsky-vps-vinohradnictvo-pavelka-a-syn\/#primaryimage"},"image":{"@id":"https:\/\/salonvin.sk\/en\/product\/rizling-rynsky-vps-vinohradnictvo-pavelka-a-syn\/#primaryimage"},"thumbnailUrl":"https:\/\/salonvin.sk\/wp-content\/uploads\/2025\/12\/20251126_125609-scaled.jpg","datePublished":"2025-12-05T13:52:55+00:00","dateModified":"2025-12-12T13:35:09+00:00","description":"A delicious wine with a wonderful range of aromas from lime to apricot and pineapple. It will please all palates with sweet natural wines.","breadcrumb":{"@id":"https:\/\/salonvin.sk\/en\/product\/rizling-rynsky-vps-vinohradnictvo-pavelka-a-syn\/#breadcrumb"},"inLanguage":"en-US","potentialAction":[{"@type":"ReadAction","target":["https:\/\/salonvin.sk\/en\/product\/rizling-rynsky-vps-vinohradnictvo-pavelka-a-syn\/"]}]},{"@type":"ImageObject","inLanguage":"en-US","@id":"https:\/\/salonvin.sk\/en\/product\/rizling-rynsky-vps-vinohradnictvo-pavelka-a-syn\/#primaryimage","url":"https:\/\/salonvin.sk\/wp-content\/uploads\/2025\/12\/20251126_125609-scaled.jpg","contentUrl":"https:\/\/salonvin.sk\/wp-content\/uploads\/2025\/12\/20251126_125609-scaled.jpg","width":972,"height":2560},{"@type":"BreadcrumbList","@id":"https:\/\/salonvin.sk\/en\/product\/rizling-rynsky-vps-vinohradnictvo-pavelka-a-syn\/#breadcrumb","itemListElement":[{"@type":"ListItem","position":1,"name":"Home","item":"https:\/\/salonvin.sk\/en\/"},{"@type":"ListItem","position":2,"name":"Shop","item":"https:\/\/salonvin.sk\/en\/shop\/"},{"@type":"ListItem","position":3,"name":"Rizling r\u00fdnsky &#8211; VPS Vinohradn\u00edctvo Pavelka a syn"}]},{"@type":"WebSite","@id":"https:\/\/salonvin.sk\/en\/#website","url":"https:\/\/salonvin.sk\/en\/","name":"Sal\u00f3n v\u00edn","description":"","potentialAction":[{"@type":"SearchAction","target":{"@type":"EntryPoint","urlTemplate":"https:\/\/salonvin.sk\/en\/?s={search_term_string}"},"query-input":{"@type":"PropertyValueSpecification","valueRequired":true,"valueName":"search_term_string"}}],"inLanguage":"en-US"}]}},"_links":{"self":[{"href":"https:\/\/salonvin.sk\/en\/wp-json\/wp\/v2\/product\/30567"}],"collection":[{"href":"https:\/\/salonvin.sk\/en\/wp-json\/wp\/v2\/product"}],"about":[{"href":"https:\/\/salonvin.sk\/en\/wp-json\/wp\/v2\/types\/product"}],"replies":[{"embeddable":true,"href":"https:\/\/salonvin.sk\/en\/wp-json\/wp\/v2\/comments?post=30567"}],"wp:featuredmedia":[{"embeddable":true,"href":"https:\/\/salonvin.sk\/en\/wp-json\/wp\/v2\/media\/30569"}],"wp:attachment":[{"href":"https:\/\/salonvin.sk\/en\/wp-json\/wp\/v2\/media?parent=30567"}],"wp:term":[{"taxonomy":"product_brand","embeddable":true,"href":"https:\/\/salonvin.sk\/en\/wp-json\/wp\/v2\/product_brand?post=30567"},{"taxonomy":"product_cat","embeddable":true,"href":"https:\/\/salonvin.sk\/en\/wp-json\/wp\/v2\/product_cat?post=30567"},{"taxonomy":"product_tag","embeddable":true,"href":"https:\/\/salonvin.sk\/en\/wp-json\/wp\/v2\/product_tag?post=30567"}],"curies":[{"name":"wp","href":"https:\/\/api.w.org\/{rel}","templated":true}]}}