{"id":30577,"date":"2025-12-05T15:19:21","date_gmt":"2025-12-05T14:19:21","guid":{"rendered":"https:\/\/salonvin.sk\/?post_type=product&#038;p=30577"},"modified":"2025-12-12T14:32:20","modified_gmt":"2025-12-12T13:32:20","slug":"tokajsky-vyber-3-putnovy-ostrozovic","status":"publish","type":"product","link":"https:\/\/salonvin.sk\/en\/product\/tokajsky-vyber-3-putnovy-ostrozovic\/","title":{"rendered":"Tokajsk\u00fd v\u00fdber 3 put\u0148ov\u00fd &#8211; Ostro\u017eovi\u010d"},"content":{"rendered":"<section class=\"l-section wpb_row height_medium\"><div class=\"l-section-h i-cf\"><div class=\"g-cols vc_row via_flex valign_top type_default stacking_default\"><div class=\"vc_col-sm-12 wpb_column vc_column_container\"><div class=\"vc_column-inner\"><div class=\"wpb_wrapper\"><div class=\"wpb_text_column\"><div class=\"wpb_wrapper\"><p><strong>Winemaker:<\/strong> Jaroslav Ostro\u017eovi\u010d spol. s.r.o.<\/p>\n<p><strong>Vintage:<\/strong> 2005<\/p>\n<p><strong>Character:<\/strong> sweet<\/p>\n<p><strong>Category:<\/strong> Tokaj wine<\/p>\n<p><strong>Alcohol content:<\/strong> 13.95%<\/p>\n<p><strong>Total acidity:<\/strong> 6.30 g\/l<\/p>\n<p><strong>Residual sugar:<\/strong> 75.80 g\/l<\/p>\n<p><strong>Volume:<\/strong> 0.5 l<\/p>\n<p><strong>Origin of grapes:<\/strong> Tokaj wine region<\/p>\n<p><strong>*Contains sulphites<\/strong><\/p>\n<\/div><\/div><\/div><\/div><\/div><\/div><\/div><\/section>\n","protected":false},"excerpt":{"rendered":"<p>On the tongue: A noble wine of golden amber-yellow color with a higher viscosity (density) made from grapes of classic Tokaj varieties refined by the fungus Botrytis cinerea. After adding a rare essence from overripe cibebs, it matured in our tuff Tokaj cellar for three years. The typical bread in the bouquet is underlined by notes of dried fruit, rich minerality in the taste and the maturation potential, which does not end even after decades. A unique wine with a taste for a long and successful life.<\/p>\n<p><strong>Vintage:<\/strong> 2005<\/p>\n<p><strong>Character:<\/strong> sweet<\/p>\n<p><strong>Category:<\/strong> Tokaj wine<\/p>\n<p><strong>Champion of the category: Tokaj wines<\/strong><\/p>\n","protected":false},"featured_media":30579,"comment_status":"closed","ping_status":"closed","template":"","meta":[],"product_brand":[],"product_cat":[509],"product_tag":[],"class_list":{"0":"post-30577","1":"product","2":"type-product","3":"status-publish","4":"has-post-thumbnail","6":"product_cat-tokaj-wines","8":"first","9":"instock","10":"taxable","11":"shipping-taxable","12":"purchasable","13":"product-type-simple"},"yoast_head":"<!-- This site is optimized with the Yoast SEO plugin v25.6 - https:\/\/yoast.com\/wordpress\/plugins\/seo\/ -->\n<title>Tokajsk\u00fd v\u00fdber 3 put\u0148ov\u00fd - Ostro\u017eovi\u010d - Sal\u00f3n v\u00edn<\/title>\n<meta name=\"description\" content=\"On the tongue: A noble wine of golden amber-yellow color with a higher viscosity (density) made from grapes of classic Tokaj varieties refined by the fungus Botrytis cinerea. After adding a rare essence from overripe cibebs, it matured in our tuff Tokaj cellar for three years. The typical bread in the bouquet is underlined by notes of dried fruit, rich minerality in the taste and the maturation potential, which does not end even after decades. A unique wine with a taste for a long and successful life.\" \/>\n<meta name=\"robots\" content=\"index, follow, max-snippet:-1, max-image-preview:large, max-video-preview:-1\" \/>\n<link rel=\"canonical\" href=\"https:\/\/salonvin.sk\/en\/product\/tokajsky-vyber-3-putnovy-ostrozovic\/\" \/>\n<meta property=\"og:locale\" content=\"en_US\" \/>\n<meta property=\"og:type\" content=\"article\" \/>\n<meta property=\"og:title\" content=\"Tokajsk\u00fd v\u00fdber 3 put\u0148ov\u00fd - Ostro\u017eovi\u010d - Sal\u00f3n v\u00edn\" \/>\n<meta property=\"og:description\" content=\"On the tongue: A noble wine of golden amber-yellow color with a higher viscosity (density) made from grapes of classic Tokaj varieties refined by the fungus Botrytis cinerea. After adding a rare essence from overripe cibebs, it matured in our tuff Tokaj cellar for three years. The typical bread in the bouquet is underlined by notes of dried fruit, rich minerality in the taste and the maturation potential, which does not end even after decades. A unique wine with a taste for a long and successful life.\" \/>\n<meta property=\"og:url\" content=\"https:\/\/salonvin.sk\/en\/product\/tokajsky-vyber-3-putnovy-ostrozovic\/\" \/>\n<meta property=\"og:site_name\" content=\"Sal\u00f3n v\u00edn\" \/>\n<meta property=\"article:publisher\" content=\"https:\/\/www.facebook.com\/narodnysalonvinslovenskejrepubliky\/\" \/>\n<meta property=\"article:modified_time\" content=\"2025-12-12T13:32:20+00:00\" \/>\n<meta property=\"og:image\" content=\"https:\/\/salonvin.sk\/wp-content\/uploads\/2025\/12\/20251126_125326.jpg\" \/>\n\t<meta property=\"og:image:width\" content=\"1014\" \/>\n\t<meta property=\"og:image:height\" content=\"2311\" \/>\n\t<meta property=\"og:image:type\" content=\"image\/jpeg\" \/>\n<meta name=\"twitter:card\" content=\"summary_large_image\" \/>\n<script type=\"application\/ld+json\" class=\"yoast-schema-graph\">{\"@context\":\"https:\/\/schema.org\",\"@graph\":[{\"@type\":\"WebPage\",\"@id\":\"https:\/\/salonvin.sk\/en\/product\/tokajsky-vyber-3-putnovy-ostrozovic\/\",\"url\":\"https:\/\/salonvin.sk\/en\/product\/tokajsky-vyber-3-putnovy-ostrozovic\/\",\"name\":\"Tokajsk\u00fd v\u00fdber 3 put\u0148ov\u00fd - Ostro\u017eovi\u010d - Sal\u00f3n v\u00edn\",\"isPartOf\":{\"@id\":\"https:\/\/salonvin.sk\/en\/#website\"},\"primaryImageOfPage\":{\"@id\":\"https:\/\/salonvin.sk\/en\/product\/tokajsky-vyber-3-putnovy-ostrozovic\/#primaryimage\"},\"image\":{\"@id\":\"https:\/\/salonvin.sk\/en\/product\/tokajsky-vyber-3-putnovy-ostrozovic\/#primaryimage\"},\"thumbnailUrl\":\"https:\/\/salonvin.sk\/wp-content\/uploads\/2025\/12\/20251126_125326.jpg\",\"datePublished\":\"2025-12-05T14:19:21+00:00\",\"dateModified\":\"2025-12-12T13:32:20+00:00\",\"description\":\"On the tongue: A noble wine of golden amber-yellow color with a higher viscosity (density) made from grapes of classic Tokaj varieties refined by the fungus Botrytis cinerea. After adding a rare essence from overripe cibebs, it matured in our tuff Tokaj cellar for three years. The typical bread in the bouquet is underlined by notes of dried fruit, rich minerality in the taste and the maturation potential, which does not end even after decades. A unique wine with a taste for a long and successful life.\",\"breadcrumb\":{\"@id\":\"https:\/\/salonvin.sk\/en\/product\/tokajsky-vyber-3-putnovy-ostrozovic\/#breadcrumb\"},\"inLanguage\":\"en-US\",\"potentialAction\":[{\"@type\":\"ReadAction\",\"target\":[\"https:\/\/salonvin.sk\/en\/product\/tokajsky-vyber-3-putnovy-ostrozovic\/\"]}]},{\"@type\":\"ImageObject\",\"inLanguage\":\"en-US\",\"@id\":\"https:\/\/salonvin.sk\/en\/product\/tokajsky-vyber-3-putnovy-ostrozovic\/#primaryimage\",\"url\":\"https:\/\/salonvin.sk\/wp-content\/uploads\/2025\/12\/20251126_125326.jpg\",\"contentUrl\":\"https:\/\/salonvin.sk\/wp-content\/uploads\/2025\/12\/20251126_125326.jpg\",\"width\":1014,\"height\":2311},{\"@type\":\"BreadcrumbList\",\"@id\":\"https:\/\/salonvin.sk\/en\/product\/tokajsky-vyber-3-putnovy-ostrozovic\/#breadcrumb\",\"itemListElement\":[{\"@type\":\"ListItem\",\"position\":1,\"name\":\"Home\",\"item\":\"https:\/\/salonvin.sk\/en\/\"},{\"@type\":\"ListItem\",\"position\":2,\"name\":\"Shop\",\"item\":\"https:\/\/salonvin.sk\/en\/shop\/\"},{\"@type\":\"ListItem\",\"position\":3,\"name\":\"Tokajsk\u00fd v\u00fdber 3 put\u0148ov\u00fd &#8211; Ostro\u017eovi\u010d\"}]},{\"@type\":\"WebSite\",\"@id\":\"https:\/\/salonvin.sk\/en\/#website\",\"url\":\"https:\/\/salonvin.sk\/en\/\",\"name\":\"Sal\u00f3n v\u00edn\",\"description\":\"\",\"potentialAction\":[{\"@type\":\"SearchAction\",\"target\":{\"@type\":\"EntryPoint\",\"urlTemplate\":\"https:\/\/salonvin.sk\/en\/?s={search_term_string}\"},\"query-input\":{\"@type\":\"PropertyValueSpecification\",\"valueRequired\":true,\"valueName\":\"search_term_string\"}}],\"inLanguage\":\"en-US\"}]}<\/script>\n<!-- \/ Yoast SEO plugin. -->","yoast_head_json":{"title":"Tokajsk\u00fd v\u00fdber 3 put\u0148ov\u00fd - Ostro\u017eovi\u010d - Sal\u00f3n v\u00edn","description":"On the tongue: A noble wine of golden amber-yellow color with a higher viscosity (density) made from grapes of classic Tokaj varieties refined by the fungus Botrytis cinerea. After adding a rare essence from overripe cibebs, it matured in our tuff Tokaj cellar for three years. The typical bread in the bouquet is underlined by notes of dried fruit, rich minerality in the taste and the maturation potential, which does not end even after decades. A unique wine with a taste for a long and successful life.","robots":{"index":"index","follow":"follow","max-snippet":"max-snippet:-1","max-image-preview":"max-image-preview:large","max-video-preview":"max-video-preview:-1"},"canonical":"https:\/\/salonvin.sk\/en\/product\/tokajsky-vyber-3-putnovy-ostrozovic\/","og_locale":"en_US","og_type":"article","og_title":"Tokajsk\u00fd v\u00fdber 3 put\u0148ov\u00fd - Ostro\u017eovi\u010d - Sal\u00f3n v\u00edn","og_description":"On the tongue: A noble wine of golden amber-yellow color with a higher viscosity (density) made from grapes of classic Tokaj varieties refined by the fungus Botrytis cinerea. After adding a rare essence from overripe cibebs, it matured in our tuff Tokaj cellar for three years. The typical bread in the bouquet is underlined by notes of dried fruit, rich minerality in the taste and the maturation potential, which does not end even after decades. A unique wine with a taste for a long and successful life.","og_url":"https:\/\/salonvin.sk\/en\/product\/tokajsky-vyber-3-putnovy-ostrozovic\/","og_site_name":"Sal\u00f3n v\u00edn","article_publisher":"https:\/\/www.facebook.com\/narodnysalonvinslovenskejrepubliky\/","article_modified_time":"2025-12-12T13:32:20+00:00","og_image":[{"width":1014,"height":2311,"url":"https:\/\/salonvin.sk\/wp-content\/uploads\/2025\/12\/20251126_125326.jpg","type":"image\/jpeg"}],"twitter_card":"summary_large_image","schema":{"@context":"https:\/\/schema.org","@graph":[{"@type":"WebPage","@id":"https:\/\/salonvin.sk\/en\/product\/tokajsky-vyber-3-putnovy-ostrozovic\/","url":"https:\/\/salonvin.sk\/en\/product\/tokajsky-vyber-3-putnovy-ostrozovic\/","name":"Tokajsk\u00fd v\u00fdber 3 put\u0148ov\u00fd - Ostro\u017eovi\u010d - Sal\u00f3n v\u00edn","isPartOf":{"@id":"https:\/\/salonvin.sk\/en\/#website"},"primaryImageOfPage":{"@id":"https:\/\/salonvin.sk\/en\/product\/tokajsky-vyber-3-putnovy-ostrozovic\/#primaryimage"},"image":{"@id":"https:\/\/salonvin.sk\/en\/product\/tokajsky-vyber-3-putnovy-ostrozovic\/#primaryimage"},"thumbnailUrl":"https:\/\/salonvin.sk\/wp-content\/uploads\/2025\/12\/20251126_125326.jpg","datePublished":"2025-12-05T14:19:21+00:00","dateModified":"2025-12-12T13:32:20+00:00","description":"On the tongue: A noble wine of golden amber-yellow color with a higher viscosity (density) made from grapes of classic Tokaj varieties refined by the fungus Botrytis cinerea. After adding a rare essence from overripe cibebs, it matured in our tuff Tokaj cellar for three years. The typical bread in the bouquet is underlined by notes of dried fruit, rich minerality in the taste and the maturation potential, which does not end even after decades. A unique wine with a taste for a long and successful life.","breadcrumb":{"@id":"https:\/\/salonvin.sk\/en\/product\/tokajsky-vyber-3-putnovy-ostrozovic\/#breadcrumb"},"inLanguage":"en-US","potentialAction":[{"@type":"ReadAction","target":["https:\/\/salonvin.sk\/en\/product\/tokajsky-vyber-3-putnovy-ostrozovic\/"]}]},{"@type":"ImageObject","inLanguage":"en-US","@id":"https:\/\/salonvin.sk\/en\/product\/tokajsky-vyber-3-putnovy-ostrozovic\/#primaryimage","url":"https:\/\/salonvin.sk\/wp-content\/uploads\/2025\/12\/20251126_125326.jpg","contentUrl":"https:\/\/salonvin.sk\/wp-content\/uploads\/2025\/12\/20251126_125326.jpg","width":1014,"height":2311},{"@type":"BreadcrumbList","@id":"https:\/\/salonvin.sk\/en\/product\/tokajsky-vyber-3-putnovy-ostrozovic\/#breadcrumb","itemListElement":[{"@type":"ListItem","position":1,"name":"Home","item":"https:\/\/salonvin.sk\/en\/"},{"@type":"ListItem","position":2,"name":"Shop","item":"https:\/\/salonvin.sk\/en\/shop\/"},{"@type":"ListItem","position":3,"name":"Tokajsk\u00fd v\u00fdber 3 put\u0148ov\u00fd &#8211; Ostro\u017eovi\u010d"}]},{"@type":"WebSite","@id":"https:\/\/salonvin.sk\/en\/#website","url":"https:\/\/salonvin.sk\/en\/","name":"Sal\u00f3n v\u00edn","description":"","potentialAction":[{"@type":"SearchAction","target":{"@type":"EntryPoint","urlTemplate":"https:\/\/salonvin.sk\/en\/?s={search_term_string}"},"query-input":{"@type":"PropertyValueSpecification","valueRequired":true,"valueName":"search_term_string"}}],"inLanguage":"en-US"}]}},"_links":{"self":[{"href":"https:\/\/salonvin.sk\/en\/wp-json\/wp\/v2\/product\/30577"}],"collection":[{"href":"https:\/\/salonvin.sk\/en\/wp-json\/wp\/v2\/product"}],"about":[{"href":"https:\/\/salonvin.sk\/en\/wp-json\/wp\/v2\/types\/product"}],"replies":[{"embeddable":true,"href":"https:\/\/salonvin.sk\/en\/wp-json\/wp\/v2\/comments?post=30577"}],"wp:featuredmedia":[{"embeddable":true,"href":"https:\/\/salonvin.sk\/en\/wp-json\/wp\/v2\/media\/30579"}],"wp:attachment":[{"href":"https:\/\/salonvin.sk\/en\/wp-json\/wp\/v2\/media?parent=30577"}],"wp:term":[{"taxonomy":"product_brand","embeddable":true,"href":"https:\/\/salonvin.sk\/en\/wp-json\/wp\/v2\/product_brand?post=30577"},{"taxonomy":"product_cat","embeddable":true,"href":"https:\/\/salonvin.sk\/en\/wp-json\/wp\/v2\/product_cat?post=30577"},{"taxonomy":"product_tag","embeddable":true,"href":"https:\/\/salonvin.sk\/en\/wp-json\/wp\/v2\/product_tag?post=30577"}],"curies":[{"name":"wp","href":"https:\/\/api.w.org\/{rel}","templated":true}]}}