{"id":30582,"date":"2025-12-05T15:30:23","date_gmt":"2025-12-05T14:30:23","guid":{"rendered":"https:\/\/salonvin.sk\/?post_type=product&#038;p=30582"},"modified":"2025-12-12T14:31:37","modified_gmt":"2025-12-12T13:31:37","slug":"tokajska-vyberova-esencia-tokaj-co","status":"publish","type":"product","link":"https:\/\/salonvin.sk\/en\/product\/tokajska-vyberova-esencia-tokaj-co\/","title":{"rendered":"Tokajsk\u00e1 v\u00fdberov\u00e1 esencia &#8211; TOKAJ &#038; CO"},"content":{"rendered":"","protected":false},"excerpt":{"rendered":"<p>A unique Tokaj sweet selection wine made by fermenting cibeb grapes of exceptionally high quality vintages from the best Tokaj vineyards. It is a sweet delight called Tokaj &#8211; the queen among selection wines. A rare rarity that can only be produced in great cibeb years. It contains at least 180 g\/liter of natural sugar and 45 g\/liter of sugar-free extract. In order for the internal qualities of the wine, its taste, aroma and fragrance to stand out, several years of maturation in oak barrels in Tokaj tuff cellars are necessary. The history of this wine is linked to the names of famous personalities (Louis XV, M\u00f3ric Be\u0148ovsk\u00fd, Peter I, Maria Theresa, Beethoven, Schiller&#8230;). It is produced in limited quantities and is intended for specialized wine shops, archives and guided tastings. The essence is intended to suspend beautiful, passing moments&#8230;<\/p>\n<p><strong>Vintage:<\/strong> 2009<\/p>\n<p><strong>Character:<\/strong> sweet<\/p>\n<p><strong>Category:<\/strong> Tokaj wine<\/p>\n","protected":false},"featured_media":30584,"comment_status":"closed","ping_status":"closed","template":"","meta":[],"product_brand":[],"product_cat":[509],"product_tag":[],"class_list":{"0":"post-30582","1":"product","2":"type-product","3":"status-publish","4":"has-post-thumbnail","6":"product_cat-tokaj-wines","8":"first","9":"instock","10":"taxable","11":"shipping-taxable","12":"purchasable","13":"product-type-simple"},"yoast_head":"<!-- This site is optimized with the Yoast SEO plugin v25.6 - https:\/\/yoast.com\/wordpress\/plugins\/seo\/ -->\n<title>Tokajsk\u00e1 v\u00fdberov\u00e1 esencia - TOKAJ &amp; CO - Sal\u00f3n v\u00edn<\/title>\n<meta name=\"description\" content=\"A unique Tokaj sweet selection wine made by fermenting cibeb grapes of exceptionally high quality vintages from the best Tokaj vineyards. It is a sweet delight called Tokaj - the queen among selection wines. A rare rarity that can only be produced in great cibeb years. It contains at least 180 g\/liter of natural sugar and 45 g\/liter of sugar-free extract. In order for the internal qualities of the wine, its taste, aroma and fragrance to stand out, several years of maturation in oak barrels in Tokaj tuff cellars are necessary. The history of this wine is linked to the names of famous personalities (Louis XV, M\u00f3ric Be\u0148ovsk\u00fd, Peter I, Maria Theresa, Beethoven, Schiller...). It is produced in limited quantities and is intended for specialized wine shops, archives and guided tastings. The essence is intended to suspend beautiful, passing moments...\" \/>\n<meta name=\"robots\" content=\"index, follow, max-snippet:-1, max-image-preview:large, max-video-preview:-1\" \/>\n<link rel=\"canonical\" href=\"https:\/\/salonvin.sk\/en\/product\/tokajska-vyberova-esencia-tokaj-co\/\" \/>\n<meta property=\"og:locale\" content=\"en_US\" \/>\n<meta property=\"og:type\" content=\"article\" \/>\n<meta property=\"og:title\" content=\"Tokajsk\u00e1 v\u00fdberov\u00e1 esencia - TOKAJ &amp; CO - Sal\u00f3n v\u00edn\" \/>\n<meta property=\"og:description\" content=\"A unique Tokaj sweet selection wine made by fermenting cibeb grapes of exceptionally high quality vintages from the best Tokaj vineyards. It is a sweet delight called Tokaj - the queen among selection wines. A rare rarity that can only be produced in great cibeb years. It contains at least 180 g\/liter of natural sugar and 45 g\/liter of sugar-free extract. In order for the internal qualities of the wine, its taste, aroma and fragrance to stand out, several years of maturation in oak barrels in Tokaj tuff cellars are necessary. The history of this wine is linked to the names of famous personalities (Louis XV, M\u00f3ric Be\u0148ovsk\u00fd, Peter I, Maria Theresa, Beethoven, Schiller...). It is produced in limited quantities and is intended for specialized wine shops, archives and guided tastings. The essence is intended to suspend beautiful, passing moments...\" \/>\n<meta property=\"og:url\" content=\"https:\/\/salonvin.sk\/en\/product\/tokajska-vyberova-esencia-tokaj-co\/\" \/>\n<meta property=\"og:site_name\" content=\"Sal\u00f3n v\u00edn\" \/>\n<meta property=\"article:publisher\" content=\"https:\/\/www.facebook.com\/narodnysalonvinslovenskejrepubliky\/\" \/>\n<meta property=\"article:modified_time\" content=\"2025-12-12T13:31:37+00:00\" \/>\n<meta property=\"og:image\" content=\"https:\/\/salonvin.sk\/wp-content\/uploads\/2025\/12\/20251126_125312.jpg\" \/>\n\t<meta property=\"og:image:width\" content=\"986\" \/>\n\t<meta property=\"og:image:height\" content=\"2371\" \/>\n\t<meta property=\"og:image:type\" content=\"image\/jpeg\" \/>\n<meta name=\"twitter:card\" content=\"summary_large_image\" \/>\n<meta name=\"twitter:label1\" content=\"Est. reading time\" \/>\n\t<meta name=\"twitter:data1\" content=\"1 minute\" \/>\n<script type=\"application\/ld+json\" class=\"yoast-schema-graph\">{\"@context\":\"https:\/\/schema.org\",\"@graph\":[{\"@type\":\"WebPage\",\"@id\":\"https:\/\/salonvin.sk\/en\/product\/tokajska-vyberova-esencia-tokaj-co\/\",\"url\":\"https:\/\/salonvin.sk\/en\/product\/tokajska-vyberova-esencia-tokaj-co\/\",\"name\":\"Tokajsk\u00e1 v\u00fdberov\u00e1 esencia - TOKAJ & CO - Sal\u00f3n v\u00edn\",\"isPartOf\":{\"@id\":\"https:\/\/salonvin.sk\/en\/#website\"},\"primaryImageOfPage\":{\"@id\":\"https:\/\/salonvin.sk\/en\/product\/tokajska-vyberova-esencia-tokaj-co\/#primaryimage\"},\"image\":{\"@id\":\"https:\/\/salonvin.sk\/en\/product\/tokajska-vyberova-esencia-tokaj-co\/#primaryimage\"},\"thumbnailUrl\":\"https:\/\/salonvin.sk\/wp-content\/uploads\/2025\/12\/20251126_125312.jpg\",\"datePublished\":\"2025-12-05T14:30:23+00:00\",\"dateModified\":\"2025-12-12T13:31:37+00:00\",\"description\":\"A unique Tokaj sweet selection wine made by fermenting cibeb grapes of exceptionally high quality vintages from the best Tokaj vineyards. It is a sweet delight called Tokaj - the queen among selection wines. A rare rarity that can only be produced in great cibeb years. It contains at least 180 g\/liter of natural sugar and 45 g\/liter of sugar-free extract. In order for the internal qualities of the wine, its taste, aroma and fragrance to stand out, several years of maturation in oak barrels in Tokaj tuff cellars are necessary. The history of this wine is linked to the names of famous personalities (Louis XV, M\u00f3ric Be\u0148ovsk\u00fd, Peter I, Maria Theresa, Beethoven, Schiller...). It is produced in limited quantities and is intended for specialized wine shops, archives and guided tastings. The essence is intended to suspend beautiful, passing moments...\",\"breadcrumb\":{\"@id\":\"https:\/\/salonvin.sk\/en\/product\/tokajska-vyberova-esencia-tokaj-co\/#breadcrumb\"},\"inLanguage\":\"en-US\",\"potentialAction\":[{\"@type\":\"ReadAction\",\"target\":[\"https:\/\/salonvin.sk\/en\/product\/tokajska-vyberova-esencia-tokaj-co\/\"]}]},{\"@type\":\"ImageObject\",\"inLanguage\":\"en-US\",\"@id\":\"https:\/\/salonvin.sk\/en\/product\/tokajska-vyberova-esencia-tokaj-co\/#primaryimage\",\"url\":\"https:\/\/salonvin.sk\/wp-content\/uploads\/2025\/12\/20251126_125312.jpg\",\"contentUrl\":\"https:\/\/salonvin.sk\/wp-content\/uploads\/2025\/12\/20251126_125312.jpg\",\"width\":986,\"height\":2371},{\"@type\":\"BreadcrumbList\",\"@id\":\"https:\/\/salonvin.sk\/en\/product\/tokajska-vyberova-esencia-tokaj-co\/#breadcrumb\",\"itemListElement\":[{\"@type\":\"ListItem\",\"position\":1,\"name\":\"Home\",\"item\":\"https:\/\/salonvin.sk\/en\/\"},{\"@type\":\"ListItem\",\"position\":2,\"name\":\"Shop\",\"item\":\"https:\/\/salonvin.sk\/en\/shop\/\"},{\"@type\":\"ListItem\",\"position\":3,\"name\":\"Tokajsk\u00e1 v\u00fdberov\u00e1 esencia &#8211; TOKAJ &#038; CO\"}]},{\"@type\":\"WebSite\",\"@id\":\"https:\/\/salonvin.sk\/en\/#website\",\"url\":\"https:\/\/salonvin.sk\/en\/\",\"name\":\"Sal\u00f3n v\u00edn\",\"description\":\"\",\"potentialAction\":[{\"@type\":\"SearchAction\",\"target\":{\"@type\":\"EntryPoint\",\"urlTemplate\":\"https:\/\/salonvin.sk\/en\/?s={search_term_string}\"},\"query-input\":{\"@type\":\"PropertyValueSpecification\",\"valueRequired\":true,\"valueName\":\"search_term_string\"}}],\"inLanguage\":\"en-US\"}]}<\/script>\n<!-- \/ Yoast SEO plugin. -->","yoast_head_json":{"title":"Tokajsk\u00e1 v\u00fdberov\u00e1 esencia - TOKAJ & CO - Sal\u00f3n v\u00edn","description":"A unique Tokaj sweet selection wine made by fermenting cibeb grapes of exceptionally high quality vintages from the best Tokaj vineyards. It is a sweet delight called Tokaj - the queen among selection wines. A rare rarity that can only be produced in great cibeb years. It contains at least 180 g\/liter of natural sugar and 45 g\/liter of sugar-free extract. In order for the internal qualities of the wine, its taste, aroma and fragrance to stand out, several years of maturation in oak barrels in Tokaj tuff cellars are necessary. The history of this wine is linked to the names of famous personalities (Louis XV, M\u00f3ric Be\u0148ovsk\u00fd, Peter I, Maria Theresa, Beethoven, Schiller...). It is produced in limited quantities and is intended for specialized wine shops, archives and guided tastings. The essence is intended to suspend beautiful, passing moments...","robots":{"index":"index","follow":"follow","max-snippet":"max-snippet:-1","max-image-preview":"max-image-preview:large","max-video-preview":"max-video-preview:-1"},"canonical":"https:\/\/salonvin.sk\/en\/product\/tokajska-vyberova-esencia-tokaj-co\/","og_locale":"en_US","og_type":"article","og_title":"Tokajsk\u00e1 v\u00fdberov\u00e1 esencia - TOKAJ & CO - Sal\u00f3n v\u00edn","og_description":"A unique Tokaj sweet selection wine made by fermenting cibeb grapes of exceptionally high quality vintages from the best Tokaj vineyards. It is a sweet delight called Tokaj - the queen among selection wines. A rare rarity that can only be produced in great cibeb years. It contains at least 180 g\/liter of natural sugar and 45 g\/liter of sugar-free extract. In order for the internal qualities of the wine, its taste, aroma and fragrance to stand out, several years of maturation in oak barrels in Tokaj tuff cellars are necessary. The history of this wine is linked to the names of famous personalities (Louis XV, M\u00f3ric Be\u0148ovsk\u00fd, Peter I, Maria Theresa, Beethoven, Schiller...). It is produced in limited quantities and is intended for specialized wine shops, archives and guided tastings. The essence is intended to suspend beautiful, passing moments...","og_url":"https:\/\/salonvin.sk\/en\/product\/tokajska-vyberova-esencia-tokaj-co\/","og_site_name":"Sal\u00f3n v\u00edn","article_publisher":"https:\/\/www.facebook.com\/narodnysalonvinslovenskejrepubliky\/","article_modified_time":"2025-12-12T13:31:37+00:00","og_image":[{"width":986,"height":2371,"url":"https:\/\/salonvin.sk\/wp-content\/uploads\/2025\/12\/20251126_125312.jpg","type":"image\/jpeg"}],"twitter_card":"summary_large_image","twitter_misc":{"Est. reading time":"1 minute"},"schema":{"@context":"https:\/\/schema.org","@graph":[{"@type":"WebPage","@id":"https:\/\/salonvin.sk\/en\/product\/tokajska-vyberova-esencia-tokaj-co\/","url":"https:\/\/salonvin.sk\/en\/product\/tokajska-vyberova-esencia-tokaj-co\/","name":"Tokajsk\u00e1 v\u00fdberov\u00e1 esencia - TOKAJ & CO - Sal\u00f3n v\u00edn","isPartOf":{"@id":"https:\/\/salonvin.sk\/en\/#website"},"primaryImageOfPage":{"@id":"https:\/\/salonvin.sk\/en\/product\/tokajska-vyberova-esencia-tokaj-co\/#primaryimage"},"image":{"@id":"https:\/\/salonvin.sk\/en\/product\/tokajska-vyberova-esencia-tokaj-co\/#primaryimage"},"thumbnailUrl":"https:\/\/salonvin.sk\/wp-content\/uploads\/2025\/12\/20251126_125312.jpg","datePublished":"2025-12-05T14:30:23+00:00","dateModified":"2025-12-12T13:31:37+00:00","description":"A unique Tokaj sweet selection wine made by fermenting cibeb grapes of exceptionally high quality vintages from the best Tokaj vineyards. It is a sweet delight called Tokaj - the queen among selection wines. A rare rarity that can only be produced in great cibeb years. It contains at least 180 g\/liter of natural sugar and 45 g\/liter of sugar-free extract. In order for the internal qualities of the wine, its taste, aroma and fragrance to stand out, several years of maturation in oak barrels in Tokaj tuff cellars are necessary. The history of this wine is linked to the names of famous personalities (Louis XV, M\u00f3ric Be\u0148ovsk\u00fd, Peter I, Maria Theresa, Beethoven, Schiller...). It is produced in limited quantities and is intended for specialized wine shops, archives and guided tastings. The essence is intended to suspend beautiful, passing moments...","breadcrumb":{"@id":"https:\/\/salonvin.sk\/en\/product\/tokajska-vyberova-esencia-tokaj-co\/#breadcrumb"},"inLanguage":"en-US","potentialAction":[{"@type":"ReadAction","target":["https:\/\/salonvin.sk\/en\/product\/tokajska-vyberova-esencia-tokaj-co\/"]}]},{"@type":"ImageObject","inLanguage":"en-US","@id":"https:\/\/salonvin.sk\/en\/product\/tokajska-vyberova-esencia-tokaj-co\/#primaryimage","url":"https:\/\/salonvin.sk\/wp-content\/uploads\/2025\/12\/20251126_125312.jpg","contentUrl":"https:\/\/salonvin.sk\/wp-content\/uploads\/2025\/12\/20251126_125312.jpg","width":986,"height":2371},{"@type":"BreadcrumbList","@id":"https:\/\/salonvin.sk\/en\/product\/tokajska-vyberova-esencia-tokaj-co\/#breadcrumb","itemListElement":[{"@type":"ListItem","position":1,"name":"Home","item":"https:\/\/salonvin.sk\/en\/"},{"@type":"ListItem","position":2,"name":"Shop","item":"https:\/\/salonvin.sk\/en\/shop\/"},{"@type":"ListItem","position":3,"name":"Tokajsk\u00e1 v\u00fdberov\u00e1 esencia &#8211; TOKAJ &#038; CO"}]},{"@type":"WebSite","@id":"https:\/\/salonvin.sk\/en\/#website","url":"https:\/\/salonvin.sk\/en\/","name":"Sal\u00f3n v\u00edn","description":"","potentialAction":[{"@type":"SearchAction","target":{"@type":"EntryPoint","urlTemplate":"https:\/\/salonvin.sk\/en\/?s={search_term_string}"},"query-input":{"@type":"PropertyValueSpecification","valueRequired":true,"valueName":"search_term_string"}}],"inLanguage":"en-US"}]}},"_links":{"self":[{"href":"https:\/\/salonvin.sk\/en\/wp-json\/wp\/v2\/product\/30582"}],"collection":[{"href":"https:\/\/salonvin.sk\/en\/wp-json\/wp\/v2\/product"}],"about":[{"href":"https:\/\/salonvin.sk\/en\/wp-json\/wp\/v2\/types\/product"}],"replies":[{"embeddable":true,"href":"https:\/\/salonvin.sk\/en\/wp-json\/wp\/v2\/comments?post=30582"}],"wp:featuredmedia":[{"embeddable":true,"href":"https:\/\/salonvin.sk\/en\/wp-json\/wp\/v2\/media\/30584"}],"wp:attachment":[{"href":"https:\/\/salonvin.sk\/en\/wp-json\/wp\/v2\/media?parent=30582"}],"wp:term":[{"taxonomy":"product_brand","embeddable":true,"href":"https:\/\/salonvin.sk\/en\/wp-json\/wp\/v2\/product_brand?post=30582"},{"taxonomy":"product_cat","embeddable":true,"href":"https:\/\/salonvin.sk\/en\/wp-json\/wp\/v2\/product_cat?post=30582"},{"taxonomy":"product_tag","embeddable":true,"href":"https:\/\/salonvin.sk\/en\/wp-json\/wp\/v2\/product_tag?post=30582"}],"curies":[{"name":"wp","href":"https:\/\/api.w.org\/{rel}","templated":true}]}}