{"id":30684,"date":"2025-06-01T19:04:04","date_gmt":"2025-06-01T17:04:04","guid":{"rendered":"https:\/\/salonvin.sk\/produkt\/frankovka-modra-rose-cisarska-villa-vino-raca\/"},"modified":"2025-12-14T22:11:49","modified_gmt":"2025-12-14T21:11:49","slug":"frankovka-modra-rose-cisarska-villa-vino-raca","status":"publish","type":"product","link":"https:\/\/salonvin.sk\/en\/product\/frankovka-modra-rose-cisarska-villa-vino-raca\/","title":{"rendered":"Frankovka modr\u00e1 ros\u00e9 Cis\u00e1rska &#8211; Villa Vino Ra\u010da"},"content":{"rendered":"<section class=\"l-section wpb_row height_medium\"><div class=\"l-section-h i-cf\"><div class=\"g-cols vc_row via_flex valign_top type_default stacking_default\"><div class=\"vc_col-sm-12 wpb_column vc_column_container\"><div class=\"vc_column-inner\"><div class=\"wpb_wrapper\"><div class=\"wpb_text_column\"><div class=\"wpb_wrapper\"><p><strong>Winemaker:<\/strong> <span>Villa V\u00edno Ra\u010da, a.s.<\/span><\/p>\n<p><strong>Vintage:<\/strong>\u00a0<span>2024<\/span><\/p>\n<p><strong>Wine type:<\/strong> dry<\/p>\n<p><strong>Category:<\/strong> late harvest<\/p>\n<p><strong>Alcohol content:<\/strong> 11.50%<\/p>\n<p><strong>Total acidity:\u00a0<\/strong>7.00 <span>g\/l<\/span><\/p>\n<p><strong>Residual sugar:<\/strong> 5.50 <span>g\/l<\/span><\/p>\n<p><strong>Volume:<\/strong> 0.75l<\/p>\n<p><strong>Origin of grapes:<\/strong> Small Carpathian winegrowing region<\/p>\n<p><strong>*Contains sulfur dioxide<\/strong><\/p>\n<\/div><\/div><\/div><\/div><\/div><\/div><\/div><\/section>\n","protected":false},"excerpt":{"rendered":"<p><strong>Character:\u00a0<\/strong>forest fruit, raspberries, fresh acidity<\/p>\n<p><strong>Vintage:<\/strong>\u00a0<span>2024<\/span><\/p>\n<p><strong>Wine type:<\/strong> dry<\/p>\n<p><strong>Category:<\/strong> late harvest<\/p>\n","protected":false},"featured_media":30297,"comment_status":"closed","ping_status":"closed","template":"","meta":[],"product_brand":[],"product_cat":[505],"product_tag":[],"class_list":{"0":"post-30684","1":"product","2":"type-product","3":"status-publish","4":"has-post-thumbnail","6":"product_cat-still-rose-dry-wines","8":"first","9":"instock","10":"taxable","11":"shipping-taxable","12":"purchasable","13":"product-type-simple"},"yoast_head":"<!-- This site is optimized with the Yoast SEO plugin v25.6 - https:\/\/yoast.com\/wordpress\/plugins\/seo\/ -->\n<title>Frankovka modr\u00e1 ros\u00e9 Cis\u00e1rska - Villa Vino Ra\u010da - Sal\u00f3n v\u00edn<\/title>\n<meta name=\"robots\" content=\"index, follow, max-snippet:-1, max-image-preview:large, max-video-preview:-1\" \/>\n<link rel=\"canonical\" href=\"https:\/\/salonvin.sk\/en\/product\/frankovka-modra-rose-cisarska-villa-vino-raca\/\" \/>\n<meta property=\"og:locale\" content=\"en_US\" \/>\n<meta property=\"og:type\" content=\"article\" \/>\n<meta property=\"og:title\" content=\"Frankovka modr\u00e1 ros\u00e9 Cis\u00e1rska - Villa Vino Ra\u010da - Sal\u00f3n v\u00edn\" \/>\n<meta property=\"og:description\" content=\"Character:\u00a0forest fruit, raspberries, fresh acidity  Vintage:\u00a02024  Wine type: dry  Category: late harvest\" \/>\n<meta property=\"og:url\" content=\"https:\/\/salonvin.sk\/en\/product\/frankovka-modra-rose-cisarska-villa-vino-raca\/\" \/>\n<meta property=\"og:site_name\" content=\"Sal\u00f3n v\u00edn\" \/>\n<meta property=\"article:publisher\" content=\"https:\/\/www.facebook.com\/narodnysalonvinslovenskejrepubliky\/\" \/>\n<meta property=\"article:modified_time\" content=\"2025-12-14T21:11:49+00:00\" \/>\n<meta property=\"og:image\" content=\"https:\/\/salonvin.sk\/wp-content\/uploads\/2025\/06\/20251125_122823.jpg\" \/>\n\t<meta property=\"og:image:width\" content=\"996\" \/>\n\t<meta property=\"og:image:height\" content=\"2418\" \/>\n\t<meta property=\"og:image:type\" content=\"image\/jpeg\" \/>\n<meta name=\"twitter:card\" content=\"summary_large_image\" \/>\n<script type=\"application\/ld+json\" class=\"yoast-schema-graph\">{\"@context\":\"https:\/\/schema.org\",\"@graph\":[{\"@type\":\"WebPage\",\"@id\":\"https:\/\/salonvin.sk\/en\/product\/frankovka-modra-rose-cisarska-villa-vino-raca\/\",\"url\":\"https:\/\/salonvin.sk\/en\/product\/frankovka-modra-rose-cisarska-villa-vino-raca\/\",\"name\":\"Frankovka modr\u00e1 ros\u00e9 Cis\u00e1rska - Villa Vino Ra\u010da - Sal\u00f3n v\u00edn\",\"isPartOf\":{\"@id\":\"https:\/\/salonvin.sk\/en\/#website\"},\"primaryImageOfPage\":{\"@id\":\"https:\/\/salonvin.sk\/en\/product\/frankovka-modra-rose-cisarska-villa-vino-raca\/#primaryimage\"},\"image\":{\"@id\":\"https:\/\/salonvin.sk\/en\/product\/frankovka-modra-rose-cisarska-villa-vino-raca\/#primaryimage\"},\"thumbnailUrl\":\"https:\/\/salonvin.sk\/wp-content\/uploads\/2025\/06\/20251125_122823.jpg\",\"datePublished\":\"2025-06-01T17:04:04+00:00\",\"dateModified\":\"2025-12-14T21:11:49+00:00\",\"breadcrumb\":{\"@id\":\"https:\/\/salonvin.sk\/en\/product\/frankovka-modra-rose-cisarska-villa-vino-raca\/#breadcrumb\"},\"inLanguage\":\"en-US\",\"potentialAction\":[{\"@type\":\"ReadAction\",\"target\":[\"https:\/\/salonvin.sk\/en\/product\/frankovka-modra-rose-cisarska-villa-vino-raca\/\"]}]},{\"@type\":\"ImageObject\",\"inLanguage\":\"en-US\",\"@id\":\"https:\/\/salonvin.sk\/en\/product\/frankovka-modra-rose-cisarska-villa-vino-raca\/#primaryimage\",\"url\":\"https:\/\/salonvin.sk\/wp-content\/uploads\/2025\/06\/20251125_122823.jpg\",\"contentUrl\":\"https:\/\/salonvin.sk\/wp-content\/uploads\/2025\/06\/20251125_122823.jpg\",\"width\":996,\"height\":2418},{\"@type\":\"BreadcrumbList\",\"@id\":\"https:\/\/salonvin.sk\/en\/product\/frankovka-modra-rose-cisarska-villa-vino-raca\/#breadcrumb\",\"itemListElement\":[{\"@type\":\"ListItem\",\"position\":1,\"name\":\"Home\",\"item\":\"https:\/\/salonvin.sk\/en\/\"},{\"@type\":\"ListItem\",\"position\":2,\"name\":\"Shop\",\"item\":\"https:\/\/salonvin.sk\/en\/shop\/\"},{\"@type\":\"ListItem\",\"position\":3,\"name\":\"Frankovka modr\u00e1 ros\u00e9 Cis\u00e1rska &#8211; Villa Vino Ra\u010da\"}]},{\"@type\":\"WebSite\",\"@id\":\"https:\/\/salonvin.sk\/en\/#website\",\"url\":\"https:\/\/salonvin.sk\/en\/\",\"name\":\"Sal\u00f3n v\u00edn\",\"description\":\"\",\"potentialAction\":[{\"@type\":\"SearchAction\",\"target\":{\"@type\":\"EntryPoint\",\"urlTemplate\":\"https:\/\/salonvin.sk\/en\/?s={search_term_string}\"},\"query-input\":{\"@type\":\"PropertyValueSpecification\",\"valueRequired\":true,\"valueName\":\"search_term_string\"}}],\"inLanguage\":\"en-US\"}]}<\/script>\n<!-- \/ Yoast SEO plugin. -->","yoast_head_json":{"title":"Frankovka modr\u00e1 ros\u00e9 Cis\u00e1rska - Villa Vino Ra\u010da - Sal\u00f3n v\u00edn","robots":{"index":"index","follow":"follow","max-snippet":"max-snippet:-1","max-image-preview":"max-image-preview:large","max-video-preview":"max-video-preview:-1"},"canonical":"https:\/\/salonvin.sk\/en\/product\/frankovka-modra-rose-cisarska-villa-vino-raca\/","og_locale":"en_US","og_type":"article","og_title":"Frankovka modr\u00e1 ros\u00e9 Cis\u00e1rska - Villa Vino Ra\u010da - Sal\u00f3n v\u00edn","og_description":"Character:\u00a0forest fruit, raspberries, fresh acidity  Vintage:\u00a02024  Wine type: dry  Category: late harvest","og_url":"https:\/\/salonvin.sk\/en\/product\/frankovka-modra-rose-cisarska-villa-vino-raca\/","og_site_name":"Sal\u00f3n v\u00edn","article_publisher":"https:\/\/www.facebook.com\/narodnysalonvinslovenskejrepubliky\/","article_modified_time":"2025-12-14T21:11:49+00:00","og_image":[{"width":996,"height":2418,"url":"https:\/\/salonvin.sk\/wp-content\/uploads\/2025\/06\/20251125_122823.jpg","type":"image\/jpeg"}],"twitter_card":"summary_large_image","schema":{"@context":"https:\/\/schema.org","@graph":[{"@type":"WebPage","@id":"https:\/\/salonvin.sk\/en\/product\/frankovka-modra-rose-cisarska-villa-vino-raca\/","url":"https:\/\/salonvin.sk\/en\/product\/frankovka-modra-rose-cisarska-villa-vino-raca\/","name":"Frankovka modr\u00e1 ros\u00e9 Cis\u00e1rska - Villa Vino Ra\u010da - Sal\u00f3n v\u00edn","isPartOf":{"@id":"https:\/\/salonvin.sk\/en\/#website"},"primaryImageOfPage":{"@id":"https:\/\/salonvin.sk\/en\/product\/frankovka-modra-rose-cisarska-villa-vino-raca\/#primaryimage"},"image":{"@id":"https:\/\/salonvin.sk\/en\/product\/frankovka-modra-rose-cisarska-villa-vino-raca\/#primaryimage"},"thumbnailUrl":"https:\/\/salonvin.sk\/wp-content\/uploads\/2025\/06\/20251125_122823.jpg","datePublished":"2025-06-01T17:04:04+00:00","dateModified":"2025-12-14T21:11:49+00:00","breadcrumb":{"@id":"https:\/\/salonvin.sk\/en\/product\/frankovka-modra-rose-cisarska-villa-vino-raca\/#breadcrumb"},"inLanguage":"en-US","potentialAction":[{"@type":"ReadAction","target":["https:\/\/salonvin.sk\/en\/product\/frankovka-modra-rose-cisarska-villa-vino-raca\/"]}]},{"@type":"ImageObject","inLanguage":"en-US","@id":"https:\/\/salonvin.sk\/en\/product\/frankovka-modra-rose-cisarska-villa-vino-raca\/#primaryimage","url":"https:\/\/salonvin.sk\/wp-content\/uploads\/2025\/06\/20251125_122823.jpg","contentUrl":"https:\/\/salonvin.sk\/wp-content\/uploads\/2025\/06\/20251125_122823.jpg","width":996,"height":2418},{"@type":"BreadcrumbList","@id":"https:\/\/salonvin.sk\/en\/product\/frankovka-modra-rose-cisarska-villa-vino-raca\/#breadcrumb","itemListElement":[{"@type":"ListItem","position":1,"name":"Home","item":"https:\/\/salonvin.sk\/en\/"},{"@type":"ListItem","position":2,"name":"Shop","item":"https:\/\/salonvin.sk\/en\/shop\/"},{"@type":"ListItem","position":3,"name":"Frankovka modr\u00e1 ros\u00e9 Cis\u00e1rska &#8211; Villa Vino Ra\u010da"}]},{"@type":"WebSite","@id":"https:\/\/salonvin.sk\/en\/#website","url":"https:\/\/salonvin.sk\/en\/","name":"Sal\u00f3n v\u00edn","description":"","potentialAction":[{"@type":"SearchAction","target":{"@type":"EntryPoint","urlTemplate":"https:\/\/salonvin.sk\/en\/?s={search_term_string}"},"query-input":{"@type":"PropertyValueSpecification","valueRequired":true,"valueName":"search_term_string"}}],"inLanguage":"en-US"}]}},"_links":{"self":[{"href":"https:\/\/salonvin.sk\/en\/wp-json\/wp\/v2\/product\/30684"}],"collection":[{"href":"https:\/\/salonvin.sk\/en\/wp-json\/wp\/v2\/product"}],"about":[{"href":"https:\/\/salonvin.sk\/en\/wp-json\/wp\/v2\/types\/product"}],"replies":[{"embeddable":true,"href":"https:\/\/salonvin.sk\/en\/wp-json\/wp\/v2\/comments?post=30684"}],"wp:featuredmedia":[{"embeddable":true,"href":"https:\/\/salonvin.sk\/en\/wp-json\/wp\/v2\/media\/30297"}],"wp:attachment":[{"href":"https:\/\/salonvin.sk\/en\/wp-json\/wp\/v2\/media?parent=30684"}],"wp:term":[{"taxonomy":"product_brand","embeddable":true,"href":"https:\/\/salonvin.sk\/en\/wp-json\/wp\/v2\/product_brand?post=30684"},{"taxonomy":"product_cat","embeddable":true,"href":"https:\/\/salonvin.sk\/en\/wp-json\/wp\/v2\/product_cat?post=30684"},{"taxonomy":"product_tag","embeddable":true,"href":"https:\/\/salonvin.sk\/en\/wp-json\/wp\/v2\/product_tag?post=30684"}],"curies":[{"name":"wp","href":"https:\/\/api.w.org\/{rel}","templated":true}]}}