{"id":30685,"date":"2025-05-29T14:51:46","date_gmt":"2025-05-29T12:51:46","guid":{"rendered":"https:\/\/salonvin.sk\/produkt\/cabernet-sauvignon-rose-vinovin\/"},"modified":"2025-12-14T22:12:57","modified_gmt":"2025-12-14T21:12:57","slug":"cabernet-sauvignon-rose-vinovin","status":"publish","type":"product","link":"https:\/\/salonvin.sk\/en\/product\/cabernet-sauvignon-rose-vinovin\/","title":{"rendered":"Cabernet Sauvignon ros\u00e9 &#8211; Vinovin"},"content":{"rendered":"<section class=\"l-section wpb_row height_medium\"><div class=\"l-section-h i-cf\"><div class=\"g-cols vc_row via_flex valign_top type_default stacking_default\"><div class=\"vc_col-sm-12 wpb_column vc_column_container\"><div class=\"vc_column-inner\"><div class=\"wpb_wrapper\"><div class=\"wpb_text_column\"><div class=\"wpb_wrapper\"><p><strong>Winemaker:<\/strong> <span>Vinovin<\/span><\/p>\n<p><strong>Vintage:<\/strong> 2024<\/p>\n<p><strong>Wine type:<\/strong> dry<\/p>\n<p><strong>Category:<\/strong> AVO<\/p>\n<p><strong>Alcohol content:<\/strong> 12.00%<\/p>\n<p><strong>Total acidity:\u00a0<\/strong>6.21 <span>g\/l<\/span><\/p>\n<p><strong>Residual sugar:<\/strong> 6.00 <span>g\/l<\/span><\/p>\n<p><strong>Volume:<\/strong> 0.75l<\/p>\n<p><strong>Origin of grapes:<\/strong> Nitra winegrowing region<\/p>\n<p><strong>*Contains sulfur dioxide<\/strong><\/p>\n<\/div><\/div><\/div><\/div><\/div><\/div><\/div><\/section>\n","protected":false},"excerpt":{"rendered":"<p><strong>Character:\u00a0<\/strong>fruitiness, sweetness, acidity<\/p>\n<p><strong>Vintage:<\/strong> 2024<\/p>\n<p><strong>Wine type:<\/strong> dry<\/p>\n<p><strong>Category:<\/strong> AVO<\/p>\n","protected":false},"featured_media":30301,"comment_status":"closed","ping_status":"closed","template":"","meta":[],"product_brand":[],"product_cat":[505],"product_tag":[],"class_list":{"0":"post-30685","1":"product","2":"type-product","3":"status-publish","4":"has-post-thumbnail","6":"product_cat-still-rose-dry-wines","8":"first","9":"instock","10":"taxable","11":"shipping-taxable","12":"purchasable","13":"product-type-simple"},"yoast_head":"<!-- This site is optimized with the Yoast SEO plugin v25.6 - https:\/\/yoast.com\/wordpress\/plugins\/seo\/ -->\n<title>Cabernet Sauvignon ros\u00e9 - Vinovin - Sal\u00f3n v\u00edn<\/title>\n<meta name=\"robots\" content=\"index, follow, max-snippet:-1, max-image-preview:large, max-video-preview:-1\" \/>\n<link rel=\"canonical\" href=\"https:\/\/salonvin.sk\/en\/product\/cabernet-sauvignon-rose-vinovin\/\" \/>\n<meta property=\"og:locale\" content=\"en_US\" \/>\n<meta property=\"og:type\" content=\"article\" \/>\n<meta property=\"og:title\" content=\"Cabernet Sauvignon ros\u00e9 - Vinovin - Sal\u00f3n v\u00edn\" \/>\n<meta property=\"og:description\" content=\"Character:\u00a0fruitiness, sweetness, acidity  Vintage: 2024  Wine type: dry  Category: AVO\" \/>\n<meta property=\"og:url\" content=\"https:\/\/salonvin.sk\/en\/product\/cabernet-sauvignon-rose-vinovin\/\" \/>\n<meta property=\"og:site_name\" content=\"Sal\u00f3n v\u00edn\" \/>\n<meta property=\"article:publisher\" content=\"https:\/\/www.facebook.com\/narodnysalonvinslovenskejrepubliky\/\" \/>\n<meta property=\"article:modified_time\" content=\"2025-12-14T21:12:57+00:00\" \/>\n<meta property=\"og:image\" content=\"https:\/\/salonvin.sk\/wp-content\/uploads\/2025\/05\/20251125_123002-scaled.jpg\" \/>\n\t<meta property=\"og:image:width\" content=\"1072\" \/>\n\t<meta property=\"og:image:height\" content=\"2560\" \/>\n\t<meta property=\"og:image:type\" content=\"image\/jpeg\" \/>\n<meta name=\"twitter:card\" content=\"summary_large_image\" \/>\n<script type=\"application\/ld+json\" class=\"yoast-schema-graph\">{\"@context\":\"https:\/\/schema.org\",\"@graph\":[{\"@type\":\"WebPage\",\"@id\":\"https:\/\/salonvin.sk\/en\/product\/cabernet-sauvignon-rose-vinovin\/\",\"url\":\"https:\/\/salonvin.sk\/en\/product\/cabernet-sauvignon-rose-vinovin\/\",\"name\":\"Cabernet Sauvignon ros\u00e9 - Vinovin - Sal\u00f3n v\u00edn\",\"isPartOf\":{\"@id\":\"https:\/\/salonvin.sk\/en\/#website\"},\"primaryImageOfPage\":{\"@id\":\"https:\/\/salonvin.sk\/en\/product\/cabernet-sauvignon-rose-vinovin\/#primaryimage\"},\"image\":{\"@id\":\"https:\/\/salonvin.sk\/en\/product\/cabernet-sauvignon-rose-vinovin\/#primaryimage\"},\"thumbnailUrl\":\"https:\/\/salonvin.sk\/wp-content\/uploads\/2025\/05\/20251125_123002-scaled.jpg\",\"datePublished\":\"2025-05-29T12:51:46+00:00\",\"dateModified\":\"2025-12-14T21:12:57+00:00\",\"breadcrumb\":{\"@id\":\"https:\/\/salonvin.sk\/en\/product\/cabernet-sauvignon-rose-vinovin\/#breadcrumb\"},\"inLanguage\":\"en-US\",\"potentialAction\":[{\"@type\":\"ReadAction\",\"target\":[\"https:\/\/salonvin.sk\/en\/product\/cabernet-sauvignon-rose-vinovin\/\"]}]},{\"@type\":\"ImageObject\",\"inLanguage\":\"en-US\",\"@id\":\"https:\/\/salonvin.sk\/en\/product\/cabernet-sauvignon-rose-vinovin\/#primaryimage\",\"url\":\"https:\/\/salonvin.sk\/wp-content\/uploads\/2025\/05\/20251125_123002-scaled.jpg\",\"contentUrl\":\"https:\/\/salonvin.sk\/wp-content\/uploads\/2025\/05\/20251125_123002-scaled.jpg\",\"width\":1072,\"height\":2560},{\"@type\":\"BreadcrumbList\",\"@id\":\"https:\/\/salonvin.sk\/en\/product\/cabernet-sauvignon-rose-vinovin\/#breadcrumb\",\"itemListElement\":[{\"@type\":\"ListItem\",\"position\":1,\"name\":\"Home\",\"item\":\"https:\/\/salonvin.sk\/en\/\"},{\"@type\":\"ListItem\",\"position\":2,\"name\":\"Shop\",\"item\":\"https:\/\/salonvin.sk\/en\/shop\/\"},{\"@type\":\"ListItem\",\"position\":3,\"name\":\"Cabernet Sauvignon ros\u00e9 &#8211; Vinovin\"}]},{\"@type\":\"WebSite\",\"@id\":\"https:\/\/salonvin.sk\/en\/#website\",\"url\":\"https:\/\/salonvin.sk\/en\/\",\"name\":\"Sal\u00f3n v\u00edn\",\"description\":\"\",\"potentialAction\":[{\"@type\":\"SearchAction\",\"target\":{\"@type\":\"EntryPoint\",\"urlTemplate\":\"https:\/\/salonvin.sk\/en\/?s={search_term_string}\"},\"query-input\":{\"@type\":\"PropertyValueSpecification\",\"valueRequired\":true,\"valueName\":\"search_term_string\"}}],\"inLanguage\":\"en-US\"}]}<\/script>\n<!-- \/ Yoast SEO plugin. -->","yoast_head_json":{"title":"Cabernet Sauvignon ros\u00e9 - Vinovin - Sal\u00f3n v\u00edn","robots":{"index":"index","follow":"follow","max-snippet":"max-snippet:-1","max-image-preview":"max-image-preview:large","max-video-preview":"max-video-preview:-1"},"canonical":"https:\/\/salonvin.sk\/en\/product\/cabernet-sauvignon-rose-vinovin\/","og_locale":"en_US","og_type":"article","og_title":"Cabernet Sauvignon ros\u00e9 - Vinovin - Sal\u00f3n v\u00edn","og_description":"Character:\u00a0fruitiness, sweetness, acidity  Vintage: 2024  Wine type: dry  Category: AVO","og_url":"https:\/\/salonvin.sk\/en\/product\/cabernet-sauvignon-rose-vinovin\/","og_site_name":"Sal\u00f3n v\u00edn","article_publisher":"https:\/\/www.facebook.com\/narodnysalonvinslovenskejrepubliky\/","article_modified_time":"2025-12-14T21:12:57+00:00","og_image":[{"width":1072,"height":2560,"url":"https:\/\/salonvin.sk\/wp-content\/uploads\/2025\/05\/20251125_123002-scaled.jpg","type":"image\/jpeg"}],"twitter_card":"summary_large_image","schema":{"@context":"https:\/\/schema.org","@graph":[{"@type":"WebPage","@id":"https:\/\/salonvin.sk\/en\/product\/cabernet-sauvignon-rose-vinovin\/","url":"https:\/\/salonvin.sk\/en\/product\/cabernet-sauvignon-rose-vinovin\/","name":"Cabernet Sauvignon ros\u00e9 - Vinovin - Sal\u00f3n v\u00edn","isPartOf":{"@id":"https:\/\/salonvin.sk\/en\/#website"},"primaryImageOfPage":{"@id":"https:\/\/salonvin.sk\/en\/product\/cabernet-sauvignon-rose-vinovin\/#primaryimage"},"image":{"@id":"https:\/\/salonvin.sk\/en\/product\/cabernet-sauvignon-rose-vinovin\/#primaryimage"},"thumbnailUrl":"https:\/\/salonvin.sk\/wp-content\/uploads\/2025\/05\/20251125_123002-scaled.jpg","datePublished":"2025-05-29T12:51:46+00:00","dateModified":"2025-12-14T21:12:57+00:00","breadcrumb":{"@id":"https:\/\/salonvin.sk\/en\/product\/cabernet-sauvignon-rose-vinovin\/#breadcrumb"},"inLanguage":"en-US","potentialAction":[{"@type":"ReadAction","target":["https:\/\/salonvin.sk\/en\/product\/cabernet-sauvignon-rose-vinovin\/"]}]},{"@type":"ImageObject","inLanguage":"en-US","@id":"https:\/\/salonvin.sk\/en\/product\/cabernet-sauvignon-rose-vinovin\/#primaryimage","url":"https:\/\/salonvin.sk\/wp-content\/uploads\/2025\/05\/20251125_123002-scaled.jpg","contentUrl":"https:\/\/salonvin.sk\/wp-content\/uploads\/2025\/05\/20251125_123002-scaled.jpg","width":1072,"height":2560},{"@type":"BreadcrumbList","@id":"https:\/\/salonvin.sk\/en\/product\/cabernet-sauvignon-rose-vinovin\/#breadcrumb","itemListElement":[{"@type":"ListItem","position":1,"name":"Home","item":"https:\/\/salonvin.sk\/en\/"},{"@type":"ListItem","position":2,"name":"Shop","item":"https:\/\/salonvin.sk\/en\/shop\/"},{"@type":"ListItem","position":3,"name":"Cabernet Sauvignon ros\u00e9 &#8211; Vinovin"}]},{"@type":"WebSite","@id":"https:\/\/salonvin.sk\/en\/#website","url":"https:\/\/salonvin.sk\/en\/","name":"Sal\u00f3n v\u00edn","description":"","potentialAction":[{"@type":"SearchAction","target":{"@type":"EntryPoint","urlTemplate":"https:\/\/salonvin.sk\/en\/?s={search_term_string}"},"query-input":{"@type":"PropertyValueSpecification","valueRequired":true,"valueName":"search_term_string"}}],"inLanguage":"en-US"}]}},"_links":{"self":[{"href":"https:\/\/salonvin.sk\/en\/wp-json\/wp\/v2\/product\/30685"}],"collection":[{"href":"https:\/\/salonvin.sk\/en\/wp-json\/wp\/v2\/product"}],"about":[{"href":"https:\/\/salonvin.sk\/en\/wp-json\/wp\/v2\/types\/product"}],"replies":[{"embeddable":true,"href":"https:\/\/salonvin.sk\/en\/wp-json\/wp\/v2\/comments?post=30685"}],"wp:featuredmedia":[{"embeddable":true,"href":"https:\/\/salonvin.sk\/en\/wp-json\/wp\/v2\/media\/30301"}],"wp:attachment":[{"href":"https:\/\/salonvin.sk\/en\/wp-json\/wp\/v2\/media?parent=30685"}],"wp:term":[{"taxonomy":"product_brand","embeddable":true,"href":"https:\/\/salonvin.sk\/en\/wp-json\/wp\/v2\/product_brand?post=30685"},{"taxonomy":"product_cat","embeddable":true,"href":"https:\/\/salonvin.sk\/en\/wp-json\/wp\/v2\/product_cat?post=30685"},{"taxonomy":"product_tag","embeddable":true,"href":"https:\/\/salonvin.sk\/en\/wp-json\/wp\/v2\/product_tag?post=30685"}],"curies":[{"name":"wp","href":"https:\/\/api.w.org\/{rel}","templated":true}]}}